{"id":21,"date":"2020-11-13T10:14:52","date_gmt":"2020-11-13T09:14:52","guid":{"rendered":"https:\/\/erfolgsfaktor.de\/mitarbeitergespraech\/?page_id=21"},"modified":"2022-08-30T11:39:15","modified_gmt":"2022-08-30T09:39:15","slug":"kontakt","status":"publish","type":"page","link":"https:\/\/erfolgsfaktor.de\/mitarbeitergespraech\/kontakt\/","title":{"rendered":"Kontakt"},"content":{"rendered":"\n<p><strong>Erfolgsfaktor Mitarbeitergespr\u00e4ch<br>Erfolgsfaktor Psychologie<\/strong><br>Dipl.-Psych. J\u00fcrgen Junker<br>Goethestr.27<br>D-63739 Aschaffenburg<br>Deutschland<br>Tel: <a href=\"tel:+496021-20667\">06021\/206-67<\/a><br>Fax: 06021\/206-76<br>Mail: <a href=\"mailto:j.junker@erfolgsfaktor.de\">j.junker@erfolgsfaktor.de<\/a><\/p>\n\n\n\n<div class=\"wp-block-cover alignfull has-neve-link-color-background-color has-background-dim\"><div class=\"wp-block-cover__inner-container is-layout-flow wp-block-cover-is-layout-flow\">\n\n<h2 class=\"has-text-align-center wp-block-heading\">Coaching f\u00fcr Gesch\u00e4ftsf\u00fchrer<\/h2>\n\n<\/div><\/div>\n\n\n\n<div class=\"wp-block-buttons is-layout-flex wp-block-buttons-is-layout-flex\">\n<div class=\"wp-block-button\"><a class=\"wp-block-button__link\" href=\"https:\/\/erfolgsfaktor.de\/coaching-geschaeftsfuehrer\/\">Coaching \u00dcbersicht<\/a><\/div>\n<\/div>\n","protected":false},"excerpt":{"rendered":"<p>Erfolgsfaktor Mitarbeitergespr\u00e4chErfolgsfaktor PsychologieDipl.-Psych. J\u00fcrgen JunkerGoethestr.27D-63739 AschaffenburgDeutschlandTel: 06021\/206-67Fax: 06021\/206-76Mail: j.junker@erfolgsfaktor.de<\/p>\n","protected":false},"author":1,"featured_media":0,"parent":0,"menu_order":0,"comment_status":"closed","ping_status":"closed","template":"","meta":{"neve_meta_sidebar":"","neve_meta_container":"","neve_meta_enable_content_width":"","neve_meta_content_width":0,"neve_meta_title_alignment":"","neve_meta_author_avatar":"","neve_post_elements_order":"","neve_meta_disable_header":"","neve_meta_disable_footer":"","neve_meta_disable_title":"","footnotes":""},"class_list":["post-21","page","type-page","status-publish","hentry"],"yoast_head":"<!-- This site is optimized with the Yoast SEO plugin v26.8 - https:\/\/yoast.com\/product\/yoast-seo-wordpress\/ -->\n<title>Kontakt - Mitarbeitergespr\u00e4ch<\/title>\n<meta name=\"description\" content=\"Erfolgsfaktor Coaching + Seminare unterst\u00fctzt Sie als Gesch\u00e4ftsf\u00fchrer- Kontakt: Goethestr.27, 63739 Aschaffenburg\" \/>\n<meta name=\"robots\" content=\"index, follow, max-snippet:-1, max-image-preview:large, max-video-preview:-1\" \/>\n<link rel=\"canonical\" href=\"https:\/\/erfolgsfaktor.de\/mitarbeitergespraech\/kontakt\/\" \/>\n<meta property=\"og:locale\" content=\"de_DE\" \/>\n<meta property=\"og:type\" content=\"article\" \/>\n<meta property=\"og:title\" content=\"Kontakt - Mitarbeitergespr\u00e4ch\" \/>\n<meta property=\"og:description\" content=\"Erfolgsfaktor Coaching + Seminare unterst\u00fctzt Sie als Gesch\u00e4ftsf\u00fchrer- Kontakt: Goethestr.27, 63739 Aschaffenburg\" \/>\n<meta property=\"og:url\" content=\"https:\/\/erfolgsfaktor.de\/mitarbeitergespraech\/kontakt\/\" \/>\n<meta property=\"og:site_name\" content=\"Mitarbeitergespr\u00e4ch\" \/>\n<meta property=\"article:modified_time\" content=\"2022-08-30T09:39:15+00:00\" \/>\n<meta name=\"twitter:card\" content=\"summary_large_image\" \/>\n<meta name=\"twitter:label1\" content=\"Gesch\u00e4tzte Lesezeit\" \/>\n\t<meta name=\"twitter:data1\" content=\"1\u00a0Minute\" \/>\n<script type=\"application\/ld+json\" class=\"yoast-schema-graph\">{\"@context\":\"https:\/\/schema.org\",\"@graph\":[{\"@type\":\"WebPage\",\"@id\":\"https:\/\/erfolgsfaktor.de\/mitarbeitergespraech\/kontakt\/\",\"url\":\"https:\/\/erfolgsfaktor.de\/mitarbeitergespraech\/kontakt\/\",\"name\":\"Kontakt - Mitarbeitergespr\u00e4ch\",\"isPartOf\":{\"@id\":\"https:\/\/erfolgsfaktor.de\/mitarbeitergespraech\/#website\"},\"datePublished\":\"2020-11-13T09:14:52+00:00\",\"dateModified\":\"2022-08-30T09:39:15+00:00\",\"description\":\"Erfolgsfaktor Coaching + Seminare unterst\u00fctzt Sie als Gesch\u00e4ftsf\u00fchrer- Kontakt: Goethestr.27, 63739 Aschaffenburg\",\"breadcrumb\":{\"@id\":\"https:\/\/erfolgsfaktor.de\/mitarbeitergespraech\/kontakt\/#breadcrumb\"},\"inLanguage\":\"de\",\"potentialAction\":[{\"@type\":\"ReadAction\",\"target\":[\"https:\/\/erfolgsfaktor.de\/mitarbeitergespraech\/kontakt\/\"]}]},{\"@type\":\"BreadcrumbList\",\"@id\":\"https:\/\/erfolgsfaktor.de\/mitarbeitergespraech\/kontakt\/#breadcrumb\",\"itemListElement\":[{\"@type\":\"ListItem\",\"position\":1,\"name\":\"Startseite\",\"item\":\"https:\/\/erfolgsfaktor.de\/mitarbeitergespraech\/\"},{\"@type\":\"ListItem\",\"position\":2,\"name\":\"Kontakt\"}]},{\"@type\":\"WebSite\",\"@id\":\"https:\/\/erfolgsfaktor.de\/mitarbeitergespraech\/#website\",\"url\":\"https:\/\/erfolgsfaktor.de\/mitarbeitergespraech\/\",\"name\":\"Mitarbeitergespr\u00e4ch\",\"description\":\"Coaching Mitarbeitergespr\u00e4che\",\"potentialAction\":[{\"@type\":\"SearchAction\",\"target\":{\"@type\":\"EntryPoint\",\"urlTemplate\":\"https:\/\/erfolgsfaktor.de\/mitarbeitergespraech\/?s={search_term_string}\"},\"query-input\":{\"@type\":\"PropertyValueSpecification\",\"valueRequired\":true,\"valueName\":\"search_term_string\"}}],\"inLanguage\":\"de\"}]}<\/script>\n<!-- \/ Yoast SEO plugin. -->","yoast_head_json":{"title":"Kontakt - Mitarbeitergespr\u00e4ch","description":"Erfolgsfaktor Coaching + Seminare unterst\u00fctzt Sie als Gesch\u00e4ftsf\u00fchrer- Kontakt: Goethestr.27, 63739 Aschaffenburg","robots":{"index":"index","follow":"follow","max-snippet":"max-snippet:-1","max-image-preview":"max-image-preview:large","max-video-preview":"max-video-preview:-1"},"canonical":"https:\/\/erfolgsfaktor.de\/mitarbeitergespraech\/kontakt\/","og_locale":"de_DE","og_type":"article","og_title":"Kontakt - Mitarbeitergespr\u00e4ch","og_description":"Erfolgsfaktor Coaching + Seminare unterst\u00fctzt Sie als Gesch\u00e4ftsf\u00fchrer- Kontakt: Goethestr.27, 63739 Aschaffenburg","og_url":"https:\/\/erfolgsfaktor.de\/mitarbeitergespraech\/kontakt\/","og_site_name":"Mitarbeitergespr\u00e4ch","article_modified_time":"2022-08-30T09:39:15+00:00","twitter_card":"summary_large_image","twitter_misc":{"Gesch\u00e4tzte Lesezeit":"1\u00a0Minute"},"schema":{"@context":"https:\/\/schema.org","@graph":[{"@type":"WebPage","@id":"https:\/\/erfolgsfaktor.de\/mitarbeitergespraech\/kontakt\/","url":"https:\/\/erfolgsfaktor.de\/mitarbeitergespraech\/kontakt\/","name":"Kontakt - Mitarbeitergespr\u00e4ch","isPartOf":{"@id":"https:\/\/erfolgsfaktor.de\/mitarbeitergespraech\/#website"},"datePublished":"2020-11-13T09:14:52+00:00","dateModified":"2022-08-30T09:39:15+00:00","description":"Erfolgsfaktor Coaching + Seminare unterst\u00fctzt Sie als Gesch\u00e4ftsf\u00fchrer- Kontakt: Goethestr.27, 63739 Aschaffenburg","breadcrumb":{"@id":"https:\/\/erfolgsfaktor.de\/mitarbeitergespraech\/kontakt\/#breadcrumb"},"inLanguage":"de","potentialAction":[{"@type":"ReadAction","target":["https:\/\/erfolgsfaktor.de\/mitarbeitergespraech\/kontakt\/"]}]},{"@type":"BreadcrumbList","@id":"https:\/\/erfolgsfaktor.de\/mitarbeitergespraech\/kontakt\/#breadcrumb","itemListElement":[{"@type":"ListItem","position":1,"name":"Startseite","item":"https:\/\/erfolgsfaktor.de\/mitarbeitergespraech\/"},{"@type":"ListItem","position":2,"name":"Kontakt"}]},{"@type":"WebSite","@id":"https:\/\/erfolgsfaktor.de\/mitarbeitergespraech\/#website","url":"https:\/\/erfolgsfaktor.de\/mitarbeitergespraech\/","name":"Mitarbeitergespr\u00e4ch","description":"Coaching Mitarbeitergespr\u00e4che","potentialAction":[{"@type":"SearchAction","target":{"@type":"EntryPoint","urlTemplate":"https:\/\/erfolgsfaktor.de\/mitarbeitergespraech\/?s={search_term_string}"},"query-input":{"@type":"PropertyValueSpecification","valueRequired":true,"valueName":"search_term_string"}}],"inLanguage":"de"}]}},"_links":{"self":[{"href":"https:\/\/erfolgsfaktor.de\/mitarbeitergespraech\/wp-json\/wp\/v2\/pages\/21","targetHints":{"allow":["GET"]}}],"collection":[{"href":"https:\/\/erfolgsfaktor.de\/mitarbeitergespraech\/wp-json\/wp\/v2\/pages"}],"about":[{"href":"https:\/\/erfolgsfaktor.de\/mitarbeitergespraech\/wp-json\/wp\/v2\/types\/page"}],"author":[{"embeddable":true,"href":"https:\/\/erfolgsfaktor.de\/mitarbeitergespraech\/wp-json\/wp\/v2\/users\/1"}],"replies":[{"embeddable":true,"href":"https:\/\/erfolgsfaktor.de\/mitarbeitergespraech\/wp-json\/wp\/v2\/comments?post=21"}],"version-history":[{"count":2,"href":"https:\/\/erfolgsfaktor.de\/mitarbeitergespraech\/wp-json\/wp\/v2\/pages\/21\/revisions"}],"predecessor-version":[{"id":217,"href":"https:\/\/erfolgsfaktor.de\/mitarbeitergespraech\/wp-json\/wp\/v2\/pages\/21\/revisions\/217"}],"wp:attachment":[{"href":"https:\/\/erfolgsfaktor.de\/mitarbeitergespraech\/wp-json\/wp\/v2\/media?parent=21"}],"curies":[{"name":"wp","href":"https:\/\/api.w.org\/{rel}","templated":true}]}}