{"id":106,"date":"2020-11-17T11:34:39","date_gmt":"2020-11-17T10:34:39","guid":{"rendered":"https:\/\/erfolgsfaktor.de\/mitarbeitergespraech\/?page_id=106"},"modified":"2020-11-17T13:32:22","modified_gmt":"2020-11-17T12:32:22","slug":"anerkennungsgespraech","status":"publish","type":"page","link":"https:\/\/erfolgsfaktor.de\/mitarbeitergespraech\/anerkennungsgespraech\/","title":{"rendered":"Anerkennungsgespr\u00e4ch"},"content":{"rendered":"\n<p><strong>Das Anerkennungsgespr\u00e4ch ist <\/strong>f\u00fcr jeden Gesch\u00e4ftsf\u00fchrer, CEO, Inhaber und jede F\u00fchrungskraft im Unternehmen <strong>eines der wichtigsten Werkzeuge der F\u00fchrung.<\/strong> Jeder Mitarbeiter, jede Mitarbeiterin und letztlich auch alle F\u00fchrungskr\u00e4fte erwarten <strong>R\u00fcckmeldung und Feedback f\u00fcr Ihre Leistung<\/strong>.<\/p>\n\n\n\n<figure class=\"wp-block-pullquote\"><blockquote><p>motiviert und engagiert<\/p><\/blockquote><\/figure>\n\n\n\n<p>Die \u00fcberwiegende <strong>Mehrheit der Mitarbeiter<\/strong> m\/w\/d <strong>und F\u00fchrungskr\u00e4fte<\/strong> ist<strong> motiviert und engagiert. <\/strong>Zeit dies wertsch\u00e4tzend anzuerkennen und ad\u00e4quat zu w\u00fcrdigen.<\/p>\n\n\n\n<div class=\"wp-block-cover alignfull has-neve-link-color-background-color has-background-dim\"><div class=\"wp-block-cover__inner-container is-layout-flow wp-block-cover-is-layout-flow\">\n<figure class=\"wp-block-pullquote\"><blockquote><p>Wertsch\u00e4tzung und Feedback<\/p><\/blockquote><\/figure>\n<\/div><\/div>\n\n\n\n<figure class=\"wp-block-image size-large\"><img loading=\"lazy\" decoding=\"async\" width=\"200\" height=\"200\" src=\"https:\/\/erfolgsfaktor.de\/mitarbeitergespraech\/wp-content\/uploads\/sites\/6\/2020\/11\/Coaching-Anerkennungsgespraech.gif\" alt=\"Coaching Anerkennungsgespr\u00e4ch\" class=\"wp-image-107\"\/><figcaption>Wir coachen Sie f\u00fcr Anerkennungs- und Feedbackgespr\u00e4che<\/figcaption><\/figure>\n\n\n\n<h3 class=\"wp-block-heading\">Feedback, Anerkennung und Wertsch\u00e4tzung<\/h3>\n\n\n\n<p>Es geht bei Anerkennungsgespr\u00e4chen nie um einfaches Loben, sondern vielmehr um ein <strong>greifbares W\u00fcrdigung der guten Leistung Ihrer Mitarbeiter und F\u00fchrungskr\u00e4fte<\/strong> m\/w\/d.<\/p>\n\n\n\n<p>Im Coaching st\u00e4rken wir <strong>Ihre Anerkennungs-Kompetenz<\/strong> und die F\u00e4higkeit:<\/p>\n\n\n\n<ul class=\"wp-block-list\"><li>gute Leistung wahrzunehmen und zu sehen<\/li><li>die positiven Effekte und Resultate sichtbar zu machen<\/li><li>wertsch\u00e4tzend und positiv \u00fcber Erfolgsbeitr\u00e4ge zu reden<\/li><li>gute Leistung der Mitarbeiter\/innen vor der Gesch\u00e4ftsleitung, dem Top-Management und der Belegschaft zu w\u00fcrdigen<\/li><\/ul>\n\n\n\n<p>Wenn Sie direkt ein <strong>Online Coaching<\/strong> oder <strong>Coaching vor Ort<\/strong> f\u00fcr <strong>mehr Anerkennungskompetenz<\/strong> anfragen oder buchen m\u00f6chten finden Sie hier den Link:<\/p>\n\n\n\n<div class=\"wp-block-buttons is-layout-flex wp-block-buttons-is-layout-flex\">\n<div class=\"wp-block-button\"><a class=\"wp-block-button__link\" href=\"https:\/\/www.mto-consulting.de\/anmeldungerfolgsfaktor.php?https:\/\/erfolgsfaktor.de\/mitarbeitergespraech\/anerkennungsgespraech\/? anerkennungskompetenz\">Coaching <br>Anfrage + Buchung<\/a><\/div>\n\n\n\n<div class=\"wp-block-button is-style-outline is-style-outline--1\"><a class=\"wp-block-button__link\" href=\"#\">back to top<\/a><\/div>\n<\/div>\n\n\n\n<div class=\"wp-block-cover alignfull has-neve-link-color-background-color has-background-dim\"><div class=\"wp-block-cover__inner-container is-layout-flow wp-block-cover-is-layout-flow\">\n<figure class=\"wp-block-pullquote\"><blockquote><p>konkrete Leistung anerkennen und w\u00fcrdigen<\/p><\/blockquote><\/figure>\n<\/div><\/div>\n\n\n\n<figure class=\"wp-block-image size-large\"><img loading=\"lazy\" decoding=\"async\" width=\"200\" height=\"200\" src=\"https:\/\/erfolgsfaktor.de\/mitarbeitergespraech\/wp-content\/uploads\/sites\/6\/2020\/11\/Coaching-Anerkennung.gif\" alt=\"Coaching Anerkennung\" class=\"wp-image-109\"\/><figcaption>Coaching Anerkennung<\/figcaption><\/figure>\n\n\n\n<p><strong>Anerkennung im Gespr\u00e4ch glaubw\u00fcrdig und wertsch\u00e4tzend auszudr\u00fccken <\/strong>f\u00e4llt nicht jedem leicht. <\/p>\n\n\n\n<p class=\"has-background-color has-accent-background-color has-text-color has-background\"><strong>Wo hat Ihr Mitarbeiter \/ Ihre Mitarbeiterin sich wirklich \u00fcber das Ma\u00df hinaus engagiert und Leistung gebracht? <\/strong> Was sind besonders positive Beitr\u00e4ge zur Zielerreichung? Woran machen Sie das fest und woran wird es sichtbar?<\/p>\n\n\n\n<p>Wir coachen Sie darin Ihren Mitarbeitern und Mitarbeiterinnen <strong>die Anerkennung zukommen zu lassen, die ihnen zusteht.<\/strong> Angemessen, klar, konkret, greifbar, ohne dass es peinlich oder schw\u00fclstig wird. Keine \u00fcberm\u00e4\u00dfigen Lobreden, ohne Lobhudelei und Peinlichkeit.<\/p>\n\n\n\n<p>Wenn Sie direkt ein <strong>Online Coaching<\/strong> oder <strong>Coaching vor Ort<\/strong> f\u00fcr <strong>mehr sicht- und h\u00f6rbare Anerkennung<\/strong> bei <strong>Anerkennungsgespr\u00e4chen<\/strong> anfragen oder buchen m\u00f6chten finden Sie hier den Link:<\/p>\n\n\n\n<div class=\"wp-block-buttons is-layout-flex wp-block-buttons-is-layout-flex\">\n<div class=\"wp-block-button\"><a class=\"wp-block-button__link\" href=\"https:\/\/www.mto-consulting.de\/anmeldungerfolgsfaktor.php?https:\/\/erfolgsfaktor.de\/mitarbeitergespraech\/anerkennungsgespraech\/? sichtbare hoerbare anerkennung\">Coaching <br>Anfrage + Buchung<\/a><\/div>\n\n\n\n<div class=\"wp-block-button is-style-outline is-style-outline--2\"><a class=\"wp-block-button__link\" href=\"#\">back to top<\/a><\/div>\n<\/div>\n\n\n\n<div class=\"wp-block-cover alignfull has-neve-link-color-background-color has-background-dim is-position-center-center\"><div class=\"wp-block-cover__inner-container is-layout-flow wp-block-cover-is-layout-flow\">\n<figure class=\"wp-block-pullquote\"><blockquote><p>wirksame Anerkennung<\/p><\/blockquote><\/figure>\n<\/div><\/div>\n\n\n\n<h3 class=\"wp-block-heading\">Ein wirksames Anerkennungsgespr\u00e4ch w\u00fcrdigt konkrete Leistung<\/h3>\n\n\n\n<p>Es geht darum, die <strong>Anerkennung so r\u00fcberzubringen<\/strong>, dass sich <strong>Ihr Mitarbeiter oder Ihre Mitarbeiterin als Person und in Bezug zu seiner Leistung nachdr\u00fccklich gew\u00fcrdigt <\/strong>f\u00fchlt.<\/p>\n\n\n\n<figure class=\"wp-block-image size-large\"><img loading=\"lazy\" decoding=\"async\" width=\"200\" height=\"200\" src=\"https:\/\/erfolgsfaktor.de\/mitarbeitergespraech\/wp-content\/uploads\/sites\/6\/2020\/11\/Coaching-Wertschaetzung.gif\" alt=\"Coaching Wertsch\u00e4tzung\" class=\"wp-image-110\"\/><figcaption>Coaching Wertsch\u00e4tzung<\/figcaption><\/figure>\n\n\n\n<p>Es braucht f\u00fcr wirksame Anerkennung Wertsch\u00e4tzung und Augenh\u00f6he, positive W\u00fcrdigung.<\/p>\n\n\n\n<p class=\"has-background-color has-accent-background-color has-text-color has-background\"><strong>Das Coaching f\u00fcr Anerkennung trainiert Sie darin authentisch und wirksam<\/strong> die Leistung der Mitarbeiter\/innen zu w\u00fcrdigen. So st\u00e4rken Sie die <strong>Motivation <\/strong>und das <strong>Engagement<\/strong>.<\/p>\n\n\n\n<p>Wenn Sie direkt ein <strong>Online Coaching<\/strong> oder <strong>Coaching vor Ort<\/strong> f\u00fcr <strong>mehr Wertsch\u00e4tzung<\/strong> bei <strong>Anerkennungsgespr\u00e4chen<\/strong> anfragen oder buchen m\u00f6chten finden Sie hier den Link:<\/p>\n\n\n\n<div class=\"wp-block-buttons is-layout-flex wp-block-buttons-is-layout-flex\">\n<div class=\"wp-block-button\"><a class=\"wp-block-button__link\" href=\"https:\/\/www.mto-consulting.de\/anmeldungerfolgsfaktor.php?https:\/\/erfolgsfaktor.de\/mitarbeitergespraech\/anerkennungsgespraech\/? wertschaetzung\">Coaching <br>Anfrage + Buchung<\/a><\/div>\n\n\n\n<div class=\"wp-block-button is-style-outline is-style-outline--3\"><a class=\"wp-block-button__link\" href=\"#\">back to top<\/a><\/div>\n<\/div>\n\n\n\n<div class=\"wp-block-cover alignfull has-neve-link-color-background-color has-background-dim\"><div class=\"wp-block-cover__inner-container is-layout-flow wp-block-cover-is-layout-flow\">\n<figure class=\"wp-block-pullquote\"><blockquote><p>Arten von Mitarbeitergespr\u00e4chen<\/p><\/blockquote><\/figure>\n<\/div><\/div>\n\n\n\n<p><strong>Welche Mitarbeitergespr\u00e4che gibt es?<\/strong><br>Was sind die <a href=\"https:\/\/erfolgsfaktor.de\/mitarbeitergespraech\/mitarbeitergespraech-arten\/\">Arten und Anl\u00e4sse f\u00fcr Mitarbeitergespr\u00e4che<\/a>?<\/p>\n\n\n\n<ul class=\"wp-block-list\"><li><a href=\"https:\/\/erfolgsfaktor.de\/mitarbeitergespraech\/mitarbeitergespraech-arten\/#anerkennungsgespraeche\">Anerkennungsgespr\u00e4che<\/a><\/li><li><a href=\"https:\/\/erfolgsfaktor.de\/mitarbeitergespraech\/mitarbeitergespraech-arten\/#kritikgespraeche\">Kritikgespr\u00e4ch<\/a><\/li><li><a href=\"https:\/\/erfolgsfaktor.de\/mitarbeitergespraech\/mitarbeitergespraech-arten\/#feedbackgespraeche\">Feedbackgespr\u00e4ch<\/a><\/li><li><a href=\"https:\/\/erfolgsfaktor.de\/mitarbeitergespraech\/mitarbeitergespraech-arten\/#jahresgespraeche\">Jahresgespr\u00e4ch<\/a><\/li><li><a href=\"https:\/\/erfolgsfaktor.de\/mitarbeitergespraech\/mitarbeitergespraech-arten\/#beurteilungsgespraeche\">Beurteilungsgespr\u00e4ch<\/a><\/li><li><a href=\"https:\/\/erfolgsfaktor.de\/mitarbeitergespraech\/mitarbeitergespraech-arten\/#zielvereinbarungsgespraeche\">Zielvereinbarungsgespr\u00e4ch<\/a><\/li><\/ul>\n\n\n\n<figure class=\"wp-block-image size-large\"><img loading=\"lazy\" decoding=\"async\" width=\"200\" height=\"200\" src=\"https:\/\/erfolgsfaktor.de\/mitarbeitergespraech\/wp-content\/uploads\/sites\/6\/2020\/11\/Erfolgsfaktor-Mitarbeitergespraech.gif\" alt=\"Erfolgsfaktor Mitarbeitergespr\u00e4ch\" class=\"wp-image-29\"\/><\/figure>\n\n\n\n<ul class=\"wp-block-list\"><li><a href=\"https:\/\/erfolgsfaktor.de\/mitarbeitergespraech\/\">\u00dcbersicht Mitarbeitergespr\u00e4ch<\/a><\/li><li><a href=\"https:\/\/erfolgsfaktor.de\/mitarbeitergespraech\/remote-mitarbeitergespraech\/\">Remote Mitarbeitergespr\u00e4ch<\/a><\/li><li><a href=\"https:\/\/erfolgsfaktor.de\/mitarbeitergespraech\/mitarbeitergespraech-arten\/\">Arten des Mitarbeitergespr\u00e4chs<\/a><\/li><li><a href=\"https:\/\/erfolgsfaktor.de\/mitarbeitergespraech\/anerkennungsgespraech\/\">Anerkennungsgespr\u00e4che<\/a><\/li><li><a href=\"https:\/\/erfolgsfaktor.de\/mitarbeitergespraech\/feedbackgespraech\/\">Feedbackgespr\u00e4che<\/a><\/li><li><a href=\"https:\/\/erfolgsfaktor.de\/mitarbeitergespraech\/online-feedbackgespraeche\/\">Online Feedbackgespr\u00e4ch<\/a><\/li><\/ul>\n\n\n\n<div class=\"wp-block-buttons is-layout-flex wp-block-buttons-is-layout-flex\">\n<div class=\"wp-block-button\"><a class=\"wp-block-button__link\" href=\"https:\/\/erfolgsfaktor.de\/mitarbeitergespraech\/\">\u00dcbersicht Mitarbeitergespr\u00e4ch<\/a><\/div>\n<\/div>\n\n\n\n<div class=\"wp-block-cover alignfull has-neve-link-color-background-color has-background-dim has-neve-link-color-background-color\"><div class=\"wp-block-cover__inner-container is-layout-flow wp-block-cover-is-layout-flow\">\n<h2 class=\"has-text-align-center has-accent-color has-background-background-color has-text-color has-background wp-block-heading\"><a href=\"https:\/\/www.mto-consulting.de\/Coaching.htm\" target=\"_blank\" rel=\"noreferrer noopener\">Alle Coachings auf<br>www.mto-consulting.de<\/a><\/h2>\n<\/div><\/div>\n\n\n\n<figure class=\"wp-block-image size-large\"><img decoding=\"async\" src=\"https:\/\/erfolgsfaktor.de\/coaching-geschaeftsfuehrer\/wp-content\/uploads\/sites\/5\/2020\/09\/Erfolgsfaktor-Psychologie.gif\" alt=\"Erfolgsfaktor Psychologie\" class=\"wp-image-49\"\/><figcaption>Zur\u00fcck zur Startseite<\/figcaption><\/figure>\n\n\n\n<div class=\"wp-block-buttons is-layout-flex wp-block-buttons-is-layout-flex\">\n<div class=\"wp-block-button\"><a class=\"wp-block-button__link\" href=\"https:\/\/erfolgsfaktor.de\/\">Zur\u00fcck zur Startseite<\/a><\/div>\n<\/div>\n\n\n\n<p><\/p>\n","protected":false},"excerpt":{"rendered":"<p>Das Anerkennungsgespr\u00e4ch ist f\u00fcr jeden Gesch\u00e4ftsf\u00fchrer, CEO, Inhaber und jede F\u00fchrungskraft im Unternehmen eines der wichtigsten Werkzeuge der F\u00fchrung. Jeder Mitarbeiter, jede Mitarbeiterin und letztlich auch alle F\u00fchrungskr\u00e4fte erwarten R\u00fcckmeldung und Feedback f\u00fcr Ihre Leistung. motiviert und engagiert Die \u00fcberwiegende Mehrheit der Mitarbeiter m\/w\/d und F\u00fchrungskr\u00e4fte ist motiviert und engagiert. Zeit dies wertsch\u00e4tzend anzuerkennen und&hellip;&nbsp;<a href=\"https:\/\/erfolgsfaktor.de\/mitarbeitergespraech\/anerkennungsgespraech\/\" rel=\"bookmark\">Weiterlesen &raquo;<span class=\"screen-reader-text\">Anerkennungsgespr\u00e4ch<\/span><\/a><\/p>\n","protected":false},"author":1,"featured_media":108,"parent":0,"menu_order":0,"comment_status":"closed","ping_status":"closed","template":"","meta":{"neve_meta_sidebar":"","neve_meta_container":"","neve_meta_enable_content_width":"","neve_meta_content_width":0,"neve_meta_title_alignment":"","neve_meta_author_avatar":"","neve_post_elements_order":"","neve_meta_disable_header":"","neve_meta_disable_footer":"","neve_meta_disable_title":"","footnotes":""},"class_list":["post-106","page","type-page","status-publish","has-post-thumbnail","hentry"],"yoast_head":"<!-- This site is optimized with the Yoast SEO plugin v26.8 - https:\/\/yoast.com\/product\/yoast-seo-wordpress\/ -->\n<title>Anerkennungsgespr\u00e4ch - Mitarbeitergespr\u00e4ch<\/title>\n<meta name=\"description\" content=\"Anerkennungsgespr\u00e4ch, Coaching vor Ort und Online, mehr Anerkennung, klare Wertsch\u00e4tzung, Online Coaching f\u00fcr das Anerkennungsgespr\u00e4ch\" \/>\n<meta name=\"robots\" content=\"index, follow, max-snippet:-1, max-image-preview:large, max-video-preview:-1\" \/>\n<link rel=\"canonical\" href=\"https:\/\/erfolgsfaktor.de\/mitarbeitergespraech\/anerkennungsgespraech\/\" \/>\n<meta property=\"og:locale\" content=\"de_DE\" \/>\n<meta property=\"og:type\" content=\"article\" \/>\n<meta property=\"og:title\" content=\"Anerkennungsgespr\u00e4ch - Mitarbeitergespr\u00e4ch\" \/>\n<meta property=\"og:description\" content=\"Anerkennungsgespr\u00e4ch, Coaching vor Ort und Online, mehr Anerkennung, klare Wertsch\u00e4tzung, Online Coaching f\u00fcr das Anerkennungsgespr\u00e4ch\" \/>\n<meta property=\"og:url\" content=\"https:\/\/erfolgsfaktor.de\/mitarbeitergespraech\/anerkennungsgespraech\/\" \/>\n<meta property=\"og:site_name\" content=\"Mitarbeitergespr\u00e4ch\" \/>\n<meta property=\"article:modified_time\" content=\"2020-11-17T12:32:22+00:00\" \/>\n<meta property=\"og:image\" content=\"https:\/\/erfolgsfaktor.de\/mitarbeitergespraech\/wp-content\/uploads\/sites\/6\/2020\/11\/Erfolgsfaktor-Anerkennungsgespraech.gif\" \/>\n\t<meta property=\"og:image:width\" content=\"200\" \/>\n\t<meta property=\"og:image:height\" content=\"200\" \/>\n\t<meta property=\"og:image:type\" content=\"image\/gif\" \/>\n<meta name=\"twitter:card\" content=\"summary_large_image\" \/>\n<meta name=\"twitter:label1\" content=\"Gesch\u00e4tzte Lesezeit\" \/>\n\t<meta name=\"twitter:data1\" content=\"2\u00a0Minuten\" \/>\n<script type=\"application\/ld+json\" class=\"yoast-schema-graph\">{\"@context\":\"https:\/\/schema.org\",\"@graph\":[{\"@type\":\"WebPage\",\"@id\":\"https:\/\/erfolgsfaktor.de\/mitarbeitergespraech\/anerkennungsgespraech\/\",\"url\":\"https:\/\/erfolgsfaktor.de\/mitarbeitergespraech\/anerkennungsgespraech\/\",\"name\":\"Anerkennungsgespr\u00e4ch - Mitarbeitergespr\u00e4ch\",\"isPartOf\":{\"@id\":\"https:\/\/erfolgsfaktor.de\/mitarbeitergespraech\/#website\"},\"primaryImageOfPage\":{\"@id\":\"https:\/\/erfolgsfaktor.de\/mitarbeitergespraech\/anerkennungsgespraech\/#primaryimage\"},\"image\":{\"@id\":\"https:\/\/erfolgsfaktor.de\/mitarbeitergespraech\/anerkennungsgespraech\/#primaryimage\"},\"thumbnailUrl\":\"https:\/\/erfolgsfaktor.de\/mitarbeitergespraech\/wp-content\/uploads\/sites\/6\/2020\/11\/Erfolgsfaktor-Anerkennungsgespraech.gif\",\"datePublished\":\"2020-11-17T10:34:39+00:00\",\"dateModified\":\"2020-11-17T12:32:22+00:00\",\"description\":\"Anerkennungsgespr\u00e4ch, Coaching vor Ort und Online, mehr Anerkennung, klare Wertsch\u00e4tzung, Online Coaching f\u00fcr das Anerkennungsgespr\u00e4ch\",\"breadcrumb\":{\"@id\":\"https:\/\/erfolgsfaktor.de\/mitarbeitergespraech\/anerkennungsgespraech\/#breadcrumb\"},\"inLanguage\":\"de\",\"potentialAction\":[{\"@type\":\"ReadAction\",\"target\":[\"https:\/\/erfolgsfaktor.de\/mitarbeitergespraech\/anerkennungsgespraech\/\"]}]},{\"@type\":\"ImageObject\",\"inLanguage\":\"de\",\"@id\":\"https:\/\/erfolgsfaktor.de\/mitarbeitergespraech\/anerkennungsgespraech\/#primaryimage\",\"url\":\"https:\/\/erfolgsfaktor.de\/mitarbeitergespraech\/wp-content\/uploads\/sites\/6\/2020\/11\/Erfolgsfaktor-Anerkennungsgespraech.gif\",\"contentUrl\":\"https:\/\/erfolgsfaktor.de\/mitarbeitergespraech\/wp-content\/uploads\/sites\/6\/2020\/11\/Erfolgsfaktor-Anerkennungsgespraech.gif\",\"width\":200,\"height\":200,\"caption\":\"Coaching Anerkennungsgespr\u00e4ch - Erfolgsfaktor Anerkennung\"},{\"@type\":\"BreadcrumbList\",\"@id\":\"https:\/\/erfolgsfaktor.de\/mitarbeitergespraech\/anerkennungsgespraech\/#breadcrumb\",\"itemListElement\":[{\"@type\":\"ListItem\",\"position\":1,\"name\":\"Startseite\",\"item\":\"https:\/\/erfolgsfaktor.de\/mitarbeitergespraech\/\"},{\"@type\":\"ListItem\",\"position\":2,\"name\":\"Anerkennungsgespr\u00e4ch\"}]},{\"@type\":\"WebSite\",\"@id\":\"https:\/\/erfolgsfaktor.de\/mitarbeitergespraech\/#website\",\"url\":\"https:\/\/erfolgsfaktor.de\/mitarbeitergespraech\/\",\"name\":\"Mitarbeitergespr\u00e4ch\",\"description\":\"Coaching Mitarbeitergespr\u00e4che\",\"potentialAction\":[{\"@type\":\"SearchAction\",\"target\":{\"@type\":\"EntryPoint\",\"urlTemplate\":\"https:\/\/erfolgsfaktor.de\/mitarbeitergespraech\/?s={search_term_string}\"},\"query-input\":{\"@type\":\"PropertyValueSpecification\",\"valueRequired\":true,\"valueName\":\"search_term_string\"}}],\"inLanguage\":\"de\"}]}<\/script>\n<!-- \/ Yoast SEO plugin. -->","yoast_head_json":{"title":"Anerkennungsgespr\u00e4ch - Mitarbeitergespr\u00e4ch","description":"Anerkennungsgespr\u00e4ch, Coaching vor Ort und Online, mehr Anerkennung, klare Wertsch\u00e4tzung, Online Coaching f\u00fcr das Anerkennungsgespr\u00e4ch","robots":{"index":"index","follow":"follow","max-snippet":"max-snippet:-1","max-image-preview":"max-image-preview:large","max-video-preview":"max-video-preview:-1"},"canonical":"https:\/\/erfolgsfaktor.de\/mitarbeitergespraech\/anerkennungsgespraech\/","og_locale":"de_DE","og_type":"article","og_title":"Anerkennungsgespr\u00e4ch - Mitarbeitergespr\u00e4ch","og_description":"Anerkennungsgespr\u00e4ch, Coaching vor Ort und Online, mehr Anerkennung, klare Wertsch\u00e4tzung, Online Coaching f\u00fcr das Anerkennungsgespr\u00e4ch","og_url":"https:\/\/erfolgsfaktor.de\/mitarbeitergespraech\/anerkennungsgespraech\/","og_site_name":"Mitarbeitergespr\u00e4ch","article_modified_time":"2020-11-17T12:32:22+00:00","og_image":[{"width":200,"height":200,"url":"https:\/\/erfolgsfaktor.de\/mitarbeitergespraech\/wp-content\/uploads\/sites\/6\/2020\/11\/Erfolgsfaktor-Anerkennungsgespraech.gif","type":"image\/gif"}],"twitter_card":"summary_large_image","twitter_misc":{"Gesch\u00e4tzte Lesezeit":"2\u00a0Minuten"},"schema":{"@context":"https:\/\/schema.org","@graph":[{"@type":"WebPage","@id":"https:\/\/erfolgsfaktor.de\/mitarbeitergespraech\/anerkennungsgespraech\/","url":"https:\/\/erfolgsfaktor.de\/mitarbeitergespraech\/anerkennungsgespraech\/","name":"Anerkennungsgespr\u00e4ch - Mitarbeitergespr\u00e4ch","isPartOf":{"@id":"https:\/\/erfolgsfaktor.de\/mitarbeitergespraech\/#website"},"primaryImageOfPage":{"@id":"https:\/\/erfolgsfaktor.de\/mitarbeitergespraech\/anerkennungsgespraech\/#primaryimage"},"image":{"@id":"https:\/\/erfolgsfaktor.de\/mitarbeitergespraech\/anerkennungsgespraech\/#primaryimage"},"thumbnailUrl":"https:\/\/erfolgsfaktor.de\/mitarbeitergespraech\/wp-content\/uploads\/sites\/6\/2020\/11\/Erfolgsfaktor-Anerkennungsgespraech.gif","datePublished":"2020-11-17T10:34:39+00:00","dateModified":"2020-11-17T12:32:22+00:00","description":"Anerkennungsgespr\u00e4ch, Coaching vor Ort und Online, mehr Anerkennung, klare Wertsch\u00e4tzung, Online Coaching f\u00fcr das Anerkennungsgespr\u00e4ch","breadcrumb":{"@id":"https:\/\/erfolgsfaktor.de\/mitarbeitergespraech\/anerkennungsgespraech\/#breadcrumb"},"inLanguage":"de","potentialAction":[{"@type":"ReadAction","target":["https:\/\/erfolgsfaktor.de\/mitarbeitergespraech\/anerkennungsgespraech\/"]}]},{"@type":"ImageObject","inLanguage":"de","@id":"https:\/\/erfolgsfaktor.de\/mitarbeitergespraech\/anerkennungsgespraech\/#primaryimage","url":"https:\/\/erfolgsfaktor.de\/mitarbeitergespraech\/wp-content\/uploads\/sites\/6\/2020\/11\/Erfolgsfaktor-Anerkennungsgespraech.gif","contentUrl":"https:\/\/erfolgsfaktor.de\/mitarbeitergespraech\/wp-content\/uploads\/sites\/6\/2020\/11\/Erfolgsfaktor-Anerkennungsgespraech.gif","width":200,"height":200,"caption":"Coaching Anerkennungsgespr\u00e4ch - Erfolgsfaktor Anerkennung"},{"@type":"BreadcrumbList","@id":"https:\/\/erfolgsfaktor.de\/mitarbeitergespraech\/anerkennungsgespraech\/#breadcrumb","itemListElement":[{"@type":"ListItem","position":1,"name":"Startseite","item":"https:\/\/erfolgsfaktor.de\/mitarbeitergespraech\/"},{"@type":"ListItem","position":2,"name":"Anerkennungsgespr\u00e4ch"}]},{"@type":"WebSite","@id":"https:\/\/erfolgsfaktor.de\/mitarbeitergespraech\/#website","url":"https:\/\/erfolgsfaktor.de\/mitarbeitergespraech\/","name":"Mitarbeitergespr\u00e4ch","description":"Coaching Mitarbeitergespr\u00e4che","potentialAction":[{"@type":"SearchAction","target":{"@type":"EntryPoint","urlTemplate":"https:\/\/erfolgsfaktor.de\/mitarbeitergespraech\/?s={search_term_string}"},"query-input":{"@type":"PropertyValueSpecification","valueRequired":true,"valueName":"search_term_string"}}],"inLanguage":"de"}]}},"_links":{"self":[{"href":"https:\/\/erfolgsfaktor.de\/mitarbeitergespraech\/wp-json\/wp\/v2\/pages\/106","targetHints":{"allow":["GET"]}}],"collection":[{"href":"https:\/\/erfolgsfaktor.de\/mitarbeitergespraech\/wp-json\/wp\/v2\/pages"}],"about":[{"href":"https:\/\/erfolgsfaktor.de\/mitarbeitergespraech\/wp-json\/wp\/v2\/types\/page"}],"author":[{"embeddable":true,"href":"https:\/\/erfolgsfaktor.de\/mitarbeitergespraech\/wp-json\/wp\/v2\/users\/1"}],"replies":[{"embeddable":true,"href":"https:\/\/erfolgsfaktor.de\/mitarbeitergespraech\/wp-json\/wp\/v2\/comments?post=106"}],"version-history":[{"count":3,"href":"https:\/\/erfolgsfaktor.de\/mitarbeitergespraech\/wp-json\/wp\/v2\/pages\/106\/revisions"}],"predecessor-version":[{"id":115,"href":"https:\/\/erfolgsfaktor.de\/mitarbeitergespraech\/wp-json\/wp\/v2\/pages\/106\/revisions\/115"}],"wp:featuredmedia":[{"embeddable":true,"href":"https:\/\/erfolgsfaktor.de\/mitarbeitergespraech\/wp-json\/wp\/v2\/media\/108"}],"wp:attachment":[{"href":"https:\/\/erfolgsfaktor.de\/mitarbeitergespraech\/wp-json\/wp\/v2\/media?parent=106"}],"curies":[{"name":"wp","href":"https:\/\/api.w.org\/{rel}","templated":true}]}}