{"id":69,"date":"2020-09-16T13:32:00","date_gmt":"2020-09-16T11:32:00","guid":{"rendered":"https:\/\/erfolgsfaktor.de\/steuerberater\/?page_id=69"},"modified":"2020-10-29T15:32:38","modified_gmt":"2020-10-29T14:32:38","slug":"schwierige-mandanten-fuer-steuerberater","status":"publish","type":"page","link":"https:\/\/erfolgsfaktor.de\/coaching-steuerberater\/schwierige-mandanten-fuer-steuerberater\/","title":{"rendered":"Schwierige Mandanten Steuerberater"},"content":{"rendered":"\n<p>Das Coaching <strong>schwierige Mandanten f\u00fcr Steuerberater und Wirtschaftspr\u00fcfer<\/strong> trainiert&nbsp;<strong>psychologisch geschickt<\/strong>&nbsp;mit Ihren anspruchsvollen Mandanten und Mandantinnen umzugehen. <\/p>\n\n\n\n<p>Feedback f\u00fcr Ihre Art mit schwierigen Mandanten umzugehen und direktes Training psychologischer Fertigkeiten f\u00fcr den Umgang mit anspruchsvoller oder <strong>problematischer Mandantschaft<\/strong>.\u00a0Wir coachen Sie nat\u00fcrlich auch f\u00fcr die\u00a0<strong>&#8222;ganz normalen Mandanten&#8220; in schwierigen Situationen<\/strong>.<\/p>\n\n\n\n<ul class=\"wp-block-list\"><li><a href=\"#details\">Details<\/a><\/li><li><a href=\"#nutzen\">Nutzen<\/a><\/li><li><a href=\"#anfrage-buchung\">Anfrage + Buchung<\/a><\/li><\/ul>\n\n\n\n<div class=\"wp-block-buttons is-layout-flex wp-block-buttons-is-layout-flex\">\n<div class=\"wp-block-button\"><a class=\"wp-block-button__link\" href=\"#anfrage-buchung\">direkt zur<br>Anfrage + Buchung<\/a><\/div>\n<\/div>\n\n\n\n<div class=\"wp-block-cover alignfull has-neve-link-color-background-color has-background-dim\"><div class=\"wp-block-cover__inner-container is-layout-flow wp-block-cover-is-layout-flow\">\n<h2 class=\"has-text-align-center wp-block-heading\">Schwierige Mandanten f\u00fcr Steuerberater<\/h2>\n<\/div><\/div>\n\n\n\n<figure class=\"wp-block-image size-large\"><img loading=\"lazy\" decoding=\"async\" width=\"200\" height=\"200\" src=\"https:\/\/erfolgsfaktor.de\/coaching-steuerberater\/wp-content\/uploads\/sites\/4\/2020\/09\/Teilnehmer-Feedback.gif\" alt=\"Teilnehmer Feedback\" class=\"wp-image-51\"\/><figcaption>Teilnehmerfeedback Coaching Umgang mit schwierigen Mandanten<\/figcaption><\/figure>\n\n\n\n<blockquote class=\"wp-block-quote is-layout-flow wp-block-quote-is-layout-flow\"><p>Das war ein&nbsp;<strong>intensives Power-Training<\/strong>, bei dem Zur\u00fccklehnen und berieseln lassen nicht auf der Agenda stehen. Mit intensiven Praxis\u00fcbungen habe ich mich&nbsp;<strong>ger\u00fcstet f\u00fcr das &#8222;echte Leben&#8220;<\/strong>&nbsp;und ich&nbsp;<strong>freue mich schon auf die erste Praxiserprobung<\/strong>. Vielen Dank!&nbsp;<\/p><cite>Teilnehmerfeedback<\/cite><\/blockquote>\n\n\n\n<h2 class=\"wp-block-heading\">Schwierige Mandanten f\u00fcr Steuerberater<\/h2>\n\n\n\n<figure class=\"wp-block-image size-large\"><img loading=\"lazy\" decoding=\"async\" width=\"200\" height=\"200\" src=\"https:\/\/erfolgsfaktor.de\/coaching-steuerberater\/wp-content\/uploads\/sites\/4\/2020\/09\/Schwierige-Mandanten-Steuerberater-Wirtschaftspruefer.gif\" alt=\"schwierige Mandanten f\u00fcr Steuerberater\" class=\"wp-image-70\"\/><figcaption>Coaching Umgang mit schwierigen Mandanten<\/figcaption><\/figure>\n\n\n\n<p><strong>Schwierige Mandanten und Mandantinnen<\/strong>&nbsp;oder&nbsp;<strong>Klienten in schwierigen Umst\u00e4nden<\/strong>&nbsp;ben\u00f6tigen einen psychologisch geschickten Umgang und eine&nbsp;<strong>extra Portion Diplomatie und Fingerspitzengef\u00fchl<\/strong>. <\/p>\n\n\n\n<p>Zugleich d\u00fcrfen Sie als Steuerberater\/in oder Wirtschaftspr\u00fcfer\/in sich auch nicht alles bieten lassen und brauchen vielfach auch&nbsp;<strong>Skills um klare Grenzen und Ansagen auf Augenh\u00f6he<\/strong>&nbsp;zu treffen, ohne die Beziehung zur Mandantin bzw. zum Mandanten zu besch\u00e4digen.<\/p>\n\n\n\n<figure class=\"wp-block-image size-large\"><img loading=\"lazy\" decoding=\"async\" width=\"200\" height=\"200\" src=\"https:\/\/erfolgsfaktor.de\/coaching-steuerberater\/wp-content\/uploads\/sites\/4\/2020\/09\/schwierige-gespraeche.gif\" alt=\"Schwierige Mandanten f\u00fcr Steuerberater - Coaching f\u00fcr Steuerberater \nCoaching f\u00fcr schwierige Gespr\u00e4che\" class=\"wp-image-22\"\/><figcaption>Coaching f\u00fcr schwierige Gespr\u00e4che + Mandantschaft<\/figcaption><\/figure>\n\n\n\n<p>Stellen sie sicher, dass die <strong>Gespr\u00e4che mit schwierigen Mandanten<\/strong>&nbsp;<strong>psychologisch geschickt und erfolgreich gef\u00fchrt<\/strong>&nbsp;werden. <\/p>\n\n\n\n<p>Schlecht laufende Gespr\u00e4che <strong>belasten und verschlechtern die Mandantenbeziehung<\/strong>. Wir coachen Sie beim Thema gute Gespr\u00e4che mit schwierigen Mandanten.<\/p>\n\n\n\n<h2 class=\"wp-block-heading\" id=\"details\">Schwierige Mandanten f\u00fcr Steuerberater<\/h2>\n\n\n\n<figure class=\"wp-block-image size-large\"><img loading=\"lazy\" decoding=\"async\" width=\"200\" height=\"200\" src=\"https:\/\/erfolgsfaktor.de\/coaching-steuerberater\/wp-content\/uploads\/sites\/4\/2020\/09\/Coaching-Details.gif\" alt=\"Coaching Details\" class=\"wp-image-53\"\/><figcaption><strong>Ansatzpunkte und Inhalte f\u00fcr das Coaching<\/strong><\/figcaption><\/figure>\n\n\n\n<ul class=\"wp-block-list\"><li><strong>Psychologie schwieriger Mandanten<\/strong>: Pers\u00f6nlichkeitspsychologie f\u00fcr Steuerberater und Wirtschaftspr\u00fcfer<\/li><li><strong>Angewandte Psychologie<\/strong>: Mit schwierige Mandanten psychologisch geschickt umgehen<\/li><li><strong>Schwierige Mandantschaft<\/strong>: ad\u00e4quat reagieren und eigene Ziele sichern<\/li><\/ul>\n\n\n\n<h2 class=\"wp-block-heading\">Coaching Umgang mit schwierigen Mandanten <\/h2>\n\n\n\n<figure class=\"wp-block-image size-large\"><img loading=\"lazy\" decoding=\"async\" width=\"200\" height=\"200\" src=\"https:\/\/erfolgsfaktor.de\/coaching-steuerberater\/wp-content\/uploads\/sites\/4\/2020\/09\/schwierige-mandanten.gif\" alt=\"Schwierige Mandanten f\u00fcr Steuerberater - Coaching f\u00fcr Steuerberater\" class=\"wp-image-23\"\/><figcaption>Coaching Umgang mit schwierigen Mandanten<\/figcaption><\/figure>\n\n\n\n<ul class=\"wp-block-list\"><li><strong>Coaching f\u00fcr den Umgang mit schwierigen Mandanten<\/strong>: Als Steuerberater + Wirtschaftspr\u00fcfer die psychologische Mechanismen der Mandantschaft erkennen, verstehen und psychologisch geschickt reagieren<\/li><li><strong>Souver\u00e4n, \u00fcberzeugend und auf Augenh\u00f6he reagieren<\/strong>: Schwierige Situationen mit Mandanten gut l\u00f6sen<\/li><li><strong>Direktes Coaching f\u00fcr schwierige Mandanten <\/strong>m\/w\/d<\/li><\/ul>\n\n\n\n<p>Wir coachen Sie darin <strong>mit schwierigen Mandanten psychologisch professionell umzugehen. <\/strong>Gern bieten wir individuelle Ans\u00e4tze <strong>f\u00fcr schwierige Gespr\u00e4che mit Mandanten, Kollegen\/innen, Vorgesetzten oder Mitarbeitern.<\/strong><\/p>\n\n\n\n<figure class=\"wp-block-image size-large\"><img loading=\"lazy\" decoding=\"async\" width=\"200\" height=\"200\" src=\"https:\/\/erfolgsfaktor.de\/coaching-steuerberater\/wp-content\/uploads\/sites\/4\/2020\/09\/Teilnehmer-Feedback.gif\" alt=\"Teilnehmer Feedback\" class=\"wp-image-51\"\/><\/figure>\n\n\n\n<blockquote class=\"wp-block-quote is-layout-flow wp-block-quote-is-layout-flow\"><p>Hallo J\u00fcrgen,<\/p><p><strong>vielen Dank f\u00fcr das gute Coaching<\/strong>. Es hat nicht nur Spa\u00df gemacht, es hat auch meinen&nbsp;<strong>Blick auf bisher nicht gesehene Details gesch\u00e4rft<\/strong>. <\/p><cite>Teilnehmerfeedback<\/cite><\/blockquote>\n\n\n\n<h2 class=\"wp-block-heading\" id=\"nutzen\">Ihr Nutzen als Steuerberater<\/h2>\n\n\n\n<figure class=\"wp-block-image size-large\"><img loading=\"lazy\" decoding=\"async\" width=\"200\" height=\"200\" src=\"https:\/\/erfolgsfaktor.de\/coaching-steuerberater\/wp-content\/uploads\/sites\/4\/2020\/09\/Coaching-fuer-Steuerberater.gif\" alt=\"Coaching f\u00fcr Steuerberater schwierige Mandanten f\u00fcr Steuerberater\" class=\"wp-image-12\"\/><figcaption>Coaching Schwierige Mandanten f\u00fcr Steuerberater, ihr Nutzen<\/figcaption><\/figure>\n\n\n\n<p><strong>Schwierigen Mandanten\/innen<\/strong>&nbsp;sind oft schwer greifbar und es ist schwierig die steuerlichen Notwendigkeiten mit ihnen sicherzustellen. Profitieren Sie durch das Coaching von einer deutlichen Verbesserung im Umgang mit schwieriger Mandantschaft.<\/p>\n\n\n\n<p><strong>Durch das richtig Quantum Psychologie und einem psychologisch geschickten Umgang laufen <\/strong>Ihre&nbsp;<strong>Gespr\u00e4che und der Umgang mit den Mandanten\/innen<\/strong>&nbsp;deutlich besser.<\/p>\n\n\n\n<p>Investieren Sie in eine <strong>psychologisch geschickte Gespr\u00e4chsf\u00fchrung mit attraktiven Mandanten<\/strong>. Profitieren Sie auch pers\u00f6nlich,\u00a0durch\u00a0das n\u00f6tige\u00a0<strong>Quantum an Diplomatie und positiver Schlagfertigkeit im Gespr\u00e4ch<\/strong>.<\/p>\n\n\n\n<div class=\"wp-block-cover alignfull has-neve-link-color-background-color has-background-dim\"><div class=\"wp-block-cover__inner-container is-layout-flow wp-block-cover-is-layout-flow\">\n<h2 class=\"has-text-align-center wp-block-heading\">Anfrage Buchung<br>Coaching schwierige Mandanten Steuerberater<\/h2>\n<\/div><\/div>\n\n\n\n<h3 class=\"wp-block-heading\" id=\"anfrage-buchung\">Coaching f\u00fcr Steuerberater<br>anfragen + buchen<\/h3>\n\n\n\n<figure class=\"wp-block-image size-large\"><img loading=\"lazy\" decoding=\"async\" width=\"200\" height=\"200\" src=\"https:\/\/erfolgsfaktor.de\/coaching-steuerberater\/wp-content\/uploads\/sites\/4\/2020\/09\/schwierige-mandanten.gif\" alt=\"Coaching f\u00fcr Steuerberater - Umgang mit schwierigen Mandanten\" class=\"wp-image-23\"\/><figcaption>Anmeldung + Buchung<\/figcaption><\/figure>\n\n\n\n<p>Formate, Optionen, Preise und Konditionen finden Sie hier unter <strong>Anfrage + Buchung<\/strong> oder in unserer <a href=\"https:\/\/erfolgsfaktor.de\/coaching-steuerberater\/coachings-steuerberater\/\">Preis\u00fcbersicht<\/a>. <\/p>\n\n\n\n<div class=\"wp-block-buttons is-layout-flex wp-block-buttons-is-layout-flex\">\n<div class=\"wp-block-button\"><a class=\"wp-block-button__link\" href=\"https:\/\/www.mto-consulting.de\/anmeldungerfolgsfaktor.php?https:\/\/erfolgsfaktor.de\/coaching-steuerberater\/schwierige-mandanten-fuer-steuerberater\">Anfrage + Buchung<\/a><\/div>\n<\/div>\n\n\n\n<p>Alternativ dieses Coaching auf <strong>www.mto-consulting.de<\/strong> ansehen?<\/p>\n\n\n\n<div class=\"wp-block-buttons is-layout-flex wp-block-buttons-is-layout-flex\">\n<div class=\"wp-block-button\"><a class=\"wp-block-button__link\" href=\"https:\/\/www.mto-consulting.de\/Steuerberater-Wirtschaftspruefer\/schwierige-mandanten-steuerberater-wirtschaftspruefer.htm\">Coaching <br>Anfragen \/ Buchen<\/a><\/div>\n<\/div>\n\n\n\n<div class=\"wp-block-cover alignfull has-secondary-background-color has-background-dim\"><div class=\"wp-block-cover__inner-container is-layout-flow wp-block-cover-is-layout-flow\">\n<h2 class=\"has-text-align-center wp-block-heading\">\u00dcbersicht: Coaching f\u00fcr Steuerberater<\/h2>\n<\/div><\/div>\n\n\n\n<h3 class=\"wp-block-heading\"><strong>Coachings f\u00fcr Steuerberater:<\/strong><\/h3>\n\n\n\n<ul class=\"wp-block-list\"><li><a href=\"https:\/\/erfolgsfaktor.de\/coaching-steuerberater\/psychologie-fuer-steuerberater\/\">Coaching Psychologie f\u00fcr Steuerberater<\/a><\/li><li><a href=\"https:\/\/erfolgsfaktor.de\/coaching-steuerberater\/#kritische-situationen-krisen\">Coaching f\u00fcr kritische Situationen + Krisen<\/a><\/li><li><a href=\"https:\/\/erfolgsfaktor.de\/coaching-steuerberater\/schwierige-gespraeche-fuer-steuerberater\/\">Coaching f\u00fcr schwierige Gespr\u00e4che<\/a><\/li><li><a href=\"https:\/\/erfolgsfaktor.de\/coaching-steuerberater\/schwierige-mandanten-fuer-steuerberater\/\">Coaching bei schwierigen Mandanten<\/a><\/li><li><a href=\"https:\/\/erfolgsfaktor.de\/coaching-steuerberater\/konflikte-steuerberater-wirtschaftspruefer\/\">Coaching Konflikte + Konfliktl\u00f6sung<\/a><\/li><li><a href=\"https:\/\/erfolgsfaktor.de\/coaching-steuerberater\/schwierige-mitarbeiter-steuerberater\/\">Coaching f\u00fcr Steuerberater: schwierige Mitarbeiter<\/a><\/li><li><a href=\"https:\/\/erfolgsfaktor.de\/coaching-steuerberater\/fuehrung-steuerberater\/\">Coaching F\u00fchrung \/ Mitarbeiterf\u00fchrung<\/a><\/li><li><a href=\"https:\/\/erfolgsfaktor.de\/coaching-steuerberater\/autoritaet-und-souveranitaet-fuer-steuerberater\/\">Coaching f\u00fcr Autorit\u00e4t + Souver\u00e4nit\u00e4t<\/a><\/li><li><a href=\"https:\/\/erfolgsfaktor.de\/coaching-steuerberater\/diplomatie-schlagfertigkeit-steuerberater\/\">Coaching f\u00fcr Diplomatie + Schlagfertigkeit<\/a><\/li><li><a href=\"https:\/\/erfolgsfaktor.de\/coaching-steuerberater\/lampenfieber-nervositaet-steuerberater\/\">Coaching gegen Lampenfieber + Nervosit\u00e4t<\/a><\/li><li><a href=\"https:\/\/erfolgsfaktor.de\/coaching-steuerberater\/sicher-praesentieren-steuerberater\/\">Coaching Pr\u00e4sentation &#8211; Pr\u00e4sentationstraining<\/a><\/li><li><a href=\"https:\/\/erfolgsfaktor.de\/coaching-steuerberater\/steuerberater-ansprachen-und-vortraege\/\">Coaching f\u00fcr Ansprache, Rede, Vortrag<\/a><\/li><li><a href=\"https:\/\/erfolgsfaktor.de\/coaching-steuerberater\/#coachingtag\">Coaching f\u00fcr Steuerberater: 1 individueller Coachingtag<\/a><\/li><\/ul>\n\n\n\n<div class=\"wp-block-cover alignfull has-secondary-background-color has-background-dim\"><div class=\"wp-block-cover__inner-container is-layout-flow wp-block-cover-is-layout-flow\">\n<p class=\"has-text-align-center has-primary-color has-background-background-color has-text-color has-background has-larger-font-size\"><a href=\"https:\/\/erfolgsfaktor.de\/steuerberater\">zur\u00fcck zur \u00dcbersicht?<\/a><\/p>\n<\/div><\/div>\n","protected":false},"excerpt":{"rendered":"<p>Das Coaching schwierige Mandanten f\u00fcr Steuerberater und Wirtschaftspr\u00fcfer trainiert&nbsp;psychologisch geschickt&nbsp;mit Ihren anspruchsvollen Mandanten und Mandantinnen umzugehen. Feedback f\u00fcr Ihre Art mit schwierigen Mandanten umzugehen und direktes Training psychologischer Fertigkeiten f\u00fcr den Umgang mit anspruchsvoller oder problematischer Mandantschaft.\u00a0Wir coachen Sie nat\u00fcrlich auch f\u00fcr die\u00a0&#8222;ganz normalen Mandanten&#8220; in schwierigen Situationen. Das war ein&nbsp;intensives Power-Training, bei dem Zur\u00fccklehnen&hellip;&nbsp;<a href=\"https:\/\/erfolgsfaktor.de\/coaching-steuerberater\/schwierige-mandanten-fuer-steuerberater\/\" rel=\"bookmark\">Weiterlesen &raquo;<span class=\"screen-reader-text\">Schwierige Mandanten Steuerberater<\/span><\/a><\/p>\n","protected":false},"author":1,"featured_media":0,"parent":0,"menu_order":0,"comment_status":"closed","ping_status":"closed","template":"","meta":{"neve_meta_sidebar":"","neve_meta_container":"","neve_meta_enable_content_width":"","neve_meta_content_width":0,"neve_meta_title_alignment":"","neve_meta_author_avatar":"","neve_post_elements_order":"","neve_meta_disable_header":"","neve_meta_disable_footer":"","neve_meta_disable_title":"","footnotes":""},"class_list":["post-69","page","type-page","status-publish","hentry"],"yoast_head":"<!-- This site is optimized with the Yoast SEO plugin v26.8 - https:\/\/yoast.com\/product\/yoast-seo-wordpress\/ -->\n<title>Schwierige Mandanten Steuerberater - Coaching Steuerberater<\/title>\n<meta name=\"description\" content=\"Coaching Schwierige Mandanten f\u00fcr Steuerberater und Wirtschaftspr\u00fcfer. Coaching f\u00fcr Steuerberater mit schwieriger Mandantschaft.\" \/>\n<meta name=\"robots\" content=\"index, follow, max-snippet:-1, max-image-preview:large, max-video-preview:-1\" \/>\n<link rel=\"canonical\" href=\"https:\/\/erfolgsfaktor.de\/coaching-steuerberater\/schwierige-mandanten-fuer-steuerberater\/\" \/>\n<meta property=\"og:locale\" content=\"de_DE\" \/>\n<meta property=\"og:type\" content=\"article\" \/>\n<meta property=\"og:title\" content=\"Schwierige Mandanten Steuerberater - Coaching Steuerberater\" \/>\n<meta property=\"og:description\" content=\"Coaching Schwierige Mandanten f\u00fcr Steuerberater und Wirtschaftspr\u00fcfer. Coaching f\u00fcr Steuerberater mit schwieriger Mandantschaft.\" \/>\n<meta property=\"og:url\" content=\"https:\/\/erfolgsfaktor.de\/coaching-steuerberater\/schwierige-mandanten-fuer-steuerberater\/\" \/>\n<meta property=\"og:site_name\" content=\"Coaching Steuerberater\" \/>\n<meta property=\"article:modified_time\" content=\"2020-10-29T14:32:38+00:00\" \/>\n<meta property=\"og:image\" content=\"https:\/\/erfolgsfaktor.de\/coaching-steuerberater\/wp-content\/uploads\/sites\/4\/2020\/09\/Teilnehmer-Feedback.gif\" \/>\n<meta name=\"twitter:card\" content=\"summary_large_image\" \/>\n<meta name=\"twitter:label1\" content=\"Gesch\u00e4tzte Lesezeit\" \/>\n\t<meta name=\"twitter:data1\" content=\"3\u00a0Minuten\" \/>\n<script type=\"application\/ld+json\" class=\"yoast-schema-graph\">{\"@context\":\"https:\/\/schema.org\",\"@graph\":[{\"@type\":\"WebPage\",\"@id\":\"https:\/\/erfolgsfaktor.de\/coaching-steuerberater\/schwierige-mandanten-fuer-steuerberater\/\",\"url\":\"https:\/\/erfolgsfaktor.de\/coaching-steuerberater\/schwierige-mandanten-fuer-steuerberater\/\",\"name\":\"Schwierige Mandanten Steuerberater - Coaching Steuerberater\",\"isPartOf\":{\"@id\":\"https:\/\/erfolgsfaktor.de\/coaching-steuerberater\/#website\"},\"primaryImageOfPage\":{\"@id\":\"https:\/\/erfolgsfaktor.de\/coaching-steuerberater\/schwierige-mandanten-fuer-steuerberater\/#primaryimage\"},\"image\":{\"@id\":\"https:\/\/erfolgsfaktor.de\/coaching-steuerberater\/schwierige-mandanten-fuer-steuerberater\/#primaryimage\"},\"thumbnailUrl\":\"https:\/\/erfolgsfaktor.de\/coaching-steuerberater\/wp-content\/uploads\/sites\/4\/2020\/09\/Teilnehmer-Feedback.gif\",\"datePublished\":\"2020-09-16T11:32:00+00:00\",\"dateModified\":\"2020-10-29T14:32:38+00:00\",\"description\":\"Coaching Schwierige Mandanten f\u00fcr Steuerberater und Wirtschaftspr\u00fcfer. Coaching f\u00fcr Steuerberater mit schwieriger Mandantschaft.\",\"breadcrumb\":{\"@id\":\"https:\/\/erfolgsfaktor.de\/coaching-steuerberater\/schwierige-mandanten-fuer-steuerberater\/#breadcrumb\"},\"inLanguage\":\"de\",\"potentialAction\":[{\"@type\":\"ReadAction\",\"target\":[\"https:\/\/erfolgsfaktor.de\/coaching-steuerberater\/schwierige-mandanten-fuer-steuerberater\/\"]}]},{\"@type\":\"ImageObject\",\"inLanguage\":\"de\",\"@id\":\"https:\/\/erfolgsfaktor.de\/coaching-steuerberater\/schwierige-mandanten-fuer-steuerberater\/#primaryimage\",\"url\":\"https:\/\/erfolgsfaktor.de\/coaching-steuerberater\/wp-content\/uploads\/sites\/4\/2020\/09\/Teilnehmer-Feedback.gif\",\"contentUrl\":\"https:\/\/erfolgsfaktor.de\/coaching-steuerberater\/wp-content\/uploads\/sites\/4\/2020\/09\/Teilnehmer-Feedback.gif\",\"width\":200,\"height\":200,\"caption\":\"Teilnehmer Feedback\"},{\"@type\":\"BreadcrumbList\",\"@id\":\"https:\/\/erfolgsfaktor.de\/coaching-steuerberater\/schwierige-mandanten-fuer-steuerberater\/#breadcrumb\",\"itemListElement\":[{\"@type\":\"ListItem\",\"position\":1,\"name\":\"Startseite\",\"item\":\"https:\/\/erfolgsfaktor.de\/coaching-steuerberater\/\"},{\"@type\":\"ListItem\",\"position\":2,\"name\":\"Schwierige Mandanten Steuerberater\"}]},{\"@type\":\"WebSite\",\"@id\":\"https:\/\/erfolgsfaktor.de\/coaching-steuerberater\/#website\",\"url\":\"https:\/\/erfolgsfaktor.de\/coaching-steuerberater\/\",\"name\":\"Coaching Steuerberater\",\"description\":\"Erfolgsfaktor Coaching\",\"potentialAction\":[{\"@type\":\"SearchAction\",\"target\":{\"@type\":\"EntryPoint\",\"urlTemplate\":\"https:\/\/erfolgsfaktor.de\/coaching-steuerberater\/?s={search_term_string}\"},\"query-input\":{\"@type\":\"PropertyValueSpecification\",\"valueRequired\":true,\"valueName\":\"search_term_string\"}}],\"inLanguage\":\"de\"}]}<\/script>\n<!-- \/ Yoast SEO plugin. -->","yoast_head_json":{"title":"Schwierige Mandanten Steuerberater - Coaching Steuerberater","description":"Coaching Schwierige Mandanten f\u00fcr Steuerberater und Wirtschaftspr\u00fcfer. Coaching f\u00fcr Steuerberater mit schwieriger Mandantschaft.","robots":{"index":"index","follow":"follow","max-snippet":"max-snippet:-1","max-image-preview":"max-image-preview:large","max-video-preview":"max-video-preview:-1"},"canonical":"https:\/\/erfolgsfaktor.de\/coaching-steuerberater\/schwierige-mandanten-fuer-steuerberater\/","og_locale":"de_DE","og_type":"article","og_title":"Schwierige Mandanten Steuerberater - Coaching Steuerberater","og_description":"Coaching Schwierige Mandanten f\u00fcr Steuerberater und Wirtschaftspr\u00fcfer. Coaching f\u00fcr Steuerberater mit schwieriger Mandantschaft.","og_url":"https:\/\/erfolgsfaktor.de\/coaching-steuerberater\/schwierige-mandanten-fuer-steuerberater\/","og_site_name":"Coaching Steuerberater","article_modified_time":"2020-10-29T14:32:38+00:00","og_image":[{"url":"https:\/\/erfolgsfaktor.de\/coaching-steuerberater\/wp-content\/uploads\/sites\/4\/2020\/09\/Teilnehmer-Feedback.gif","type":"","width":"","height":""}],"twitter_card":"summary_large_image","twitter_misc":{"Gesch\u00e4tzte Lesezeit":"3\u00a0Minuten"},"schema":{"@context":"https:\/\/schema.org","@graph":[{"@type":"WebPage","@id":"https:\/\/erfolgsfaktor.de\/coaching-steuerberater\/schwierige-mandanten-fuer-steuerberater\/","url":"https:\/\/erfolgsfaktor.de\/coaching-steuerberater\/schwierige-mandanten-fuer-steuerberater\/","name":"Schwierige Mandanten Steuerberater - Coaching Steuerberater","isPartOf":{"@id":"https:\/\/erfolgsfaktor.de\/coaching-steuerberater\/#website"},"primaryImageOfPage":{"@id":"https:\/\/erfolgsfaktor.de\/coaching-steuerberater\/schwierige-mandanten-fuer-steuerberater\/#primaryimage"},"image":{"@id":"https:\/\/erfolgsfaktor.de\/coaching-steuerberater\/schwierige-mandanten-fuer-steuerberater\/#primaryimage"},"thumbnailUrl":"https:\/\/erfolgsfaktor.de\/coaching-steuerberater\/wp-content\/uploads\/sites\/4\/2020\/09\/Teilnehmer-Feedback.gif","datePublished":"2020-09-16T11:32:00+00:00","dateModified":"2020-10-29T14:32:38+00:00","description":"Coaching Schwierige Mandanten f\u00fcr Steuerberater und Wirtschaftspr\u00fcfer. Coaching f\u00fcr Steuerberater mit schwieriger Mandantschaft.","breadcrumb":{"@id":"https:\/\/erfolgsfaktor.de\/coaching-steuerberater\/schwierige-mandanten-fuer-steuerberater\/#breadcrumb"},"inLanguage":"de","potentialAction":[{"@type":"ReadAction","target":["https:\/\/erfolgsfaktor.de\/coaching-steuerberater\/schwierige-mandanten-fuer-steuerberater\/"]}]},{"@type":"ImageObject","inLanguage":"de","@id":"https:\/\/erfolgsfaktor.de\/coaching-steuerberater\/schwierige-mandanten-fuer-steuerberater\/#primaryimage","url":"https:\/\/erfolgsfaktor.de\/coaching-steuerberater\/wp-content\/uploads\/sites\/4\/2020\/09\/Teilnehmer-Feedback.gif","contentUrl":"https:\/\/erfolgsfaktor.de\/coaching-steuerberater\/wp-content\/uploads\/sites\/4\/2020\/09\/Teilnehmer-Feedback.gif","width":200,"height":200,"caption":"Teilnehmer Feedback"},{"@type":"BreadcrumbList","@id":"https:\/\/erfolgsfaktor.de\/coaching-steuerberater\/schwierige-mandanten-fuer-steuerberater\/#breadcrumb","itemListElement":[{"@type":"ListItem","position":1,"name":"Startseite","item":"https:\/\/erfolgsfaktor.de\/coaching-steuerberater\/"},{"@type":"ListItem","position":2,"name":"Schwierige Mandanten Steuerberater"}]},{"@type":"WebSite","@id":"https:\/\/erfolgsfaktor.de\/coaching-steuerberater\/#website","url":"https:\/\/erfolgsfaktor.de\/coaching-steuerberater\/","name":"Coaching Steuerberater","description":"Erfolgsfaktor Coaching","potentialAction":[{"@type":"SearchAction","target":{"@type":"EntryPoint","urlTemplate":"https:\/\/erfolgsfaktor.de\/coaching-steuerberater\/?s={search_term_string}"},"query-input":{"@type":"PropertyValueSpecification","valueRequired":true,"valueName":"search_term_string"}}],"inLanguage":"de"}]}},"_links":{"self":[{"href":"https:\/\/erfolgsfaktor.de\/coaching-steuerberater\/wp-json\/wp\/v2\/pages\/69","targetHints":{"allow":["GET"]}}],"collection":[{"href":"https:\/\/erfolgsfaktor.de\/coaching-steuerberater\/wp-json\/wp\/v2\/pages"}],"about":[{"href":"https:\/\/erfolgsfaktor.de\/coaching-steuerberater\/wp-json\/wp\/v2\/types\/page"}],"author":[{"embeddable":true,"href":"https:\/\/erfolgsfaktor.de\/coaching-steuerberater\/wp-json\/wp\/v2\/users\/1"}],"replies":[{"embeddable":true,"href":"https:\/\/erfolgsfaktor.de\/coaching-steuerberater\/wp-json\/wp\/v2\/comments?post=69"}],"version-history":[{"count":11,"href":"https:\/\/erfolgsfaktor.de\/coaching-steuerberater\/wp-json\/wp\/v2\/pages\/69\/revisions"}],"predecessor-version":[{"id":455,"href":"https:\/\/erfolgsfaktor.de\/coaching-steuerberater\/wp-json\/wp\/v2\/pages\/69\/revisions\/455"}],"wp:attachment":[{"href":"https:\/\/erfolgsfaktor.de\/coaching-steuerberater\/wp-json\/wp\/v2\/media?parent=69"}],"curies":[{"name":"wp","href":"https:\/\/api.w.org\/{rel}","templated":true}]}}