{"id":558,"date":"2023-07-11T17:06:21","date_gmt":"2023-07-11T15:06:21","guid":{"rendered":"https:\/\/erfolgsfaktor.de\/coaching-steuerberater\/?page_id=558"},"modified":"2023-07-13T12:00:16","modified_gmt":"2023-07-13T10:00:16","slug":"teamleitung-performance-fuer-steuerberater-wirtschaftspruefer","status":"publish","type":"page","link":"https:\/\/erfolgsfaktor.de\/coaching-steuerberater\/teamleitung-performance-fuer-steuerberater-wirtschaftspruefer\/","title":{"rendered":"Teamleitung + Performance f\u00fcr Steuerberater + Wirtschaftspr\u00fcfer\u00a0"},"content":{"rendered":"\n<p><strong>Teamleitung und Performance f\u00fcr Steuerberater und Wirtschaftspr\u00fcfer<\/strong>&nbsp;bietet wertvolle Impulse f\u00fcr jeden, der sicher und \u00fcberzeugend Mitarbeitende im Rahmen von Mandaten f\u00fchren soll. Das Seminar Teamleitung + Performance trainiert Sie als Steuerberater und Steuerberaterin 100%aktiv mit viel Feedback und Praxis.<\/p>\n\n\n\n<h2 class=\"wp-block-heading\">Seminar Teamleitung + Performance f\u00fcr Steuerberater<\/h2>\n\n\n\n<p>Kompetent die F\u00fchrung zu ergreifen, bedeutet zu erkennen, <strong>wann, wo und wie F\u00fchrungshandeln<\/strong> notwendig und angebracht ist. <strong>Fr\u00fchzeitiges Sehen<\/strong>, wo es gilt \u2013 <strong>zeitnahe Feedbacks<\/strong> f\u00fcr Mitarbeitende &#8211; <strong>wertsch\u00e4tzende Impulse<\/strong> und <strong>angemessene Korrekturen<\/strong> erhalten die Mitarbeitermotivation und f\u00fchren zu einer hohen Performance aller am Mandat Beteiligten. <a href=\"https:\/\/www.mto-consulting.de\/laterale-Fuehrung.htm\">Laterale F\u00fchrung<\/a> wird zudem immer mehr auch in der Steuerberatung praktiziert d.h. auch wenn Sie keine Teamleitung sind gilt es zu f\u00fchren!<\/p>\n\n\n\n<figure class=\"wp-block-image size-full\"><img loading=\"lazy\" decoding=\"async\" width=\"500\" height=\"400\" src=\"https:\/\/erfolgsfaktor.de\/coaching-steuerberater\/wp-content\/uploads\/sites\/4\/2023\/07\/seminar-coaching-teamleitung-und-performance-mobil.gif\" alt=\"Seminar und Coaching Teamleitung und Performance f\u00fcr Steuerberater und Wirtschaftspr\u00fcfer\" class=\"wp-image-559\"\/><\/figure>\n\n\n\n<p><\/p>\n\n\n\n<h2 class=\"wp-block-heading\">Seminar Teamleitung + Performance f\u00fcr Steuerberater + Wirtschaftspr\u00fcfer<\/h2>\n\n\n\n<p><strong>Teamleitung und Performance f\u00fcr Steuerberater und Wirtschaftspr\u00fcfer<\/strong> beinhaltet dabei 3 zentralen Aspekte:<\/p>\n\n\n\n<ul class=\"wp-block-list\">\n<li><strong>Pers\u00f6nlichkeit + Standing<\/strong><\/li>\n\n\n\n<li><strong>Feedback und Kommunikation<\/strong><\/li>\n\n\n\n<li><strong>gute Werkzeuge f\u00fcr schwierige Gespr\u00e4che \/ Situationen und Personen<\/strong><\/li>\n<\/ul>\n\n\n\n<figure class=\"wp-block-image size-full\"><img loading=\"lazy\" decoding=\"async\" width=\"600\" height=\"300\" src=\"https:\/\/erfolgsfaktor.de\/coaching-steuerberater\/wp-content\/uploads\/sites\/4\/2023\/07\/seminar-coaching-teamleitung-und-perfromance-persoenlichkeit.jpg\" alt=\"eminar und Coaching Teamleitung und Performance f\u00fcr Steuerberater und Wirtschaftspr\u00fcfer  - Pers\u00f6nlichkeit\" class=\"wp-image-560\" srcset=\"https:\/\/erfolgsfaktor.de\/coaching-steuerberater\/wp-content\/uploads\/sites\/4\/2023\/07\/seminar-coaching-teamleitung-und-perfromance-persoenlichkeit.jpg 600w, https:\/\/erfolgsfaktor.de\/coaching-steuerberater\/wp-content\/uploads\/sites\/4\/2023\/07\/seminar-coaching-teamleitung-und-perfromance-persoenlichkeit-300x150.jpg 300w\" sizes=\"auto, (max-width: 600px) 100vw, 600px\" \/><\/figure>\n\n\n\n<p><\/p>\n\n\n\n<h2 class=\"wp-block-heading\">Teamleitung + Performance<\/h2>\n\n\n\n<p><strong>Ihr pers\u00f6nliches Standing und Auftreten <\/strong>sind zentral wichtig, um Mitarbeitende und Mandanten zu \u00fcberzeugen, zu motivieren und langfristig an Ihr Unternehmen zu binden. <strong>Ihre Worte, Feedbacks, Korrekturen und Impulse erhalten mehr Gewicht.<\/strong> So erreichen Sie eine hohe Verbindlichkeit und Nachdruck f\u00fcr notwendige Ver\u00e4nderungen. <strong>Von Ihrer Person + Ihrem Auftreten h\u00e4ngt es ab<\/strong>, ob Sie Mitarbeitende und Mandanten gewinnen oder verlieren.<\/p>\n\n\n\n<figure class=\"wp-block-image size-full\"><img loading=\"lazy\" decoding=\"async\" width=\"200\" height=\"200\" src=\"https:\/\/erfolgsfaktor.de\/coaching-steuerberater\/wp-content\/uploads\/sites\/4\/2020\/09\/Fuehrung-fuer-Steuerberater.gif\" alt=\"F\u00fchrung f\u00fcr Steuerberater und Wirtschaftspr\u00fcfer\" class=\"wp-image-124\"\/><\/figure>\n\n\n\n<ul class=\"wp-block-list\">\n<li><strong>Sichtbare Pers\u00f6nlichkeit und Teamleitung<\/strong><strong><\/strong><\/li>\n\n\n\n<li><strong>souver\u00e4ne + \u00fcberzeugende Gestik und K\u00f6rperhaltung<\/strong><\/li>\n\n\n\n<li><strong>Auftreten und Au\u00dfenwirkung | Standing nach innen und au\u00dfen<\/strong><strong><\/strong><\/li>\n\n\n\n<li><strong>Innere St\u00e4rke und Aufbau von <a href=\"https:\/\/erfolgsfaktor.de\/coaching-steuerberater\/autoritaet-und-souveranitaet-fuer-steuerberater\/\">Souver\u00e4nit\u00e4t<\/a><\/strong><\/li>\n\n\n\n<li><strong>Wertsch\u00e4tzender Umgang + wertsch\u00e4tzende Kommunikation mit Mitarbeitenden + auf Teamleiterebene \u2013 Professionelle Zusammenarbeit auf Augenh\u00f6he<\/strong><\/li>\n<\/ul>\n\n\n\n<figure class=\"wp-block-image size-full\"><img loading=\"lazy\" decoding=\"async\" width=\"600\" height=\"220\" src=\"https:\/\/erfolgsfaktor.de\/coaching-steuerberater\/wp-content\/uploads\/sites\/4\/2023\/07\/seminar-durchsetzen-coaching-durchsetzen-5.jpg\" alt=\"Seminar und Coaching Teamleitung und Performance f\u00fcr Steuerberater und Wirtschaftspr\u00fcfer - Kommunikation\" class=\"wp-image-561\" srcset=\"https:\/\/erfolgsfaktor.de\/coaching-steuerberater\/wp-content\/uploads\/sites\/4\/2023\/07\/seminar-durchsetzen-coaching-durchsetzen-5.jpg 600w, https:\/\/erfolgsfaktor.de\/coaching-steuerberater\/wp-content\/uploads\/sites\/4\/2023\/07\/seminar-durchsetzen-coaching-durchsetzen-5-300x110.jpg 300w\" sizes=\"auto, (max-width: 600px) 100vw, 600px\" \/><\/figure>\n\n\n\n<p><\/p>\n\n\n\n<h2 class=\"wp-block-heading\">Teamleitung + Performance<\/h2>\n\n\n\n<p><strong>Ihr Auge und Ihr Ohr am Mitarbeitenden, direkter Kontakt und fr\u00fchzeitiges Sehen, wo es gilt!<\/strong> Extrem hilfreich in der Teamleitung ist, <strong>unmittelbarer Kontakt und individuelles Feedback<\/strong> f\u00fcr Leistung und Performance. So erhalten Sie schnell einen direkten Eindruck, was es f\u00fcr Ihre <strong>Steuerberater und Wirtschaftspr\u00fcfer<\/strong> im Team individuell braucht.<\/p>\n\n\n\n<ul class=\"wp-block-list\">\n<li><strong>Sehen, wann, wo und wie es gilt<\/strong> &#8211; als Teamleitung Impulse setzen<\/li>\n\n\n\n<li>\u00dcberzeugende Vorschl\u00e4ge, Ideen, Argumente plus&nbsp;<strong>wertsch\u00e4tzendes Feedback<\/strong><strong><\/strong><\/li>\n\n\n\n<li>Fr\u00fchzeitig sehen, wo <strong>Unterst\u00fctzung + Hilfestellung<\/strong> n\u00f6tig ist \u2013 \u201eLEITUNG geben \u2013 Leittier sein\u201c<\/li>\n\n\n\n<li><strong>angemessene Worte<\/strong> finden, <strong>konkret werden, auch bei \u201eunangenehmen Themen\u201c<\/strong><\/li>\n\n\n\n<li>Aufbau verbaler <strong>Verbindlichkeit plus Bestimmtheit + Nachdruck<\/strong><\/li>\n\n\n\n<li><strong>Zielvereinbarung f\u00fcr eine verbindliche Umsetzung &#8211; Nachfassen <\/strong>\u201eplus LEITUNG geben\u201c<\/li>\n<\/ul>\n\n\n\n<figure class=\"wp-block-embed is-type-wp-embed is-provider-coaching-steuerberater wp-block-embed-coaching-steuerberater\"><div class=\"wp-block-embed__wrapper\">\n<blockquote class=\"wp-embedded-content\" data-secret=\"tpTKhzFz2q\"><a href=\"https:\/\/erfolgsfaktor.de\/coaching-steuerberater\/schwierige-gespraeche-fuer-steuerberater\/\">Schwierige Gespr\u00e4che Steuerberater<\/a><\/blockquote><iframe loading=\"lazy\" class=\"wp-embedded-content\" sandbox=\"allow-scripts\" security=\"restricted\" style=\"position: absolute; clip: rect(1px, 1px, 1px, 1px);\" title=\"&#8222;Schwierige Gespr\u00e4che Steuerberater&#8220; &#8212; Coaching Steuerberater\" src=\"https:\/\/erfolgsfaktor.de\/coaching-steuerberater\/schwierige-gespraeche-fuer-steuerberater\/embed\/#?secret=TTGSd5ZYo0#?secret=tpTKhzFz2q\" data-secret=\"tpTKhzFz2q\" width=\"600\" height=\"338\" frameborder=\"0\" marginwidth=\"0\" marginheight=\"0\" scrolling=\"no\"><\/iframe>\n<\/div><\/figure>\n\n\n\n<figure class=\"wp-block-image size-full\"><img loading=\"lazy\" decoding=\"async\" width=\"515\" height=\"200\" src=\"https:\/\/erfolgsfaktor.de\/coaching-steuerberater\/wp-content\/uploads\/sites\/4\/2023\/07\/seminar-durchsetzen-coaching-durchsetzen-4.jpg\" alt=\"Seminar und Coaching Teamleitung und Performance f\u00fcr Steuerberater und Wirtschaftspr\u00fcfer - Kommunikation\" class=\"wp-image-562\" srcset=\"https:\/\/erfolgsfaktor.de\/coaching-steuerberater\/wp-content\/uploads\/sites\/4\/2023\/07\/seminar-durchsetzen-coaching-durchsetzen-4.jpg 515w, https:\/\/erfolgsfaktor.de\/coaching-steuerberater\/wp-content\/uploads\/sites\/4\/2023\/07\/seminar-durchsetzen-coaching-durchsetzen-4-300x117.jpg 300w\" sizes=\"auto, (max-width: 515px) 100vw, 515px\" \/><\/figure>\n\n\n\n<p><\/p>\n\n\n\n<h2 class=\"wp-block-heading\">Seminar Teamleitung + Performance f\u00fcr Steuerberater und Wirtschaftspr\u00fcfer<\/h2>\n\n\n\n<figure class=\"wp-block-image size-full\"><img loading=\"lazy\" decoding=\"async\" width=\"200\" height=\"200\" src=\"https:\/\/erfolgsfaktor.de\/coaching-steuerberater\/wp-content\/uploads\/sites\/4\/2020\/09\/Coaching-Fuehrung.gif\" alt=\"Coaching F\u00fchrung\" class=\"wp-image-25\"\/><\/figure>\n\n\n\n<p><strong>Gute Werkzeuge f\u00fcr schwierige Gespr\u00e4che in der Teamleitung<\/strong> &#8211; <strong>Das Yin + Yang der verbalen Teamleitung<\/strong>, die richtige Balance aus Klartext, Augenh\u00f6he und Verst\u00e4ndnis:<\/p>\n\n\n\n<ul class=\"wp-block-list\">\n<li><strong>Ansprechen von kritischen Themen, Fehlern, Kritikpunkten etc.<\/strong><strong><\/strong><\/li>\n\n\n\n<li><strong>Positive Schlagfertigkeit<\/strong> bei Angriffen, Widerstand und Verlassen der Sachebene.&nbsp;<\/li>\n\n\n\n<li><strong>Ja aber, Einw\u00e4nde, Widerst\u00e4nde, Konflikte l\u00f6sen und versachlichen<\/strong>,<\/li>\n\n\n\n<li><strong>Ansprechen von Problemverhalten<\/strong>, suboptimalen Auftreten, <strong>Fehlern, Schwierigkeiten<\/strong><\/li>\n\n\n\n<li><strong>Was tun bei fehlender oder schlechter Mitarbeit<\/strong> + Unterst\u00fctzung<\/li>\n\n\n\n<li><strong>L\u00f6sungen finden und erm\u00f6glichen<\/strong>, Ver\u00e4nderungen bewirken und konsequent einfordern<\/li>\n\n\n\n<li>Verbindlichkeit, Nachhaltige Umsetzung und Konsequenz sichern<\/li>\n\n\n\n<li><strong>Power plus Diplomatie<\/strong>: Schlagfertigkeit und Fingerspitzengef\u00fchl im Umgang mit Mandanten<\/li>\n\n\n\n<li><strong>Souver\u00e4n als Teamleitung <\/strong>\u201enach innen + au\u00dfen\u201c<\/li>\n<\/ul>\n\n\n\n<figure class=\"wp-block-embed is-type-wp-embed is-provider-coaching-steuerberater wp-block-embed-coaching-steuerberater\"><div class=\"wp-block-embed__wrapper\">\n<blockquote class=\"wp-embedded-content\" data-secret=\"Wmj85U3M8o\"><a href=\"https:\/\/erfolgsfaktor.de\/coaching-steuerberater\/psychologie-fuer-steuerberater\/\">Psychologie f\u00fcr Steuerberater<\/a><\/blockquote><iframe loading=\"lazy\" class=\"wp-embedded-content\" sandbox=\"allow-scripts\" security=\"restricted\" style=\"position: absolute; clip: rect(1px, 1px, 1px, 1px);\" title=\"&#8222;Psychologie f\u00fcr Steuerberater&#8220; &#8212; Coaching Steuerberater\" src=\"https:\/\/erfolgsfaktor.de\/coaching-steuerberater\/psychologie-fuer-steuerberater\/embed\/#?secret=BL6oLQ9Vmj#?secret=Wmj85U3M8o\" data-secret=\"Wmj85U3M8o\" width=\"600\" height=\"338\" frameborder=\"0\" marginwidth=\"0\" marginheight=\"0\" scrolling=\"no\"><\/iframe>\n<\/div><\/figure>\n\n\n\n<h2 class=\"wp-block-heading\">Seminare + Coaching<\/h2>\n\n\n\n<p>Unsere&nbsp;<strong>Seminare<\/strong>&nbsp;setzen den&nbsp;<strong>Mensch in den Mittelpunkt<\/strong>. \u00dcber&nbsp;<img decoding=\"async\" width=\"25px\" height=\"auto\" src=\"https:\/\/www.mto-consulting.de\/Bilder\/roterpunkt.svg\" alt=\"\u00fcber 900 Firmenkunden Seminare Coaching\">&nbsp;<strong>900 zufriedene&nbsp;<a href=\"https:\/\/www.mto-consulting.de\/Referenzen.htm\">Firmenkunden<\/a><\/strong>&nbsp;vertrauen auf unsere Seminare, Schulungen, Weiterbildungen, Workshops und Kurse in Deutschland,&nbsp;<img loading=\"lazy\" decoding=\"async\" width=\"15\" height=\"10\" src=\"https:\/\/www.mto-consulting.de\/Bilder\/flagge_deutschland.gif\" alt=\"Seminare + Coaching Deutschland\">&nbsp;\u00d6sterreich&nbsp;<img loading=\"lazy\" decoding=\"async\" width=\"15\" height=\"10\" src=\"https:\/\/www.mto-consulting.de\/Bilder\/flagge_oesterreich.gif\" alt=\"Seminare + Coaching \u00d6sterreich\">&nbsp;und der Schweiz<img loading=\"lazy\" decoding=\"async\" width=\"15\" height=\"10\" src=\"https:\/\/www.mto-consulting.de\/Bilder\/flagge_schweiz.gif\" alt=\"Seminare + Coaching Schweiz\">&nbsp;an \u00fcber 20 Seminarorten plus direkt bei Ihnen im Unternehmen.<\/p>\n\n\n\n<figure class=\"wp-block-pullquote\"><blockquote><p><em>Seminare mit J\u00fcrgen sind&nbsp;<\/em><strong>vergleichbar mit einem Besuch beim Ma\u00dfschneider<\/strong><em>. Er hat die&nbsp;<\/em><strong>Inhalte absolut individuell<\/strong><em>&nbsp;an meine Fragen und Beispiele angepasst. Jederzeit zu empfehlen, vielen Dank!<\/em><\/p><\/blockquote><\/figure>\n\n\n\n<h2 class=\"wp-block-heading\">Coaching f\u00fcr Steuerberater<\/h2>\n\n\n\n<p>100% individuelles&nbsp;<strong>Coaching f\u00fcr Steuerberater und Wirtschaftspr\u00fcfer<\/strong>. Klare Unterst\u00fctzung f\u00fcr den Umgang mit anspruchsvollen Mandanten, Mitarbeitern, Kollegen, Vorgesetzten, Gesch\u00e4ftspartnern und Stakeholdern.<\/p>\n\n\n\n<p>W\u00e4hrend die klassischen&nbsp;<strong>Erfolgsfaktoren der Steuerberatung<\/strong>&nbsp;den wirtschaftlichen Erfolg eines Unternehmens fokussieren, geht es beim&nbsp;<strong>Coaching f\u00fcr Steuerberater<\/strong>,&nbsp;um das Fundament erfolgreicher Zusammenarbeit und Kommunikation im Steuerberatungsalltag.<\/p>\n\n\n\n<h2 class=\"wp-block-heading\">Weitere Seminare f\u00fcr Steuerberater<\/h2>\n\n\n\n<figure class=\"wp-block-embed is-type-wp-embed is-provider-coaching-steuerberater wp-block-embed-coaching-steuerberater\"><div class=\"wp-block-embed__wrapper\">\n<blockquote class=\"wp-embedded-content\" data-secret=\"p1umkkdHUl\"><a href=\"https:\/\/erfolgsfaktor.de\/coaching-steuerberater\/seminare-steuerberater\/\">Seminare Steuerberater<\/a><\/blockquote><iframe loading=\"lazy\" class=\"wp-embedded-content\" sandbox=\"allow-scripts\" security=\"restricted\" style=\"position: absolute; clip: rect(1px, 1px, 1px, 1px);\" title=\"&#8222;Seminare Steuerberater&#8220; &#8212; Coaching Steuerberater\" src=\"https:\/\/erfolgsfaktor.de\/coaching-steuerberater\/seminare-steuerberater\/embed\/#?secret=8Y7jZKb8d9#?secret=p1umkkdHUl\" data-secret=\"p1umkkdHUl\" width=\"600\" height=\"338\" frameborder=\"0\" marginwidth=\"0\" marginheight=\"0\" scrolling=\"no\"><\/iframe>\n<\/div><\/figure>\n","protected":false},"excerpt":{"rendered":"<p>Teamleitung und Performance f\u00fcr Steuerberater und Wirtschaftspr\u00fcfer&nbsp;bietet wertvolle Impulse f\u00fcr jeden, der sicher und \u00fcberzeugend Mitarbeitende im Rahmen von Mandaten f\u00fchren soll. Das Seminar Teamleitung + Performance trainiert Sie als Steuerberater und Steuerberaterin 100%aktiv mit viel Feedback und Praxis. Seminar Teamleitung + Performance f\u00fcr Steuerberater Kompetent die F\u00fchrung zu ergreifen, bedeutet zu erkennen, wann, wo&hellip;&nbsp;<a href=\"https:\/\/erfolgsfaktor.de\/coaching-steuerberater\/teamleitung-performance-fuer-steuerberater-wirtschaftspruefer\/\" rel=\"bookmark\">Weiterlesen &raquo;<span class=\"screen-reader-text\">Teamleitung + Performance f\u00fcr Steuerberater + Wirtschaftspr\u00fcfer\u00a0<\/span><\/a><\/p>\n","protected":false},"author":3,"featured_media":559,"parent":0,"menu_order":0,"comment_status":"closed","ping_status":"closed","template":"","meta":{"neve_meta_sidebar":"","neve_meta_container":"","neve_meta_enable_content_width":"","neve_meta_content_width":0,"neve_meta_title_alignment":"","neve_meta_author_avatar":"","neve_post_elements_order":"","neve_meta_disable_header":"","neve_meta_disable_footer":"","neve_meta_disable_title":"","footnotes":""},"class_list":["post-558","page","type-page","status-publish","has-post-thumbnail","hentry"],"yoast_head":"<!-- This site is optimized with the Yoast SEO plugin v26.8 - https:\/\/yoast.com\/product\/yoast-seo-wordpress\/ -->\n<title>Teamleitung Performance Steuerberater - Coaching Steuerberater<\/title>\n<meta name=\"description\" content=\"Teamleitung und Performance f\u00fcr Steuerberater und Wirtschaftspr\u00fcfer - Seminar und Coaching Aschaffenburg, Frankfurt, M\u00fcnchen, Berlin, K\u00f6ln\" \/>\n<meta name=\"robots\" content=\"index, follow, max-snippet:-1, max-image-preview:large, max-video-preview:-1\" \/>\n<link rel=\"canonical\" href=\"https:\/\/erfolgsfaktor.de\/coaching-steuerberater\/teamleitung-performance-fuer-steuerberater-wirtschaftspruefer\/\" \/>\n<meta property=\"og:locale\" content=\"de_DE\" \/>\n<meta property=\"og:type\" content=\"article\" \/>\n<meta property=\"og:title\" content=\"Teamleitung Performance Steuerberater - Coaching Steuerberater\" \/>\n<meta property=\"og:description\" content=\"Teamleitung und Performance f\u00fcr Steuerberater und Wirtschaftspr\u00fcfer - Seminar und Coaching Aschaffenburg, Frankfurt, M\u00fcnchen, Berlin, K\u00f6ln\" \/>\n<meta property=\"og:url\" content=\"https:\/\/erfolgsfaktor.de\/coaching-steuerberater\/teamleitung-performance-fuer-steuerberater-wirtschaftspruefer\/\" \/>\n<meta property=\"og:site_name\" content=\"Coaching Steuerberater\" \/>\n<meta property=\"article:modified_time\" content=\"2023-07-13T10:00:16+00:00\" \/>\n<meta property=\"og:image\" content=\"https:\/\/erfolgsfaktor.de\/coaching-steuerberater\/wp-content\/uploads\/sites\/4\/2023\/07\/seminar-coaching-teamleitung-und-performance-mobil.gif\" \/>\n\t<meta property=\"og:image:width\" content=\"500\" \/>\n\t<meta property=\"og:image:height\" content=\"400\" \/>\n\t<meta property=\"og:image:type\" content=\"image\/gif\" \/>\n<meta name=\"twitter:card\" content=\"summary_large_image\" \/>\n<meta name=\"twitter:label1\" content=\"Gesch\u00e4tzte Lesezeit\" \/>\n\t<meta name=\"twitter:data1\" content=\"6\u00a0Minuten\" \/>\n<script type=\"application\/ld+json\" class=\"yoast-schema-graph\">{\"@context\":\"https:\/\/schema.org\",\"@graph\":[{\"@type\":\"WebPage\",\"@id\":\"https:\/\/erfolgsfaktor.de\/coaching-steuerberater\/teamleitung-performance-fuer-steuerberater-wirtschaftspruefer\/\",\"url\":\"https:\/\/erfolgsfaktor.de\/coaching-steuerberater\/teamleitung-performance-fuer-steuerberater-wirtschaftspruefer\/\",\"name\":\"Teamleitung Performance Steuerberater - Coaching Steuerberater\",\"isPartOf\":{\"@id\":\"https:\/\/erfolgsfaktor.de\/coaching-steuerberater\/#website\"},\"primaryImageOfPage\":{\"@id\":\"https:\/\/erfolgsfaktor.de\/coaching-steuerberater\/teamleitung-performance-fuer-steuerberater-wirtschaftspruefer\/#primaryimage\"},\"image\":{\"@id\":\"https:\/\/erfolgsfaktor.de\/coaching-steuerberater\/teamleitung-performance-fuer-steuerberater-wirtschaftspruefer\/#primaryimage\"},\"thumbnailUrl\":\"https:\/\/erfolgsfaktor.de\/coaching-steuerberater\/wp-content\/uploads\/sites\/4\/2023\/07\/seminar-coaching-teamleitung-und-performance-mobil.gif\",\"datePublished\":\"2023-07-11T15:06:21+00:00\",\"dateModified\":\"2023-07-13T10:00:16+00:00\",\"description\":\"Teamleitung und Performance f\u00fcr Steuerberater und Wirtschaftspr\u00fcfer - Seminar und Coaching Aschaffenburg, Frankfurt, M\u00fcnchen, Berlin, K\u00f6ln\",\"breadcrumb\":{\"@id\":\"https:\/\/erfolgsfaktor.de\/coaching-steuerberater\/teamleitung-performance-fuer-steuerberater-wirtschaftspruefer\/#breadcrumb\"},\"inLanguage\":\"de\",\"potentialAction\":[{\"@type\":\"ReadAction\",\"target\":[\"https:\/\/erfolgsfaktor.de\/coaching-steuerberater\/teamleitung-performance-fuer-steuerberater-wirtschaftspruefer\/\"]}]},{\"@type\":\"ImageObject\",\"inLanguage\":\"de\",\"@id\":\"https:\/\/erfolgsfaktor.de\/coaching-steuerberater\/teamleitung-performance-fuer-steuerberater-wirtschaftspruefer\/#primaryimage\",\"url\":\"https:\/\/erfolgsfaktor.de\/coaching-steuerberater\/wp-content\/uploads\/sites\/4\/2023\/07\/seminar-coaching-teamleitung-und-performance-mobil.gif\",\"contentUrl\":\"https:\/\/erfolgsfaktor.de\/coaching-steuerberater\/wp-content\/uploads\/sites\/4\/2023\/07\/seminar-coaching-teamleitung-und-performance-mobil.gif\",\"width\":500,\"height\":400,\"caption\":\"Seminar und Coaching Teamleitung und Performance f\u00fcr Steuerberater und Wirtschaftspr\u00fcfer\"},{\"@type\":\"BreadcrumbList\",\"@id\":\"https:\/\/erfolgsfaktor.de\/coaching-steuerberater\/teamleitung-performance-fuer-steuerberater-wirtschaftspruefer\/#breadcrumb\",\"itemListElement\":[{\"@type\":\"ListItem\",\"position\":1,\"name\":\"Startseite\",\"item\":\"https:\/\/erfolgsfaktor.de\/coaching-steuerberater\/\"},{\"@type\":\"ListItem\",\"position\":2,\"name\":\"Teamleitung + Performance f\u00fcr Steuerberater + Wirtschaftspr\u00fcfer\u00a0\"}]},{\"@type\":\"WebSite\",\"@id\":\"https:\/\/erfolgsfaktor.de\/coaching-steuerberater\/#website\",\"url\":\"https:\/\/erfolgsfaktor.de\/coaching-steuerberater\/\",\"name\":\"Coaching Steuerberater\",\"description\":\"Erfolgsfaktor Coaching\",\"potentialAction\":[{\"@type\":\"SearchAction\",\"target\":{\"@type\":\"EntryPoint\",\"urlTemplate\":\"https:\/\/erfolgsfaktor.de\/coaching-steuerberater\/?s={search_term_string}\"},\"query-input\":{\"@type\":\"PropertyValueSpecification\",\"valueRequired\":true,\"valueName\":\"search_term_string\"}}],\"inLanguage\":\"de\"}]}<\/script>\n<!-- \/ Yoast SEO plugin. -->","yoast_head_json":{"title":"Teamleitung Performance Steuerberater - Coaching Steuerberater","description":"Teamleitung und Performance f\u00fcr Steuerberater und Wirtschaftspr\u00fcfer - Seminar und Coaching Aschaffenburg, Frankfurt, M\u00fcnchen, Berlin, K\u00f6ln","robots":{"index":"index","follow":"follow","max-snippet":"max-snippet:-1","max-image-preview":"max-image-preview:large","max-video-preview":"max-video-preview:-1"},"canonical":"https:\/\/erfolgsfaktor.de\/coaching-steuerberater\/teamleitung-performance-fuer-steuerberater-wirtschaftspruefer\/","og_locale":"de_DE","og_type":"article","og_title":"Teamleitung Performance Steuerberater - Coaching Steuerberater","og_description":"Teamleitung und Performance f\u00fcr Steuerberater und Wirtschaftspr\u00fcfer - Seminar und Coaching Aschaffenburg, Frankfurt, M\u00fcnchen, Berlin, K\u00f6ln","og_url":"https:\/\/erfolgsfaktor.de\/coaching-steuerberater\/teamleitung-performance-fuer-steuerberater-wirtschaftspruefer\/","og_site_name":"Coaching Steuerberater","article_modified_time":"2023-07-13T10:00:16+00:00","og_image":[{"width":500,"height":400,"url":"https:\/\/erfolgsfaktor.de\/coaching-steuerberater\/wp-content\/uploads\/sites\/4\/2023\/07\/seminar-coaching-teamleitung-und-performance-mobil.gif","type":"image\/gif"}],"twitter_card":"summary_large_image","twitter_misc":{"Gesch\u00e4tzte Lesezeit":"6\u00a0Minuten"},"schema":{"@context":"https:\/\/schema.org","@graph":[{"@type":"WebPage","@id":"https:\/\/erfolgsfaktor.de\/coaching-steuerberater\/teamleitung-performance-fuer-steuerberater-wirtschaftspruefer\/","url":"https:\/\/erfolgsfaktor.de\/coaching-steuerberater\/teamleitung-performance-fuer-steuerberater-wirtschaftspruefer\/","name":"Teamleitung Performance Steuerberater - Coaching Steuerberater","isPartOf":{"@id":"https:\/\/erfolgsfaktor.de\/coaching-steuerberater\/#website"},"primaryImageOfPage":{"@id":"https:\/\/erfolgsfaktor.de\/coaching-steuerberater\/teamleitung-performance-fuer-steuerberater-wirtschaftspruefer\/#primaryimage"},"image":{"@id":"https:\/\/erfolgsfaktor.de\/coaching-steuerberater\/teamleitung-performance-fuer-steuerberater-wirtschaftspruefer\/#primaryimage"},"thumbnailUrl":"https:\/\/erfolgsfaktor.de\/coaching-steuerberater\/wp-content\/uploads\/sites\/4\/2023\/07\/seminar-coaching-teamleitung-und-performance-mobil.gif","datePublished":"2023-07-11T15:06:21+00:00","dateModified":"2023-07-13T10:00:16+00:00","description":"Teamleitung und Performance f\u00fcr Steuerberater und Wirtschaftspr\u00fcfer - Seminar und Coaching Aschaffenburg, Frankfurt, M\u00fcnchen, Berlin, K\u00f6ln","breadcrumb":{"@id":"https:\/\/erfolgsfaktor.de\/coaching-steuerberater\/teamleitung-performance-fuer-steuerberater-wirtschaftspruefer\/#breadcrumb"},"inLanguage":"de","potentialAction":[{"@type":"ReadAction","target":["https:\/\/erfolgsfaktor.de\/coaching-steuerberater\/teamleitung-performance-fuer-steuerberater-wirtschaftspruefer\/"]}]},{"@type":"ImageObject","inLanguage":"de","@id":"https:\/\/erfolgsfaktor.de\/coaching-steuerberater\/teamleitung-performance-fuer-steuerberater-wirtschaftspruefer\/#primaryimage","url":"https:\/\/erfolgsfaktor.de\/coaching-steuerberater\/wp-content\/uploads\/sites\/4\/2023\/07\/seminar-coaching-teamleitung-und-performance-mobil.gif","contentUrl":"https:\/\/erfolgsfaktor.de\/coaching-steuerberater\/wp-content\/uploads\/sites\/4\/2023\/07\/seminar-coaching-teamleitung-und-performance-mobil.gif","width":500,"height":400,"caption":"Seminar und Coaching Teamleitung und Performance f\u00fcr Steuerberater und Wirtschaftspr\u00fcfer"},{"@type":"BreadcrumbList","@id":"https:\/\/erfolgsfaktor.de\/coaching-steuerberater\/teamleitung-performance-fuer-steuerberater-wirtschaftspruefer\/#breadcrumb","itemListElement":[{"@type":"ListItem","position":1,"name":"Startseite","item":"https:\/\/erfolgsfaktor.de\/coaching-steuerberater\/"},{"@type":"ListItem","position":2,"name":"Teamleitung + Performance f\u00fcr Steuerberater + Wirtschaftspr\u00fcfer\u00a0"}]},{"@type":"WebSite","@id":"https:\/\/erfolgsfaktor.de\/coaching-steuerberater\/#website","url":"https:\/\/erfolgsfaktor.de\/coaching-steuerberater\/","name":"Coaching Steuerberater","description":"Erfolgsfaktor Coaching","potentialAction":[{"@type":"SearchAction","target":{"@type":"EntryPoint","urlTemplate":"https:\/\/erfolgsfaktor.de\/coaching-steuerberater\/?s={search_term_string}"},"query-input":{"@type":"PropertyValueSpecification","valueRequired":true,"valueName":"search_term_string"}}],"inLanguage":"de"}]}},"_links":{"self":[{"href":"https:\/\/erfolgsfaktor.de\/coaching-steuerberater\/wp-json\/wp\/v2\/pages\/558","targetHints":{"allow":["GET"]}}],"collection":[{"href":"https:\/\/erfolgsfaktor.de\/coaching-steuerberater\/wp-json\/wp\/v2\/pages"}],"about":[{"href":"https:\/\/erfolgsfaktor.de\/coaching-steuerberater\/wp-json\/wp\/v2\/types\/page"}],"author":[{"embeddable":true,"href":"https:\/\/erfolgsfaktor.de\/coaching-steuerberater\/wp-json\/wp\/v2\/users\/3"}],"replies":[{"embeddable":true,"href":"https:\/\/erfolgsfaktor.de\/coaching-steuerberater\/wp-json\/wp\/v2\/comments?post=558"}],"version-history":[{"count":5,"href":"https:\/\/erfolgsfaktor.de\/coaching-steuerberater\/wp-json\/wp\/v2\/pages\/558\/revisions"}],"predecessor-version":[{"id":571,"href":"https:\/\/erfolgsfaktor.de\/coaching-steuerberater\/wp-json\/wp\/v2\/pages\/558\/revisions\/571"}],"wp:featuredmedia":[{"embeddable":true,"href":"https:\/\/erfolgsfaktor.de\/coaching-steuerberater\/wp-json\/wp\/v2\/media\/559"}],"wp:attachment":[{"href":"https:\/\/erfolgsfaktor.de\/coaching-steuerberater\/wp-json\/wp\/v2\/media?parent=558"}],"curies":[{"name":"wp","href":"https:\/\/api.w.org\/{rel}","templated":true}]}}