{"id":280,"date":"2020-09-21T16:00:48","date_gmt":"2020-09-21T14:00:48","guid":{"rendered":"https:\/\/erfolgsfaktor.de\/steuerberater\/?page_id=280"},"modified":"2020-09-23T08:44:47","modified_gmt":"2020-09-23T06:44:47","slug":"seminare-persoenlichkeit-steuerberater","status":"publish","type":"page","link":"https:\/\/erfolgsfaktor.de\/coaching-steuerberater\/seminare-persoenlichkeit-steuerberater\/","title":{"rendered":"Seminare Pers\u00f6nlichkeit Steuerberater"},"content":{"rendered":"\n<p>Unser Angebot <strong>Seminare Pers\u00f6nlichkeit f\u00fcr Steuerberater <\/strong>bietet eine Auswahl von Pers\u00f6nlichkeitstrainings, Coachings und Seminaren zur Pers\u00f6nlichkeitsentwicklung.<\/p>\n\n\n\n<p>Wenn Sie sich pers\u00f6nlich weiterentwickeln und Ihre <strong>Pers\u00f6nlichkeit in der Steuerberatung und Wirtschaftspr\u00fcfung st\u00e4rken m\u00f6chten<\/strong>, finden Sie hier eine Zusammenstellung relevanter <strong>Trainings und Coachings<\/strong> aus dem MTO-Consulting Seminarprogramm.<\/p>\n\n\n\n<figure class=\"wp-block-image alignwide size-large\"><img decoding=\"async\" src=\"https:\/\/www.mto-consulting.de\/Bilder\/Seminar-Persoenlichkeit-4.gif\" alt=\"\"\/><figcaption>Seminar Pers\u00f6nlichkeit und Pers\u00f6nlichkeitsentwicklung Steuerberatung und Wirtschaftspr\u00fcfung<\/figcaption><\/figure>\n\n\n\n<h2 class=\"wp-block-heading\">Seminare Pers\u00f6nlichkeit f\u00fcr Steuerberater<\/h2>\n\n\n\n<h2 class=\"wp-block-heading\">Pers\u00f6nlichkeit 4 Professionals<\/h2>\n\n\n\n<ul class=\"wp-block-list\"><li>Pers\u00f6nlichkeit 4 Professionals:&nbsp;<strong>Grundlagen einer starken Pers\u00f6nlichkeit<\/strong><br>Die eigene Pers\u00f6nlichkeit, das eigene Auftreten und die Au\u00dfenwirkung st\u00e4rken.<\/li><li>Pers\u00f6nlichkeit 4 Professionals:&nbsp;<strong>Pers\u00f6nlichkeit braucht starke Worte<\/strong><br>Wortwahl + Tonfall bestimmt, sicher und durchsetzungsorientiert<\/li><li>Pers\u00f6nlichkeit 4 Professionals:&nbsp;<strong>Pers\u00f6nlichkeit hart auf hart<\/strong><br>Hart auf hart &#8211; durchsetzungsstark reagieren bei Angriffen, Killerphrasen, Unterstellungen, pers\u00f6nlich werden, Beleidigungen und Unsachlichkeiten<\/li><li>Pers\u00f6nlichkeit 4 Professionals:&nbsp;<strong>Pers\u00f6nlichkeit die Kraft der L\u00f6sung<\/strong><br>Konflikte, Einw\u00e4nde, Bedenken, Zweifel \u00fcberzeugend und professionell l\u00f6sen. Die Gegen\u00fcber abholen, mitnehmen und f\u00fcr die eigene Sache gewinnen.<\/li><\/ul>\n\n\n\n<div class=\"wp-block-buttons is-layout-flex wp-block-buttons-is-layout-flex\">\n<div class=\"wp-block-button\"><a class=\"wp-block-button__link\" href=\"https:\/\/www.mto-consulting.de\/Personality-4-Professionals.htm\" target=\"_blank\" rel=\"noreferrer noopener\">Seminar Pers\u00f6nlichkeit 4 Professionals <\/a><\/div>\n<\/div>\n\n\n\n<figure class=\"wp-block-image alignwide size-large\"><img decoding=\"async\" src=\"https:\/\/www.mto-consulting.de\/Bilder\/Seminar-Persoenlichkeit.gif\" alt=\"\"\/><figcaption>Seminar Pers\u00f6nlichkeit und Pers\u00f6nlichkeitsentwicklung Steuerberatung und Wirtschaftspr\u00fcfung<\/figcaption><\/figure>\n\n\n\n<h3 class=\"wp-block-heading\">Seminar Pers\u00f6nlichkeit und Pers\u00f6nlichkeitstraining <\/h3>\n\n\n\n<ul class=\"wp-block-list\"><li><strong>Psychologische Grundmechanismen der Pers\u00f6nlichkeit und des Selbstmanagement<\/strong><br>Die eigene Pers\u00f6nlichkeit st\u00e4rken und Werkzeuge des Selbstmanagements aktiv f\u00fcr sich nutzen<\/li><li><strong>Feedback zu Pers\u00f6nlichkeit + Selbstmanagement<\/strong><br>R\u00fcckmeldung und Feedback, Impulse f\u00fcr die Weiterentwicklung der Pers\u00f6nlichkeit und des Selbstmanagements<\/li><li><strong>Pers\u00f6nlichkeit + Selbstmanagement brauchen verbale und non-verbale Werkzeuge<\/strong><br>Sprache, Gestik und K\u00f6rperhaltung als Werkzeuge des Selbstmanagement und Pers\u00f6nlichkeitstrainings<\/li><li><strong>Pers\u00f6nlichkeit + Selbstmanagement brauchen die Kraft der L\u00f6sung<\/strong><br>Solution Fokus und Solution Mindset f\u00fcr die individuelle Pers\u00f6nlichkeitsentwicklung<\/li><\/ul>\n\n\n\n<div class=\"wp-block-buttons is-layout-flex wp-block-buttons-is-layout-flex\">\n<div class=\"wp-block-button\"><a class=\"wp-block-button__link\" href=\"https:\/\/www.mto-consulting.de\/Persoenlichkeit.htm\" target=\"_blank\" rel=\"noreferrer noopener\">Seminar Pers\u00f6nlichkeit<\/a><\/div>\n<\/div>\n\n\n\n<figure class=\"wp-block-image alignwide size-large\"><img decoding=\"async\" src=\"https:\/\/www.mto-consulting.de\/Bilder\/Seminar-Confidence-Selbstvertrauen.gif\" alt=\"\"\/><figcaption>Seminar Confidence Selbstvertrauen und Pers\u00f6nlichkeit Steuerberatung und Wirtschaftspr\u00fcfung<\/figcaption><\/figure>\n\n\n\n<h2 class=\"wp-block-heading\">Seminare Confidence + Pers\u00f6nlichkeit Steuerberatung<\/h2>\n\n\n\n<figure class=\"wp-block-pullquote\"><blockquote><p>Selbstsicher im Auge des Sturms<\/p><cite><a href=\"https:\/\/www.mto-consulting.de\/Confidence.htm\">https:\/\/www.mto-consulting.de\/Confidence.htm<\/a><\/cite><\/blockquote><\/figure>\n\n\n\n<ul class=\"wp-block-list\"><li><strong>Confidence + Selbstvertrauen<\/strong><br>Die psychologischen Grundlagen von Confidence und Selbstvertrauen<\/li><li><strong>Confidence + Selbstvertrauen f\u00fcr eine starke Pers\u00f6nlichkeit<\/strong>:<br>Selbstvertrauen und die eigene Pers\u00f6nlichkeit st\u00e4rken<\/li><li><strong>Verbales Selbstvertrauen<\/strong><br>Verbal Confidence: Mit Selbstvertrauen und Schlagfertigkeit mehr erreichen<\/li><li><strong>Confidence + Selbstvertrauen hart auf hart<\/strong><br>Selbstvertrauen um auch in schwierigen Situationen zu bestehen<\/li><li><strong>Confidence + Selbstvertrauen, die Kraft der L\u00f6sung<\/strong>:<br>Solution Fokus: Nutzen Sie mit Selbstvertrauen die psychologische Kraft der L\u00f6sung<\/li><\/ul>\n\n\n\n<div class=\"wp-block-buttons is-layout-flex wp-block-buttons-is-layout-flex\">\n<div class=\"wp-block-button\"><a class=\"wp-block-button__link\" href=\"https:\/\/www.mto-consulting.de\/Confidence.htm\" target=\"_blank\" rel=\"noreferrer noopener\">Seminar Confidence<\/a><\/div>\n<\/div>\n\n\n\n<figure class=\"wp-block-image size-large\"><img loading=\"lazy\" decoding=\"async\" width=\"200\" height=\"200\" src=\"https:\/\/erfolgsfaktor.de\/coaching-steuerberater\/wp-content\/uploads\/sites\/4\/2020\/09\/Coaching-Confidence.gif\" alt=\"Confidence Seminare Pers\u00f6nlichkeit Steuerberater\" class=\"wp-image-283\"\/><figcaption>Coaching f\u00fcr Steuerberater und Wirtschaftspr\u00fcfer<\/figcaption><\/figure>\n\n\n\n<p>Erg\u00e4nzend coachen wir Sie auch zum Thema <strong>pers\u00f6nliche Weiterentwicklung, Pers\u00f6nlichkeit + Wirkung<\/strong>.<\/p>\n\n\n\n<div class=\"wp-block-buttons is-layout-flex wp-block-buttons-is-layout-flex\"><\/div>\n\n\n\n<h3 class=\"wp-block-heading\">Coaching anfragen \/ vereinbaren<\/h3>\n\n\n\n<div class=\"wp-block-cover has-accent-background-color has-background-dim\"><div class=\"wp-block-cover__inner-container is-layout-flow wp-block-cover-is-layout-flow\">\n<p class=\"has-text-align-center has-accent-color has-background-background-color has-text-color has-background has-large-font-size\"><a href=\"mailto: j.junker@erfolgsfaktor.de?subject=Pers\u00f6nlichkeit-Coaching-f\u00fcr-Steuerberater-Wirtschaftspr\u00fcfer\">Coaching anfragen \/ vereinbaren<\/a><\/p>\n<\/div><\/div>\n\n\n\n<h2 class=\"wp-block-heading\" id=\"block-7f6be20f-aefc-4847-9ee1-2aa6d4136297\">Seminare f\u00fcr Steuerberater<\/h2>\n\n\n\n<figure class=\"wp-block-image size-large\"><img loading=\"lazy\" decoding=\"async\" width=\"200\" height=\"200\" src=\"https:\/\/erfolgsfaktor.de\/coaching-steuerberater\/wp-content\/uploads\/sites\/4\/2020\/09\/Seminare-fuer-Steuerberater.gif\" alt=\"Seminare f\u00fcr Steuerberater\" class=\"wp-image-180\"\/><figcaption>Seminare Steuerberatung und Wirtschaftspr\u00fcfung<\/figcaption><\/figure>\n\n\n\n<div class=\"wp-block-cover has-secondary-background-color has-background-dim\"><div class=\"wp-block-cover__inner-container is-layout-flow wp-block-cover-is-layout-flow\">\n<p class=\"has-text-align-center has-primary-color has-background-background-color has-text-color has-background has-larger-font-size\"><a href=\"https:\/\/erfolgsfaktor.de\/coaching-steuerberater\/seminare-steuerberater\/\">zur\u00fcck zur \u00dcbersicht<br>Seminare f\u00fcr Steuerberater<\/a><\/p>\n<\/div><\/div>\n\n\n\n<p><\/p>\n","protected":false},"excerpt":{"rendered":"<p>Unser Angebot Seminare Pers\u00f6nlichkeit f\u00fcr Steuerberater bietet eine Auswahl von Pers\u00f6nlichkeitstrainings, Coachings und Seminaren zur Pers\u00f6nlichkeitsentwicklung. Wenn Sie sich pers\u00f6nlich weiterentwickeln und Ihre Pers\u00f6nlichkeit in der Steuerberatung und Wirtschaftspr\u00fcfung st\u00e4rken m\u00f6chten, finden Sie hier eine Zusammenstellung relevanter Trainings und Coachings aus dem MTO-Consulting Seminarprogramm. Seminare Pers\u00f6nlichkeit f\u00fcr Steuerberater Pers\u00f6nlichkeit 4 Professionals Pers\u00f6nlichkeit 4 Professionals:&nbsp;Grundlagen einer&hellip;&nbsp;<a href=\"https:\/\/erfolgsfaktor.de\/coaching-steuerberater\/seminare-persoenlichkeit-steuerberater\/\" rel=\"bookmark\">Weiterlesen &raquo;<span class=\"screen-reader-text\">Seminare Pers\u00f6nlichkeit Steuerberater<\/span><\/a><\/p>\n","protected":false},"author":1,"featured_media":284,"parent":0,"menu_order":0,"comment_status":"closed","ping_status":"closed","template":"","meta":{"neve_meta_sidebar":"","neve_meta_container":"","neve_meta_enable_content_width":"","neve_meta_content_width":0,"neve_meta_title_alignment":"","neve_meta_author_avatar":"","neve_post_elements_order":"","neve_meta_disable_header":"","neve_meta_disable_footer":"","neve_meta_disable_title":"","footnotes":""},"class_list":["post-280","page","type-page","status-publish","has-post-thumbnail","hentry"],"yoast_head":"<!-- This site is optimized with the Yoast SEO plugin v26.8 - https:\/\/yoast.com\/product\/yoast-seo-wordpress\/ -->\n<title>Seminare Pers\u00f6nlichkeit Steuerberater - Coaching Steuerberater<\/title>\n<meta name=\"description\" content=\"Seminare Pers\u00f6nlichkeit f\u00fcr Steuerberater und Wirtschaftspr\u00fcfer, Pers\u00f6nlichkeitstraining, Pers\u00f6nlichkeitsentwicklung, Coaching Pers\u00f6nlichkeit\" \/>\n<meta name=\"robots\" content=\"index, follow, max-snippet:-1, max-image-preview:large, max-video-preview:-1\" \/>\n<link rel=\"canonical\" href=\"https:\/\/erfolgsfaktor.de\/coaching-steuerberater\/seminare-persoenlichkeit-steuerberater\/\" \/>\n<meta property=\"og:locale\" content=\"de_DE\" \/>\n<meta property=\"og:type\" content=\"article\" \/>\n<meta property=\"og:title\" content=\"Seminare Pers\u00f6nlichkeit Steuerberater - Coaching Steuerberater\" \/>\n<meta property=\"og:description\" content=\"Seminare Pers\u00f6nlichkeit f\u00fcr Steuerberater und Wirtschaftspr\u00fcfer, Pers\u00f6nlichkeitstraining, Pers\u00f6nlichkeitsentwicklung, Coaching Pers\u00f6nlichkeit\" \/>\n<meta property=\"og:url\" content=\"https:\/\/erfolgsfaktor.de\/coaching-steuerberater\/seminare-persoenlichkeit-steuerberater\/\" \/>\n<meta property=\"og:site_name\" content=\"Coaching Steuerberater\" \/>\n<meta property=\"article:modified_time\" content=\"2020-09-23T06:44:47+00:00\" \/>\n<meta property=\"og:image\" content=\"https:\/\/erfolgsfaktor.de\/coaching-steuerberater\/wp-content\/uploads\/sites\/4\/2020\/09\/Seminare-Persoenlichkeit.gif\" \/>\n\t<meta property=\"og:image:width\" content=\"200\" \/>\n\t<meta property=\"og:image:height\" content=\"200\" \/>\n\t<meta property=\"og:image:type\" content=\"image\/gif\" \/>\n<meta name=\"twitter:card\" content=\"summary_large_image\" \/>\n<meta name=\"twitter:label1\" content=\"Gesch\u00e4tzte Lesezeit\" \/>\n\t<meta name=\"twitter:data1\" content=\"2\u00a0Minuten\" \/>\n<script type=\"application\/ld+json\" class=\"yoast-schema-graph\">{\"@context\":\"https:\/\/schema.org\",\"@graph\":[{\"@type\":\"WebPage\",\"@id\":\"https:\/\/erfolgsfaktor.de\/coaching-steuerberater\/seminare-persoenlichkeit-steuerberater\/\",\"url\":\"https:\/\/erfolgsfaktor.de\/coaching-steuerberater\/seminare-persoenlichkeit-steuerberater\/\",\"name\":\"Seminare Pers\u00f6nlichkeit Steuerberater - Coaching Steuerberater\",\"isPartOf\":{\"@id\":\"https:\/\/erfolgsfaktor.de\/coaching-steuerberater\/#website\"},\"primaryImageOfPage\":{\"@id\":\"https:\/\/erfolgsfaktor.de\/coaching-steuerberater\/seminare-persoenlichkeit-steuerberater\/#primaryimage\"},\"image\":{\"@id\":\"https:\/\/erfolgsfaktor.de\/coaching-steuerberater\/seminare-persoenlichkeit-steuerberater\/#primaryimage\"},\"thumbnailUrl\":\"https:\/\/erfolgsfaktor.de\/coaching-steuerberater\/wp-content\/uploads\/sites\/4\/2020\/09\/Seminare-Persoenlichkeit.gif\",\"datePublished\":\"2020-09-21T14:00:48+00:00\",\"dateModified\":\"2020-09-23T06:44:47+00:00\",\"description\":\"Seminare Pers\u00f6nlichkeit f\u00fcr Steuerberater und Wirtschaftspr\u00fcfer, Pers\u00f6nlichkeitstraining, Pers\u00f6nlichkeitsentwicklung, Coaching Pers\u00f6nlichkeit\",\"breadcrumb\":{\"@id\":\"https:\/\/erfolgsfaktor.de\/coaching-steuerberater\/seminare-persoenlichkeit-steuerberater\/#breadcrumb\"},\"inLanguage\":\"de\",\"potentialAction\":[{\"@type\":\"ReadAction\",\"target\":[\"https:\/\/erfolgsfaktor.de\/coaching-steuerberater\/seminare-persoenlichkeit-steuerberater\/\"]}]},{\"@type\":\"ImageObject\",\"inLanguage\":\"de\",\"@id\":\"https:\/\/erfolgsfaktor.de\/coaching-steuerberater\/seminare-persoenlichkeit-steuerberater\/#primaryimage\",\"url\":\"https:\/\/erfolgsfaktor.de\/coaching-steuerberater\/wp-content\/uploads\/sites\/4\/2020\/09\/Seminare-Persoenlichkeit.gif\",\"contentUrl\":\"https:\/\/erfolgsfaktor.de\/coaching-steuerberater\/wp-content\/uploads\/sites\/4\/2020\/09\/Seminare-Persoenlichkeit.gif\",\"width\":200,\"height\":200,\"caption\":\"Seminare Pers\u00f6nlichkeit Steuerberater\"},{\"@type\":\"BreadcrumbList\",\"@id\":\"https:\/\/erfolgsfaktor.de\/coaching-steuerberater\/seminare-persoenlichkeit-steuerberater\/#breadcrumb\",\"itemListElement\":[{\"@type\":\"ListItem\",\"position\":1,\"name\":\"Startseite\",\"item\":\"https:\/\/erfolgsfaktor.de\/coaching-steuerberater\/\"},{\"@type\":\"ListItem\",\"position\":2,\"name\":\"Seminare Pers\u00f6nlichkeit Steuerberater\"}]},{\"@type\":\"WebSite\",\"@id\":\"https:\/\/erfolgsfaktor.de\/coaching-steuerberater\/#website\",\"url\":\"https:\/\/erfolgsfaktor.de\/coaching-steuerberater\/\",\"name\":\"Coaching Steuerberater\",\"description\":\"Erfolgsfaktor Coaching\",\"potentialAction\":[{\"@type\":\"SearchAction\",\"target\":{\"@type\":\"EntryPoint\",\"urlTemplate\":\"https:\/\/erfolgsfaktor.de\/coaching-steuerberater\/?s={search_term_string}\"},\"query-input\":{\"@type\":\"PropertyValueSpecification\",\"valueRequired\":true,\"valueName\":\"search_term_string\"}}],\"inLanguage\":\"de\"}]}<\/script>\n<!-- \/ Yoast SEO plugin. -->","yoast_head_json":{"title":"Seminare Pers\u00f6nlichkeit Steuerberater - Coaching Steuerberater","description":"Seminare Pers\u00f6nlichkeit f\u00fcr Steuerberater und Wirtschaftspr\u00fcfer, Pers\u00f6nlichkeitstraining, Pers\u00f6nlichkeitsentwicklung, Coaching Pers\u00f6nlichkeit","robots":{"index":"index","follow":"follow","max-snippet":"max-snippet:-1","max-image-preview":"max-image-preview:large","max-video-preview":"max-video-preview:-1"},"canonical":"https:\/\/erfolgsfaktor.de\/coaching-steuerberater\/seminare-persoenlichkeit-steuerberater\/","og_locale":"de_DE","og_type":"article","og_title":"Seminare Pers\u00f6nlichkeit Steuerberater - Coaching Steuerberater","og_description":"Seminare Pers\u00f6nlichkeit f\u00fcr Steuerberater und Wirtschaftspr\u00fcfer, Pers\u00f6nlichkeitstraining, Pers\u00f6nlichkeitsentwicklung, Coaching Pers\u00f6nlichkeit","og_url":"https:\/\/erfolgsfaktor.de\/coaching-steuerberater\/seminare-persoenlichkeit-steuerberater\/","og_site_name":"Coaching Steuerberater","article_modified_time":"2020-09-23T06:44:47+00:00","og_image":[{"width":200,"height":200,"url":"https:\/\/erfolgsfaktor.de\/coaching-steuerberater\/wp-content\/uploads\/sites\/4\/2020\/09\/Seminare-Persoenlichkeit.gif","type":"image\/gif"}],"twitter_card":"summary_large_image","twitter_misc":{"Gesch\u00e4tzte Lesezeit":"2\u00a0Minuten"},"schema":{"@context":"https:\/\/schema.org","@graph":[{"@type":"WebPage","@id":"https:\/\/erfolgsfaktor.de\/coaching-steuerberater\/seminare-persoenlichkeit-steuerberater\/","url":"https:\/\/erfolgsfaktor.de\/coaching-steuerberater\/seminare-persoenlichkeit-steuerberater\/","name":"Seminare Pers\u00f6nlichkeit Steuerberater - Coaching Steuerberater","isPartOf":{"@id":"https:\/\/erfolgsfaktor.de\/coaching-steuerberater\/#website"},"primaryImageOfPage":{"@id":"https:\/\/erfolgsfaktor.de\/coaching-steuerberater\/seminare-persoenlichkeit-steuerberater\/#primaryimage"},"image":{"@id":"https:\/\/erfolgsfaktor.de\/coaching-steuerberater\/seminare-persoenlichkeit-steuerberater\/#primaryimage"},"thumbnailUrl":"https:\/\/erfolgsfaktor.de\/coaching-steuerberater\/wp-content\/uploads\/sites\/4\/2020\/09\/Seminare-Persoenlichkeit.gif","datePublished":"2020-09-21T14:00:48+00:00","dateModified":"2020-09-23T06:44:47+00:00","description":"Seminare Pers\u00f6nlichkeit f\u00fcr Steuerberater und Wirtschaftspr\u00fcfer, Pers\u00f6nlichkeitstraining, Pers\u00f6nlichkeitsentwicklung, Coaching Pers\u00f6nlichkeit","breadcrumb":{"@id":"https:\/\/erfolgsfaktor.de\/coaching-steuerberater\/seminare-persoenlichkeit-steuerberater\/#breadcrumb"},"inLanguage":"de","potentialAction":[{"@type":"ReadAction","target":["https:\/\/erfolgsfaktor.de\/coaching-steuerberater\/seminare-persoenlichkeit-steuerberater\/"]}]},{"@type":"ImageObject","inLanguage":"de","@id":"https:\/\/erfolgsfaktor.de\/coaching-steuerberater\/seminare-persoenlichkeit-steuerberater\/#primaryimage","url":"https:\/\/erfolgsfaktor.de\/coaching-steuerberater\/wp-content\/uploads\/sites\/4\/2020\/09\/Seminare-Persoenlichkeit.gif","contentUrl":"https:\/\/erfolgsfaktor.de\/coaching-steuerberater\/wp-content\/uploads\/sites\/4\/2020\/09\/Seminare-Persoenlichkeit.gif","width":200,"height":200,"caption":"Seminare Pers\u00f6nlichkeit Steuerberater"},{"@type":"BreadcrumbList","@id":"https:\/\/erfolgsfaktor.de\/coaching-steuerberater\/seminare-persoenlichkeit-steuerberater\/#breadcrumb","itemListElement":[{"@type":"ListItem","position":1,"name":"Startseite","item":"https:\/\/erfolgsfaktor.de\/coaching-steuerberater\/"},{"@type":"ListItem","position":2,"name":"Seminare Pers\u00f6nlichkeit Steuerberater"}]},{"@type":"WebSite","@id":"https:\/\/erfolgsfaktor.de\/coaching-steuerberater\/#website","url":"https:\/\/erfolgsfaktor.de\/coaching-steuerberater\/","name":"Coaching Steuerberater","description":"Erfolgsfaktor Coaching","potentialAction":[{"@type":"SearchAction","target":{"@type":"EntryPoint","urlTemplate":"https:\/\/erfolgsfaktor.de\/coaching-steuerberater\/?s={search_term_string}"},"query-input":{"@type":"PropertyValueSpecification","valueRequired":true,"valueName":"search_term_string"}}],"inLanguage":"de"}]}},"_links":{"self":[{"href":"https:\/\/erfolgsfaktor.de\/coaching-steuerberater\/wp-json\/wp\/v2\/pages\/280","targetHints":{"allow":["GET"]}}],"collection":[{"href":"https:\/\/erfolgsfaktor.de\/coaching-steuerberater\/wp-json\/wp\/v2\/pages"}],"about":[{"href":"https:\/\/erfolgsfaktor.de\/coaching-steuerberater\/wp-json\/wp\/v2\/types\/page"}],"author":[{"embeddable":true,"href":"https:\/\/erfolgsfaktor.de\/coaching-steuerberater\/wp-json\/wp\/v2\/users\/1"}],"replies":[{"embeddable":true,"href":"https:\/\/erfolgsfaktor.de\/coaching-steuerberater\/wp-json\/wp\/v2\/comments?post=280"}],"version-history":[{"count":6,"href":"https:\/\/erfolgsfaktor.de\/coaching-steuerberater\/wp-json\/wp\/v2\/pages\/280\/revisions"}],"predecessor-version":[{"id":307,"href":"https:\/\/erfolgsfaktor.de\/coaching-steuerberater\/wp-json\/wp\/v2\/pages\/280\/revisions\/307"}],"wp:featuredmedia":[{"embeddable":true,"href":"https:\/\/erfolgsfaktor.de\/coaching-steuerberater\/wp-json\/wp\/v2\/media\/284"}],"wp:attachment":[{"href":"https:\/\/erfolgsfaktor.de\/coaching-steuerberater\/wp-json\/wp\/v2\/media?parent=280"}],"curies":[{"name":"wp","href":"https:\/\/api.w.org\/{rel}","templated":true}]}}