{"id":264,"date":"2020-09-21T15:15:35","date_gmt":"2020-09-21T13:15:35","guid":{"rendered":"https:\/\/erfolgsfaktor.de\/steuerberater\/?page_id=264"},"modified":"2020-09-23T08:43:00","modified_gmt":"2020-09-23T06:43:00","slug":"seminare-durchsetzen-steuerberater","status":"publish","type":"page","link":"https:\/\/erfolgsfaktor.de\/coaching-steuerberater\/seminare-durchsetzen-steuerberater\/","title":{"rendered":"Seminare Durchsetzen Steuerberater"},"content":{"rendered":"\n<p>Unser Angebot&nbsp;<strong>Seminare Durchsetzen f\u00fcr Steuerberater&nbsp;<\/strong>ist eine Zusammenstellung unserer MTO-Consulting Seminare rund um die Themen Durchsetzungskraft, Durchsetzungsverm\u00f6gen, Durchsetzungsst\u00e4rke, Selbstbehauptung, Standing, Autorit\u00e4t und Souver\u00e4nit\u00e4t.<\/p>\n\n\n\n<h3 class=\"wp-block-heading\">Pers\u00f6nliche St\u00e4rke + Standing<\/h3>\n\n\n\n<p>Wenn Sie sich tagt\u00e4glich gegen\u00fcber <strong>anspruchsvollen Mandanten, schwierigen Gesch\u00e4ftspartnern, nicht immer einfachen Mitarbeitern und Top-Level Stakeholdern durchsetzen m\u00fcssen<\/strong>&nbsp;und Sie sich in dieser Thematik weiterentwickeln, coachen oder beraten lassen m\u00f6chten, finden Sie hier eine Zusammenstellung relevanter&nbsp;<strong>Trainings und Coachings<\/strong>&nbsp;aus dem MTO-Consulting Seminarprogramm.<\/p>\n\n\n\n<figure class=\"wp-block-image size-large\"><img loading=\"lazy\" decoding=\"async\" width=\"200\" height=\"200\" src=\"https:\/\/erfolgsfaktor.de\/coaching-steuerberater\/wp-content\/uploads\/sites\/4\/2020\/09\/Seminare-Durchsetzen.gif\" alt=\"Seminare Durchsetzen Steuerberater\" class=\"wp-image-265\"\/><figcaption>Seminare Durchsetzen Steuerberater<\/figcaption><\/figure>\n\n\n\n<figure class=\"wp-block-image alignwide size-large\"><img decoding=\"async\" src=\"https:\/\/www.mto-consulting.de\/Bilder\/Seminar-Durchsetzen.gif\" alt=\"\"\/><figcaption>Seminar Durchsetzen 4 Professional &#8211; Durchsetzungskraft und Durchsetzungsst\u00e4rke<\/figcaption><\/figure>\n\n\n\n<h2 class=\"wp-block-heading\">Seminare f\u00fcr Steuerberater Durchsetzen 4 Professionals<\/h2>\n\n\n\n<ul class=\"wp-block-list\"><li><strong>Psychologie + Durchsetzen<\/strong><br>Durchsetzen 4 Professionals braucht psychologische Grundlagen und Werkzeuge<\/li><li><strong>Durchsetzen mit Pers\u00f6nlichkeit<\/strong><br>Durchsetzen 4 Professionals braucht eine durchsetzungsstarke Pers\u00f6nlichkeit<\/li><li><strong>Verbal Durchsetzen: Starke Worte und verbale Durchsetzungskraft<\/strong><br>Durchsetzen 4 Professionals bedeutet verbal mehr zu erreichen.<\/li><li><strong>Durchsetzen bei Widerstand und Angriffen<\/strong><br>Durchsetzen 4 Professionals bedeutet positive Schlagfertigkeit und starke Reaktion<\/li><li><strong>Durchsetzen mit der Kraft der L\u00f6sung<\/strong><br>Wir vermitteln eine gute Balance, das Yin + Yang des Durchsetzens plus die psychologische Kraft der L\u00f6sung<\/li><\/ul>\n\n\n\n<div class=\"wp-block-buttons is-layout-flex wp-block-buttons-is-layout-flex\">\n<div class=\"wp-block-button\"><a class=\"wp-block-button__link\" href=\"https:\/\/www.mto-consulting.de\/Durchsetzen-4-Professionals.htm\" target=\"_blank\" rel=\"noreferrer noopener\">Seminar Durchsetzen 4 Professionals<\/a><\/div>\n<\/div>\n\n\n\n<figure class=\"wp-block-image alignwide size-large\"><img decoding=\"async\" src=\"https:\/\/www.mto-consulting.de\/Bilder\/seminar-durchsetzungsvermoegen.gif\" alt=\"\"\/><figcaption>Seminar Durchsetzungsverm\u00f6gen &#8211; Durchsetzen in der Steuerberatung und Wirtschaftspr\u00fcfung<\/figcaption><\/figure>\n\n\n\n<h3 class=\"wp-block-heading\">Durchsetzen f\u00fcr Steuerberater Durchsetzungsverm\u00f6gen<\/h3>\n\n\n\n<ul class=\"wp-block-list\"><li><strong>Die psychologischen Grundlagen f\u00fcr mehr Durchsetzungsverm\u00f6gen<\/strong><\/li><li><strong>Durchsetzungsverm\u00f6gen braucht Pers\u00f6nlichkeit<\/strong><\/li><li><strong>Verbales Durchsetzungsverm\u00f6gen<\/strong><\/li><li><strong>Durchsetzungsverm\u00f6gen bei Widerstand und Angriffen<\/strong><\/li><li><strong>Die richtige Balance: das Yin + Yang des Durchsetzungsverm\u00f6gens<\/strong><\/li><\/ul>\n\n\n\n<div class=\"wp-block-buttons is-layout-flex wp-block-buttons-is-layout-flex\">\n<div class=\"wp-block-button\"><a class=\"wp-block-button__link\" href=\"https:\/\/www.mto-consulting.de\/Durchsetzungsvermoegen.htm\" target=\"_blank\" rel=\"noreferrer noopener\">Seminar Durchsetzungsverm\u00f6gen<\/a><\/div>\n<\/div>\n\n\n\n<figure class=\"wp-block-image alignwide size-large\"><img decoding=\"async\" src=\"https:\/\/www.mto-consulting.de\/Bilder\/durchsetzungskraft.gif\" alt=\"\"\/><figcaption>Seminar Durchsetzungskraft in der Steuerberatung und Wirtschaftspr\u00fcfung<\/figcaption><\/figure>\n\n\n\n<h2 class=\"wp-block-heading\">Seminar Durchsetzungskraft <\/h2>\n\n\n\n<ul class=\"wp-block-list\"><li><strong>Das Yin und Yang der Durchsetzungskraft<\/strong><br>Durchsetzungskraft braucht harte und weiche Strategien der Durchsetzung!<\/li><li><strong>Durchsetzungskraft und Pers\u00f6nlichkeit<\/strong><br>Durchsetzungskraft erfordert es die eigene Pers\u00f6nlichkeit zu st\u00e4rken.<\/li><li><strong>Verbale Durchsetzungskraft<\/strong><br>Wortwahl + Tonfall bestimmt, sicher und durchsetzungsorientiert<\/li><li><strong>Durchsetzungskraft und Schlagfertigkeit<\/strong><br>schlagfertig + durchsetzungsstark reagieren bei Angriffen, Killerphrasen, Unterstellungen, pers\u00f6nlich werden, Beleidigungen und Unsachlichkeiten, dabei die optimale Balance finden zwischen tough durchsetzen und Diplomatie plus Fingerspitzengef\u00fchl<\/li><li><strong>Durchsetzungskraft und die Kraft der L\u00f6sung<\/strong><br>Konflikte, Einw\u00e4nde, Bedenken, Zweifel \u00fcberzeugend und professionell l\u00f6sen. Die Gegen\u00fcber abholen, mitnehmen und f\u00fcr die eigene Sache gewinnen.<\/li><\/ul>\n\n\n\n<div class=\"wp-block-buttons is-layout-flex wp-block-buttons-is-layout-flex\">\n<div class=\"wp-block-button\"><a class=\"wp-block-button__link\" href=\"https:\/\/www.mto-consulting.de\/Durchsetzungskraft.htm\" target=\"_blank\" rel=\"noreferrer noopener\">Seminar Durchsetzungskraft<\/a><\/div>\n<\/div>\n\n\n\n<figure class=\"wp-block-image alignwide size-large\"><img decoding=\"async\" src=\"https:\/\/www.mto-consulting.de\/Bilder\/Selbstbewusstsein.gif\" alt=\"\"\/><figcaption>Seminar Selbstbewusstsein &#8211; selbstbewusst f\u00fcr sich und Mandanten eintreten in der Steuerberatung und Wirtschaftspr\u00fcfung<\/figcaption><\/figure>\n\n\n\n<h3 class=\"wp-block-heading\">Seminare Durchsetzen f\u00fcr Steuerberater Selbstbewusstsein<\/h3>\n\n\n\n<ul class=\"wp-block-list\"><li>ein&nbsp;<strong>selbstbewusstes Mindse<\/strong>t entwickeln und&nbsp;<strong>innere St\u00e4rke<\/strong>&nbsp;aufbauen<\/li><li>Mehr Selbstbewusstsein und Souver\u00e4nit\u00e4t durch eine sichere&nbsp;<strong>Gestik und K\u00f6rperhaltung<\/strong><\/li><li><strong>Selbstbewusst kommunizieren<\/strong>&nbsp;auf Augenh\u00f6he<\/li><li>Sprachliche Werkzeuge f\u00fcr mehr Selbstbewusstsein und einen&nbsp;<strong>selbstbewussten und schlagfertigen Umgang mit dominanten Mitspielern<\/strong><\/li><li>Mehr Selbstbewusstsein durch Schlagfertigkeit und positive Durchsetzungskraft<\/li><li>Selbstbewusst umgehen mit Einw\u00e4nden und Widerstand<\/li><li><strong>Selbstbewusst f\u00fcr eigene Anliegen eintreten<\/strong><\/li><li>Selbstbewusst Nein-Sagen und Grenzen setzen<\/li><li><strong>Selbstbewusst zu mehr Sichtbarkeit, Pr\u00e4senz und Visibilit\u00e4t<\/strong>&nbsp;f\u00fcr Ihre Anliegen<\/li><\/ul>\n\n\n\n<div class=\"wp-block-buttons is-layout-flex wp-block-buttons-is-layout-flex\">\n<div class=\"wp-block-button\"><a class=\"wp-block-button__link\" href=\"https:\/\/www.mto-consulting.de\/Selbstbewusstsein.htm\" target=\"_blank\" rel=\"noreferrer noopener\">Seminar Selbstbewusstsein<\/a><\/div>\n<\/div>\n\n\n\n<figure class=\"wp-block-image alignwide size-large\"><img decoding=\"async\" src=\"https:\/\/www.mto-consulting.de\/Bilder\/Seminar-Psychologie-im-Projekt.gif\" alt=\"\"\/><figcaption>Seminar Durchsetzen im Projekt &#8211; Psychologie im Projekt<\/figcaption><\/figure>\n\n\n\n<h3 class=\"wp-block-heading\">Durchsetzen als Steuerberater im Projekt &#8211; Psychologie im Projekt<\/h3>\n\n\n\n<ul class=\"wp-block-list\"><li>Psychologie im Projekt:&nbsp;<strong>Psychologische Grundlagen und Werkzeuge<\/strong><\/li><li>Psychologie im Projekt:&nbsp;<strong>\u00dcberzeugen und durchsetzen im Projekt<\/strong><\/li><li>Psychologie im Projekt:&nbsp;<strong>verbale Werkzeuge, schlagfertig \u00fcberzeugen und durchsetzen<\/strong><\/li><li>Psychologie im Projekt:&nbsp;<strong>\u00dcberzeugen und durchsetzen bei Widerstand im Projektmanagement<\/strong><\/li><li>Psychologie im Projekt:&nbsp;<strong>\u00dcberzeugen + durchsetzen mit der Kraft der L\u00f6sung<\/strong><\/li><\/ul>\n\n\n\n<div class=\"wp-block-buttons is-layout-flex wp-block-buttons-is-layout-flex\">\n<div class=\"wp-block-button\"><a class=\"wp-block-button__link\" href=\"https:\/\/www.mto-consulting.de\/Psychologie-im-Projekt.htm\" target=\"_blank\" rel=\"noreferrer noopener\">Seminar Durchsetzen im Projekt<\/a><\/div>\n<\/div>\n\n\n\n<figure class=\"wp-block-image size-large\"><img loading=\"lazy\" decoding=\"async\" width=\"200\" height=\"200\" src=\"https:\/\/erfolgsfaktor.de\/coaching-steuerberater\/wp-content\/uploads\/sites\/4\/2020\/09\/Coaching-Durchsetzen.gif\" alt=\"Coaching und Seminar Durchsetzen Steuerberater\" class=\"wp-image-268\"\/><figcaption>Coaching Durchsetzen f\u00fcr Steuerberater und Wirtschaftspr\u00fcfer<\/figcaption><\/figure>\n\n\n\n<p>Erg\u00e4nzend coachen wir Sie auch bei&nbsp;<strong>pers\u00f6nlichen Durchsetzungsthemen und kritischen Situationen mit Ihren<\/strong>&nbsp;<strong>Mandanten, Gesch\u00e4ftspartnern oder Mitarbeitern<\/strong>.<\/p>\n\n\n\n<h3 class=\"wp-block-heading\">Coaching anfragen \/ vereinbaren<\/h3>\n\n\n\n<div class=\"wp-block-cover has-accent-background-color has-background-dim\"><div class=\"wp-block-cover__inner-container is-layout-flow wp-block-cover-is-layout-flow\">\n<p class=\"has-text-align-center has-accent-color has-background-background-color has-text-color has-background has-large-font-size\"><a href=\"mailto: j.junker@erfolgsfaktor.de?subject=Durchsetzen-Coaching-f\u00fcr-Steuerberater-Wirtschaftspr\u00fcfer\">Coaching anfragen \/ vereinbaren<\/a><\/p>\n<\/div><\/div>\n\n\n\n<figure class=\"wp-block-image size-large\"><img loading=\"lazy\" decoding=\"async\" width=\"200\" height=\"200\" src=\"https:\/\/erfolgsfaktor.de\/coaching-steuerberater\/wp-content\/uploads\/sites\/4\/2020\/09\/Seminare-fuer-Steuerberater.gif\" alt=\"Seminare f\u00fcr Steuerberater\" class=\"wp-image-180\"\/><figcaption>Seminare Steuerberatung und Wirtschaftspr\u00fcfung<\/figcaption><\/figure>\n\n\n\n<div class=\"wp-block-cover has-secondary-background-color has-background-dim\"><div class=\"wp-block-cover__inner-container is-layout-flow wp-block-cover-is-layout-flow\">\n<p class=\"has-text-align-center has-primary-color has-background-background-color has-text-color has-background has-larger-font-size\"><a href=\"https:\/\/erfolgsfaktor.de\/coaching-steuerberater\/seminare-steuerberater\/\">zur\u00fcck zur \u00dcbersicht<br>Seminare f\u00fcr Steuerberater<\/a><\/p>\n<\/div><\/div>\n\n\n\n<p><\/p>\n","protected":false},"excerpt":{"rendered":"<p>Unser Angebot&nbsp;Seminare Durchsetzen f\u00fcr Steuerberater&nbsp;ist eine Zusammenstellung unserer MTO-Consulting Seminare rund um die Themen Durchsetzungskraft, Durchsetzungsverm\u00f6gen, Durchsetzungsst\u00e4rke, Selbstbehauptung, Standing, Autorit\u00e4t und Souver\u00e4nit\u00e4t. Pers\u00f6nliche St\u00e4rke + Standing Wenn Sie sich tagt\u00e4glich gegen\u00fcber anspruchsvollen Mandanten, schwierigen Gesch\u00e4ftspartnern, nicht immer einfachen Mitarbeitern und Top-Level Stakeholdern durchsetzen m\u00fcssen&nbsp;und Sie sich in dieser Thematik weiterentwickeln, coachen oder beraten lassen m\u00f6chten,&hellip;&nbsp;<a href=\"https:\/\/erfolgsfaktor.de\/coaching-steuerberater\/seminare-durchsetzen-steuerberater\/\" rel=\"bookmark\">Weiterlesen &raquo;<span class=\"screen-reader-text\">Seminare Durchsetzen Steuerberater<\/span><\/a><\/p>\n","protected":false},"author":1,"featured_media":265,"parent":0,"menu_order":0,"comment_status":"closed","ping_status":"closed","template":"","meta":{"neve_meta_sidebar":"","neve_meta_container":"","neve_meta_enable_content_width":"","neve_meta_content_width":0,"neve_meta_title_alignment":"","neve_meta_author_avatar":"","neve_post_elements_order":"","neve_meta_disable_header":"","neve_meta_disable_footer":"","neve_meta_disable_title":"","footnotes":""},"class_list":["post-264","page","type-page","status-publish","has-post-thumbnail","hentry"],"yoast_head":"<!-- This site is optimized with the Yoast SEO plugin v26.8 - https:\/\/yoast.com\/product\/yoast-seo-wordpress\/ -->\n<title>Seminare Durchsetzen Steuerberater - Coaching Steuerberater<\/title>\n<meta name=\"description\" content=\"Seminare Durchsetzen f\u00fcr Steuerberater und Wirtschaftspr\u00fcfer. Durchsetzungskraft, Durchsetzungsverm\u00f6gen, Durchsetzungsst\u00e4rke Coaching\" \/>\n<meta name=\"robots\" content=\"index, follow, max-snippet:-1, max-image-preview:large, max-video-preview:-1\" \/>\n<link rel=\"canonical\" href=\"https:\/\/erfolgsfaktor.de\/coaching-steuerberater\/seminare-durchsetzen-steuerberater\/\" \/>\n<meta property=\"og:locale\" content=\"de_DE\" \/>\n<meta property=\"og:type\" content=\"article\" \/>\n<meta property=\"og:title\" content=\"Seminare Durchsetzen Steuerberater - Coaching Steuerberater\" \/>\n<meta property=\"og:description\" content=\"Seminare Durchsetzen f\u00fcr Steuerberater und Wirtschaftspr\u00fcfer. Durchsetzungskraft, Durchsetzungsverm\u00f6gen, Durchsetzungsst\u00e4rke Coaching\" \/>\n<meta property=\"og:url\" content=\"https:\/\/erfolgsfaktor.de\/coaching-steuerberater\/seminare-durchsetzen-steuerberater\/\" \/>\n<meta property=\"og:site_name\" content=\"Coaching Steuerberater\" \/>\n<meta property=\"article:modified_time\" content=\"2020-09-23T06:43:00+00:00\" \/>\n<meta property=\"og:image\" content=\"https:\/\/erfolgsfaktor.de\/coaching-steuerberater\/wp-content\/uploads\/sites\/4\/2020\/09\/Seminare-Durchsetzen.gif\" \/>\n\t<meta property=\"og:image:width\" content=\"200\" \/>\n\t<meta property=\"og:image:height\" content=\"200\" \/>\n\t<meta property=\"og:image:type\" content=\"image\/gif\" \/>\n<meta name=\"twitter:card\" content=\"summary_large_image\" \/>\n<meta name=\"twitter:label1\" content=\"Gesch\u00e4tzte Lesezeit\" \/>\n\t<meta name=\"twitter:data1\" content=\"3\u00a0Minuten\" \/>\n<script type=\"application\/ld+json\" class=\"yoast-schema-graph\">{\"@context\":\"https:\/\/schema.org\",\"@graph\":[{\"@type\":\"WebPage\",\"@id\":\"https:\/\/erfolgsfaktor.de\/coaching-steuerberater\/seminare-durchsetzen-steuerberater\/\",\"url\":\"https:\/\/erfolgsfaktor.de\/coaching-steuerberater\/seminare-durchsetzen-steuerberater\/\",\"name\":\"Seminare Durchsetzen Steuerberater - Coaching Steuerberater\",\"isPartOf\":{\"@id\":\"https:\/\/erfolgsfaktor.de\/coaching-steuerberater\/#website\"},\"primaryImageOfPage\":{\"@id\":\"https:\/\/erfolgsfaktor.de\/coaching-steuerberater\/seminare-durchsetzen-steuerberater\/#primaryimage\"},\"image\":{\"@id\":\"https:\/\/erfolgsfaktor.de\/coaching-steuerberater\/seminare-durchsetzen-steuerberater\/#primaryimage\"},\"thumbnailUrl\":\"https:\/\/erfolgsfaktor.de\/coaching-steuerberater\/wp-content\/uploads\/sites\/4\/2020\/09\/Seminare-Durchsetzen.gif\",\"datePublished\":\"2020-09-21T13:15:35+00:00\",\"dateModified\":\"2020-09-23T06:43:00+00:00\",\"description\":\"Seminare Durchsetzen f\u00fcr Steuerberater und Wirtschaftspr\u00fcfer. Durchsetzungskraft, Durchsetzungsverm\u00f6gen, Durchsetzungsst\u00e4rke Coaching\",\"breadcrumb\":{\"@id\":\"https:\/\/erfolgsfaktor.de\/coaching-steuerberater\/seminare-durchsetzen-steuerberater\/#breadcrumb\"},\"inLanguage\":\"de\",\"potentialAction\":[{\"@type\":\"ReadAction\",\"target\":[\"https:\/\/erfolgsfaktor.de\/coaching-steuerberater\/seminare-durchsetzen-steuerberater\/\"]}]},{\"@type\":\"ImageObject\",\"inLanguage\":\"de\",\"@id\":\"https:\/\/erfolgsfaktor.de\/coaching-steuerberater\/seminare-durchsetzen-steuerberater\/#primaryimage\",\"url\":\"https:\/\/erfolgsfaktor.de\/coaching-steuerberater\/wp-content\/uploads\/sites\/4\/2020\/09\/Seminare-Durchsetzen.gif\",\"contentUrl\":\"https:\/\/erfolgsfaktor.de\/coaching-steuerberater\/wp-content\/uploads\/sites\/4\/2020\/09\/Seminare-Durchsetzen.gif\",\"width\":200,\"height\":200,\"caption\":\"Seminare Durchsetzen Steuerberater\"},{\"@type\":\"BreadcrumbList\",\"@id\":\"https:\/\/erfolgsfaktor.de\/coaching-steuerberater\/seminare-durchsetzen-steuerberater\/#breadcrumb\",\"itemListElement\":[{\"@type\":\"ListItem\",\"position\":1,\"name\":\"Startseite\",\"item\":\"https:\/\/erfolgsfaktor.de\/coaching-steuerberater\/\"},{\"@type\":\"ListItem\",\"position\":2,\"name\":\"Seminare Durchsetzen Steuerberater\"}]},{\"@type\":\"WebSite\",\"@id\":\"https:\/\/erfolgsfaktor.de\/coaching-steuerberater\/#website\",\"url\":\"https:\/\/erfolgsfaktor.de\/coaching-steuerberater\/\",\"name\":\"Coaching Steuerberater\",\"description\":\"Erfolgsfaktor Coaching\",\"potentialAction\":[{\"@type\":\"SearchAction\",\"target\":{\"@type\":\"EntryPoint\",\"urlTemplate\":\"https:\/\/erfolgsfaktor.de\/coaching-steuerberater\/?s={search_term_string}\"},\"query-input\":{\"@type\":\"PropertyValueSpecification\",\"valueRequired\":true,\"valueName\":\"search_term_string\"}}],\"inLanguage\":\"de\"}]}<\/script>\n<!-- \/ Yoast SEO plugin. -->","yoast_head_json":{"title":"Seminare Durchsetzen Steuerberater - Coaching Steuerberater","description":"Seminare Durchsetzen f\u00fcr Steuerberater und Wirtschaftspr\u00fcfer. Durchsetzungskraft, Durchsetzungsverm\u00f6gen, Durchsetzungsst\u00e4rke Coaching","robots":{"index":"index","follow":"follow","max-snippet":"max-snippet:-1","max-image-preview":"max-image-preview:large","max-video-preview":"max-video-preview:-1"},"canonical":"https:\/\/erfolgsfaktor.de\/coaching-steuerberater\/seminare-durchsetzen-steuerberater\/","og_locale":"de_DE","og_type":"article","og_title":"Seminare Durchsetzen Steuerberater - Coaching Steuerberater","og_description":"Seminare Durchsetzen f\u00fcr Steuerberater und Wirtschaftspr\u00fcfer. Durchsetzungskraft, Durchsetzungsverm\u00f6gen, Durchsetzungsst\u00e4rke Coaching","og_url":"https:\/\/erfolgsfaktor.de\/coaching-steuerberater\/seminare-durchsetzen-steuerberater\/","og_site_name":"Coaching Steuerberater","article_modified_time":"2020-09-23T06:43:00+00:00","og_image":[{"width":200,"height":200,"url":"https:\/\/erfolgsfaktor.de\/coaching-steuerberater\/wp-content\/uploads\/sites\/4\/2020\/09\/Seminare-Durchsetzen.gif","type":"image\/gif"}],"twitter_card":"summary_large_image","twitter_misc":{"Gesch\u00e4tzte Lesezeit":"3\u00a0Minuten"},"schema":{"@context":"https:\/\/schema.org","@graph":[{"@type":"WebPage","@id":"https:\/\/erfolgsfaktor.de\/coaching-steuerberater\/seminare-durchsetzen-steuerberater\/","url":"https:\/\/erfolgsfaktor.de\/coaching-steuerberater\/seminare-durchsetzen-steuerberater\/","name":"Seminare Durchsetzen Steuerberater - Coaching Steuerberater","isPartOf":{"@id":"https:\/\/erfolgsfaktor.de\/coaching-steuerberater\/#website"},"primaryImageOfPage":{"@id":"https:\/\/erfolgsfaktor.de\/coaching-steuerberater\/seminare-durchsetzen-steuerberater\/#primaryimage"},"image":{"@id":"https:\/\/erfolgsfaktor.de\/coaching-steuerberater\/seminare-durchsetzen-steuerberater\/#primaryimage"},"thumbnailUrl":"https:\/\/erfolgsfaktor.de\/coaching-steuerberater\/wp-content\/uploads\/sites\/4\/2020\/09\/Seminare-Durchsetzen.gif","datePublished":"2020-09-21T13:15:35+00:00","dateModified":"2020-09-23T06:43:00+00:00","description":"Seminare Durchsetzen f\u00fcr Steuerberater und Wirtschaftspr\u00fcfer. Durchsetzungskraft, Durchsetzungsverm\u00f6gen, Durchsetzungsst\u00e4rke Coaching","breadcrumb":{"@id":"https:\/\/erfolgsfaktor.de\/coaching-steuerberater\/seminare-durchsetzen-steuerberater\/#breadcrumb"},"inLanguage":"de","potentialAction":[{"@type":"ReadAction","target":["https:\/\/erfolgsfaktor.de\/coaching-steuerberater\/seminare-durchsetzen-steuerberater\/"]}]},{"@type":"ImageObject","inLanguage":"de","@id":"https:\/\/erfolgsfaktor.de\/coaching-steuerberater\/seminare-durchsetzen-steuerberater\/#primaryimage","url":"https:\/\/erfolgsfaktor.de\/coaching-steuerberater\/wp-content\/uploads\/sites\/4\/2020\/09\/Seminare-Durchsetzen.gif","contentUrl":"https:\/\/erfolgsfaktor.de\/coaching-steuerberater\/wp-content\/uploads\/sites\/4\/2020\/09\/Seminare-Durchsetzen.gif","width":200,"height":200,"caption":"Seminare Durchsetzen Steuerberater"},{"@type":"BreadcrumbList","@id":"https:\/\/erfolgsfaktor.de\/coaching-steuerberater\/seminare-durchsetzen-steuerberater\/#breadcrumb","itemListElement":[{"@type":"ListItem","position":1,"name":"Startseite","item":"https:\/\/erfolgsfaktor.de\/coaching-steuerberater\/"},{"@type":"ListItem","position":2,"name":"Seminare Durchsetzen Steuerberater"}]},{"@type":"WebSite","@id":"https:\/\/erfolgsfaktor.de\/coaching-steuerberater\/#website","url":"https:\/\/erfolgsfaktor.de\/coaching-steuerberater\/","name":"Coaching Steuerberater","description":"Erfolgsfaktor Coaching","potentialAction":[{"@type":"SearchAction","target":{"@type":"EntryPoint","urlTemplate":"https:\/\/erfolgsfaktor.de\/coaching-steuerberater\/?s={search_term_string}"},"query-input":{"@type":"PropertyValueSpecification","valueRequired":true,"valueName":"search_term_string"}}],"inLanguage":"de"}]}},"_links":{"self":[{"href":"https:\/\/erfolgsfaktor.de\/coaching-steuerberater\/wp-json\/wp\/v2\/pages\/264","targetHints":{"allow":["GET"]}}],"collection":[{"href":"https:\/\/erfolgsfaktor.de\/coaching-steuerberater\/wp-json\/wp\/v2\/pages"}],"about":[{"href":"https:\/\/erfolgsfaktor.de\/coaching-steuerberater\/wp-json\/wp\/v2\/types\/page"}],"author":[{"embeddable":true,"href":"https:\/\/erfolgsfaktor.de\/coaching-steuerberater\/wp-json\/wp\/v2\/users\/1"}],"replies":[{"embeddable":true,"href":"https:\/\/erfolgsfaktor.de\/coaching-steuerberater\/wp-json\/wp\/v2\/comments?post=264"}],"version-history":[{"count":3,"href":"https:\/\/erfolgsfaktor.de\/coaching-steuerberater\/wp-json\/wp\/v2\/pages\/264\/revisions"}],"predecessor-version":[{"id":303,"href":"https:\/\/erfolgsfaktor.de\/coaching-steuerberater\/wp-json\/wp\/v2\/pages\/264\/revisions\/303"}],"wp:featuredmedia":[{"embeddable":true,"href":"https:\/\/erfolgsfaktor.de\/coaching-steuerberater\/wp-json\/wp\/v2\/media\/265"}],"wp:attachment":[{"href":"https:\/\/erfolgsfaktor.de\/coaching-steuerberater\/wp-json\/wp\/v2\/media?parent=264"}],"curies":[{"name":"wp","href":"https:\/\/api.w.org\/{rel}","templated":true}]}}