{"id":255,"date":"2020-09-21T14:30:46","date_gmt":"2020-09-21T12:30:46","guid":{"rendered":"https:\/\/erfolgsfaktor.de\/steuerberater\/?page_id=255"},"modified":"2020-09-23T08:43:41","modified_gmt":"2020-09-23T06:43:41","slug":"seminare-konflikte-steuerberater","status":"publish","type":"page","link":"https:\/\/erfolgsfaktor.de\/coaching-steuerberater\/seminare-konflikte-steuerberater\/","title":{"rendered":"Seminare Konflikte Steuerberater"},"content":{"rendered":"\n<p>Unser Angebot&nbsp;<strong>Seminare Konflikte + Konfliktmanagement f\u00fcr Steuerberater&nbsp;<\/strong>bietet eine Auswahl von Seminaren rund um die Themen Konflikt, Konfliktmanagement und Konfliktl\u00f6sung.<\/p>\n\n\n\n<h3 class=\"wp-block-heading\">Praxistaugliche Konfliktl\u00f6sungen<\/h3>\n\n\n\n<p>Wenn Sie tagt\u00e4glich <strong>mit Konflikten Ihrer<\/strong> <strong>Mandanten oder mit Konflikten zwischen Gesch\u00e4ftspartnern bzw. Mitarbeitern umgehen m\u00fcssen<\/strong>&nbsp;und Sie sich in dieser Thematik weiterentwickeln, coachen oder beraten lassen m\u00f6chten, finden Sie hier eine Zusammenstellung relevanter&nbsp;<strong>Konflikttrainings und Coachings<\/strong>&nbsp;aus dem MTO-Consulting Seminarprogramm.<\/p>\n\n\n\n<figure class=\"wp-block-image alignwide size-large\"><img decoding=\"async\" src=\"https:\/\/www.mto-consulting.de\/Bilder\/konfliktmanagement.gif\" alt=\"Seminare Konflikte Steuerberater\"\/><figcaption>Seminar Konflikte + Konfliktmanagement 4 Professionals <\/figcaption><\/figure>\n\n\n\n<h3 class=\"wp-block-heading\">Seminar Konflikte Steuerberater &#8211; Konfliktmanagement<\/h3>\n\n\n\n<ul class=\"wp-block-list\"><li><strong>Das Yin + Yang des Konfliktmanagements<\/strong><br>Die richtige Balance aus Deeskalation, Konfliktl\u00f6sung, Diplomatie und Fingerspitzengef\u00fchl<br>plus die n\u00f6tige St\u00e4rke, Bestimmtheit und positive Durchsetzungskraft<br>plus die dazu notwendigen Werkzeuge<\/li><li><strong>Konflikt + Konfliktmanagement mit starker Pers\u00f6nlichkeit<\/strong><br>Souver\u00e4ne Wirkung im Konfliktmanagement, Auftreten und Au\u00dfenwirkung<\/li><li><strong>Konflikt + Konfliktmanagement mit starken Worten<\/strong><br>Konflikt + Konfliktmanagement die verbale Ebene, Wortwahl und Tonfall<\/li><li><strong>Konflikt + Konfliktmanagement hart auf hart<\/strong><br>Konflikt + Konfliktmanagement bei Widerstand, Angriffen, Killerphrasen und unsachlicher Konflikteskalation<\/li><li><strong>Konflikt + Konfliktmanagement mit der Kraft der L\u00f6sung<\/strong><br>Konflikt + Konfliktmanagement und Deeskalation, Umgang mit Einw\u00e4nden und Widerstand. Aufbau von Gewinn-Gewinn-L\u00f6sungen.<\/li><\/ul>\n\n\n\n<div class=\"wp-block-buttons is-layout-flex wp-block-buttons-is-layout-flex\">\n<div class=\"wp-block-button\"><a class=\"wp-block-button__link\" href=\"https:\/\/www.mto-consulting.de\/Seminar-Konfliktmanagement.htm\" target=\"_blank\" rel=\"noreferrer noopener\">Seminar Konfliktmanagement <\/a><\/div>\n<\/div>\n\n\n\n<figure class=\"wp-block-image alignwide size-large\"><img decoding=\"async\" src=\"https:\/\/www.mto-consulting.de\/Bilder\/konflikt-know-how.gif\" alt=\"\"\/><figcaption>Seminar Konflikt-know-how Konfliktl\u00f6sung<\/figcaption><\/figure>\n\n\n\n<h3 class=\"wp-block-heading\">Seminare Konflikte f\u00fcr Steuerberater Konfliktl\u00f6sung + Know-how<\/h3>\n\n\n\n<ul class=\"wp-block-list\"><li><strong>Konfliktmanagement gelassenen und souver\u00e4n im Konflikt<\/strong><br>Die psychologischen Grundlagen des Konfliktmanagements plus psychologische Werkzeuge f\u00fcr das Yin + Yang der Konfliktl\u00f6sung<\/li><li><strong>Konfliktmanagement braucht eine starke Pers\u00f6nlichkeit<\/strong>:<br>Souver\u00e4nit\u00e4t, Gelassenheit und Bestimmtheit im Konflikt. Konfliktmanagement-Werkzeuge f\u00fcr eine starke Pers\u00f6nlichkeit<\/li><li><strong>Verbale Werkzeuge des Konfliktmanagement<\/strong><br>Verbales Konflikt-know how, Schlagfertigkeit, Fingerspitzengef\u00fchl und positive Durchsetzungskraft<\/li><li><strong>Keep cool im Konfliktmanagement<\/strong><br>Konflikt-know-how f\u00fcr den richtigen Umgang mit Angriffen, Drohungen und Konfliktmanagement bei Eskalation<\/li><li><strong>Konfliktmanagement, Deeskalation und Konfliktl\u00f6sung<\/strong><br>Konflikt-know-how Solution Fokus: Nutzen Sie die psychologische Kraft der L\u00f6sung<\/li><\/ul>\n\n\n\n<div class=\"wp-block-buttons is-layout-flex wp-block-buttons-is-layout-flex\">\n<div class=\"wp-block-button\"><a class=\"wp-block-button__link\" href=\"https:\/\/www.mto-consulting.de\/Konfliktkritik.htm\" target=\"_blank\" rel=\"noreferrer noopener\">Seminar KonFlikt-Know-how + konfliktl\u00f6sung<\/a><\/div>\n<\/div>\n\n\n\n<figure class=\"wp-block-image alignwide size-large\"><img decoding=\"async\" src=\"https:\/\/www.mto-consulting.de\/Bilder\/Seminar-Keep-Cool-tricky-situations.gif\" alt=\"\"\/><figcaption>Seminar Keep Cool in tricky situations &#8211; Cool bleiben in Konflikten<\/figcaption><\/figure>\n\n\n\n<h2 class=\"wp-block-heading\">Seminare Konflikte Steuerberater Keep Cool<\/h2>\n\n\n\n<p><strong>Seminar Keep Cool:<\/strong> <\/p>\n\n\n\n<blockquote class=\"wp-block-quote is-layout-flow wp-block-quote-is-layout-flow\"><p><em>&#8222;ruhig bleiben, sich nicht aufregen, nicht pers\u00f6nlich nehmen, nicht treffen lassen, souver\u00e4n reagieren, nicht explodieren, abschalten k\u00f6nnen, nicht weiter dr\u00fcber gr\u00fcbeln, keine Selbstvorw\u00fcrfe, keine Zweifel, &#8230;.&#8220;<\/em><\/p><cite><strong>wenn das immer so einfach w\u00e4re<\/strong><\/cite><\/blockquote>\n\n\n\n<ul class=\"wp-block-list\"><li><strong>Keep cool in tricky situations &#8211; Schlagfertigkeit und verbale Werkzeuge<\/strong><br>Schlagfertigkeit, Souver\u00e4nit\u00e4t und verbale St\u00e4rke<\/li><li><strong>Keep cool in tricky situations &#8211; Umgang mit harten Bandagen<\/strong><br>sich nicht treffen lassen, klare Grenzen ziehen &#8211; Keep Cool bei Angriffen, Killerphrasen, Drohungen und Unsachlichkeiten<\/li><\/ul>\n\n\n\n<div class=\"wp-block-buttons is-layout-flex wp-block-buttons-is-layout-flex\">\n<div class=\"wp-block-button\"><a class=\"wp-block-button__link\" href=\"https:\/\/www.mto-consulting.de\/Keepcool.htm\" target=\"_blank\" rel=\"noreferrer noopener\">Seminar Keep Cool in tricky situations<\/a><\/div>\n<\/div>\n\n\n\n<figure class=\"wp-block-image size-large\"><img loading=\"lazy\" decoding=\"async\" width=\"200\" height=\"200\" src=\"https:\/\/erfolgsfaktor.de\/coaching-steuerberater\/wp-content\/uploads\/sites\/4\/2020\/09\/Konflikte-Steuerberater.gif\" alt=\"Konflikte Steuerberater und Wirtschaftspr\u00fcfer\" class=\"wp-image-259\"\/><figcaption>Seminare Konflikte Steuerberater + Wirtschaftspr\u00fcfer<\/figcaption><\/figure>\n\n\n\n<p>Erg\u00e4nzend coachen wir Sie auch bei <strong>pers\u00f6nlichen Konflikten mit Ihren<\/strong> <strong>Mandanten, Gesch\u00e4ftspartnern oder Mitarbeitern<\/strong>.<\/p>\n\n\n\n<h3 class=\"wp-block-heading\">Coaching anfragen \/ vereinbaren<\/h3>\n\n\n\n<div class=\"wp-block-cover has-accent-background-color has-background-dim\"><div class=\"wp-block-cover__inner-container is-layout-flow wp-block-cover-is-layout-flow\">\n<p class=\"has-text-align-center has-accent-color has-background-background-color has-text-color has-background has-large-font-size\"><a href=\"mailto: j.junker@erfolgsfaktor.de?subject=Konflikte-Coaching-f\u00fcr-Steuerberater-Wirtschaftspr\u00fcfer\">Coaching anfragen \/ vereinbaren<\/a><\/p>\n<\/div><\/div>\n\n\n\n<figure class=\"wp-block-image size-large\"><img loading=\"lazy\" decoding=\"async\" width=\"200\" height=\"200\" src=\"https:\/\/erfolgsfaktor.de\/coaching-steuerberater\/wp-content\/uploads\/sites\/4\/2020\/09\/Seminare-fuer-Steuerberater.gif\" alt=\"Seminare f\u00fcr Steuerberater\" class=\"wp-image-180\"\/><figcaption>Seminare Steuerberatung und Wirtschaftspr\u00fcfung<\/figcaption><\/figure>\n\n\n\n<div class=\"wp-block-cover has-secondary-background-color has-background-dim\"><div class=\"wp-block-cover__inner-container is-layout-flow wp-block-cover-is-layout-flow\">\n<p class=\"has-text-align-center has-primary-color has-background-background-color has-text-color has-background has-larger-font-size\"><a href=\"https:\/\/erfolgsfaktor.de\/coaching-steuerberater\/seminare-steuerberater\/\">zur\u00fcck zur \u00dcbersicht<br>Seminare f\u00fcr Steuerberater<\/a><\/p>\n<\/div><\/div>\n","protected":false},"excerpt":{"rendered":"<p>Unser Angebot&nbsp;Seminare Konflikte + Konfliktmanagement f\u00fcr Steuerberater&nbsp;bietet eine Auswahl von Seminaren rund um die Themen Konflikt, Konfliktmanagement und Konfliktl\u00f6sung. Praxistaugliche Konfliktl\u00f6sungen Wenn Sie tagt\u00e4glich mit Konflikten Ihrer Mandanten oder mit Konflikten zwischen Gesch\u00e4ftspartnern bzw. Mitarbeitern umgehen m\u00fcssen&nbsp;und Sie sich in dieser Thematik weiterentwickeln, coachen oder beraten lassen m\u00f6chten, finden Sie hier eine Zusammenstellung relevanter&nbsp;Konflikttrainings und&hellip;&nbsp;<a href=\"https:\/\/erfolgsfaktor.de\/coaching-steuerberater\/seminare-konflikte-steuerberater\/\" rel=\"bookmark\">Weiterlesen &raquo;<span class=\"screen-reader-text\">Seminare Konflikte Steuerberater<\/span><\/a><\/p>\n","protected":false},"author":1,"featured_media":257,"parent":0,"menu_order":0,"comment_status":"closed","ping_status":"closed","template":"","meta":{"neve_meta_sidebar":"","neve_meta_container":"","neve_meta_enable_content_width":"","neve_meta_content_width":0,"neve_meta_title_alignment":"","neve_meta_author_avatar":"","neve_post_elements_order":"","neve_meta_disable_header":"","neve_meta_disable_footer":"","neve_meta_disable_title":"","footnotes":""},"class_list":["post-255","page","type-page","status-publish","has-post-thumbnail","hentry"],"yoast_head":"<!-- This site is optimized with the Yoast SEO plugin v26.8 - https:\/\/yoast.com\/product\/yoast-seo-wordpress\/ -->\n<title>Seminare Konflikte Steuerberater - Coaching Steuerberater<\/title>\n<meta name=\"description\" content=\"Seminare Konflikte Steuerberater und Wirtschaftspr\u00fcfer Konfliktl\u00f6sungen, Konfliktmanagement, Konflikt-know-how, Mediation + Konflikt-Coaching\" \/>\n<meta name=\"robots\" content=\"index, follow, max-snippet:-1, max-image-preview:large, max-video-preview:-1\" \/>\n<link rel=\"canonical\" href=\"https:\/\/erfolgsfaktor.de\/coaching-steuerberater\/seminare-konflikte-steuerberater\/\" \/>\n<meta property=\"og:locale\" content=\"de_DE\" \/>\n<meta property=\"og:type\" content=\"article\" \/>\n<meta property=\"og:title\" content=\"Seminare Konflikte Steuerberater - Coaching Steuerberater\" \/>\n<meta property=\"og:description\" content=\"Seminare Konflikte Steuerberater und Wirtschaftspr\u00fcfer Konfliktl\u00f6sungen, Konfliktmanagement, Konflikt-know-how, Mediation + Konflikt-Coaching\" \/>\n<meta property=\"og:url\" content=\"https:\/\/erfolgsfaktor.de\/coaching-steuerberater\/seminare-konflikte-steuerberater\/\" \/>\n<meta property=\"og:site_name\" content=\"Coaching Steuerberater\" \/>\n<meta property=\"article:modified_time\" content=\"2020-09-23T06:43:41+00:00\" \/>\n<meta property=\"og:image\" content=\"https:\/\/erfolgsfaktor.de\/coaching-steuerberater\/wp-content\/uploads\/sites\/4\/2020\/09\/Seminare-Konflikte.gif\" \/>\n\t<meta property=\"og:image:width\" content=\"200\" \/>\n\t<meta property=\"og:image:height\" content=\"200\" \/>\n\t<meta property=\"og:image:type\" content=\"image\/gif\" \/>\n<meta name=\"twitter:card\" content=\"summary_large_image\" \/>\n<meta name=\"twitter:label1\" content=\"Gesch\u00e4tzte Lesezeit\" \/>\n\t<meta name=\"twitter:data1\" content=\"2\u00a0Minuten\" \/>\n<script type=\"application\/ld+json\" class=\"yoast-schema-graph\">{\"@context\":\"https:\/\/schema.org\",\"@graph\":[{\"@type\":\"WebPage\",\"@id\":\"https:\/\/erfolgsfaktor.de\/coaching-steuerberater\/seminare-konflikte-steuerberater\/\",\"url\":\"https:\/\/erfolgsfaktor.de\/coaching-steuerberater\/seminare-konflikte-steuerberater\/\",\"name\":\"Seminare Konflikte Steuerberater - Coaching Steuerberater\",\"isPartOf\":{\"@id\":\"https:\/\/erfolgsfaktor.de\/coaching-steuerberater\/#website\"},\"primaryImageOfPage\":{\"@id\":\"https:\/\/erfolgsfaktor.de\/coaching-steuerberater\/seminare-konflikte-steuerberater\/#primaryimage\"},\"image\":{\"@id\":\"https:\/\/erfolgsfaktor.de\/coaching-steuerberater\/seminare-konflikte-steuerberater\/#primaryimage\"},\"thumbnailUrl\":\"https:\/\/erfolgsfaktor.de\/coaching-steuerberater\/wp-content\/uploads\/sites\/4\/2020\/09\/Seminare-Konflikte.gif\",\"datePublished\":\"2020-09-21T12:30:46+00:00\",\"dateModified\":\"2020-09-23T06:43:41+00:00\",\"description\":\"Seminare Konflikte Steuerberater und Wirtschaftspr\u00fcfer Konfliktl\u00f6sungen, Konfliktmanagement, Konflikt-know-how, Mediation + Konflikt-Coaching\",\"breadcrumb\":{\"@id\":\"https:\/\/erfolgsfaktor.de\/coaching-steuerberater\/seminare-konflikte-steuerberater\/#breadcrumb\"},\"inLanguage\":\"de\",\"potentialAction\":[{\"@type\":\"ReadAction\",\"target\":[\"https:\/\/erfolgsfaktor.de\/coaching-steuerberater\/seminare-konflikte-steuerberater\/\"]}]},{\"@type\":\"ImageObject\",\"inLanguage\":\"de\",\"@id\":\"https:\/\/erfolgsfaktor.de\/coaching-steuerberater\/seminare-konflikte-steuerberater\/#primaryimage\",\"url\":\"https:\/\/erfolgsfaktor.de\/coaching-steuerberater\/wp-content\/uploads\/sites\/4\/2020\/09\/Seminare-Konflikte.gif\",\"contentUrl\":\"https:\/\/erfolgsfaktor.de\/coaching-steuerberater\/wp-content\/uploads\/sites\/4\/2020\/09\/Seminare-Konflikte.gif\",\"width\":200,\"height\":200,\"caption\":\"Seminare Konflikte Steuerberater\"},{\"@type\":\"BreadcrumbList\",\"@id\":\"https:\/\/erfolgsfaktor.de\/coaching-steuerberater\/seminare-konflikte-steuerberater\/#breadcrumb\",\"itemListElement\":[{\"@type\":\"ListItem\",\"position\":1,\"name\":\"Startseite\",\"item\":\"https:\/\/erfolgsfaktor.de\/coaching-steuerberater\/\"},{\"@type\":\"ListItem\",\"position\":2,\"name\":\"Seminare Konflikte Steuerberater\"}]},{\"@type\":\"WebSite\",\"@id\":\"https:\/\/erfolgsfaktor.de\/coaching-steuerberater\/#website\",\"url\":\"https:\/\/erfolgsfaktor.de\/coaching-steuerberater\/\",\"name\":\"Coaching Steuerberater\",\"description\":\"Erfolgsfaktor Coaching\",\"potentialAction\":[{\"@type\":\"SearchAction\",\"target\":{\"@type\":\"EntryPoint\",\"urlTemplate\":\"https:\/\/erfolgsfaktor.de\/coaching-steuerberater\/?s={search_term_string}\"},\"query-input\":{\"@type\":\"PropertyValueSpecification\",\"valueRequired\":true,\"valueName\":\"search_term_string\"}}],\"inLanguage\":\"de\"}]}<\/script>\n<!-- \/ Yoast SEO plugin. -->","yoast_head_json":{"title":"Seminare Konflikte Steuerberater - Coaching Steuerberater","description":"Seminare Konflikte Steuerberater und Wirtschaftspr\u00fcfer Konfliktl\u00f6sungen, Konfliktmanagement, Konflikt-know-how, Mediation + Konflikt-Coaching","robots":{"index":"index","follow":"follow","max-snippet":"max-snippet:-1","max-image-preview":"max-image-preview:large","max-video-preview":"max-video-preview:-1"},"canonical":"https:\/\/erfolgsfaktor.de\/coaching-steuerberater\/seminare-konflikte-steuerberater\/","og_locale":"de_DE","og_type":"article","og_title":"Seminare Konflikte Steuerberater - Coaching Steuerberater","og_description":"Seminare Konflikte Steuerberater und Wirtschaftspr\u00fcfer Konfliktl\u00f6sungen, Konfliktmanagement, Konflikt-know-how, Mediation + Konflikt-Coaching","og_url":"https:\/\/erfolgsfaktor.de\/coaching-steuerberater\/seminare-konflikte-steuerberater\/","og_site_name":"Coaching Steuerberater","article_modified_time":"2020-09-23T06:43:41+00:00","og_image":[{"width":200,"height":200,"url":"https:\/\/erfolgsfaktor.de\/coaching-steuerberater\/wp-content\/uploads\/sites\/4\/2020\/09\/Seminare-Konflikte.gif","type":"image\/gif"}],"twitter_card":"summary_large_image","twitter_misc":{"Gesch\u00e4tzte Lesezeit":"2\u00a0Minuten"},"schema":{"@context":"https:\/\/schema.org","@graph":[{"@type":"WebPage","@id":"https:\/\/erfolgsfaktor.de\/coaching-steuerberater\/seminare-konflikte-steuerberater\/","url":"https:\/\/erfolgsfaktor.de\/coaching-steuerberater\/seminare-konflikte-steuerberater\/","name":"Seminare Konflikte Steuerberater - Coaching Steuerberater","isPartOf":{"@id":"https:\/\/erfolgsfaktor.de\/coaching-steuerberater\/#website"},"primaryImageOfPage":{"@id":"https:\/\/erfolgsfaktor.de\/coaching-steuerberater\/seminare-konflikte-steuerberater\/#primaryimage"},"image":{"@id":"https:\/\/erfolgsfaktor.de\/coaching-steuerberater\/seminare-konflikte-steuerberater\/#primaryimage"},"thumbnailUrl":"https:\/\/erfolgsfaktor.de\/coaching-steuerberater\/wp-content\/uploads\/sites\/4\/2020\/09\/Seminare-Konflikte.gif","datePublished":"2020-09-21T12:30:46+00:00","dateModified":"2020-09-23T06:43:41+00:00","description":"Seminare Konflikte Steuerberater und Wirtschaftspr\u00fcfer Konfliktl\u00f6sungen, Konfliktmanagement, Konflikt-know-how, Mediation + Konflikt-Coaching","breadcrumb":{"@id":"https:\/\/erfolgsfaktor.de\/coaching-steuerberater\/seminare-konflikte-steuerberater\/#breadcrumb"},"inLanguage":"de","potentialAction":[{"@type":"ReadAction","target":["https:\/\/erfolgsfaktor.de\/coaching-steuerberater\/seminare-konflikte-steuerberater\/"]}]},{"@type":"ImageObject","inLanguage":"de","@id":"https:\/\/erfolgsfaktor.de\/coaching-steuerberater\/seminare-konflikte-steuerberater\/#primaryimage","url":"https:\/\/erfolgsfaktor.de\/coaching-steuerberater\/wp-content\/uploads\/sites\/4\/2020\/09\/Seminare-Konflikte.gif","contentUrl":"https:\/\/erfolgsfaktor.de\/coaching-steuerberater\/wp-content\/uploads\/sites\/4\/2020\/09\/Seminare-Konflikte.gif","width":200,"height":200,"caption":"Seminare Konflikte Steuerberater"},{"@type":"BreadcrumbList","@id":"https:\/\/erfolgsfaktor.de\/coaching-steuerberater\/seminare-konflikte-steuerberater\/#breadcrumb","itemListElement":[{"@type":"ListItem","position":1,"name":"Startseite","item":"https:\/\/erfolgsfaktor.de\/coaching-steuerberater\/"},{"@type":"ListItem","position":2,"name":"Seminare Konflikte Steuerberater"}]},{"@type":"WebSite","@id":"https:\/\/erfolgsfaktor.de\/coaching-steuerberater\/#website","url":"https:\/\/erfolgsfaktor.de\/coaching-steuerberater\/","name":"Coaching Steuerberater","description":"Erfolgsfaktor Coaching","potentialAction":[{"@type":"SearchAction","target":{"@type":"EntryPoint","urlTemplate":"https:\/\/erfolgsfaktor.de\/coaching-steuerberater\/?s={search_term_string}"},"query-input":{"@type":"PropertyValueSpecification","valueRequired":true,"valueName":"search_term_string"}}],"inLanguage":"de"}]}},"_links":{"self":[{"href":"https:\/\/erfolgsfaktor.de\/coaching-steuerberater\/wp-json\/wp\/v2\/pages\/255","targetHints":{"allow":["GET"]}}],"collection":[{"href":"https:\/\/erfolgsfaktor.de\/coaching-steuerberater\/wp-json\/wp\/v2\/pages"}],"about":[{"href":"https:\/\/erfolgsfaktor.de\/coaching-steuerberater\/wp-json\/wp\/v2\/types\/page"}],"author":[{"embeddable":true,"href":"https:\/\/erfolgsfaktor.de\/coaching-steuerberater\/wp-json\/wp\/v2\/users\/1"}],"replies":[{"embeddable":true,"href":"https:\/\/erfolgsfaktor.de\/coaching-steuerberater\/wp-json\/wp\/v2\/comments?post=255"}],"version-history":[{"count":8,"href":"https:\/\/erfolgsfaktor.de\/coaching-steuerberater\/wp-json\/wp\/v2\/pages\/255\/revisions"}],"predecessor-version":[{"id":305,"href":"https:\/\/erfolgsfaktor.de\/coaching-steuerberater\/wp-json\/wp\/v2\/pages\/255\/revisions\/305"}],"wp:featuredmedia":[{"embeddable":true,"href":"https:\/\/erfolgsfaktor.de\/coaching-steuerberater\/wp-json\/wp\/v2\/media\/257"}],"wp:attachment":[{"href":"https:\/\/erfolgsfaktor.de\/coaching-steuerberater\/wp-json\/wp\/v2\/media?parent=255"}],"curies":[{"name":"wp","href":"https:\/\/api.w.org\/{rel}","templated":true}]}}