{"id":243,"date":"2020-09-21T12:13:28","date_gmt":"2020-09-21T10:13:28","guid":{"rendered":"https:\/\/erfolgsfaktor.de\/steuerberater\/?page_id=243"},"modified":"2020-09-23T08:44:51","modified_gmt":"2020-09-23T06:44:51","slug":"seminare-fuehrung-steuerberater","status":"publish","type":"page","link":"https:\/\/erfolgsfaktor.de\/coaching-steuerberater\/seminare-fuehrung-steuerberater\/","title":{"rendered":"Seminare F\u00fchrung Steuerberater"},"content":{"rendered":"\n<p>Unser Angebot <strong>Seminare F\u00fchrung f\u00fcr Steuerberater <\/strong>bietet eine Auswahl von Seminaren rund um die Themen Mitarbeiterf\u00fchrung, Personalf\u00fchrung, Umgang mit schwierigen Mitarbeitern, f\u00fchren schwieriger Mitarbeitergespr\u00e4che und Personalgespr\u00e4che.<\/p>\n\n\n\n<p>Wenn Sie Ihre <strong>Mitarbeiter-\/innen in der Steuerberatung oder Wirtschaftspr\u00fcfung professionell f\u00fchren<\/strong> und Sie sich in dieser Thematik weiterentwickeln, coachen oder beraten lassen m\u00f6chten, finden Sie hier eine Zusammenstellung relevanter <strong>F\u00fchrungstrainings und Coachings<\/strong> aus dem MTO-Consulting Seminarprogramm.<\/p>\n\n\n\n<figure class=\"wp-block-image\"><img decoding=\"async\" src=\"https:\/\/erfolgsfaktor.de\/coaching-steuerberater\/wp-content\/uploads\/sites\/4\/2020\/09\/01-mto-seminare.gif\" alt=\"Seminare f\u00fcr Steuerberater\"\/><figcaption>Seminare f\u00fcr Steuerberater<\/figcaption><\/figure>\n\n\n\n<figure class=\"wp-block-image alignwide size-large\"><img decoding=\"async\" src=\"https:\/\/www.mto-consulting.de\/Bilder\/Seminar-Fuehrung-professionals.gif\" alt=\"Seminare F\u00fchrung Steuerberater\"\/><figcaption>Seminar F\u00fchrung 4 Professionals<\/figcaption><\/figure>\n\n\n\n<h3 class=\"wp-block-heading\" id=\"block-45ef5c97-fd95-48dc-b967-c4be0cd55299\"><strong>Seminare <\/strong>f\u00fcr Steuerberater<br><strong>F\u00fchrung 4 Professionals<\/strong><\/h3>\n\n\n\n<ul class=\"wp-block-list\"><li><strong>Psychologie + Mitarbeiterf\u00fchrung<\/strong><br>psychologische Grundlagen + Werkzeuge<\/li><li><strong>F\u00fchren mit starker Pers\u00f6nlichkeit<\/strong>:<br>F\u00fchrungsst\u00e4rke, Autorit\u00e4t und Souver\u00e4nit\u00e4t<\/li><li><strong>F\u00fchren mit Klartext und starken Worten<\/strong><br>Verbal mehr erreichen, mit Klartext, psychologischem Fingerspitzengef\u00fchl und starken Worten<\/li><li><strong>F\u00fchren + durchsetzen hart auf hart<\/strong><br>Mit F\u00fchrungsst\u00e4rke und positiver Schlagfertigkeit durchsetzungsstark reagieren<\/li><li><strong>Die Kraft der L\u00f6sung<\/strong>:<br>Solution Fokus als F\u00fchrungswerkzeug<\/li><\/ul>\n\n\n\n<div class=\"wp-block-buttons is-layout-flex wp-block-buttons-is-layout-flex\">\n<div class=\"wp-block-button\"><a class=\"wp-block-button__link\" href=\"https:\/\/www.mto-consulting.de\/Fuehrung-4-Professionals.htm\" target=\"_blank\" rel=\"noreferrer noopener\">Seminar F\u00fchrung 4 Professionals<\/a><\/div>\n<\/div>\n\n\n\n<figure class=\"wp-block-image alignwide size-large\"><img decoding=\"async\" src=\"https:\/\/www.mto-consulting.de\/Bilder\/Seminar-Fuehrungsstaerke.gif\" alt=\"Seminare F\u00fchrung Steuerberater\"\/><figcaption>Seminar F\u00fchrungsst\u00e4rke, Autorit\u00e4t, Souver\u00e4nit\u00e4t<\/figcaption><\/figure>\n\n\n\n<h3 class=\"wp-block-heading\">Seminare Steuerberater F\u00fchrung F\u00fchrungsst\u00e4rke Autorit\u00e4t Souver\u00e4nit\u00e4t<\/h3>\n\n\n\n<ul class=\"wp-block-list\"><li><strong>F\u00fchrungsst\u00e4rke:<\/strong>&nbsp;<strong>Autorit\u00e4t und Souver\u00e4nit\u00e4t<\/strong> mit starker Pers\u00f6nlichkeit stark und souver\u00e4n Auftreten und F\u00fchren<\/li><li><strong>F\u00fchrungsst\u00e4rke:<\/strong>&nbsp;Verbale Autorit\u00e4t und verbale Souver\u00e4nit\u00e4t<br>Wir trainieren Nachdruck und Bestimmtheit<\/li><li><strong>F\u00fchrungsst\u00e4rke:<\/strong>&nbsp;Souver\u00e4n reagieren bei Angriffen und schwierigen Situationen, schlagfertig reagieren und souver\u00e4n zu kontern. Souver\u00e4n Grenzen setzen und Ziele erreichen.<\/li><li><strong>F\u00fchrungsst\u00e4rke:&nbsp;Souver\u00e4n L\u00f6sungen finden<\/strong><br>F\u00fchrungsst\u00e4rke zeigt sich an der F\u00e4higkeit L\u00f6sungen zu finden, die Mitarbeiter einzubinden und f\u00fcr die Sache zu gewinnen.<\/li><\/ul>\n\n\n\n<div class=\"wp-block-buttons is-layout-flex wp-block-buttons-is-layout-flex\">\n<div class=\"wp-block-button\"><a class=\"wp-block-button__link\" href=\"https:\/\/www.mto-consulting.de\/Seminar-Fuehrungsstaerke.htm\" target=\"_blank\" rel=\"noreferrer noopener\">Seminar F\u00fchrungsst\u00e4rke<\/a><\/div>\n<\/div>\n\n\n\n<figure class=\"wp-block-image alignwide size-large\"><img decoding=\"async\" src=\"https:\/\/www.mto-consulting.de\/Bilder\/Seminar-Fuehrung-durchsetzen.gif\" alt=\"\"\/><figcaption>Seminar F\u00fchrung durchsetzen<\/figcaption><\/figure>\n\n\n\n<h3 class=\"wp-block-heading\">Seminare f\u00fcr Steuerberater F\u00fchrung durchsetzen<\/h3>\n\n\n\n<ul class=\"wp-block-list\"><li><strong>F\u00fchrung durchsetzen mit Psychologie<\/strong><br>die psychologischen Grundlagen und Werkzeuge<\/li><li><strong>F\u00fchrung durchsetzen mit starker Pers\u00f6nlichkeit<\/strong><br>F\u00fchrungsst\u00e4rke, Autorit\u00e4t + Souver\u00e4nit\u00e4t, die eigene Pers\u00f6nlichkeit st\u00e4rken<\/li><li><strong>F\u00fchrung verbal durchsetzen verbale F\u00fchrungsst\u00e4rke<\/strong><br>Verbal souver\u00e4n f\u00fchren, mit psychologischem Fingerspitzengef\u00fchl und starken Worten<\/li><li><strong>F\u00fchrung durchsetzen bei Widerstand<\/strong><br>Mit F\u00fchrungsst\u00e4rke, Schlagfertigkeit + psychologischen Tricks durchsetzungsstark reagieren<\/li><li><strong>F\u00fchrung durchsetzen mit der Kraft der L\u00f6sung<\/strong><br>L\u00f6sungsorientiert F\u00fchren und durchsetzen mit der Kraft der L\u00f6sung<\/li><\/ul>\n\n\n\n<div class=\"wp-block-buttons is-layout-flex wp-block-buttons-is-layout-flex\">\n<div class=\"wp-block-button\"><a class=\"wp-block-button__link\" href=\"https:\/\/www.mto-consulting.de\/Fuehrung.htm\" target=\"_blank\" rel=\"noreferrer noopener\">Seminar F\u00fchrung Durchsetzen<\/a><\/div>\n<\/div>\n\n\n\n<figure class=\"wp-block-image alignwide size-large\"><img decoding=\"async\" src=\"https:\/\/www.mto-consulting.de\/Bilder\/Seminar-Mitarbeitergespraech.gif\" alt=\"\"\/><figcaption>Seminar Mitarbeitergespr\u00e4che Kritikgespr\u00e4che Gespr\u00e4chsf\u00fchrung 4 Professionals<\/figcaption><\/figure>\n\n\n\n<h3 class=\"wp-block-heading\">Seminare F\u00fchrung Kritikgespr\u00e4che Mitarbeitergespr\u00e4che Steuerberater<\/h3>\n\n\n\n<ul class=\"wp-block-list\"><li><strong>Gespr\u00e4chsf\u00fchrung Mitarbeitergespr\u00e4che + Kritikgespr\u00e4che<\/strong><br>Psychologische Mechanismen + Einflussfaktoren im Mitarbeiter- und Kritikgespr\u00e4ch<\/li><li><strong>Mitarbeitergespr\u00e4che + Gespr\u00e4chsf\u00fchrung mit starker Pers\u00f6nlichkeit<\/strong> Nachdruck und Bestimmtheit, Autorit\u00e4t und Konsequenz. Pers\u00f6nliche Wirkung im Mitarbeiter- und Kritikgespr\u00e4ch<\/li><li><strong>Mitarbeitergespr\u00e4che + Gespr\u00e4chsf\u00fchrung mit starken Worten<\/strong><br>Verbale Werkzeuge plus sichere Wortwahl und der richtige Tonfall im Mitarbeiter- und Kritikgespr\u00e4ch<\/li><li><strong>Mitarbeitergespr\u00e4che + Gespr\u00e4chsf\u00fchrung bei Widerstand<\/strong><br>In Mitarbeiter- und Kritikgespr\u00e4chen schlagfertig reagieren<\/li><li><strong>Mitarbeitergespr\u00e4chen + Gespr\u00e4chsf\u00fchrung mit mit der Kraft der L\u00f6sung<\/strong> L\u00f6sungsorientierte Mitarbeitergespr\u00e4che, Gewinn-Gewinnl\u00f6sungen und Einwandbehandlung.<\/li><\/ul>\n\n\n\n<div class=\"wp-block-buttons is-layout-flex wp-block-buttons-is-layout-flex\">\n<div class=\"wp-block-button\"><a class=\"wp-block-button__link\" href=\"https:\/\/www.mto-consulting.de\/Mitarbeitergespraech-Kritikgespraech.htm\" target=\"_blank\" rel=\"noreferrer noopener\">Seminar Mitarbeitergespr\u00e4che &#8211; KritikGespr\u00e4che<\/a><\/div>\n<\/div>\n\n\n\n<figure class=\"wp-block-image alignwide size-large\"><img decoding=\"async\" src=\"https:\/\/www.mto-consulting.de\/Bilder\/Seminar-Gespraechsfuehrung.gif\" alt=\"\"\/><figcaption>Gespr\u00e4chstraining &#8211; Gespr\u00e4chsf\u00fchrung 4 Professionals<\/figcaption><\/figure>\n\n\n\n<h3 class=\"wp-block-heading\">Gespr\u00e4chstraining f\u00fcr Steuerberater Seminar Gespr\u00e4chsf\u00fchrung<\/h3>\n\n\n\n<h5 class=\"wp-block-heading\">Das Seminar&nbsp;<strong>Gespr\u00e4chsf\u00fchrung 4 Professionals<\/strong>&nbsp;st\u00e4rkt nachhaltig die 4 zentralen Skills:<\/h5>\n\n\n\n<ul class=\"wp-block-list\"><li><strong>Gespr\u00e4chsf\u00fchrung mit starker Pers\u00f6nlichkeit<\/strong><\/li><li><strong>Gespr\u00e4chsf\u00fchrung mit \u00fcberzeugenden Worten<\/strong><\/li><li><strong>Gespr\u00e4chsf\u00fchrung bei Widerstand und Unsachlichkeit<\/strong><\/li><li><strong>Gespr\u00e4chsf\u00fchrung l\u00f6sungsorientiert. Gespr\u00e4che mit der Kraft der L\u00f6sung<\/strong><\/li><\/ul>\n\n\n\n<div class=\"wp-block-buttons is-layout-flex wp-block-buttons-is-layout-flex\">\n<div class=\"wp-block-button\"><a class=\"wp-block-button__link\" href=\"https:\/\/www.mto-consulting.de\/Seminar-Gespraechsfuehrung-4-Professionals.htm\" target=\"_blank\" rel=\"noreferrer noopener\">Seminar Gespr\u00e4chsf\u00fchrung 4 Professionals<\/a><\/div>\n<\/div>\n\n\n\n<figure class=\"wp-block-image alignwide size-large\"><img decoding=\"async\" src=\"https:\/\/www.mto-consulting.de\/Bilder\/Seminar-Fehlverhalten-Problemverhalten.gif\" alt=\"\"\/><figcaption>Seminar Fehlverhalten Problemverhalten Umgang mit schwierigen Mitarbeitern m\/w\/d<\/figcaption><\/figure>\n\n\n\n<h3 class=\"wp-block-heading\">Seminare F\u00fchrung f\u00fcr Steuerberater Fehlverhalten &#8211; Problemverhalten<\/h3>\n\n\n\n<ul class=\"wp-block-list\"><li>Problem-und Fehlverhalten: Erscheinungsformen und Kosten<\/li><li>Ursachen und Gr\u00fcnde f\u00fcr unerw\u00fcnschte Verhaltensweisen<\/li><li>F\u00fchrungsst\u00e4rke, Konsequenz, Autorit\u00e4t, Zielorientierung<\/li><li>Pers\u00f6nliche Durchsetzungsstrategien bei Fehlverhalten<\/li><li>F\u00fchren mit durchsetzungsstarker Kommunikation<\/li><li>kritische F\u00fchrungssituationen und schwierige Mitarbeiter<\/li><li>Mitarbeitergespr\u00e4che, Kritikgespr\u00e4che und Gespr\u00e4chshilfsmittel<\/li><li>Mittel, wenn Gespr\u00e4che &#8222;nicht fruchten&#8220;<\/li><\/ul>\n\n\n\n<div class=\"wp-block-buttons is-layout-flex wp-block-buttons-is-layout-flex\">\n<div class=\"wp-block-button\"><a class=\"wp-block-button__link\" href=\"https:\/\/www.mto-consulting.de\/Fehlverhalten.htm\" target=\"_blank\" rel=\"noreferrer noopener\">Seminar Fehlverhalten Problemverhalten<\/a><\/div>\n<\/div>\n\n\n\n<figure class=\"wp-block-image alignwide size-large\"><img decoding=\"async\" src=\"https:\/\/www.mto-consulting.de\/Bilder\/Seminar-laterale-Fuehrung.gif\" alt=\"\"\/><figcaption>Seminar Laterale F\u00fchrung &#8211; f\u00fchren ohne Vorgesetztenfunktion<\/figcaption><\/figure>\n\n\n\n<h2 class=\"wp-block-heading\">Seminare Laterale F\u00fchrung f\u00fcr Steuerberater<\/h2>\n\n\n\n<ul class=\"wp-block-list\"><li><strong>Mit Psychologie wirksam lateral f\u00fchren:<\/strong><br>Menschenkenntnis als psychologische Grundlage der lateralen F\u00fchrung<\/li><li><strong>Pers\u00f6nlichkeit als Instrument f\u00fcr das laterale F\u00fchren<\/strong>:<br>F\u00fchrungsst\u00e4rke in der Lateralen F\u00fchrung<\/li><li><strong>Verbale Werkzeuge f\u00fcr das laterale F\u00fchren<\/strong>:<br>das Yin + Yang der verbalen lateralen F\u00fchrung, dir richtige Balance aus Klartext, Augenh\u00f6he und Verst\u00e4ndnis<\/li><li><strong>Laterale F\u00fchrung, wenn es hart auf hart kommt<\/strong><br>Positive Schlagfertigkeit bei Angriffen, Widerstand und Verlassen der Sachebene<\/li><li><strong>Deeskalation und laterales F\u00fchren, die Kraft der L\u00f6sung<\/strong>:<br>Solution Fokus und Solution Mindeset, die richtigen L\u00f6sungswerkzeuge<\/li><\/ul>\n\n\n\n<div class=\"wp-block-buttons is-layout-flex wp-block-buttons-is-layout-flex\">\n<div class=\"wp-block-button\"><a class=\"wp-block-button__link\" href=\"https:\/\/www.mto-consulting.de\/laterale-Fuehrung.htm\" target=\"_blank\" rel=\"noreferrer noopener\">Seminar Laterale F\u00fchrung<\/a><\/div>\n<\/div>\n\n\n\n<figure class=\"wp-block-image size-large\"><img loading=\"lazy\" decoding=\"async\" width=\"200\" height=\"200\" src=\"https:\/\/erfolgsfaktor.de\/coaching-steuerberater\/wp-content\/uploads\/sites\/4\/2020\/09\/Coaching-Fuehrung.gif\" alt=\"Coaching F\u00fchrung\" class=\"wp-image-25\"\/><\/figure>\n\n\n\n<p>Erg\u00e4nzend coachen wir Sie auch bei&nbsp;<strong>pers\u00f6nlichen F\u00fchrungsthemen und kritischen Situationen mit und zwischen Ihren<\/strong> <strong>Mitarbeitern<\/strong>.<\/p>\n\n\n\n<div class=\"wp-block-buttons is-layout-flex wp-block-buttons-is-layout-flex\">\n<div class=\"wp-block-button\"><a class=\"wp-block-button__link\" href=\"https:\/\/erfolgsfaktor.de\/coaching-steuerberater\/fuehrung-steuerberater\/\">Coaching F\u00fchrung<\/a><\/div>\n<\/div>\n\n\n\n<h3 class=\"wp-block-heading\">Coaching anfragen \/ vereinbaren<\/h3>\n\n\n\n<div class=\"wp-block-cover has-accent-background-color has-background-dim\"><div class=\"wp-block-cover__inner-container is-layout-flow wp-block-cover-is-layout-flow\">\n<p class=\"has-text-align-center has-accent-color has-background-background-color has-text-color has-background has-large-font-size\"><a href=\"mailto: j.junker@erfolgsfaktor.de?subject=F\u00fchrungscoaching-f\u00fcr-Steuerberater-Wirtschaftspr\u00fcfer\">Coaching anfragen \/ vereinbaren<\/a><\/p>\n<\/div><\/div>\n\n\n\n<h2 class=\"wp-block-heading\" id=\"block-7f6be20f-aefc-4847-9ee1-2aa6d4136297\">Seminare f\u00fcr Steuerberater<\/h2>\n\n\n\n<figure class=\"wp-block-image size-large\"><img loading=\"lazy\" decoding=\"async\" width=\"200\" height=\"200\" src=\"https:\/\/erfolgsfaktor.de\/coaching-steuerberater\/wp-content\/uploads\/sites\/4\/2020\/09\/Seminare-fuer-Steuerberater.gif\" alt=\"Seminare f\u00fcr Steuerberater\" class=\"wp-image-180\"\/><figcaption>Seminare Steuerberatung und Wirtschaftspr\u00fcfung<\/figcaption><\/figure>\n\n\n\n<div class=\"wp-block-cover has-secondary-background-color has-background-dim\"><div class=\"wp-block-cover__inner-container is-layout-flow wp-block-cover-is-layout-flow\">\n<p class=\"has-text-align-center has-primary-color has-background-background-color has-text-color has-background has-larger-font-size\"><a href=\"https:\/\/erfolgsfaktor.de\/coaching-steuerberater\/seminare-steuerberater\/\">zur\u00fcck zur \u00dcbersicht<br>Seminare f\u00fcr Steuerberater<\/a><\/p>\n<\/div><\/div>\n\n\n\n<p><\/p>\n","protected":false},"excerpt":{"rendered":"<p>Unser Angebot Seminare F\u00fchrung f\u00fcr Steuerberater bietet eine Auswahl von Seminaren rund um die Themen Mitarbeiterf\u00fchrung, Personalf\u00fchrung, Umgang mit schwierigen Mitarbeitern, f\u00fchren schwieriger Mitarbeitergespr\u00e4che und Personalgespr\u00e4che. Wenn Sie Ihre Mitarbeiter-\/innen in der Steuerberatung oder Wirtschaftspr\u00fcfung professionell f\u00fchren und Sie sich in dieser Thematik weiterentwickeln, coachen oder beraten lassen m\u00f6chten, finden Sie hier eine Zusammenstellung relevanter&hellip;&nbsp;<a href=\"https:\/\/erfolgsfaktor.de\/coaching-steuerberater\/seminare-fuehrung-steuerberater\/\" rel=\"bookmark\">Weiterlesen &raquo;<span class=\"screen-reader-text\">Seminare F\u00fchrung Steuerberater<\/span><\/a><\/p>\n","protected":false},"author":1,"featured_media":246,"parent":0,"menu_order":0,"comment_status":"closed","ping_status":"closed","template":"","meta":{"neve_meta_sidebar":"","neve_meta_container":"","neve_meta_enable_content_width":"","neve_meta_content_width":0,"neve_meta_title_alignment":"","neve_meta_author_avatar":"","neve_post_elements_order":"","neve_meta_disable_header":"","neve_meta_disable_footer":"","neve_meta_disable_title":"","footnotes":""},"class_list":["post-243","page","type-page","status-publish","has-post-thumbnail","hentry"],"yoast_head":"<!-- This site is optimized with the Yoast SEO plugin v26.8 - https:\/\/yoast.com\/product\/yoast-seo-wordpress\/ -->\n<title>Seminare F\u00fchrung Steuerberater - Coaching Steuerberater<\/title>\n<meta name=\"description\" content=\"Seminare F\u00fchrung f\u00fcr Steuerberater und Wirtschaftspr\u00fcfer, Mitarbeiterf\u00fchrung, Personalf\u00fchrung, Kritikgespr\u00e4che, Mitarbeitergespr\u00e4che\" \/>\n<meta name=\"robots\" content=\"index, follow, max-snippet:-1, max-image-preview:large, max-video-preview:-1\" \/>\n<link rel=\"canonical\" href=\"https:\/\/erfolgsfaktor.de\/coaching-steuerberater\/seminare-fuehrung-steuerberater\/\" \/>\n<meta property=\"og:locale\" content=\"de_DE\" \/>\n<meta property=\"og:type\" content=\"article\" \/>\n<meta property=\"og:title\" content=\"Seminare F\u00fchrung Steuerberater - Coaching Steuerberater\" \/>\n<meta property=\"og:description\" content=\"Seminare F\u00fchrung f\u00fcr Steuerberater und Wirtschaftspr\u00fcfer, Mitarbeiterf\u00fchrung, Personalf\u00fchrung, Kritikgespr\u00e4che, Mitarbeitergespr\u00e4che\" \/>\n<meta property=\"og:url\" content=\"https:\/\/erfolgsfaktor.de\/coaching-steuerberater\/seminare-fuehrung-steuerberater\/\" \/>\n<meta property=\"og:site_name\" content=\"Coaching Steuerberater\" \/>\n<meta property=\"article:modified_time\" content=\"2020-09-23T06:44:51+00:00\" \/>\n<meta property=\"og:image\" content=\"https:\/\/erfolgsfaktor.de\/coaching-steuerberater\/wp-content\/uploads\/sites\/4\/2020\/09\/Seminare-Fuehrung.gif\" \/>\n\t<meta property=\"og:image:width\" content=\"200\" \/>\n\t<meta property=\"og:image:height\" content=\"200\" \/>\n\t<meta property=\"og:image:type\" content=\"image\/gif\" \/>\n<meta name=\"twitter:card\" content=\"summary_large_image\" \/>\n<meta name=\"twitter:label1\" content=\"Gesch\u00e4tzte Lesezeit\" \/>\n\t<meta name=\"twitter:data1\" content=\"4\u00a0Minuten\" \/>\n<script type=\"application\/ld+json\" class=\"yoast-schema-graph\">{\"@context\":\"https:\/\/schema.org\",\"@graph\":[{\"@type\":\"WebPage\",\"@id\":\"https:\/\/erfolgsfaktor.de\/coaching-steuerberater\/seminare-fuehrung-steuerberater\/\",\"url\":\"https:\/\/erfolgsfaktor.de\/coaching-steuerberater\/seminare-fuehrung-steuerberater\/\",\"name\":\"Seminare F\u00fchrung Steuerberater - Coaching Steuerberater\",\"isPartOf\":{\"@id\":\"https:\/\/erfolgsfaktor.de\/coaching-steuerberater\/#website\"},\"primaryImageOfPage\":{\"@id\":\"https:\/\/erfolgsfaktor.de\/coaching-steuerberater\/seminare-fuehrung-steuerberater\/#primaryimage\"},\"image\":{\"@id\":\"https:\/\/erfolgsfaktor.de\/coaching-steuerberater\/seminare-fuehrung-steuerberater\/#primaryimage\"},\"thumbnailUrl\":\"https:\/\/erfolgsfaktor.de\/coaching-steuerberater\/wp-content\/uploads\/sites\/4\/2020\/09\/Seminare-Fuehrung.gif\",\"datePublished\":\"2020-09-21T10:13:28+00:00\",\"dateModified\":\"2020-09-23T06:44:51+00:00\",\"description\":\"Seminare F\u00fchrung f\u00fcr Steuerberater und Wirtschaftspr\u00fcfer, Mitarbeiterf\u00fchrung, Personalf\u00fchrung, Kritikgespr\u00e4che, Mitarbeitergespr\u00e4che\",\"breadcrumb\":{\"@id\":\"https:\/\/erfolgsfaktor.de\/coaching-steuerberater\/seminare-fuehrung-steuerberater\/#breadcrumb\"},\"inLanguage\":\"de\",\"potentialAction\":[{\"@type\":\"ReadAction\",\"target\":[\"https:\/\/erfolgsfaktor.de\/coaching-steuerberater\/seminare-fuehrung-steuerberater\/\"]}]},{\"@type\":\"ImageObject\",\"inLanguage\":\"de\",\"@id\":\"https:\/\/erfolgsfaktor.de\/coaching-steuerberater\/seminare-fuehrung-steuerberater\/#primaryimage\",\"url\":\"https:\/\/erfolgsfaktor.de\/coaching-steuerberater\/wp-content\/uploads\/sites\/4\/2020\/09\/Seminare-Fuehrung.gif\",\"contentUrl\":\"https:\/\/erfolgsfaktor.de\/coaching-steuerberater\/wp-content\/uploads\/sites\/4\/2020\/09\/Seminare-Fuehrung.gif\",\"width\":200,\"height\":200,\"caption\":\"Seminare F\u00fchrung f\u00fcr Steuerberater\"},{\"@type\":\"BreadcrumbList\",\"@id\":\"https:\/\/erfolgsfaktor.de\/coaching-steuerberater\/seminare-fuehrung-steuerberater\/#breadcrumb\",\"itemListElement\":[{\"@type\":\"ListItem\",\"position\":1,\"name\":\"Startseite\",\"item\":\"https:\/\/erfolgsfaktor.de\/coaching-steuerberater\/\"},{\"@type\":\"ListItem\",\"position\":2,\"name\":\"Seminare F\u00fchrung Steuerberater\"}]},{\"@type\":\"WebSite\",\"@id\":\"https:\/\/erfolgsfaktor.de\/coaching-steuerberater\/#website\",\"url\":\"https:\/\/erfolgsfaktor.de\/coaching-steuerberater\/\",\"name\":\"Coaching Steuerberater\",\"description\":\"Erfolgsfaktor Coaching\",\"potentialAction\":[{\"@type\":\"SearchAction\",\"target\":{\"@type\":\"EntryPoint\",\"urlTemplate\":\"https:\/\/erfolgsfaktor.de\/coaching-steuerberater\/?s={search_term_string}\"},\"query-input\":{\"@type\":\"PropertyValueSpecification\",\"valueRequired\":true,\"valueName\":\"search_term_string\"}}],\"inLanguage\":\"de\"}]}<\/script>\n<!-- \/ Yoast SEO plugin. -->","yoast_head_json":{"title":"Seminare F\u00fchrung Steuerberater - Coaching Steuerberater","description":"Seminare F\u00fchrung f\u00fcr Steuerberater und Wirtschaftspr\u00fcfer, Mitarbeiterf\u00fchrung, Personalf\u00fchrung, Kritikgespr\u00e4che, Mitarbeitergespr\u00e4che","robots":{"index":"index","follow":"follow","max-snippet":"max-snippet:-1","max-image-preview":"max-image-preview:large","max-video-preview":"max-video-preview:-1"},"canonical":"https:\/\/erfolgsfaktor.de\/coaching-steuerberater\/seminare-fuehrung-steuerberater\/","og_locale":"de_DE","og_type":"article","og_title":"Seminare F\u00fchrung Steuerberater - Coaching Steuerberater","og_description":"Seminare F\u00fchrung f\u00fcr Steuerberater und Wirtschaftspr\u00fcfer, Mitarbeiterf\u00fchrung, Personalf\u00fchrung, Kritikgespr\u00e4che, Mitarbeitergespr\u00e4che","og_url":"https:\/\/erfolgsfaktor.de\/coaching-steuerberater\/seminare-fuehrung-steuerberater\/","og_site_name":"Coaching Steuerberater","article_modified_time":"2020-09-23T06:44:51+00:00","og_image":[{"width":200,"height":200,"url":"https:\/\/erfolgsfaktor.de\/coaching-steuerberater\/wp-content\/uploads\/sites\/4\/2020\/09\/Seminare-Fuehrung.gif","type":"image\/gif"}],"twitter_card":"summary_large_image","twitter_misc":{"Gesch\u00e4tzte Lesezeit":"4\u00a0Minuten"},"schema":{"@context":"https:\/\/schema.org","@graph":[{"@type":"WebPage","@id":"https:\/\/erfolgsfaktor.de\/coaching-steuerberater\/seminare-fuehrung-steuerberater\/","url":"https:\/\/erfolgsfaktor.de\/coaching-steuerberater\/seminare-fuehrung-steuerberater\/","name":"Seminare F\u00fchrung Steuerberater - Coaching Steuerberater","isPartOf":{"@id":"https:\/\/erfolgsfaktor.de\/coaching-steuerberater\/#website"},"primaryImageOfPage":{"@id":"https:\/\/erfolgsfaktor.de\/coaching-steuerberater\/seminare-fuehrung-steuerberater\/#primaryimage"},"image":{"@id":"https:\/\/erfolgsfaktor.de\/coaching-steuerberater\/seminare-fuehrung-steuerberater\/#primaryimage"},"thumbnailUrl":"https:\/\/erfolgsfaktor.de\/coaching-steuerberater\/wp-content\/uploads\/sites\/4\/2020\/09\/Seminare-Fuehrung.gif","datePublished":"2020-09-21T10:13:28+00:00","dateModified":"2020-09-23T06:44:51+00:00","description":"Seminare F\u00fchrung f\u00fcr Steuerberater und Wirtschaftspr\u00fcfer, Mitarbeiterf\u00fchrung, Personalf\u00fchrung, Kritikgespr\u00e4che, Mitarbeitergespr\u00e4che","breadcrumb":{"@id":"https:\/\/erfolgsfaktor.de\/coaching-steuerberater\/seminare-fuehrung-steuerberater\/#breadcrumb"},"inLanguage":"de","potentialAction":[{"@type":"ReadAction","target":["https:\/\/erfolgsfaktor.de\/coaching-steuerberater\/seminare-fuehrung-steuerberater\/"]}]},{"@type":"ImageObject","inLanguage":"de","@id":"https:\/\/erfolgsfaktor.de\/coaching-steuerberater\/seminare-fuehrung-steuerberater\/#primaryimage","url":"https:\/\/erfolgsfaktor.de\/coaching-steuerberater\/wp-content\/uploads\/sites\/4\/2020\/09\/Seminare-Fuehrung.gif","contentUrl":"https:\/\/erfolgsfaktor.de\/coaching-steuerberater\/wp-content\/uploads\/sites\/4\/2020\/09\/Seminare-Fuehrung.gif","width":200,"height":200,"caption":"Seminare F\u00fchrung f\u00fcr Steuerberater"},{"@type":"BreadcrumbList","@id":"https:\/\/erfolgsfaktor.de\/coaching-steuerberater\/seminare-fuehrung-steuerberater\/#breadcrumb","itemListElement":[{"@type":"ListItem","position":1,"name":"Startseite","item":"https:\/\/erfolgsfaktor.de\/coaching-steuerberater\/"},{"@type":"ListItem","position":2,"name":"Seminare F\u00fchrung Steuerberater"}]},{"@type":"WebSite","@id":"https:\/\/erfolgsfaktor.de\/coaching-steuerberater\/#website","url":"https:\/\/erfolgsfaktor.de\/coaching-steuerberater\/","name":"Coaching Steuerberater","description":"Erfolgsfaktor Coaching","potentialAction":[{"@type":"SearchAction","target":{"@type":"EntryPoint","urlTemplate":"https:\/\/erfolgsfaktor.de\/coaching-steuerberater\/?s={search_term_string}"},"query-input":{"@type":"PropertyValueSpecification","valueRequired":true,"valueName":"search_term_string"}}],"inLanguage":"de"}]}},"_links":{"self":[{"href":"https:\/\/erfolgsfaktor.de\/coaching-steuerberater\/wp-json\/wp\/v2\/pages\/243","targetHints":{"allow":["GET"]}}],"collection":[{"href":"https:\/\/erfolgsfaktor.de\/coaching-steuerberater\/wp-json\/wp\/v2\/pages"}],"about":[{"href":"https:\/\/erfolgsfaktor.de\/coaching-steuerberater\/wp-json\/wp\/v2\/types\/page"}],"author":[{"embeddable":true,"href":"https:\/\/erfolgsfaktor.de\/coaching-steuerberater\/wp-json\/wp\/v2\/users\/1"}],"replies":[{"embeddable":true,"href":"https:\/\/erfolgsfaktor.de\/coaching-steuerberater\/wp-json\/wp\/v2\/comments?post=243"}],"version-history":[{"count":8,"href":"https:\/\/erfolgsfaktor.de\/coaching-steuerberater\/wp-json\/wp\/v2\/pages\/243\/revisions"}],"predecessor-version":[{"id":301,"href":"https:\/\/erfolgsfaktor.de\/coaching-steuerberater\/wp-json\/wp\/v2\/pages\/243\/revisions\/301"}],"wp:featuredmedia":[{"embeddable":true,"href":"https:\/\/erfolgsfaktor.de\/coaching-steuerberater\/wp-json\/wp\/v2\/media\/246"}],"wp:attachment":[{"href":"https:\/\/erfolgsfaktor.de\/coaching-steuerberater\/wp-json\/wp\/v2\/media?parent=243"}],"curies":[{"name":"wp","href":"https:\/\/api.w.org\/{rel}","templated":true}]}}