{"id":239,"date":"2020-09-19T10:26:09","date_gmt":"2020-09-19T08:26:09","guid":{"rendered":"https:\/\/erfolgsfaktor.de\/steuerberater\/?page_id=239"},"modified":"2020-11-09T10:28:18","modified_gmt":"2020-11-09T09:28:18","slug":"seminare-steuerberater","status":"publish","type":"page","link":"https:\/\/erfolgsfaktor.de\/coaching-steuerberater\/seminare-steuerberater\/","title":{"rendered":"Seminare Steuerberater"},"content":{"rendered":"\n<p><strong>Seminare f\u00fcr Steuerberater und Wirtschaftspr\u00fcfer<\/strong> bietet Ihnen eine Auswahl aus dem MTO-Consulting Seminarangebot, das insbesondere f\u00fcr Mitarbeiter m\/w\/d, F\u00fchrungskr\u00e4fte, Partner und Gesch\u00e4ftsleitung in Steuerberatung und Wirtschaftspr\u00fcfung relevant ist.<\/p>\n\n\n\n<figure class=\"wp-block-image size-large\"><img loading=\"lazy\" decoding=\"async\" width=\"600\" height=\"812\" src=\"https:\/\/erfolgsfaktor.de\/coaching-steuerberater\/wp-content\/uploads\/sites\/4\/2020\/09\/startseite-fuer-steuerberater.jpg\" alt=\"Coachings und Seminarangebote Steuerberatung und Wirtschaftspr\u00fcfung\" class=\"wp-image-221\" srcset=\"https:\/\/erfolgsfaktor.de\/coaching-steuerberater\/wp-content\/uploads\/sites\/4\/2020\/09\/startseite-fuer-steuerberater.jpg 600w, https:\/\/erfolgsfaktor.de\/coaching-steuerberater\/wp-content\/uploads\/sites\/4\/2020\/09\/startseite-fuer-steuerberater-222x300.jpg 222w\" sizes=\"auto, (max-width: 600px) 100vw, 600px\" \/><figcaption>Dipl.-Psych. J\u00fcrgen Junker<\/figcaption><\/figure>\n\n\n\n<h2 class=\"wp-block-heading\">Seminare f\u00fcr Steuerberater Kommunikation<\/h2>\n\n\n\n<figure class=\"wp-block-image size-large\"><img loading=\"lazy\" decoding=\"async\" width=\"200\" height=\"200\" src=\"https:\/\/erfolgsfaktor.de\/coaching-steuerberater\/wp-content\/uploads\/sites\/4\/2020\/09\/Seminare-Kommunikation.gif\" alt=\"Seminare Kommunikation Steuerberatung und Wirtschaftspr\u00fcfer\" class=\"wp-image-191\"\/><figcaption>Seminare Kommunikation Steuerberatung und Wirtschaftspr\u00fcfung<\/figcaption><\/figure>\n\n\n\n<h2 class=\"wp-block-heading\">Seminare Kommunikation Steuerberatung + WP<\/h2>\n\n\n\n<p>Unser Angebot <strong>Seminare Kommunikation <\/strong>ist eine Auswahl von Seminaren rund um die Themen Kommunikation, Gespr\u00e4chsf\u00fchrung, Schlagfertigkeit, Wortwahl, Tonfall, non-verbale Kommunikation, wertsch\u00e4tzende Kommunikation und Rhetorik.<\/p>\n\n\n\n<p>Wenn Sie mit anspruchsvoller und rhetorisch geschulter Mandantschaft tagt\u00e4glich professionell kommunizieren m\u00fcssen, finden Sie hier eine Zusammenstellung relevanter Kommunikationstrainings und Coachings aus dem MTO-Consulting Seminarprogramm.<\/p>\n\n\n\n<div class=\"wp-block-buttons is-layout-flex wp-block-buttons-is-layout-flex\">\n<div class=\"wp-block-button\"><a class=\"wp-block-button__link\" href=\"https:\/\/erfolgsfaktor.de\/coaching-steuerberater\/seminare-kommunikation-steuerberater\/\">Seminare Kommunikation Steuerberater<\/a><\/div>\n<\/div>\n\n\n\n<h2 class=\"wp-block-heading\">Seminare zum Thema F\u00fchrung Steuerberater<\/h2>\n\n\n\n<figure class=\"wp-block-image size-large\"><img loading=\"lazy\" decoding=\"async\" width=\"200\" height=\"200\" src=\"https:\/\/erfolgsfaktor.de\/coaching-steuerberater\/wp-content\/uploads\/sites\/4\/2020\/09\/Seminare-Fuehrung.gif\" alt=\"Seminare F\u00fchrung f\u00fcr Steuerberater\" class=\"wp-image-246\"\/><figcaption>Mitarbeiterf\u00fchrung + Personalf\u00fchrung in der  Steuerberatung<\/figcaption><\/figure>\n\n\n\n<p>Unser Angebot&nbsp;<strong>Mitarbeiterf\u00fchrung f\u00fcr Steuerberater&nbsp;<\/strong>bietet eine Auswahl von Seminaren rund um die Themen Mitarbeiterf\u00fchrung, Personalf\u00fchrung, Umgang mit schwierigen Mitarbeitern, f\u00fchren schwieriger Mitarbeitergespr\u00e4che und Personalgespr\u00e4che.<\/p>\n\n\n\n<p>Wenn Sie Ihre&nbsp;<strong>Mitarbeiter-\/innen in der Steuerberatung oder Wirtschaftspr\u00fcfung professionell f\u00fchren<\/strong>&nbsp;und Sie sich in dieser Thematik weiterentwickeln, coachen oder beraten lassen m\u00f6chten, finden Sie hier eine Zusammenstellung relevanter&nbsp;<strong>F\u00fchrungstrainings und Coachings<\/strong>&nbsp;aus dem MTO-Consulting Seminarprogramm.<\/p>\n\n\n\n<div class=\"wp-block-buttons is-layout-flex wp-block-buttons-is-layout-flex\">\n<div class=\"wp-block-button\"><a class=\"wp-block-button__link\" href=\"https:\/\/erfolgsfaktor.de\/coaching-steuerberater\/seminare-fuehrung-steuerberater\/\">Seminare F\u00fchrung f\u00fcr Steuerberater<\/a><\/div>\n<\/div>\n\n\n\n<h2 class=\"wp-block-heading\">Seminare zum Durchsetzen f\u00fcr Steuerberater<\/h2>\n\n\n\n<figure class=\"wp-block-image size-large\"><img loading=\"lazy\" decoding=\"async\" width=\"200\" height=\"200\" src=\"https:\/\/erfolgsfaktor.de\/coaching-steuerberater\/wp-content\/uploads\/sites\/4\/2020\/09\/Seminare-Durchsetzen.gif\" alt=\"Seminare Durchsetzen Steuerberater\" class=\"wp-image-265\"\/><figcaption>Seminare Durchsetzen Steuerberatung und Wirtschaftspr\u00fcfung<\/figcaption><\/figure>\n\n\n\n<p>Unser Angebot&nbsp;<strong>zum Thema Durchsetzen <\/strong>ist eine Zusammenstellung unserer MTO-Consulting Seminare rund um die Themen Durchsetzungskraft, Durchsetzungsverm\u00f6gen, Durchsetzungsst\u00e4rke, Selbstbehauptung, Standing, Autorit\u00e4t und Souver\u00e4nit\u00e4t.<\/p>\n\n\n\n<div class=\"wp-block-buttons is-layout-flex wp-block-buttons-is-layout-flex\">\n<div class=\"wp-block-button\"><a class=\"wp-block-button__link\" href=\"https:\/\/erfolgsfaktor.de\/coaching-steuerberater\/seminare-durchsetzen-steuerberater\/\">Seminare Durchsetzen<\/a><\/div>\n<\/div>\n\n\n\n<h2 class=\"wp-block-heading\">Seminare Konflikte Steuerberater<\/h2>\n\n\n\n<figure class=\"wp-block-image size-large\"><img loading=\"lazy\" decoding=\"async\" width=\"200\" height=\"200\" src=\"https:\/\/erfolgsfaktor.de\/coaching-steuerberater\/wp-content\/uploads\/sites\/4\/2020\/09\/Seminare-Konflikte.gif\" alt=\"Seminare Konflikte Steuerberater\" class=\"wp-image-257\"\/><figcaption>Seminare Konfliktmanagement Steuerberatung<\/figcaption><\/figure>\n\n\n\n<p>Wenn Sie tagt\u00e4glich <strong>mit Konflikten Ihrer<\/strong> <strong>Mandanten oder mit Konflikten zwischen Gesch\u00e4ftspartnern bzw. Mitarbeitern umgehen m\u00fcssen<\/strong>&nbsp;und Sie sich in dieser Thematik weiterentwickeln, coachen oder beraten lassen m\u00f6chten, finden Sie hier eine Zusammenstellung relevanter&nbsp;<strong>Konflikttrainings und Coachings<\/strong>&nbsp;aus dem MTO-Consulting Seminarprogramm.<\/p>\n\n\n\n<div class=\"wp-block-buttons is-layout-flex wp-block-buttons-is-layout-flex\">\n<div class=\"wp-block-button\"><a class=\"wp-block-button__link\" href=\"https:\/\/erfolgsfaktor.de\/coaching-steuerberater\/seminare-konflikte-steuerberater\/\">Seminare Konflikte Steuerberatung<\/a><\/div>\n<\/div>\n\n\n\n<h2 class=\"wp-block-heading\">Seminare f\u00fcr Steuerberater Pers\u00f6nlichkeit<\/h2>\n\n\n\n<figure class=\"wp-block-image size-large\"><img loading=\"lazy\" decoding=\"async\" width=\"200\" height=\"200\" src=\"https:\/\/erfolgsfaktor.de\/coaching-steuerberater\/wp-content\/uploads\/sites\/4\/2020\/09\/Seminare-Persoenlichkeit.gif\" alt=\"Seminare Pers\u00f6nlichkeit Steuerberater\" class=\"wp-image-284\"\/><figcaption>Seminare Pers\u00f6nlichkeit Steuerberatung + Wirtschaftspr\u00fcfung<\/figcaption><\/figure>\n\n\n\n<p>Unser Angebot <strong>zum Thema Pers\u00f6nlichkeit <\/strong>bietet eine Auswahl von Pers\u00f6nlichkeitstrainings, Coachings und Seminaren zur Pers\u00f6nlichkeitsentwicklung.<\/p>\n\n\n\n<p>Wenn Sie sich pers\u00f6nlich weiterentwickeln und Ihre <strong>Pers\u00f6nlichkeit in der Steuerberatung und Wirtschaftspr\u00fcfung st\u00e4rken m\u00f6chten<\/strong>, finden Sie hier eine Zusammenstellung relevanter <strong>Trainings und Coachings<\/strong> aus dem MTO-Consulting Seminarprogramm.<\/p>\n\n\n\n<div class=\"wp-block-buttons is-layout-flex wp-block-buttons-is-layout-flex\">\n<div class=\"wp-block-button\"><a class=\"wp-block-button__link\" href=\"https:\/\/erfolgsfaktor.de\/coaching-steuerberater\/seminare-persoenlichkeit-steuerberater\/\">Seminare PErs\u00f6nlichkeit<\/a><\/div>\n<\/div>\n\n\n\n<h2 class=\"wp-block-heading\">Seminare f\u00fcr Steuerberater<br>Argumentation<\/h2>\n\n\n\n<figure class=\"wp-block-image size-large\"><img loading=\"lazy\" decoding=\"async\" width=\"200\" height=\"200\" src=\"https:\/\/erfolgsfaktor.de\/coaching-steuerberater\/wp-content\/uploads\/sites\/4\/2020\/09\/Seminare-Argumentation.gif\" alt=\"Seminare Argumentation f\u00fcr Steuerberatung und Wirtschaftspr\u00fcfer\" class=\"wp-image-192\"\/><figcaption>Seminare Argumentation Steuerberatung + Wirtschaftspr\u00fcfung<\/figcaption><\/figure>\n\n\n\n<p>Unser Angebot <strong>Seminare Argumentation <\/strong>ist eine Auswahl von Seminaren rund um die Themen Argumentieren, Argumentation, \u00dcberzeugen und Einwandbehandlung und Rhetorik.<\/p>\n\n\n\n<p>Wenn Sie im Umgang mit Gesch\u00e4ftspartnern, Investoren, Banken, und anspruchsvollen Mandanten tagt\u00e4glich <strong>souver\u00e4n argumentieren und \u00fcberzeugen<\/strong> m\u00fcssen finden hier eine Zusammenstellung relevanter <strong>Argumentationstrainings und Coachings<\/strong> aus dem MTO-Consulting Seminarprogramm.<\/p>\n\n\n\n<div class=\"wp-block-buttons is-layout-flex wp-block-buttons-is-layout-flex\">\n<div class=\"wp-block-button\"><a class=\"wp-block-button__link\" href=\"https:\/\/erfolgsfaktor.de\/coaching-steuerberater\/seminare-argumentation-steuerberater\/\">Seminare Argumentation f\u00fcr Steuerberater<\/a><\/div>\n<\/div>\n\n\n\n<h2 class=\"wp-block-heading\">Seminare f\u00fcr Steuerberater \u00dcberzeugen<\/h2>\n\n\n\n<figure class=\"wp-block-image size-large\"><img loading=\"lazy\" decoding=\"async\" width=\"200\" height=\"200\" src=\"https:\/\/erfolgsfaktor.de\/coaching-steuerberater\/wp-content\/uploads\/sites\/4\/2020\/09\/Seminare-Ueberzeugen.gif\" alt=\"Seminare \u00dcberzeugen f\u00fcr Steuerberater und Wirtschaftspr\u00fcfer\" class=\"wp-image-210\"\/><figcaption>Seminare \u00dcberzeugen Steuerberatung + Wirtschaftspr\u00fcfung<\/figcaption><\/figure>\n\n\n\n<p>F\u00fcr das Thema <strong>\u00dcberzeugen <\/strong>finden Sie eine Auswahl von Seminaren rund um die Themen Psychologie des \u00dcberzeugens, \u00fcberzeugend Pr\u00e4sentieren und \u00fcberzeugende Keynotes, Ansprachen und Reden.<\/p>\n\n\n\n<p>Wenn es f\u00fcr Sie wichtig ist Gesch\u00e4ftspartner, Investoren, Banken und anspruchsvollen Mandanten <strong>wirksam zu \u00fcberzeugen<\/strong> finden Sie hier eine Zusammenstellung relevanter <strong>Seminare und Coachings<\/strong> aus dem MTO-Consulting Seminarprogramm.<\/p>\n\n\n\n<div class=\"wp-block-buttons is-layout-flex wp-block-buttons-is-layout-flex\">\n<div class=\"wp-block-button\"><a class=\"wp-block-button__link\" href=\"https:\/\/erfolgsfaktor.de\/coaching-steuerberater\/seminare-ueberzeugen-steuerberater\/\">Seminare \u00dcberzeugen f\u00fcr Steuerberater<\/a><\/div>\n<\/div>\n\n\n\n<div class=\"wp-block-cover alignfull has-neve-link-color-background-color has-background-dim\"><div class=\"wp-block-cover__inner-container is-layout-flow wp-block-cover-is-layout-flow\">\n<p class=\"has-text-align-center has-accent-color has-background-background-color has-text-color has-background\" style=\"font-size:30px\"><strong>die Unterschiede<\/strong><\/p>\n<\/div><\/div>\n\n\n\n<figure class=\"wp-block-image size-large\"><img loading=\"lazy\" decoding=\"async\" width=\"200\" height=\"200\" src=\"https:\/\/erfolgsfaktor.de\/coaching-steuerberater\/wp-content\/uploads\/sites\/4\/2020\/09\/maximale-teilnehmerzahl.gif\" alt=\"Seminare maximal 1-3 TN\" class=\"wp-image-225\"\/><figcaption>MTO-Consulting Seminare + Coachings<\/figcaption><\/figure>\n\n\n\n<p><strong>Seminare<\/strong>&nbsp;mit max. 1-3 TN<br><strong>Format:<\/strong>&nbsp;Online + vor Ort<\/p>\n\n\n\n<p>Kleine Gruppe, direktes Eingehen auf Ihre Anliegen<\/p>\n\n\n\n<ul class=\"wp-block-list\"><li>viel Raum f\u00fcr Sie und Ihre Fragen<\/li><li>deutlich mehr Feedback<\/li><li>viele \u00dcbungen und direktes Anwenden<\/li><li>gezieltes Training f\u00fcr die Praxis<\/li><\/ul>\n\n\n\n<figure class=\"wp-block-image size-large\"><img loading=\"lazy\" decoding=\"async\" width=\"200\" height=\"200\" src=\"https:\/\/erfolgsfaktor.de\/coaching-steuerberater\/wp-content\/uploads\/sites\/4\/2020\/09\/Onlinecoaching-Webinar-100Prozent-Aktiv.gif\" alt=\"100% Aktiv\" class=\"wp-image-227\"\/><\/figure>\n\n\n\n<p><strong>hohe \u00dcbungsfrequenz plus in jeder \u00dcbungsrunde Feedbacks:<\/strong><\/p>\n\n\n\n<ul class=\"wp-block-list\"><li>zum Auftreten + Wirkung<\/li><li>zur Anwendung + Umsetzung<\/li><li>zur Optimierung + Verbesserung<\/li><li>zu be- und unbewu\u00dften Effekten<\/li><\/ul>\n\n\n\n<figure class=\"wp-block-image size-large\"><img loading=\"lazy\" decoding=\"async\" width=\"200\" height=\"200\" src=\"https:\/\/erfolgsfaktor.de\/coaching-steuerberater\/wp-content\/uploads\/sites\/4\/2020\/09\/Onlinecoaching-Webinar-100Prozent-Praxis.gif\" alt=\"100% Praxis\" class=\"wp-image-226\"\/><\/figure>\n\n\n\n<p><strong>Praxis statt Theorie &#8211; aktives Training statt vieler Worte, umsetzbarer Mehrwert<\/strong><\/p>\n\n\n\n<p><strong>Inhalte, die Sie wirklich brauchen!<\/strong><\/p>\n\n\n\n<ul class=\"wp-block-list\"><li>Konzentration: das Wesentliche<\/li><li>f\u00fcr kritische Situationen<\/li><li>f\u00fcr schwierige Mitspieler\/innen<\/li><li>L\u00f6sungen f\u00fcr die Praxis<\/li><li>pragmatische Ans\u00e4tze<\/li><\/ul>\n\n\n\n<figure class=\"wp-block-image size-large\"><img loading=\"lazy\" decoding=\"async\" width=\"200\" height=\"200\" src=\"https:\/\/erfolgsfaktor.de\/coaching-steuerberater\/wp-content\/uploads\/sites\/4\/2020\/09\/Onlinecoaching-Webinar-100Prozent-Individuell.gif\" alt=\"100% individuelles Coaching\" class=\"wp-image-52\"\/><\/figure>\n\n\n\n<p><strong>100% OHNE ANFAHRT, KEINE CORONARISIKEN<\/strong><\/p>\n\n\n\n<ul class=\"wp-block-list\"><li>Coaching online<\/li><li>1:1 Live Webinare max. 1TN + 1 Referent<\/li><\/ul>\n\n\n\n<figure class=\"wp-block-image size-large\"><img loading=\"lazy\" decoding=\"async\" width=\"200\" height=\"200\" src=\"https:\/\/erfolgsfaktor.de\/coaching-steuerberater\/wp-content\/uploads\/sites\/4\/2020\/09\/01-sicheres-hygienekonzept.gif\" alt=\"\" class=\"wp-image-230\"\/><\/figure>\n\n\n\n<p><strong>MASSNAHMEN VOR ORT<\/strong><\/p>\n\n\n\n<ul class=\"wp-block-list\"><li><strong>1:1 Training<\/strong>&nbsp;vor Ort = 1 TN + 1 Referent<\/li><li><strong>Seminare vor Ort max. 1-3 TN<\/strong><\/li><li>NEU:&nbsp;<strong>1:1 Trainings zum Seminarpreis<\/strong><\/li><li>Corona:&nbsp;<strong>sicheres Hygienekonzept<\/strong><\/li><\/ul>\n\n\n\n<div class=\"wp-block-cover alignfull has-neve-link-color-background-color has-background-dim\"><div class=\"wp-block-cover__inner-container is-layout-flow wp-block-cover-is-layout-flow\">\n<p class=\"has-text-align-center has-primary-color has-background-background-color has-text-color has-background has-larger-font-size\"><a href=\"https:\/\/www.mto-consulting.de\/Seminare-A-Z.html\" target=\"_blank\" rel=\"noreferrer noopener\">Seminar\u00fcbersicht<br>www.mto-consulting.de<\/a><\/p>\n<\/div><\/div>\n\n\n\n<p><\/p>\n","protected":false},"excerpt":{"rendered":"<p>Seminare f\u00fcr Steuerberater und Wirtschaftspr\u00fcfer bietet Ihnen eine Auswahl aus dem MTO-Consulting Seminarangebot, das insbesondere f\u00fcr Mitarbeiter m\/w\/d, F\u00fchrungskr\u00e4fte, Partner und Gesch\u00e4ftsleitung in Steuerberatung und Wirtschaftspr\u00fcfung relevant ist. Seminare f\u00fcr Steuerberater Kommunikation Seminare Kommunikation Steuerberatung + WP Unser Angebot Seminare Kommunikation ist eine Auswahl von Seminaren rund um die Themen Kommunikation, Gespr\u00e4chsf\u00fchrung, Schlagfertigkeit, Wortwahl, Tonfall,&hellip;&nbsp;<a href=\"https:\/\/erfolgsfaktor.de\/coaching-steuerberater\/seminare-steuerberater\/\" rel=\"bookmark\">Weiterlesen &raquo;<span class=\"screen-reader-text\">Seminare Steuerberater<\/span><\/a><\/p>\n","protected":false},"author":1,"featured_media":190,"parent":0,"menu_order":0,"comment_status":"closed","ping_status":"closed","template":"","meta":{"neve_meta_sidebar":"","neve_meta_container":"","neve_meta_enable_content_width":"","neve_meta_content_width":0,"neve_meta_title_alignment":"","neve_meta_author_avatar":"","neve_post_elements_order":"","neve_meta_disable_header":"","neve_meta_disable_footer":"","neve_meta_disable_title":"","footnotes":""},"class_list":["post-239","page","type-page","status-publish","has-post-thumbnail","hentry"],"yoast_head":"<!-- This site is optimized with the Yoast SEO plugin v26.8 - https:\/\/yoast.com\/product\/yoast-seo-wordpress\/ -->\n<title>Seminare Steuerberater - Coaching Steuerberater<\/title>\n<meta name=\"description\" content=\"Seminare f\u00fcr Steuerberater und Wirtschaftspr\u00fcfer Erfolgsfaktor Psychologie Dipl.-Psych. J\u00fcrgen Junker Coachings + Seminare f\u00fcr Steuerberater\" \/>\n<meta name=\"robots\" content=\"index, follow, max-snippet:-1, max-image-preview:large, max-video-preview:-1\" \/>\n<link rel=\"canonical\" href=\"https:\/\/erfolgsfaktor.de\/coaching-steuerberater\/seminare-steuerberater\/\" \/>\n<meta property=\"og:locale\" content=\"de_DE\" \/>\n<meta property=\"og:type\" content=\"article\" \/>\n<meta property=\"og:title\" content=\"Seminare Steuerberater - Coaching Steuerberater\" \/>\n<meta property=\"og:description\" content=\"Seminare f\u00fcr Steuerberater und Wirtschaftspr\u00fcfer Erfolgsfaktor Psychologie Dipl.-Psych. J\u00fcrgen Junker Coachings + Seminare f\u00fcr Steuerberater\" \/>\n<meta property=\"og:url\" content=\"https:\/\/erfolgsfaktor.de\/coaching-steuerberater\/seminare-steuerberater\/\" \/>\n<meta property=\"og:site_name\" content=\"Coaching Steuerberater\" \/>\n<meta property=\"article:modified_time\" content=\"2020-11-09T09:28:18+00:00\" \/>\n<meta property=\"og:image\" content=\"https:\/\/erfolgsfaktor.de\/coaching-steuerberater\/wp-content\/uploads\/sites\/4\/2020\/09\/Seminare-fuer-Steuerberater-WP.gif\" \/>\n\t<meta property=\"og:image:width\" content=\"200\" \/>\n\t<meta property=\"og:image:height\" content=\"200\" \/>\n\t<meta property=\"og:image:type\" content=\"image\/gif\" \/>\n<meta name=\"twitter:card\" content=\"summary_large_image\" \/>\n<meta name=\"twitter:label1\" content=\"Gesch\u00e4tzte Lesezeit\" \/>\n\t<meta name=\"twitter:data1\" content=\"3\u00a0Minuten\" \/>\n<script type=\"application\/ld+json\" class=\"yoast-schema-graph\">{\"@context\":\"https:\/\/schema.org\",\"@graph\":[{\"@type\":\"WebPage\",\"@id\":\"https:\/\/erfolgsfaktor.de\/coaching-steuerberater\/seminare-steuerberater\/\",\"url\":\"https:\/\/erfolgsfaktor.de\/coaching-steuerberater\/seminare-steuerberater\/\",\"name\":\"Seminare Steuerberater - Coaching Steuerberater\",\"isPartOf\":{\"@id\":\"https:\/\/erfolgsfaktor.de\/coaching-steuerberater\/#website\"},\"primaryImageOfPage\":{\"@id\":\"https:\/\/erfolgsfaktor.de\/coaching-steuerberater\/seminare-steuerberater\/#primaryimage\"},\"image\":{\"@id\":\"https:\/\/erfolgsfaktor.de\/coaching-steuerberater\/seminare-steuerberater\/#primaryimage\"},\"thumbnailUrl\":\"https:\/\/erfolgsfaktor.de\/coaching-steuerberater\/wp-content\/uploads\/sites\/4\/2020\/09\/Seminare-fuer-Steuerberater-WP.gif\",\"datePublished\":\"2020-09-19T08:26:09+00:00\",\"dateModified\":\"2020-11-09T09:28:18+00:00\",\"description\":\"Seminare f\u00fcr Steuerberater und Wirtschaftspr\u00fcfer Erfolgsfaktor Psychologie Dipl.-Psych. J\u00fcrgen Junker Coachings + Seminare f\u00fcr Steuerberater\",\"breadcrumb\":{\"@id\":\"https:\/\/erfolgsfaktor.de\/coaching-steuerberater\/seminare-steuerberater\/#breadcrumb\"},\"inLanguage\":\"de\",\"potentialAction\":[{\"@type\":\"ReadAction\",\"target\":[\"https:\/\/erfolgsfaktor.de\/coaching-steuerberater\/seminare-steuerberater\/\"]}]},{\"@type\":\"ImageObject\",\"inLanguage\":\"de\",\"@id\":\"https:\/\/erfolgsfaktor.de\/coaching-steuerberater\/seminare-steuerberater\/#primaryimage\",\"url\":\"https:\/\/erfolgsfaktor.de\/coaching-steuerberater\/wp-content\/uploads\/sites\/4\/2020\/09\/Seminare-fuer-Steuerberater-WP.gif\",\"contentUrl\":\"https:\/\/erfolgsfaktor.de\/coaching-steuerberater\/wp-content\/uploads\/sites\/4\/2020\/09\/Seminare-fuer-Steuerberater-WP.gif\",\"width\":200,\"height\":200,\"caption\":\"Seminare f\u00fcr Steuerberater und Wirtschaftspr\u00fcfer\"},{\"@type\":\"BreadcrumbList\",\"@id\":\"https:\/\/erfolgsfaktor.de\/coaching-steuerberater\/seminare-steuerberater\/#breadcrumb\",\"itemListElement\":[{\"@type\":\"ListItem\",\"position\":1,\"name\":\"Startseite\",\"item\":\"https:\/\/erfolgsfaktor.de\/coaching-steuerberater\/\"},{\"@type\":\"ListItem\",\"position\":2,\"name\":\"Seminare Steuerberater\"}]},{\"@type\":\"WebSite\",\"@id\":\"https:\/\/erfolgsfaktor.de\/coaching-steuerberater\/#website\",\"url\":\"https:\/\/erfolgsfaktor.de\/coaching-steuerberater\/\",\"name\":\"Coaching Steuerberater\",\"description\":\"Erfolgsfaktor Coaching\",\"potentialAction\":[{\"@type\":\"SearchAction\",\"target\":{\"@type\":\"EntryPoint\",\"urlTemplate\":\"https:\/\/erfolgsfaktor.de\/coaching-steuerberater\/?s={search_term_string}\"},\"query-input\":{\"@type\":\"PropertyValueSpecification\",\"valueRequired\":true,\"valueName\":\"search_term_string\"}}],\"inLanguage\":\"de\"}]}<\/script>\n<!-- \/ Yoast SEO plugin. -->","yoast_head_json":{"title":"Seminare Steuerberater - Coaching Steuerberater","description":"Seminare f\u00fcr Steuerberater und Wirtschaftspr\u00fcfer Erfolgsfaktor Psychologie Dipl.-Psych. J\u00fcrgen Junker Coachings + Seminare f\u00fcr Steuerberater","robots":{"index":"index","follow":"follow","max-snippet":"max-snippet:-1","max-image-preview":"max-image-preview:large","max-video-preview":"max-video-preview:-1"},"canonical":"https:\/\/erfolgsfaktor.de\/coaching-steuerberater\/seminare-steuerberater\/","og_locale":"de_DE","og_type":"article","og_title":"Seminare Steuerberater - Coaching Steuerberater","og_description":"Seminare f\u00fcr Steuerberater und Wirtschaftspr\u00fcfer Erfolgsfaktor Psychologie Dipl.-Psych. J\u00fcrgen Junker Coachings + Seminare f\u00fcr Steuerberater","og_url":"https:\/\/erfolgsfaktor.de\/coaching-steuerberater\/seminare-steuerberater\/","og_site_name":"Coaching Steuerberater","article_modified_time":"2020-11-09T09:28:18+00:00","og_image":[{"width":200,"height":200,"url":"https:\/\/erfolgsfaktor.de\/coaching-steuerberater\/wp-content\/uploads\/sites\/4\/2020\/09\/Seminare-fuer-Steuerberater-WP.gif","type":"image\/gif"}],"twitter_card":"summary_large_image","twitter_misc":{"Gesch\u00e4tzte Lesezeit":"3\u00a0Minuten"},"schema":{"@context":"https:\/\/schema.org","@graph":[{"@type":"WebPage","@id":"https:\/\/erfolgsfaktor.de\/coaching-steuerberater\/seminare-steuerberater\/","url":"https:\/\/erfolgsfaktor.de\/coaching-steuerberater\/seminare-steuerberater\/","name":"Seminare Steuerberater - Coaching Steuerberater","isPartOf":{"@id":"https:\/\/erfolgsfaktor.de\/coaching-steuerberater\/#website"},"primaryImageOfPage":{"@id":"https:\/\/erfolgsfaktor.de\/coaching-steuerberater\/seminare-steuerberater\/#primaryimage"},"image":{"@id":"https:\/\/erfolgsfaktor.de\/coaching-steuerberater\/seminare-steuerberater\/#primaryimage"},"thumbnailUrl":"https:\/\/erfolgsfaktor.de\/coaching-steuerberater\/wp-content\/uploads\/sites\/4\/2020\/09\/Seminare-fuer-Steuerberater-WP.gif","datePublished":"2020-09-19T08:26:09+00:00","dateModified":"2020-11-09T09:28:18+00:00","description":"Seminare f\u00fcr Steuerberater und Wirtschaftspr\u00fcfer Erfolgsfaktor Psychologie Dipl.-Psych. J\u00fcrgen Junker Coachings + Seminare f\u00fcr Steuerberater","breadcrumb":{"@id":"https:\/\/erfolgsfaktor.de\/coaching-steuerberater\/seminare-steuerberater\/#breadcrumb"},"inLanguage":"de","potentialAction":[{"@type":"ReadAction","target":["https:\/\/erfolgsfaktor.de\/coaching-steuerberater\/seminare-steuerberater\/"]}]},{"@type":"ImageObject","inLanguage":"de","@id":"https:\/\/erfolgsfaktor.de\/coaching-steuerberater\/seminare-steuerberater\/#primaryimage","url":"https:\/\/erfolgsfaktor.de\/coaching-steuerberater\/wp-content\/uploads\/sites\/4\/2020\/09\/Seminare-fuer-Steuerberater-WP.gif","contentUrl":"https:\/\/erfolgsfaktor.de\/coaching-steuerberater\/wp-content\/uploads\/sites\/4\/2020\/09\/Seminare-fuer-Steuerberater-WP.gif","width":200,"height":200,"caption":"Seminare f\u00fcr Steuerberater und Wirtschaftspr\u00fcfer"},{"@type":"BreadcrumbList","@id":"https:\/\/erfolgsfaktor.de\/coaching-steuerberater\/seminare-steuerberater\/#breadcrumb","itemListElement":[{"@type":"ListItem","position":1,"name":"Startseite","item":"https:\/\/erfolgsfaktor.de\/coaching-steuerberater\/"},{"@type":"ListItem","position":2,"name":"Seminare Steuerberater"}]},{"@type":"WebSite","@id":"https:\/\/erfolgsfaktor.de\/coaching-steuerberater\/#website","url":"https:\/\/erfolgsfaktor.de\/coaching-steuerberater\/","name":"Coaching Steuerberater","description":"Erfolgsfaktor Coaching","potentialAction":[{"@type":"SearchAction","target":{"@type":"EntryPoint","urlTemplate":"https:\/\/erfolgsfaktor.de\/coaching-steuerberater\/?s={search_term_string}"},"query-input":{"@type":"PropertyValueSpecification","valueRequired":true,"valueName":"search_term_string"}}],"inLanguage":"de"}]}},"_links":{"self":[{"href":"https:\/\/erfolgsfaktor.de\/coaching-steuerberater\/wp-json\/wp\/v2\/pages\/239","targetHints":{"allow":["GET"]}}],"collection":[{"href":"https:\/\/erfolgsfaktor.de\/coaching-steuerberater\/wp-json\/wp\/v2\/pages"}],"about":[{"href":"https:\/\/erfolgsfaktor.de\/coaching-steuerberater\/wp-json\/wp\/v2\/types\/page"}],"author":[{"embeddable":true,"href":"https:\/\/erfolgsfaktor.de\/coaching-steuerberater\/wp-json\/wp\/v2\/users\/1"}],"replies":[{"embeddable":true,"href":"https:\/\/erfolgsfaktor.de\/coaching-steuerberater\/wp-json\/wp\/v2\/comments?post=239"}],"version-history":[{"count":8,"href":"https:\/\/erfolgsfaktor.de\/coaching-steuerberater\/wp-json\/wp\/v2\/pages\/239\/revisions"}],"predecessor-version":[{"id":468,"href":"https:\/\/erfolgsfaktor.de\/coaching-steuerberater\/wp-json\/wp\/v2\/pages\/239\/revisions\/468"}],"wp:featuredmedia":[{"embeddable":true,"href":"https:\/\/erfolgsfaktor.de\/coaching-steuerberater\/wp-json\/wp\/v2\/media\/190"}],"wp:attachment":[{"href":"https:\/\/erfolgsfaktor.de\/coaching-steuerberater\/wp-json\/wp\/v2\/media?parent=239"}],"curies":[{"name":"wp","href":"https:\/\/api.w.org\/{rel}","templated":true}]}}