{"id":162,"date":"2020-09-18T11:54:11","date_gmt":"2020-09-18T09:54:11","guid":{"rendered":"https:\/\/erfolgsfaktor.de\/steuerberater\/?page_id=162"},"modified":"2020-10-29T15:45:22","modified_gmt":"2020-10-29T14:45:22","slug":"sicher-praesentieren-steuerberater","status":"publish","type":"page","link":"https:\/\/erfolgsfaktor.de\/coaching-steuerberater\/sicher-praesentieren-steuerberater\/","title":{"rendered":"sicher pr\u00e4sentieren Steuerberater"},"content":{"rendered":"\n<p>F\u00fcr Steuerberater und Wirtschaftspr\u00fcfer ist es extrem wichtig sicher zu pr\u00e4sentieren. Im<strong> Pr\u00e4sentationstraining und Seminar Pr\u00e4sentation sicher pr\u00e4sentieren f\u00fcr Steuerberater und Wirtschaftspr\u00fcfer<\/strong>\u00a0coachen wir Sie ganz pers\u00f6nlich. Sie erhalten Feedback f\u00fcr Ihr Auftreten und wir trainieren Ihre <strong>Pr\u00e4senz und Wirkung vor anspruchsvoller Mandantschaft<\/strong>.<\/p>\n\n\n\n<ul class=\"wp-block-list\"><li><a href=\"#details\">Details<\/a><\/li><li><a href=\"#nutzen\">Nutzen<\/a><\/li><li><a href=\"#anfrage-buchung\">Anfrage + Buchung<\/a><\/li><\/ul>\n\n\n\n<div class=\"wp-block-buttons is-layout-flex wp-block-buttons-is-layout-flex\">\n<div class=\"wp-block-button\"><a class=\"wp-block-button__link\" href=\"#anfrage-buchung\">direkt zur<br>Anfrage + Buchung<\/a><\/div>\n<\/div>\n\n\n\n<div class=\"wp-block-cover alignfull has-neve-link-color-background-color has-background-dim\"><div class=\"wp-block-cover__inner-container is-layout-flow wp-block-cover-is-layout-flow\">\n<h2 class=\"has-text-align-center wp-block-heading\">souver\u00e4n pr\u00e4sentieren f\u00fcr Steuerberater<\/h2>\n<\/div><\/div>\n\n\n\n<figure class=\"wp-block-image size-large\"><img loading=\"lazy\" decoding=\"async\" width=\"200\" height=\"200\" src=\"https:\/\/erfolgsfaktor.de\/coaching-steuerberater\/wp-content\/uploads\/sites\/4\/2020\/09\/Praesentation-Steuerberater.gif\" alt=\"Coaching Pr\u00e4sentation sicher pr\u00e4sentieren Steuerberater\" class=\"wp-image-163\"\/><figcaption>Coaching Pr\u00e4sentation &#8211; Pr\u00e4sentationstraining f\u00fcr Steuerberater<\/figcaption><\/figure>\n\n\n\n<p><strong>Souver\u00e4ne und sichere Pr\u00e4sentationen<\/strong>&nbsp;machen Sie interessant f\u00fcr neue attraktive Mandate und st\u00e4rken Ihr Image bei den Mandanten. Zeigen Sie <strong>Kompetenz und Pr\u00e4senz im Rahmen professioneller Fachbeitr\u00e4ge und Pr\u00e4sentationen vor Ihren Mandanten.<\/strong><\/p>\n\n\n\n<figure class=\"wp-block-image size-large\"><img loading=\"lazy\" decoding=\"async\" width=\"200\" height=\"200\" src=\"https:\/\/erfolgsfaktor.de\/coaching-steuerberater\/wp-content\/uploads\/sites\/4\/2020\/09\/Teilnehmer-Feedback.gif\" alt=\"Teilnehmer Feedback sicher pr\u00e4sentieren f\u00fcr Steuerberater\" class=\"wp-image-51\"\/><\/figure>\n\n\n\n<blockquote class=\"wp-block-quote is-layout-flow wp-block-quote-is-layout-flow\"><p>Hallo J\u00fcrgen, es ist schon wieder eine kleine Weile her, aber ich freue mich immer noch \u00fcber das positive Feedback, dass ich von den Mandanten erhalten habe: \u2022&nbsp;<strong>Sehr souver\u00e4n und gut verst\u00e4ndlich<\/strong>&nbsp;pr\u00e4sentiert \u2022 auch&nbsp;<strong>native speaker<\/strong> haben sich positiv ge\u00e4u\u00dfert \u2022 die&nbsp;<strong>Pr\u00e4sentation war wesentlich besser wie fr\u00fchere<\/strong><\/p><cite>Teilnehmerfeedback<\/cite><\/blockquote>\n\n\n\n<blockquote class=\"wp-block-quote is-layout-flow wp-block-quote-is-layout-flow\"><p>Es ist schon&nbsp;<strong>beeindruckend, wie stark eine ver\u00e4nderte K\u00f6rperhaltung und Gestik wirkt<\/strong><\/p><cite>Teilnehmerfeedback<\/cite><\/blockquote>\n\n\n\n<h2 class=\"wp-block-heading\" id=\"details\">Coaching sicher pr\u00e4sentieren f\u00fcr Steuerberater<\/h2>\n\n\n\n<figure class=\"wp-block-image size-large\"><img loading=\"lazy\" decoding=\"async\" width=\"200\" height=\"200\" src=\"https:\/\/erfolgsfaktor.de\/coaching-steuerberater\/wp-content\/uploads\/sites\/4\/2020\/09\/Coaching-Details.gif\" alt=\"Coaching Details sicher pr\u00e4sentieren f\u00fcr Steuerberater\" class=\"wp-image-53\"\/><\/figure>\n\n\n\n<ul class=\"wp-block-list\"><li><strong>Coaching f\u00fcr mehr Pr\u00e4sentationssicherheit<\/strong><\/li><li><strong>Auftrittscoaching und Pr\u00e4sentationscoaching<\/strong><\/li><li><strong>Sicher pr\u00e4sentieren vor <\/strong>Mandanten + Gesch\u00e4ftspartnern<\/li><li><strong>100% Aktives Pr\u00e4sentationstraining<\/strong>&nbsp;klare Feedbacks und direkte&nbsp;<strong>Verbesserung Ihrer Wirkung<\/strong><\/li><\/ul>\n\n\n\n<h2 class=\"wp-block-heading\">sicher pr\u00e4sentieren f\u00fcr Steuerberater<\/h2>\n\n\n\n<figure class=\"wp-block-image size-large\"><img loading=\"lazy\" decoding=\"async\" width=\"200\" height=\"200\" src=\"https:\/\/erfolgsfaktor.de\/coaching-steuerberater\/wp-content\/uploads\/sites\/4\/2020\/09\/Praesentation-Steuerberater.gif\" alt=\"Coaching Pr\u00e4sentation sicher pr\u00e4sentieren Steuerberater\" class=\"wp-image-163\"\/><figcaption>Coaching f\u00fcr sichere Pr\u00e4sentationen<\/figcaption><\/figure>\n\n\n\n<p>Unser Pr\u00e4sentationstraining unterst\u00fctzt Sie mit:<\/p>\n\n\n\n<ul class=\"wp-block-list\"><li><strong>hoher Stimmsicherheit und verbaler Pr\u00e4senz<\/strong><\/li><li><strong>einer guten Betonung und der optimalen Sprechgeschwindigkeit<\/strong><\/li><li><strong>Stimmtraining, das hilft klar, fest und sicher vor Mandanten<\/strong>&nbsp;zu sprechen und zu pr\u00e4sentieren<\/li><li><strong>mit einem Pr\u00e4senztraining speziell f\u00fcr Ihre Pr\u00e4sentation<\/strong>: \u00fcberzeugende, sichere und souver\u00e4ne Gestik<\/li><li><strong>Gelassenheit + Sicherheit<\/strong>: Gewinnen und \u00fcberzeugen Sie Ihre Mandanten mit Ruhe, innerer Sicherheit und stressfrei<\/li><\/ul>\n\n\n\n<figure class=\"wp-block-image size-large\"><img loading=\"lazy\" decoding=\"async\" width=\"200\" height=\"200\" src=\"https:\/\/erfolgsfaktor.de\/coaching-steuerberater\/wp-content\/uploads\/sites\/4\/2020\/09\/Teilnehmer-Feedback.gif\" alt=\"Teilnehmer Feedback\" class=\"wp-image-51\"\/><\/figure>\n\n\n\n<blockquote class=\"wp-block-quote is-layout-flow wp-block-quote-is-layout-flow\"><p>Du hat meine Pr\u00e4sentations-Schwachstellen erkannt und innerhalb eines einzigen Tages korrigiert,&nbsp;<strong>du versteht es nicht nur Vertrauen zu schaffen, sondern auch Selbstvertrauen f\u00fcr neue Pr\u00e4sentationen aufzubauen<\/strong>. <\/p><cite>Teilnehmerfeedback<\/cite><\/blockquote>\n\n\n\n<blockquote class=\"wp-block-quote is-layout-flow wp-block-quote-is-layout-flow\"><p>Dein Pr\u00e4sentationstraining half mir&nbsp;<strong>entspannt auf die doch sehr gro\u00dfe B\u00fchne<\/strong>&nbsp;zu gehen und zu fesseln.<\/p><cite>Teilnehmerfeedback<\/cite><\/blockquote>\n\n\n\n<h2 class=\"wp-block-heading\" id=\"nutzen\">Ihr Nutzen als Steuerberater<\/h2>\n\n\n\n<figure class=\"wp-block-image size-large\"><img loading=\"lazy\" decoding=\"async\" width=\"200\" height=\"200\" src=\"https:\/\/erfolgsfaktor.de\/coaching-steuerberater\/wp-content\/uploads\/sites\/4\/2020\/09\/Coaching-fuer-Steuerberater.gif\" alt=\"Coaching f\u00fcr Steuerberater\" class=\"wp-image-12\"\/><figcaption>Coaching f\u00fcr Steuerberater sicher und souver\u00e4n pr\u00e4sentieren<\/figcaption><\/figure>\n\n\n\n<p><strong>Investieren Sie in sich selbst<\/strong> und eine&nbsp;<strong>sichere Pr\u00e4sentation vor anspruchsvollen Mandanten, Mitarbeitern und Gesch\u00e4ftspartnern. <\/strong>Das st\u00e4rkt das&nbsp;<strong>Vertrauen der Mandantschaft in Ihre pers\u00f6nliche + fachliche Kompetenz und Arbeit<\/strong>.<\/p>\n\n\n\n<p><strong>Mit Ihrer Pr\u00e4sentation binden Sie bestehende Mandanten an Ihr Unternehmen und werden attraktiv f\u00fcr neue finanzstarke Mandate<\/strong>.<\/p>\n\n\n\n<div class=\"wp-block-cover alignfull has-neve-link-color-background-color has-background-dim\"><div class=\"wp-block-cover__inner-container is-layout-flow wp-block-cover-is-layout-flow\">\n<h2 class=\"has-text-align-center wp-block-heading\">Anfrage Buchung<br>sicher pr\u00e4sentieren Steuerberater<\/h2>\n<\/div><\/div>\n\n\n\n<h3 class=\"wp-block-heading\" id=\"anfrage-buchung\">Coaching f\u00fcr Steuerberater<br>anfragen + buchen<\/h3>\n\n\n\n<figure class=\"wp-block-image size-large\"><img loading=\"lazy\" decoding=\"async\" width=\"200\" height=\"200\" src=\"https:\/\/erfolgsfaktor.de\/coaching-steuerberater\/wp-content\/uploads\/sites\/4\/2020\/09\/Praesentation-Steuerberater.gif\" alt=\"Coaching Pr\u00e4sentation sicher pr\u00e4sentieren Steuerberater\" class=\"wp-image-163\"\/><figcaption>Anmeldung + Buchung<\/figcaption><\/figure>\n\n\n\n<p>Formate, Optionen, Preise und Konditionen finden Sie hier unter <strong>Anfrage + Buchung<\/strong> oder in unserer <a href=\"https:\/\/erfolgsfaktor.de\/coaching-steuerberater\/coachings-steuerberater\/\">Preis\u00fcbersicht<\/a>. <\/p>\n\n\n\n<div class=\"wp-block-buttons is-layout-flex wp-block-buttons-is-layout-flex\">\n<div class=\"wp-block-button\"><a class=\"wp-block-button__link\" href=\"https:\/\/www.mto-consulting.de\/anmeldungerfolgsfaktor.php?https:\/\/erfolgsfaktor.de\/coaching-steuerberater\/sicher-praesentieren-steuerberater\">Anfrage + Buchung<\/a><\/div>\n<\/div>\n\n\n\n<p>Alternativ dieses Coaching auf <strong>www.mto-consulting.de<\/strong> ansehen?<\/p>\n\n\n\n<div class=\"wp-block-buttons is-layout-flex wp-block-buttons-is-layout-flex\">\n<div class=\"wp-block-button\"><a class=\"wp-block-button__link\" href=\"https:\/\/www.mto-consulting.de\/Steuerberater-Wirtschaftspruefer\/praesentationstraining-steuerberater-wirtschaftspruefer.htm\">Coaching f\u00fcr Steuerberater<\/a><\/div>\n<\/div>\n\n\n\n<div class=\"wp-block-cover alignfull has-secondary-background-color has-background-dim\"><div class=\"wp-block-cover__inner-container is-layout-flow wp-block-cover-is-layout-flow\">\n<h2 class=\"has-text-align-center wp-block-heading\">\u00dcbersicht: Coaching f\u00fcr Steuerberater<\/h2>\n<\/div><\/div>\n\n\n\n<h3 class=\"wp-block-heading\"><strong>Coachings f\u00fcr Steuerberater:<\/strong><\/h3>\n\n\n\n<ul class=\"wp-block-list\"><li><a href=\"https:\/\/erfolgsfaktor.de\/coaching-steuerberater\/psychologie-fuer-steuerberater\/\">Coaching Psychologie f\u00fcr Steuerberater<\/a><\/li><li><a href=\"https:\/\/erfolgsfaktor.de\/coaching-steuerberater\/#kritische-situationen-krisen\">Coaching f\u00fcr kritische Situationen + Krisen<\/a><\/li><li><a href=\"https:\/\/erfolgsfaktor.de\/coaching-steuerberater\/schwierige-gespraeche-fuer-steuerberater\/\">Coaching f\u00fcr schwierige Gespr\u00e4che<\/a><\/li><li><a href=\"https:\/\/erfolgsfaktor.de\/coaching-steuerberater\/schwierige-mandanten-fuer-steuerberater\/\">Coaching bei schwierigen Mandanten<\/a><\/li><li><a href=\"https:\/\/erfolgsfaktor.de\/coaching-steuerberater\/konflikte-steuerberater-wirtschaftspruefer\/\">Coaching Konflikte + Konfliktl\u00f6sung<\/a><\/li><li><a href=\"https:\/\/erfolgsfaktor.de\/coaching-steuerberater\/schwierige-mitarbeiter-steuerberater\/\">Coaching f\u00fcr Steuerberater: schwierige Mitarbeiter<\/a><\/li><li><a href=\"https:\/\/erfolgsfaktor.de\/coaching-steuerberater\/fuehrung-steuerberater\/\">Coaching F\u00fchrung \/ Mitarbeiterf\u00fchrung<\/a><\/li><li><a href=\"https:\/\/erfolgsfaktor.de\/coaching-steuerberater\/autoritaet-und-souveranitaet-fuer-steuerberater\/\">Coaching f\u00fcr Autorit\u00e4t + Souver\u00e4nit\u00e4t<\/a><\/li><li><a href=\"https:\/\/erfolgsfaktor.de\/coaching-steuerberater\/diplomatie-schlagfertigkeit-steuerberater\/\">Coaching f\u00fcr Diplomatie + Schlagfertigkeit<\/a><\/li><li><a href=\"https:\/\/erfolgsfaktor.de\/coaching-steuerberater\/lampenfieber-nervositaet-steuerberater\/\">Coaching gegen Lampenfieber + Nervosit\u00e4t<\/a><\/li><li><a href=\"https:\/\/erfolgsfaktor.de\/coaching-steuerberater\/sicher-praesentieren-steuerberater\/\">Coaching Pr\u00e4sentation &#8211; Pr\u00e4sentationstraining<\/a><\/li><li><a href=\"https:\/\/erfolgsfaktor.de\/coaching-steuerberater\/steuerberater-ansprachen-und-vortraege\/\">Coaching f\u00fcr Ansprache, Rede, Vortrag<\/a><\/li><li><a href=\"https:\/\/erfolgsfaktor.de\/coaching-steuerberater\/#coachingtag\">Coaching f\u00fcr Steuerberater: 1 individueller Coachingtag<\/a><\/li><\/ul>\n\n\n\n<div class=\"wp-block-cover alignfull has-secondary-background-color has-background-dim\"><div class=\"wp-block-cover__inner-container is-layout-flow wp-block-cover-is-layout-flow\">\n<p class=\"has-text-align-center has-primary-color has-background-background-color has-text-color has-background has-larger-font-size\"><a href=\"https:\/\/erfolgsfaktor.de\/steuerberater\">zur\u00fcck zur \u00dcbersicht?<\/a><\/p>\n<\/div><\/div>\n\n\n\n<p> <\/p>\n","protected":false},"excerpt":{"rendered":"<p>F\u00fcr Steuerberater und Wirtschaftspr\u00fcfer ist es extrem wichtig sicher zu pr\u00e4sentieren. Im Pr\u00e4sentationstraining und Seminar Pr\u00e4sentation sicher pr\u00e4sentieren f\u00fcr Steuerberater und Wirtschaftspr\u00fcfer\u00a0coachen wir Sie ganz pers\u00f6nlich. Sie erhalten Feedback f\u00fcr Ihr Auftreten und wir trainieren Ihre Pr\u00e4senz und Wirkung vor anspruchsvoller Mandantschaft. Souver\u00e4ne und sichere Pr\u00e4sentationen&nbsp;machen Sie interessant f\u00fcr neue attraktive Mandate und st\u00e4rken Ihr&hellip;&nbsp;<a href=\"https:\/\/erfolgsfaktor.de\/coaching-steuerberater\/sicher-praesentieren-steuerberater\/\" rel=\"bookmark\">Weiterlesen &raquo;<span class=\"screen-reader-text\">sicher pr\u00e4sentieren Steuerberater<\/span><\/a><\/p>\n","protected":false},"author":1,"featured_media":40,"parent":0,"menu_order":0,"comment_status":"closed","ping_status":"closed","template":"","meta":{"neve_meta_sidebar":"","neve_meta_container":"","neve_meta_enable_content_width":"","neve_meta_content_width":0,"neve_meta_title_alignment":"","neve_meta_author_avatar":"","neve_post_elements_order":"","neve_meta_disable_header":"","neve_meta_disable_footer":"","neve_meta_disable_title":"","footnotes":""},"class_list":["post-162","page","type-page","status-publish","has-post-thumbnail","hentry"],"yoast_head":"<!-- This site is optimized with the Yoast SEO plugin v26.8 - https:\/\/yoast.com\/product\/yoast-seo-wordpress\/ -->\n<title>sicher pr\u00e4sentieren Steuerberater - Coaching Steuerberater<\/title>\n<meta name=\"description\" content=\"Coaching sicher pr\u00e4sentieren f\u00fcr Steuerberater und Wirtschaftspr\u00fcfer, Pr\u00e4sentationstraining, Pr\u00e4sentationscoaching f\u00fcr Pr\u00e4senz und Wirkung\" \/>\n<meta name=\"robots\" content=\"index, follow, max-snippet:-1, max-image-preview:large, max-video-preview:-1\" \/>\n<link rel=\"canonical\" href=\"https:\/\/erfolgsfaktor.de\/coaching-steuerberater\/sicher-praesentieren-steuerberater\/\" \/>\n<meta property=\"og:locale\" content=\"de_DE\" \/>\n<meta property=\"og:type\" content=\"article\" \/>\n<meta property=\"og:title\" content=\"sicher pr\u00e4sentieren Steuerberater - Coaching Steuerberater\" \/>\n<meta property=\"og:description\" content=\"Coaching sicher pr\u00e4sentieren f\u00fcr Steuerberater und Wirtschaftspr\u00fcfer, Pr\u00e4sentationstraining, Pr\u00e4sentationscoaching f\u00fcr Pr\u00e4senz und Wirkung\" \/>\n<meta property=\"og:url\" content=\"https:\/\/erfolgsfaktor.de\/coaching-steuerberater\/sicher-praesentieren-steuerberater\/\" \/>\n<meta property=\"og:site_name\" content=\"Coaching Steuerberater\" \/>\n<meta property=\"article:modified_time\" content=\"2020-10-29T14:45:22+00:00\" \/>\n<meta property=\"og:image\" content=\"https:\/\/erfolgsfaktor.de\/coaching-steuerberater\/wp-content\/uploads\/sites\/4\/2020\/09\/Coaching-Praesentation.gif\" \/>\n\t<meta property=\"og:image:width\" content=\"200\" \/>\n\t<meta property=\"og:image:height\" content=\"200\" \/>\n\t<meta property=\"og:image:type\" content=\"image\/gif\" \/>\n<meta name=\"twitter:card\" content=\"summary_large_image\" \/>\n<meta name=\"twitter:label1\" content=\"Gesch\u00e4tzte Lesezeit\" \/>\n\t<meta name=\"twitter:data1\" content=\"2\u00a0Minuten\" \/>\n<script type=\"application\/ld+json\" class=\"yoast-schema-graph\">{\"@context\":\"https:\/\/schema.org\",\"@graph\":[{\"@type\":\"WebPage\",\"@id\":\"https:\/\/erfolgsfaktor.de\/coaching-steuerberater\/sicher-praesentieren-steuerberater\/\",\"url\":\"https:\/\/erfolgsfaktor.de\/coaching-steuerberater\/sicher-praesentieren-steuerberater\/\",\"name\":\"sicher pr\u00e4sentieren Steuerberater - Coaching Steuerberater\",\"isPartOf\":{\"@id\":\"https:\/\/erfolgsfaktor.de\/coaching-steuerberater\/#website\"},\"primaryImageOfPage\":{\"@id\":\"https:\/\/erfolgsfaktor.de\/coaching-steuerberater\/sicher-praesentieren-steuerberater\/#primaryimage\"},\"image\":{\"@id\":\"https:\/\/erfolgsfaktor.de\/coaching-steuerberater\/sicher-praesentieren-steuerberater\/#primaryimage\"},\"thumbnailUrl\":\"https:\/\/erfolgsfaktor.de\/coaching-steuerberater\/wp-content\/uploads\/sites\/4\/2020\/09\/Coaching-Praesentation.gif\",\"datePublished\":\"2020-09-18T09:54:11+00:00\",\"dateModified\":\"2020-10-29T14:45:22+00:00\",\"description\":\"Coaching sicher pr\u00e4sentieren f\u00fcr Steuerberater und Wirtschaftspr\u00fcfer, Pr\u00e4sentationstraining, Pr\u00e4sentationscoaching f\u00fcr Pr\u00e4senz und Wirkung\",\"breadcrumb\":{\"@id\":\"https:\/\/erfolgsfaktor.de\/coaching-steuerberater\/sicher-praesentieren-steuerberater\/#breadcrumb\"},\"inLanguage\":\"de\",\"potentialAction\":[{\"@type\":\"ReadAction\",\"target\":[\"https:\/\/erfolgsfaktor.de\/coaching-steuerberater\/sicher-praesentieren-steuerberater\/\"]}]},{\"@type\":\"ImageObject\",\"inLanguage\":\"de\",\"@id\":\"https:\/\/erfolgsfaktor.de\/coaching-steuerberater\/sicher-praesentieren-steuerberater\/#primaryimage\",\"url\":\"https:\/\/erfolgsfaktor.de\/coaching-steuerberater\/wp-content\/uploads\/sites\/4\/2020\/09\/Coaching-Praesentation.gif\",\"contentUrl\":\"https:\/\/erfolgsfaktor.de\/coaching-steuerberater\/wp-content\/uploads\/sites\/4\/2020\/09\/Coaching-Praesentation.gif\",\"width\":200,\"height\":200,\"caption\":\"Pr\u00e4sentationscoaching und Pr\u00e4sentationstraining\"},{\"@type\":\"BreadcrumbList\",\"@id\":\"https:\/\/erfolgsfaktor.de\/coaching-steuerberater\/sicher-praesentieren-steuerberater\/#breadcrumb\",\"itemListElement\":[{\"@type\":\"ListItem\",\"position\":1,\"name\":\"Startseite\",\"item\":\"https:\/\/erfolgsfaktor.de\/coaching-steuerberater\/\"},{\"@type\":\"ListItem\",\"position\":2,\"name\":\"sicher pr\u00e4sentieren Steuerberater\"}]},{\"@type\":\"WebSite\",\"@id\":\"https:\/\/erfolgsfaktor.de\/coaching-steuerberater\/#website\",\"url\":\"https:\/\/erfolgsfaktor.de\/coaching-steuerberater\/\",\"name\":\"Coaching Steuerberater\",\"description\":\"Erfolgsfaktor Coaching\",\"potentialAction\":[{\"@type\":\"SearchAction\",\"target\":{\"@type\":\"EntryPoint\",\"urlTemplate\":\"https:\/\/erfolgsfaktor.de\/coaching-steuerberater\/?s={search_term_string}\"},\"query-input\":{\"@type\":\"PropertyValueSpecification\",\"valueRequired\":true,\"valueName\":\"search_term_string\"}}],\"inLanguage\":\"de\"}]}<\/script>\n<!-- \/ Yoast SEO plugin. -->","yoast_head_json":{"title":"sicher pr\u00e4sentieren Steuerberater - Coaching Steuerberater","description":"Coaching sicher pr\u00e4sentieren f\u00fcr Steuerberater und Wirtschaftspr\u00fcfer, Pr\u00e4sentationstraining, Pr\u00e4sentationscoaching f\u00fcr Pr\u00e4senz und Wirkung","robots":{"index":"index","follow":"follow","max-snippet":"max-snippet:-1","max-image-preview":"max-image-preview:large","max-video-preview":"max-video-preview:-1"},"canonical":"https:\/\/erfolgsfaktor.de\/coaching-steuerberater\/sicher-praesentieren-steuerberater\/","og_locale":"de_DE","og_type":"article","og_title":"sicher pr\u00e4sentieren Steuerberater - Coaching Steuerberater","og_description":"Coaching sicher pr\u00e4sentieren f\u00fcr Steuerberater und Wirtschaftspr\u00fcfer, Pr\u00e4sentationstraining, Pr\u00e4sentationscoaching f\u00fcr Pr\u00e4senz und Wirkung","og_url":"https:\/\/erfolgsfaktor.de\/coaching-steuerberater\/sicher-praesentieren-steuerberater\/","og_site_name":"Coaching Steuerberater","article_modified_time":"2020-10-29T14:45:22+00:00","og_image":[{"width":200,"height":200,"url":"https:\/\/erfolgsfaktor.de\/coaching-steuerberater\/wp-content\/uploads\/sites\/4\/2020\/09\/Coaching-Praesentation.gif","type":"image\/gif"}],"twitter_card":"summary_large_image","twitter_misc":{"Gesch\u00e4tzte Lesezeit":"2\u00a0Minuten"},"schema":{"@context":"https:\/\/schema.org","@graph":[{"@type":"WebPage","@id":"https:\/\/erfolgsfaktor.de\/coaching-steuerberater\/sicher-praesentieren-steuerberater\/","url":"https:\/\/erfolgsfaktor.de\/coaching-steuerberater\/sicher-praesentieren-steuerberater\/","name":"sicher pr\u00e4sentieren Steuerberater - Coaching Steuerberater","isPartOf":{"@id":"https:\/\/erfolgsfaktor.de\/coaching-steuerberater\/#website"},"primaryImageOfPage":{"@id":"https:\/\/erfolgsfaktor.de\/coaching-steuerberater\/sicher-praesentieren-steuerberater\/#primaryimage"},"image":{"@id":"https:\/\/erfolgsfaktor.de\/coaching-steuerberater\/sicher-praesentieren-steuerberater\/#primaryimage"},"thumbnailUrl":"https:\/\/erfolgsfaktor.de\/coaching-steuerberater\/wp-content\/uploads\/sites\/4\/2020\/09\/Coaching-Praesentation.gif","datePublished":"2020-09-18T09:54:11+00:00","dateModified":"2020-10-29T14:45:22+00:00","description":"Coaching sicher pr\u00e4sentieren f\u00fcr Steuerberater und Wirtschaftspr\u00fcfer, Pr\u00e4sentationstraining, Pr\u00e4sentationscoaching f\u00fcr Pr\u00e4senz und Wirkung","breadcrumb":{"@id":"https:\/\/erfolgsfaktor.de\/coaching-steuerberater\/sicher-praesentieren-steuerberater\/#breadcrumb"},"inLanguage":"de","potentialAction":[{"@type":"ReadAction","target":["https:\/\/erfolgsfaktor.de\/coaching-steuerberater\/sicher-praesentieren-steuerberater\/"]}]},{"@type":"ImageObject","inLanguage":"de","@id":"https:\/\/erfolgsfaktor.de\/coaching-steuerberater\/sicher-praesentieren-steuerberater\/#primaryimage","url":"https:\/\/erfolgsfaktor.de\/coaching-steuerberater\/wp-content\/uploads\/sites\/4\/2020\/09\/Coaching-Praesentation.gif","contentUrl":"https:\/\/erfolgsfaktor.de\/coaching-steuerberater\/wp-content\/uploads\/sites\/4\/2020\/09\/Coaching-Praesentation.gif","width":200,"height":200,"caption":"Pr\u00e4sentationscoaching und Pr\u00e4sentationstraining"},{"@type":"BreadcrumbList","@id":"https:\/\/erfolgsfaktor.de\/coaching-steuerberater\/sicher-praesentieren-steuerberater\/#breadcrumb","itemListElement":[{"@type":"ListItem","position":1,"name":"Startseite","item":"https:\/\/erfolgsfaktor.de\/coaching-steuerberater\/"},{"@type":"ListItem","position":2,"name":"sicher pr\u00e4sentieren Steuerberater"}]},{"@type":"WebSite","@id":"https:\/\/erfolgsfaktor.de\/coaching-steuerberater\/#website","url":"https:\/\/erfolgsfaktor.de\/coaching-steuerberater\/","name":"Coaching Steuerberater","description":"Erfolgsfaktor Coaching","potentialAction":[{"@type":"SearchAction","target":{"@type":"EntryPoint","urlTemplate":"https:\/\/erfolgsfaktor.de\/coaching-steuerberater\/?s={search_term_string}"},"query-input":{"@type":"PropertyValueSpecification","valueRequired":true,"valueName":"search_term_string"}}],"inLanguage":"de"}]}},"_links":{"self":[{"href":"https:\/\/erfolgsfaktor.de\/coaching-steuerberater\/wp-json\/wp\/v2\/pages\/162","targetHints":{"allow":["GET"]}}],"collection":[{"href":"https:\/\/erfolgsfaktor.de\/coaching-steuerberater\/wp-json\/wp\/v2\/pages"}],"about":[{"href":"https:\/\/erfolgsfaktor.de\/coaching-steuerberater\/wp-json\/wp\/v2\/types\/page"}],"author":[{"embeddable":true,"href":"https:\/\/erfolgsfaktor.de\/coaching-steuerberater\/wp-json\/wp\/v2\/users\/1"}],"replies":[{"embeddable":true,"href":"https:\/\/erfolgsfaktor.de\/coaching-steuerberater\/wp-json\/wp\/v2\/comments?post=162"}],"version-history":[{"count":5,"href":"https:\/\/erfolgsfaktor.de\/coaching-steuerberater\/wp-json\/wp\/v2\/pages\/162\/revisions"}],"predecessor-version":[{"id":459,"href":"https:\/\/erfolgsfaktor.de\/coaching-steuerberater\/wp-json\/wp\/v2\/pages\/162\/revisions\/459"}],"wp:featuredmedia":[{"embeddable":true,"href":"https:\/\/erfolgsfaktor.de\/coaching-steuerberater\/wp-json\/wp\/v2\/media\/40"}],"wp:attachment":[{"href":"https:\/\/erfolgsfaktor.de\/coaching-steuerberater\/wp-json\/wp\/v2\/media?parent=162"}],"curies":[{"name":"wp","href":"https:\/\/api.w.org\/{rel}","templated":true}]}}