{"id":155,"date":"2020-09-18T11:34:24","date_gmt":"2020-09-18T09:34:24","guid":{"rendered":"https:\/\/erfolgsfaktor.de\/steuerberater\/?page_id=155"},"modified":"2020-10-29T15:03:05","modified_gmt":"2020-10-29T14:03:05","slug":"lampenfieber-nervositaet-steuerberater","status":"publish","type":"page","link":"https:\/\/erfolgsfaktor.de\/coaching-steuerberater\/lampenfieber-nervositaet-steuerberater\/","title":{"rendered":"Lampenfieber Nervosit\u00e4t Steuerberater"},"content":{"rendered":"\n<p><strong>Lampenfieber und Nervosit\u00e4t <\/strong>sind<strong> f\u00fcr Steuerberater und Wirtschaftspr\u00fcfer <\/strong>im Umgang mit anspruchsvoller Mandantschaft extrem belastend und beeintr\u00e4chtigen Leistung und Wirkung beim Mandanten.<\/p>\n\n\n\n<p><strong>Sind Sie nerv\u00f6s und unsicher vor wichtigen Terminen und Pr\u00e4sentationen beim Mandanten? Haben Sie Lampenfieber im Umgang mit Mandanten, Gesch\u00e4ftspartnern, Vorgesetzten, Kollegen\/innen oder Mitarbeitenden?<\/strong>\u00a0<\/p>\n\n\n\n<ul class=\"wp-block-list\"><li><a href=\"#details\">Details<\/a><\/li><li><a href=\"#nutzen\">Nutzen<\/a><\/li><li><a href=\"#anfrage-buchung\">Anfrage + Buchung<\/a><\/li><\/ul>\n\n\n\n<div class=\"wp-block-buttons is-layout-flex wp-block-buttons-is-layout-flex\">\n<div class=\"wp-block-button\"><a class=\"wp-block-button__link\" href=\"#anfrage-buchung\">direkt zur<br>Anfrage + Buchung<\/a><\/div>\n<\/div>\n\n\n\n<div class=\"wp-block-cover alignfull has-neve-link-color-background-color has-background-dim\"><div class=\"wp-block-cover__inner-container is-layout-flow wp-block-cover-is-layout-flow\">\n<h2 class=\"has-text-align-center wp-block-heading\">Coaching f\u00fcr Steuerberater<br>bei Lampenfieber + Nervosit\u00e4t<\/h2>\n<\/div><\/div>\n\n\n\n<figure class=\"wp-block-image size-large\"><img loading=\"lazy\" decoding=\"async\" width=\"200\" height=\"200\" src=\"https:\/\/erfolgsfaktor.de\/coaching-steuerberater\/wp-content\/uploads\/sites\/4\/2020\/09\/Coaching-Lampenfieber.gif\" alt=\"Coaching Lampenfieber und Nervosit\u00e4t f\u00fcr Steuerberater\" class=\"wp-image-156\"\/><figcaption>Coaching Lampenfieber und Nervostit\u00e4t<\/figcaption><\/figure>\n\n\n\n<p>Unser <strong>Lampenfieber Coaching und Seminar<\/strong> ist hilfreich f\u00fcr jeden Steuerberater und Wirtschaftspr\u00fcfer, der sicher vor Publikum sprechen und auftreten m\u00f6chte.<\/p>\n\n\n\n<figure class=\"wp-block-image size-large\"><img loading=\"lazy\" decoding=\"async\" width=\"200\" height=\"200\" src=\"https:\/\/erfolgsfaktor.de\/coaching-steuerberater\/wp-content\/uploads\/sites\/4\/2020\/09\/Teilnehmer-Feedback.gif\" alt=\"Teilnehmer Feedback\" class=\"wp-image-51\"\/><\/figure>\n\n\n\n<blockquote class=\"wp-block-quote is-layout-flow wp-block-quote-is-layout-flow\"><p><strong>Das Seminar hat f\u00fcr meine pers\u00f6nliche Situation genau ins Schwarze getroffen.<\/strong>&nbsp;Als&nbsp;<strong>Steuer- und Unternehmensberaterin<\/strong>&nbsp;ging meine&nbsp;<strong>panische Angst vor Pr\u00e4sentationen und Wortbeitr\u00e4gen<\/strong>&nbsp;massiv an die Substanz und ich hatte schon so ziemlich alles ausprobiert um diese Angst los zu werden.<\/p><cite>Teilnehmerfeedback<\/cite><\/blockquote>\n\n\n\n<h2 class=\"wp-block-heading\" id=\"details\">Coaching f\u00fcr Steuerberater<br>Lampenfieber + Nervosit\u00e4t<\/h2>\n\n\n\n<figure class=\"wp-block-image size-large\"><img loading=\"lazy\" decoding=\"async\" width=\"200\" height=\"200\" src=\"https:\/\/erfolgsfaktor.de\/coaching-steuerberater\/wp-content\/uploads\/sites\/4\/2020\/09\/Coaching-Details.gif\" alt=\"Coaching Details\" class=\"wp-image-53\"\/><\/figure>\n\n\n\n<ul class=\"wp-block-list\"><li><strong>psychologische Ursachen von Lampenfieber + Nervosit\u00e4t<\/strong><\/li><li><strong>Werkzeuge f\u00fcr eine hohe Sicherheit vor Publikum<\/strong><\/li><li><strong>reden, vortragen, pr\u00e4sentieren und sprechen<\/strong>: sicher + souver\u00e4n vor Publikum und Mandanten<\/li><li>Steuerberatung + Wirtschaftspr\u00fcfung:&nbsp;<strong>Coaching f\u00fcr einen sicheren Auftritt, sichere Ansprachen, Reden, Wortbeitr\u00e4ge<\/strong><\/li><\/ul>\n\n\n\n<h2 class=\"wp-block-heading\">Lampenfieber + Nervosit\u00e4t Coaching f\u00fcr Steuerberater<\/h2>\n\n\n\n<figure class=\"wp-block-image size-large\"><img loading=\"lazy\" decoding=\"async\" width=\"200\" height=\"200\" src=\"https:\/\/erfolgsfaktor.de\/coaching-steuerberater\/wp-content\/uploads\/sites\/4\/2020\/09\/Lampenfieber-Steuerberater-Wirtschaftspruefer.gif\" alt=\"Coaching f\u00fcr Steuerberater Lampenfieber und Nervosit\u00e4t\" class=\"wp-image-37\"\/><figcaption>Lampenfieber und Nervosit\u00e4t in der Steuerberatung<\/figcaption><\/figure>\n\n\n\n<p><strong>Lampenfieber-Coaching&nbsp;<\/strong>f\u00fcr Ihre Sicherheit, Souver\u00e4nit\u00e4t und pers\u00f6nliche Kompetenz<\/p>\n\n\n\n<ul class=\"wp-block-list\"><li><strong>unauff\u00e4llig Atemtechniken<\/strong> <strong><strong>f\u00fcr eine stressfreie Atmung<\/strong><\/strong> <\/li><li><strong>Nervosit\u00e4t vor Mandanten<\/strong> unsichtbar in den Griff bekommen<\/li><li><strong>Zittern und hohe Anspannung diskret abbauen<\/strong><\/li><li><strong>unsichere Gestik und schwache Pr\u00e4senz gegensteuern<\/strong><\/li><li><strong>St\u00e4rke, Professionalit\u00e4t und Sicherheit<\/strong> vor der Mandantschaft aufbauen<\/li><li><strong>unsicheres Sprechen schnell und wirksam gegensteuern<\/strong> &#8211; Sicher und souver\u00e4n vor Mandanten + Gesch\u00e4ftspartnern sprechen<\/li><\/ul>\n\n\n\n<h2 class=\"wp-block-heading\">Lampenfieber + Nervosit\u00e4t Coaching f\u00fcr Steuerberater<\/h2>\n\n\n\n<p>Coaching f\u00fcr einen sicheren und professionellen Auftritt. <strong>Signalisieren Sie mit Ihrem Vortrag, Ihrer Ansprache, Rede oder Pr\u00e4sentation, dass Sie als Steuerberater oder Wirtschaftspr\u00fcfer kompetent sind<\/strong>.<\/p>\n\n\n\n<figure class=\"wp-block-image size-large\"><img loading=\"lazy\" decoding=\"async\" width=\"200\" height=\"200\" src=\"https:\/\/erfolgsfaktor.de\/coaching-steuerberater\/wp-content\/uploads\/sites\/4\/2020\/09\/Teilnehmer-Feedback.gif\" alt=\"Teilnehmer Feedback\" class=\"wp-image-51\"\/><\/figure>\n\n\n\n<blockquote class=\"wp-block-quote is-layout-flow wp-block-quote-is-layout-flow\"><p><strong>Der Tag hat sich f\u00fcr mich gelohnt<\/strong>, insbesondere, da das Training sehr praxisorientiert ausgestaltet war. Meine 1. Rede vor der Mandantschaft habe ich inzwischen gut geschafft. Danke f\u00fcr Deine Hilfe, ich habe durch das Training&nbsp;<strong>sehr gut die &#8222;Panik&#8220; \u00fcberwinden k\u00f6nnen<\/strong>. Danke J\u00fcrgen<\/p><cite>Teilnehmerfeedback<\/cite><\/blockquote>\n\n\n\n<h2 class=\"wp-block-heading\" id=\"nutzen\">Lampenfieber Nervosit\u00e4t <br>Ihr Nutzen als Steuerberater<\/h2>\n\n\n\n<figure class=\"wp-block-image size-large\"><img loading=\"lazy\" decoding=\"async\" width=\"200\" height=\"200\" src=\"https:\/\/erfolgsfaktor.de\/coaching-steuerberater\/wp-content\/uploads\/sites\/4\/2020\/09\/Coaching-fuer-Steuerberater.gif\" alt=\"Coaching f\u00fcr Steuerberater\" class=\"wp-image-12\"\/><\/figure>\n\n\n\n<p><strong>Investieren Sie in sich selbst<\/strong> und ein&nbsp;<strong>sicheres und souver\u00e4nes Auftreten ohne Lampenfieber und Nervosit\u00e4t<\/strong>. Das st\u00e4rkt das&nbsp;<strong>Vertrauen der Mandantschaft in Ihre pers\u00f6nliche + fachliche Kompetenz und Arbeit<\/strong>.<\/p>\n\n\n\n<p><strong>\u00dcberzeugende Vortr\u00e4ge, Fachbeitr\u00e4ge, Ansprachen, Reden, Auftritte und Impulse<\/strong> sind ein wichtiges Werkzeug, um <strong>neue attraktive Mandate<\/strong>&nbsp;<strong>zu gewinnen und bestehende Mandanten an sich zu binden.<\/strong> <\/p>\n\n\n\n<div class=\"wp-block-cover alignfull has-neve-link-color-background-color has-background-dim\"><div class=\"wp-block-cover__inner-container is-layout-flow wp-block-cover-is-layout-flow\">\n<h2 class=\"has-text-align-center wp-block-heading\">Lampenfieber Nervosit\u00e4t <br>Steuerberater<\/h2>\n<\/div><\/div>\n\n\n\n<p><\/p>\n\n\n\n<h3 class=\"wp-block-heading\" id=\"anfrage-buchung\">Coaching f\u00fcr Steuerberater<br>anfragen + buchen<\/h3>\n\n\n\n<figure class=\"wp-block-image size-large\"><img loading=\"lazy\" decoding=\"async\" width=\"200\" height=\"200\" src=\"https:\/\/erfolgsfaktor.de\/coaching-steuerberater\/wp-content\/uploads\/sites\/4\/2020\/09\/Coaching-Lampenfieber.gif\" alt=\"Coaching Lampenfieber und Nervosit\u00e4t f\u00fcr Steuerberater\" class=\"wp-image-156\"\/><figcaption>Anmeldung + Buchung<\/figcaption><\/figure>\n\n\n\n<p>Formate, Optionen, Preise und Konditionen finden Sie hier unter <strong>Anfrage + Buchung<\/strong> oder in unserer <a href=\"https:\/\/erfolgsfaktor.de\/coaching-steuerberater\/coachings-steuerberater\/\">Preis\u00fcbersicht<\/a>. <\/p>\n\n\n\n<div class=\"wp-block-buttons is-layout-flex wp-block-buttons-is-layout-flex\">\n<div class=\"wp-block-button\"><a class=\"wp-block-button__link\" href=\"https:\/\/www.mto-consulting.de\/anmeldungerfolgsfaktor.php?https:\/\/erfolgsfaktor.de\/coaching-steuerberater\/lampenfieber-nervositaet-steuerberater\">Anfrage + Buchung<\/a><\/div>\n<\/div>\n\n\n\n<p>Alternativ dieses Coaching auf <strong>www.mto-consulting.de<\/strong> ansehen?<\/p>\n\n\n\n<div class=\"wp-block-buttons is-layout-flex wp-block-buttons-is-layout-flex\">\n<div class=\"wp-block-button\"><a class=\"wp-block-button__link\" href=\"https:\/\/www.mto-consulting.de\/Steuerberater-Wirtschaftspruefer\/lampenfieber-steuerberater-wirtschaftspruefer.htm#Formate\" target=\"_blank\" rel=\"noreferrer noopener\">Coaching f\u00fcr Steuerberater<\/a><\/div>\n<\/div>\n\n\n\n<div class=\"wp-block-cover alignfull has-secondary-background-color has-background-dim\"><div class=\"wp-block-cover__inner-container is-layout-flow wp-block-cover-is-layout-flow\">\n<h2 class=\"has-text-align-center wp-block-heading\">\u00dcbersicht: Coaching f\u00fcr Steuerberater<\/h2>\n<\/div><\/div>\n\n\n\n<h3 class=\"wp-block-heading\"><strong>Coachings f\u00fcr Steuerberater:<\/strong><\/h3>\n\n\n\n<ul class=\"wp-block-list\"><li><a href=\"https:\/\/erfolgsfaktor.de\/coaching-steuerberater\/psychologie-fuer-steuerberater\/\">Coaching Psychologie f\u00fcr Steuerberater<\/a><\/li><li><a href=\"https:\/\/erfolgsfaktor.de\/coaching-steuerberater\/#kritische-situationen-krisen\">Coaching f\u00fcr kritische Situationen + Krisen<\/a><\/li><li><a href=\"https:\/\/erfolgsfaktor.de\/coaching-steuerberater\/schwierige-gespraeche-fuer-steuerberater\/\">Coaching f\u00fcr schwierige Gespr\u00e4che<\/a><\/li><li><a href=\"https:\/\/erfolgsfaktor.de\/coaching-steuerberater\/schwierige-mandanten-fuer-steuerberater\/\">Coaching bei schwierigen Mandanten<\/a><\/li><li><a href=\"https:\/\/erfolgsfaktor.de\/coaching-steuerberater\/konflikte-steuerberater-wirtschaftspruefer\/\">Coaching Konflikte + Konfliktl\u00f6sung<\/a><\/li><li><a href=\"https:\/\/erfolgsfaktor.de\/coaching-steuerberater\/schwierige-mitarbeiter-steuerberater\/\">Coaching f\u00fcr Steuerberater: schwierige Mitarbeiter<\/a><\/li><li><a href=\"https:\/\/erfolgsfaktor.de\/coaching-steuerberater\/fuehrung-steuerberater\/\">Coaching F\u00fchrung \/ Mitarbeiterf\u00fchrung<\/a><\/li><li><a href=\"https:\/\/erfolgsfaktor.de\/coaching-steuerberater\/autoritaet-und-souveranitaet-fuer-steuerberater\/\">Coaching f\u00fcr Autorit\u00e4t + Souver\u00e4nit\u00e4t<\/a><\/li><li><a href=\"https:\/\/erfolgsfaktor.de\/coaching-steuerberater\/diplomatie-schlagfertigkeit-steuerberater\/\">Coaching f\u00fcr Diplomatie + Schlagfertigkeit<\/a><\/li><li><a href=\"https:\/\/erfolgsfaktor.de\/coaching-steuerberater\/lampenfieber-nervositaet-steuerberater\/\">Coaching gegen Lampenfieber + Nervosit\u00e4t<\/a><\/li><li><a href=\"https:\/\/erfolgsfaktor.de\/coaching-steuerberater\/sicher-praesentieren-steuerberater\/\">Coaching Pr\u00e4sentation &#8211; Pr\u00e4sentationstraining<\/a><\/li><li><a href=\"https:\/\/erfolgsfaktor.de\/coaching-steuerberater\/steuerberater-ansprachen-und-vortraege\/\">Coaching f\u00fcr Ansprache, Rede, Vortrag<\/a><\/li><li><a href=\"https:\/\/erfolgsfaktor.de\/coaching-steuerberater\/#coachingtag\">Coaching f\u00fcr Steuerberater: 1 individueller Coachingtag<\/a><\/li><\/ul>\n\n\n\n<div class=\"wp-block-cover alignfull has-secondary-background-color has-background-dim\"><div class=\"wp-block-cover__inner-container is-layout-flow wp-block-cover-is-layout-flow\">\n<p class=\"has-text-align-center has-primary-color has-background-background-color has-text-color has-background has-larger-font-size\"><a href=\"https:\/\/erfolgsfaktor.de\/steuerberater\">zur\u00fcck zur \u00dcbersicht?<\/a><\/p>\n<\/div><\/div>\n","protected":false},"excerpt":{"rendered":"<p>Lampenfieber und Nervosit\u00e4t sind f\u00fcr Steuerberater und Wirtschaftspr\u00fcfer im Umgang mit anspruchsvoller Mandantschaft extrem belastend und beeintr\u00e4chtigen Leistung und Wirkung beim Mandanten. Sind Sie nerv\u00f6s und unsicher vor wichtigen Terminen und Pr\u00e4sentationen beim Mandanten? Haben Sie Lampenfieber im Umgang mit Mandanten, Gesch\u00e4ftspartnern, Vorgesetzten, Kollegen\/innen oder Mitarbeitenden?\u00a0 Unser Lampenfieber Coaching und Seminar ist hilfreich f\u00fcr jeden&hellip;&nbsp;<a href=\"https:\/\/erfolgsfaktor.de\/coaching-steuerberater\/lampenfieber-nervositaet-steuerberater\/\" rel=\"bookmark\">Weiterlesen &raquo;<span class=\"screen-reader-text\">Lampenfieber Nervosit\u00e4t Steuerberater<\/span><\/a><\/p>\n","protected":false},"author":1,"featured_media":37,"parent":0,"menu_order":0,"comment_status":"closed","ping_status":"closed","template":"","meta":{"neve_meta_sidebar":"","neve_meta_container":"","neve_meta_enable_content_width":"","neve_meta_content_width":0,"neve_meta_title_alignment":"","neve_meta_author_avatar":"","neve_post_elements_order":"","neve_meta_disable_header":"","neve_meta_disable_footer":"","neve_meta_disable_title":"","footnotes":""},"class_list":["post-155","page","type-page","status-publish","has-post-thumbnail","hentry"],"yoast_head":"<!-- This site is optimized with the Yoast SEO plugin v26.8 - https:\/\/yoast.com\/product\/yoast-seo-wordpress\/ -->\n<title>Lampenfieber Nervosit\u00e4t Steuerberater - Coaching Steuerberater<\/title>\n<meta name=\"description\" content=\"Lampenfieber und Nervosit\u00e4t f\u00fcr Steuerberater und Wirtschaftspr\u00fcfer - Coaching f\u00fcr sichere Ansprachen, Vortr\u00e4ge, Reden, Pr\u00e4sentationen\" \/>\n<meta name=\"robots\" content=\"index, follow, max-snippet:-1, max-image-preview:large, max-video-preview:-1\" \/>\n<link rel=\"canonical\" href=\"https:\/\/erfolgsfaktor.de\/coaching-steuerberater\/lampenfieber-nervositaet-steuerberater\/\" \/>\n<meta property=\"og:locale\" content=\"de_DE\" \/>\n<meta property=\"og:type\" content=\"article\" \/>\n<meta property=\"og:title\" content=\"Lampenfieber Nervosit\u00e4t Steuerberater - Coaching Steuerberater\" \/>\n<meta property=\"og:description\" content=\"Lampenfieber und Nervosit\u00e4t f\u00fcr Steuerberater und Wirtschaftspr\u00fcfer - Coaching f\u00fcr sichere Ansprachen, Vortr\u00e4ge, Reden, Pr\u00e4sentationen\" \/>\n<meta property=\"og:url\" content=\"https:\/\/erfolgsfaktor.de\/coaching-steuerberater\/lampenfieber-nervositaet-steuerberater\/\" \/>\n<meta property=\"og:site_name\" content=\"Coaching Steuerberater\" \/>\n<meta property=\"article:modified_time\" content=\"2020-10-29T14:03:05+00:00\" \/>\n<meta property=\"og:image\" content=\"https:\/\/erfolgsfaktor.de\/coaching-steuerberater\/wp-content\/uploads\/sites\/4\/2020\/09\/Lampenfieber-Steuerberater-Wirtschaftspruefer.gif\" \/>\n\t<meta property=\"og:image:width\" content=\"200\" \/>\n\t<meta property=\"og:image:height\" content=\"200\" \/>\n\t<meta property=\"og:image:type\" content=\"image\/gif\" \/>\n<meta name=\"twitter:card\" content=\"summary_large_image\" \/>\n<meta name=\"twitter:label1\" content=\"Gesch\u00e4tzte Lesezeit\" \/>\n\t<meta name=\"twitter:data1\" content=\"2\u00a0Minuten\" \/>\n<script type=\"application\/ld+json\" class=\"yoast-schema-graph\">{\"@context\":\"https:\/\/schema.org\",\"@graph\":[{\"@type\":\"WebPage\",\"@id\":\"https:\/\/erfolgsfaktor.de\/coaching-steuerberater\/lampenfieber-nervositaet-steuerberater\/\",\"url\":\"https:\/\/erfolgsfaktor.de\/coaching-steuerberater\/lampenfieber-nervositaet-steuerberater\/\",\"name\":\"Lampenfieber Nervosit\u00e4t Steuerberater - Coaching Steuerberater\",\"isPartOf\":{\"@id\":\"https:\/\/erfolgsfaktor.de\/coaching-steuerberater\/#website\"},\"primaryImageOfPage\":{\"@id\":\"https:\/\/erfolgsfaktor.de\/coaching-steuerberater\/lampenfieber-nervositaet-steuerberater\/#primaryimage\"},\"image\":{\"@id\":\"https:\/\/erfolgsfaktor.de\/coaching-steuerberater\/lampenfieber-nervositaet-steuerberater\/#primaryimage\"},\"thumbnailUrl\":\"https:\/\/erfolgsfaktor.de\/coaching-steuerberater\/wp-content\/uploads\/sites\/4\/2020\/09\/Lampenfieber-Steuerberater-Wirtschaftspruefer.gif\",\"datePublished\":\"2020-09-18T09:34:24+00:00\",\"dateModified\":\"2020-10-29T14:03:05+00:00\",\"description\":\"Lampenfieber und Nervosit\u00e4t f\u00fcr Steuerberater und Wirtschaftspr\u00fcfer - Coaching f\u00fcr sichere Ansprachen, Vortr\u00e4ge, Reden, Pr\u00e4sentationen\",\"breadcrumb\":{\"@id\":\"https:\/\/erfolgsfaktor.de\/coaching-steuerberater\/lampenfieber-nervositaet-steuerberater\/#breadcrumb\"},\"inLanguage\":\"de\",\"potentialAction\":[{\"@type\":\"ReadAction\",\"target\":[\"https:\/\/erfolgsfaktor.de\/coaching-steuerberater\/lampenfieber-nervositaet-steuerberater\/\"]}]},{\"@type\":\"ImageObject\",\"inLanguage\":\"de\",\"@id\":\"https:\/\/erfolgsfaktor.de\/coaching-steuerberater\/lampenfieber-nervositaet-steuerberater\/#primaryimage\",\"url\":\"https:\/\/erfolgsfaktor.de\/coaching-steuerberater\/wp-content\/uploads\/sites\/4\/2020\/09\/Lampenfieber-Steuerberater-Wirtschaftspruefer.gif\",\"contentUrl\":\"https:\/\/erfolgsfaktor.de\/coaching-steuerberater\/wp-content\/uploads\/sites\/4\/2020\/09\/Lampenfieber-Steuerberater-Wirtschaftspruefer.gif\",\"width\":200,\"height\":200,\"caption\":\"Coaching f\u00fcr Steuerberater Lampenfieber und Nervosit\u00e4t\"},{\"@type\":\"BreadcrumbList\",\"@id\":\"https:\/\/erfolgsfaktor.de\/coaching-steuerberater\/lampenfieber-nervositaet-steuerberater\/#breadcrumb\",\"itemListElement\":[{\"@type\":\"ListItem\",\"position\":1,\"name\":\"Startseite\",\"item\":\"https:\/\/erfolgsfaktor.de\/coaching-steuerberater\/\"},{\"@type\":\"ListItem\",\"position\":2,\"name\":\"Lampenfieber Nervosit\u00e4t Steuerberater\"}]},{\"@type\":\"WebSite\",\"@id\":\"https:\/\/erfolgsfaktor.de\/coaching-steuerberater\/#website\",\"url\":\"https:\/\/erfolgsfaktor.de\/coaching-steuerberater\/\",\"name\":\"Coaching Steuerberater\",\"description\":\"Erfolgsfaktor Coaching\",\"potentialAction\":[{\"@type\":\"SearchAction\",\"target\":{\"@type\":\"EntryPoint\",\"urlTemplate\":\"https:\/\/erfolgsfaktor.de\/coaching-steuerberater\/?s={search_term_string}\"},\"query-input\":{\"@type\":\"PropertyValueSpecification\",\"valueRequired\":true,\"valueName\":\"search_term_string\"}}],\"inLanguage\":\"de\"}]}<\/script>\n<!-- \/ Yoast SEO plugin. -->","yoast_head_json":{"title":"Lampenfieber Nervosit\u00e4t Steuerberater - Coaching Steuerberater","description":"Lampenfieber und Nervosit\u00e4t f\u00fcr Steuerberater und Wirtschaftspr\u00fcfer - Coaching f\u00fcr sichere Ansprachen, Vortr\u00e4ge, Reden, Pr\u00e4sentationen","robots":{"index":"index","follow":"follow","max-snippet":"max-snippet:-1","max-image-preview":"max-image-preview:large","max-video-preview":"max-video-preview:-1"},"canonical":"https:\/\/erfolgsfaktor.de\/coaching-steuerberater\/lampenfieber-nervositaet-steuerberater\/","og_locale":"de_DE","og_type":"article","og_title":"Lampenfieber Nervosit\u00e4t Steuerberater - Coaching Steuerberater","og_description":"Lampenfieber und Nervosit\u00e4t f\u00fcr Steuerberater und Wirtschaftspr\u00fcfer - Coaching f\u00fcr sichere Ansprachen, Vortr\u00e4ge, Reden, Pr\u00e4sentationen","og_url":"https:\/\/erfolgsfaktor.de\/coaching-steuerberater\/lampenfieber-nervositaet-steuerberater\/","og_site_name":"Coaching Steuerberater","article_modified_time":"2020-10-29T14:03:05+00:00","og_image":[{"width":200,"height":200,"url":"https:\/\/erfolgsfaktor.de\/coaching-steuerberater\/wp-content\/uploads\/sites\/4\/2020\/09\/Lampenfieber-Steuerberater-Wirtschaftspruefer.gif","type":"image\/gif"}],"twitter_card":"summary_large_image","twitter_misc":{"Gesch\u00e4tzte Lesezeit":"2\u00a0Minuten"},"schema":{"@context":"https:\/\/schema.org","@graph":[{"@type":"WebPage","@id":"https:\/\/erfolgsfaktor.de\/coaching-steuerberater\/lampenfieber-nervositaet-steuerberater\/","url":"https:\/\/erfolgsfaktor.de\/coaching-steuerberater\/lampenfieber-nervositaet-steuerberater\/","name":"Lampenfieber Nervosit\u00e4t Steuerberater - Coaching Steuerberater","isPartOf":{"@id":"https:\/\/erfolgsfaktor.de\/coaching-steuerberater\/#website"},"primaryImageOfPage":{"@id":"https:\/\/erfolgsfaktor.de\/coaching-steuerberater\/lampenfieber-nervositaet-steuerberater\/#primaryimage"},"image":{"@id":"https:\/\/erfolgsfaktor.de\/coaching-steuerberater\/lampenfieber-nervositaet-steuerberater\/#primaryimage"},"thumbnailUrl":"https:\/\/erfolgsfaktor.de\/coaching-steuerberater\/wp-content\/uploads\/sites\/4\/2020\/09\/Lampenfieber-Steuerberater-Wirtschaftspruefer.gif","datePublished":"2020-09-18T09:34:24+00:00","dateModified":"2020-10-29T14:03:05+00:00","description":"Lampenfieber und Nervosit\u00e4t f\u00fcr Steuerberater und Wirtschaftspr\u00fcfer - Coaching f\u00fcr sichere Ansprachen, Vortr\u00e4ge, Reden, Pr\u00e4sentationen","breadcrumb":{"@id":"https:\/\/erfolgsfaktor.de\/coaching-steuerberater\/lampenfieber-nervositaet-steuerberater\/#breadcrumb"},"inLanguage":"de","potentialAction":[{"@type":"ReadAction","target":["https:\/\/erfolgsfaktor.de\/coaching-steuerberater\/lampenfieber-nervositaet-steuerberater\/"]}]},{"@type":"ImageObject","inLanguage":"de","@id":"https:\/\/erfolgsfaktor.de\/coaching-steuerberater\/lampenfieber-nervositaet-steuerberater\/#primaryimage","url":"https:\/\/erfolgsfaktor.de\/coaching-steuerberater\/wp-content\/uploads\/sites\/4\/2020\/09\/Lampenfieber-Steuerberater-Wirtschaftspruefer.gif","contentUrl":"https:\/\/erfolgsfaktor.de\/coaching-steuerberater\/wp-content\/uploads\/sites\/4\/2020\/09\/Lampenfieber-Steuerberater-Wirtschaftspruefer.gif","width":200,"height":200,"caption":"Coaching f\u00fcr Steuerberater Lampenfieber und Nervosit\u00e4t"},{"@type":"BreadcrumbList","@id":"https:\/\/erfolgsfaktor.de\/coaching-steuerberater\/lampenfieber-nervositaet-steuerberater\/#breadcrumb","itemListElement":[{"@type":"ListItem","position":1,"name":"Startseite","item":"https:\/\/erfolgsfaktor.de\/coaching-steuerberater\/"},{"@type":"ListItem","position":2,"name":"Lampenfieber Nervosit\u00e4t Steuerberater"}]},{"@type":"WebSite","@id":"https:\/\/erfolgsfaktor.de\/coaching-steuerberater\/#website","url":"https:\/\/erfolgsfaktor.de\/coaching-steuerberater\/","name":"Coaching Steuerberater","description":"Erfolgsfaktor Coaching","potentialAction":[{"@type":"SearchAction","target":{"@type":"EntryPoint","urlTemplate":"https:\/\/erfolgsfaktor.de\/coaching-steuerberater\/?s={search_term_string}"},"query-input":{"@type":"PropertyValueSpecification","valueRequired":true,"valueName":"search_term_string"}}],"inLanguage":"de"}]}},"_links":{"self":[{"href":"https:\/\/erfolgsfaktor.de\/coaching-steuerberater\/wp-json\/wp\/v2\/pages\/155","targetHints":{"allow":["GET"]}}],"collection":[{"href":"https:\/\/erfolgsfaktor.de\/coaching-steuerberater\/wp-json\/wp\/v2\/pages"}],"about":[{"href":"https:\/\/erfolgsfaktor.de\/coaching-steuerberater\/wp-json\/wp\/v2\/types\/page"}],"author":[{"embeddable":true,"href":"https:\/\/erfolgsfaktor.de\/coaching-steuerberater\/wp-json\/wp\/v2\/users\/1"}],"replies":[{"embeddable":true,"href":"https:\/\/erfolgsfaktor.de\/coaching-steuerberater\/wp-json\/wp\/v2\/comments?post=155"}],"version-history":[{"count":5,"href":"https:\/\/erfolgsfaktor.de\/coaching-steuerberater\/wp-json\/wp\/v2\/pages\/155\/revisions"}],"predecessor-version":[{"id":446,"href":"https:\/\/erfolgsfaktor.de\/coaching-steuerberater\/wp-json\/wp\/v2\/pages\/155\/revisions\/446"}],"wp:featuredmedia":[{"embeddable":true,"href":"https:\/\/erfolgsfaktor.de\/coaching-steuerberater\/wp-json\/wp\/v2\/media\/37"}],"wp:attachment":[{"href":"https:\/\/erfolgsfaktor.de\/coaching-steuerberater\/wp-json\/wp\/v2\/media?parent=155"}],"curies":[{"name":"wp","href":"https:\/\/api.w.org\/{rel}","templated":true}]}}