{"id":143,"date":"2020-09-18T10:28:33","date_gmt":"2020-09-18T08:28:33","guid":{"rendered":"https:\/\/erfolgsfaktor.de\/steuerberater\/?page_id=143"},"modified":"2020-10-29T14:02:52","modified_gmt":"2020-10-29T13:02:52","slug":"diplomatie-schlagfertigkeit-steuerberater","status":"publish","type":"page","link":"https:\/\/erfolgsfaktor.de\/coaching-steuerberater\/diplomatie-schlagfertigkeit-steuerberater\/","title":{"rendered":"Diplomatie Schlagfertigkeit Steuerberater"},"content":{"rendered":"\n<p>Zentrale Erfolgsfaktoren: <strong>Diplomatie und Schlagfertigkeit\u00a0<\/strong>f\u00fcr Steuerberater und Wirtschaftspr\u00fcfer.\u00a0<strong>Im Umgang mit anspruchsvollen Mandanten macht der Ton die Musik!\u00a0<\/strong>Diplomatie und Fingerspitzengef\u00fchl ist definitiv hilfreich um attraktive Mandate zu gewinnen und dauerhaft zu halten.<\/p>\n\n\n\n<div class=\"wp-block-buttons is-layout-flex wp-block-buttons-is-layout-flex\">\n<div class=\"wp-block-button\"><a class=\"wp-block-button__link\" href=\"#anfrage-buchung\">direkt zur<br>Anfrage + Buchung<\/a><\/div>\n<\/div>\n\n\n\n<div class=\"wp-block-cover alignfull has-neve-link-color-background-color has-background-dim\"><div class=\"wp-block-cover__inner-container is-layout-flow wp-block-cover-is-layout-flow\">\n<h2 class=\"has-text-align-center wp-block-heading\">Diplomatie plus Schlagfertigkeit<\/h2>\n<\/div><\/div>\n\n\n\n<h2 class=\"wp-block-heading\">Diplomatie + Schlagfertigkeit<br>Erfolgsfaktor f\u00fcr Steuerberater<\/h2>\n\n\n\n<p>Zunehmend erfordert die Arbeit als Steuerberater auch <strong>Schlagfertigkeit<\/strong>&nbsp;und&nbsp;<strong>ein deutliches Ma\u00df an positivem Durchsetzungsverm\u00f6gen<\/strong>.&nbsp;Sowohl Mandanten, als auch Mitarbeiter m\/w\/d brauchen manchmal Ihre Grenzen und klare Worte. <\/p>\n\n\n\n<h2 class=\"wp-block-heading\">Worte mit Ma\u00df und Dosierung<\/h2>\n\n\n\n<figure class=\"wp-block-image size-large\"><img loading=\"lazy\" decoding=\"async\" width=\"200\" height=\"200\" src=\"https:\/\/erfolgsfaktor.de\/coaching-steuerberater\/wp-content\/uploads\/sites\/4\/2020\/09\/Diplomatie-Schlagfertigkeit-Wirtschaftspruefer.gif\" alt=\"Diplomatie und Schlagfertigkeit f\u00fcr Steuerberater\" class=\"wp-image-145\"\/><figcaption>Coaching Diplomatie und Schlagfertigkeit f\u00fcr Steuerberater<\/figcaption><\/figure>\n\n\n\n<p>Die Kunst ist&nbsp;<strong>die richtige Dosis und den richtigen Punkt&nbsp;<\/strong>zu treffen. Nicht zu hart und nicht zu weich! &nbsp;<\/p>\n\n\n\n<figure class=\"wp-block-image size-large\"><img loading=\"lazy\" decoding=\"async\" width=\"200\" height=\"200\" src=\"https:\/\/erfolgsfaktor.de\/coaching-steuerberater\/wp-content\/uploads\/sites\/4\/2020\/09\/Teilnehmer-Feedback.gif\" alt=\"Teilnehmer Feedback\" class=\"wp-image-51\"\/><\/figure>\n\n\n\n<blockquote class=\"wp-block-quote is-layout-flow wp-block-quote-is-layout-flow\"><p><strong>Thanks you for the vocabulary, most helpful!<\/strong>&nbsp;My manager called this morning about the training and wanted to know if I think it would be useful for others too. I said I believe it would be. I&#8217;ll show our team some of the photos next week. Maybe you&#8217;ll get some new clients soon! Gr\u00fcsse M.<\/p><cite>Teilnehmerfeedback<\/cite><\/blockquote>\n\n\n\n<h3 class=\"wp-block-heading\">Diplomatie + Schlagfertigkeit Coaching f\u00fcr Steuerberater<\/h3>\n\n\n\n<figure class=\"wp-block-image size-large\"><img loading=\"lazy\" decoding=\"async\" width=\"200\" height=\"200\" src=\"https:\/\/erfolgsfaktor.de\/coaching-steuerberater\/wp-content\/uploads\/sites\/4\/2020\/09\/Coaching-Details.gif\" alt=\"Coaching Details\" class=\"wp-image-53\"\/><figcaption>Coaching Diplomatie und Schlagfertigkeit f\u00fcr Steuerberater<\/figcaption><\/figure>\n\n\n\n<ul class=\"wp-block-list\"><li><strong>Die Psychologie der Diplomatie und Schlagfertigkeit<\/strong><\/li><li><strong>Diplomatische Wortwahl und diplomatisches Verhalten<\/strong>: Werkzeuge f\u00fcr einen guten Mix aus Klartext und Fingerspitzengef\u00fchl<\/li><li><strong>positive Schlagfertigkeit trainieren und steigern<\/strong><\/li><li><strong>Steuerberatung + Wirtschaftspr\u00fcfung:&nbsp;Mandanten beeinflussen und steuern durch Schlagfertigkeit und Diplomatie<\/strong><\/li><\/ul>\n\n\n\n<h2 class=\"wp-block-heading\">Schlagfertigkeit + Diplomatie<\/h2>\n\n\n\n<figure class=\"wp-block-image size-large\"><img loading=\"lazy\" decoding=\"async\" width=\"200\" height=\"200\" src=\"https:\/\/erfolgsfaktor.de\/coaching-steuerberater\/wp-content\/uploads\/sites\/4\/2020\/09\/Diplomatie-Schlagfertigkeit.gif\" alt=\"Diplomatie und Schlagfertigkeit\" class=\"wp-image-27\"\/><figcaption>Coaching Diplomatie und Schlagfertigkeit f\u00fcr Steuerberater<\/figcaption><\/figure>\n\n\n\n<p><strong>Coaching<\/strong> <strong>f\u00fcr eine schnelle, schlagfertige und zugleich diplomatische Reaktion<\/strong><\/p>\n\n\n\n<ul class=\"wp-block-list\"><li><strong>Souver\u00e4n und sicher im Umgang mit:<\/strong><\/li><li>Verbalattacken<\/li><li>Manipulation<\/li><li>Ja aber und Gegenreden<\/li><li>nicht ausreden lassen<\/li><li>Themenwechsel und ignorieren<\/li><li>dreisten Behauptungen<\/li><li>Falschdarstellungen<\/li><li>Unsachlichkeit <\/li><li>Wort verdrehen<\/li><li>Unterstellungen<\/li><li>Killerphrasen + Spr\u00fcchen<\/li><li>unguten Kommentaren<\/li><li>Problematisierungen<\/li><li>Drohungen + Druck machen<\/li><li>&#8222;verbalen Seitenhieben&#8220; und &#8230; <\/li><li>von <strong>Mandanten, Kollegen, Vorgesetzten + Mitarbeitern <\/strong>m\/w\/d<\/li><\/ul>\n\n\n\n<figure class=\"wp-block-image size-large\"><img loading=\"lazy\" decoding=\"async\" width=\"200\" height=\"200\" src=\"https:\/\/erfolgsfaktor.de\/coaching-steuerberater\/wp-content\/uploads\/sites\/4\/2020\/09\/Teilnehmer-Feedback.gif\" alt=\"Teilnehmer Feedback\" class=\"wp-image-51\"\/><\/figure>\n\n\n\n<blockquote class=\"wp-block-quote is-layout-flow wp-block-quote-is-layout-flow\"><p>Das war ein <strong>intensives Power-Training<\/strong>, bei dem Zur\u00fccklehnen und berieseln lassen nicht auf der Agenda stehen. <strong>Mit intensiven Praxis\u00fcbungen<\/strong> habe ich mich <strong>ger\u00fcstet f\u00fcr das \u201eechte Leben\u201c<\/strong> und ich freue mich schon auf die erste Praxiserprobung. Vielen Dank!<\/p><cite>Teilnehmerfeedback<\/cite><\/blockquote>\n\n\n\n<h2 class=\"wp-block-heading\">Ihr Nutzen als Steuerberater<\/h2>\n\n\n\n<figure class=\"wp-block-image size-large\"><img loading=\"lazy\" decoding=\"async\" width=\"200\" height=\"200\" src=\"https:\/\/erfolgsfaktor.de\/coaching-steuerberater\/wp-content\/uploads\/sites\/4\/2020\/09\/Coaching-fuer-Steuerberater.gif\" alt=\"Coaching f\u00fcr Steuerberater\" class=\"wp-image-12\"\/><\/figure>\n\n\n\n<p>Ein&nbsp;<strong>diplomatisches, sicheres und souver\u00e4nes Auftreten<\/strong>&nbsp;st\u00e4rken das&nbsp;<strong>Vertrauen der Mandantschaft in Ihre fachliche Kompetenz und Arbeit<\/strong>. Durch eine positive Schlagfertigkeit sichern Sie das Erreichen Ihrer Ziele und Interessen.<\/p>\n\n\n\n<p><strong>Gewinnen Sie neue attraktive Mandate<\/strong>&nbsp;<strong>und binden bestehende Mandanten<\/strong>&nbsp;durch ein besseres Verst\u00e4ndnis f\u00fcr einen psychologisch und diplomatisch \u00fcberzeugenden Umgang mit schwierigen Situationen und Personen.<\/p>\n\n\n\n<div class=\"wp-block-cover alignfull has-neve-link-color-background-color has-background-dim\"><div class=\"wp-block-cover__inner-container is-layout-flow wp-block-cover-is-layout-flow\">\n<p class=\"has-text-align-center has-background-color has-accent-background-color has-text-color has-background\" style=\"font-size:40px\">Anfrage Buchung<\/p>\n<\/div><\/div>\n\n\n\n<p><\/p>\n\n\n\n<h3 class=\"wp-block-heading\" id=\"anfrage-buchung\">Coaching f\u00fcr Steuerberater<br>anfragen + buchen<\/h3>\n\n\n\n<figure class=\"wp-block-image size-large\"><img loading=\"lazy\" decoding=\"async\" width=\"200\" height=\"200\" src=\"https:\/\/erfolgsfaktor.de\/coaching-steuerberater\/wp-content\/uploads\/sites\/4\/2020\/09\/Diplomatie-Schlagfertigkeit.gif\" alt=\"Diplomatie und Schlagfertigkeit\" class=\"wp-image-27\"\/><figcaption>Anmeldung + Buchung<\/figcaption><\/figure>\n\n\n\n<p>Formate, Optionen, Preise und Konditionen finden Sie hier unter <strong>Anfrage + Buchung<\/strong> oder in unserer <a href=\"https:\/\/erfolgsfaktor.de\/coaching-steuerberater\/coachings-steuerberater\/\">Preis\u00fcbersicht<\/a>. <\/p>\n\n\n\n<div class=\"wp-block-buttons is-layout-flex wp-block-buttons-is-layout-flex\">\n<div class=\"wp-block-button\"><a class=\"wp-block-button__link\" href=\"https:\/\/www.mto-consulting.de\/anmeldungerfolgsfaktor.php?https:\/\/erfolgsfaktor.de\/coaching-steuerberater\/diplomatie-schlagfertigkeit-steuerberater\">Anfrage + Buchung<\/a><\/div>\n<\/div>\n\n\n\n<p>Alternativ dieses Coaching auf <strong>www.mto-consulting.de<\/strong> ansehen?<\/p>\n\n\n\n<div class=\"wp-block-buttons is-layout-flex wp-block-buttons-is-layout-flex\">\n<div class=\"wp-block-button\"><a class=\"wp-block-button__link\" href=\"https:\/\/www.mto-consulting.de\/Steuerberater-Wirtschaftspruefer\/diplomatie-schlagfertigkeit-steuerberater-wirtschaftspruefer.htm\">Coaching f\u00fcr Steuerberater<\/a><\/div>\n<\/div>\n\n\n\n<div class=\"wp-block-cover alignfull has-secondary-background-color has-background-dim\"><div class=\"wp-block-cover__inner-container is-layout-flow wp-block-cover-is-layout-flow\">\n<h2 class=\"has-text-align-center wp-block-heading\">\u00dcbersicht: Coaching f\u00fcr Steuerberater<\/h2>\n<\/div><\/div>\n\n\n\n<h3 class=\"wp-block-heading\"><strong>Coachings f\u00fcr Steuerberater:<\/strong><\/h3>\n\n\n\n<ul class=\"wp-block-list\"><li><a href=\"https:\/\/erfolgsfaktor.de\/coaching-steuerberater\/psychologie-fuer-steuerberater\/\">Coaching Psychologie f\u00fcr Steuerberater<\/a><\/li><li><a href=\"https:\/\/erfolgsfaktor.de\/coaching-steuerberater\/#kritische-situationen-krisen\">Coaching f\u00fcr kritische Situationen + Krisen<\/a><\/li><li><a href=\"https:\/\/erfolgsfaktor.de\/coaching-steuerberater\/schwierige-gespraeche-fuer-steuerberater\/\">Coaching f\u00fcr schwierige Gespr\u00e4che<\/a><\/li><li><a href=\"https:\/\/erfolgsfaktor.de\/coaching-steuerberater\/schwierige-mandanten-fuer-steuerberater\/\">Coaching bei schwierigen Mandanten<\/a><\/li><li><a href=\"https:\/\/erfolgsfaktor.de\/coaching-steuerberater\/konflikte-steuerberater-wirtschaftspruefer\/\">Coaching Konflikte + Konfliktl\u00f6sung<\/a><\/li><li><a href=\"https:\/\/erfolgsfaktor.de\/coaching-steuerberater\/schwierige-mitarbeiter-steuerberater\/\">Coaching f\u00fcr Steuerberater: schwierige Mitarbeiter<\/a><\/li><li><a href=\"https:\/\/erfolgsfaktor.de\/coaching-steuerberater\/fuehrung-steuerberater\/\">Coaching F\u00fchrung \/ Mitarbeiterf\u00fchrung<\/a><\/li><li><a href=\"https:\/\/erfolgsfaktor.de\/coaching-steuerberater\/autoritaet-und-souveranitaet-fuer-steuerberater\/\">Coaching f\u00fcr Autorit\u00e4t + Souver\u00e4nit\u00e4t<\/a><\/li><li><a href=\"https:\/\/erfolgsfaktor.de\/coaching-steuerberater\/diplomatie-schlagfertigkeit-steuerberater\/\">Coaching f\u00fcr Diplomatie + Schlagfertigkeit<\/a><\/li><li><a href=\"https:\/\/erfolgsfaktor.de\/coaching-steuerberater\/lampenfieber-nervositaet-steuerberater\/\">Coaching gegen Lampenfieber + Nervosit\u00e4t<\/a><\/li><li><a href=\"https:\/\/erfolgsfaktor.de\/coaching-steuerberater\/sicher-praesentieren-steuerberater\/\">Coaching Pr\u00e4sentation &#8211; Pr\u00e4sentationstraining<\/a><\/li><li><a href=\"https:\/\/erfolgsfaktor.de\/coaching-steuerberater\/steuerberater-ansprachen-und-vortraege\/\">Coaching f\u00fcr Ansprache, Rede, Vortrag<\/a><\/li><li><a href=\"https:\/\/erfolgsfaktor.de\/coaching-steuerberater\/#coachingtag\">Coaching f\u00fcr Steuerberater: 1 individueller Coachingtag<\/a><\/li><\/ul>\n\n\n\n<div class=\"wp-block-cover alignfull has-secondary-background-color has-background-dim\"><div class=\"wp-block-cover__inner-container is-layout-flow wp-block-cover-is-layout-flow\">\n<p class=\"has-text-align-center has-primary-color has-background-background-color has-text-color has-background has-larger-font-size\"><a href=\"https:\/\/erfolgsfaktor.de\/steuerberater\">zur\u00fcck zur \u00dcbersicht?<\/a><\/p>\n<\/div><\/div>\n","protected":false},"excerpt":{"rendered":"<p>Zentrale Erfolgsfaktoren: Diplomatie und Schlagfertigkeit\u00a0f\u00fcr Steuerberater und Wirtschaftspr\u00fcfer.\u00a0Im Umgang mit anspruchsvollen Mandanten macht der Ton die Musik!\u00a0Diplomatie und Fingerspitzengef\u00fchl ist definitiv hilfreich um attraktive Mandate zu gewinnen und dauerhaft zu halten. Diplomatie + SchlagfertigkeitErfolgsfaktor f\u00fcr Steuerberater Zunehmend erfordert die Arbeit als Steuerberater auch Schlagfertigkeit&nbsp;und&nbsp;ein deutliches Ma\u00df an positivem Durchsetzungsverm\u00f6gen.&nbsp;Sowohl Mandanten, als auch Mitarbeiter m\/w\/d brauchen&hellip;&nbsp;<a href=\"https:\/\/erfolgsfaktor.de\/coaching-steuerberater\/diplomatie-schlagfertigkeit-steuerberater\/\" rel=\"bookmark\">Weiterlesen &raquo;<span class=\"screen-reader-text\">Diplomatie Schlagfertigkeit Steuerberater<\/span><\/a><\/p>\n","protected":false},"author":1,"featured_media":27,"parent":0,"menu_order":0,"comment_status":"closed","ping_status":"closed","template":"","meta":{"neve_meta_sidebar":"","neve_meta_container":"","neve_meta_enable_content_width":"","neve_meta_content_width":0,"neve_meta_title_alignment":"","neve_meta_author_avatar":"","neve_post_elements_order":"","neve_meta_disable_header":"","neve_meta_disable_footer":"","neve_meta_disable_title":"","footnotes":""},"class_list":["post-143","page","type-page","status-publish","has-post-thumbnail","hentry"],"yoast_head":"<!-- This site is optimized with the Yoast SEO plugin v26.8 - https:\/\/yoast.com\/product\/yoast-seo-wordpress\/ -->\n<title>Diplomatie Schlagfertigkeit Steuerberater - Coaching Steuerberater<\/title>\n<meta name=\"description\" content=\"Diplomatie und Schlagfertigkeit f\u00fcr Steuerberater und Wirtschaftspr\u00fcfer. Coaching f\u00fcr eine schlagfertige + souver\u00e4ne Reaktion\" \/>\n<meta name=\"robots\" content=\"index, follow, max-snippet:-1, max-image-preview:large, max-video-preview:-1\" \/>\n<link rel=\"canonical\" href=\"https:\/\/erfolgsfaktor.de\/coaching-steuerberater\/diplomatie-schlagfertigkeit-steuerberater\/\" \/>\n<meta property=\"og:locale\" content=\"de_DE\" \/>\n<meta property=\"og:type\" content=\"article\" \/>\n<meta property=\"og:title\" content=\"Diplomatie Schlagfertigkeit Steuerberater - Coaching Steuerberater\" \/>\n<meta property=\"og:description\" content=\"Diplomatie und Schlagfertigkeit f\u00fcr Steuerberater und Wirtschaftspr\u00fcfer. Coaching f\u00fcr eine schlagfertige + souver\u00e4ne Reaktion\" \/>\n<meta property=\"og:url\" content=\"https:\/\/erfolgsfaktor.de\/coaching-steuerberater\/diplomatie-schlagfertigkeit-steuerberater\/\" \/>\n<meta property=\"og:site_name\" content=\"Coaching Steuerberater\" \/>\n<meta property=\"article:modified_time\" content=\"2020-10-29T13:02:52+00:00\" \/>\n<meta property=\"og:image\" content=\"https:\/\/erfolgsfaktor.de\/coaching-steuerberater\/wp-content\/uploads\/sites\/4\/2020\/09\/Diplomatie-Schlagfertigkeit.gif\" \/>\n\t<meta property=\"og:image:width\" content=\"200\" \/>\n\t<meta property=\"og:image:height\" content=\"200\" \/>\n\t<meta property=\"og:image:type\" content=\"image\/gif\" \/>\n<meta name=\"twitter:card\" content=\"summary_large_image\" \/>\n<meta name=\"twitter:label1\" content=\"Gesch\u00e4tzte Lesezeit\" \/>\n\t<meta name=\"twitter:data1\" content=\"2\u00a0Minuten\" \/>\n<script type=\"application\/ld+json\" class=\"yoast-schema-graph\">{\"@context\":\"https:\/\/schema.org\",\"@graph\":[{\"@type\":\"WebPage\",\"@id\":\"https:\/\/erfolgsfaktor.de\/coaching-steuerberater\/diplomatie-schlagfertigkeit-steuerberater\/\",\"url\":\"https:\/\/erfolgsfaktor.de\/coaching-steuerberater\/diplomatie-schlagfertigkeit-steuerberater\/\",\"name\":\"Diplomatie Schlagfertigkeit Steuerberater - Coaching Steuerberater\",\"isPartOf\":{\"@id\":\"https:\/\/erfolgsfaktor.de\/coaching-steuerberater\/#website\"},\"primaryImageOfPage\":{\"@id\":\"https:\/\/erfolgsfaktor.de\/coaching-steuerberater\/diplomatie-schlagfertigkeit-steuerberater\/#primaryimage\"},\"image\":{\"@id\":\"https:\/\/erfolgsfaktor.de\/coaching-steuerberater\/diplomatie-schlagfertigkeit-steuerberater\/#primaryimage\"},\"thumbnailUrl\":\"https:\/\/erfolgsfaktor.de\/coaching-steuerberater\/wp-content\/uploads\/sites\/4\/2020\/09\/Diplomatie-Schlagfertigkeit.gif\",\"datePublished\":\"2020-09-18T08:28:33+00:00\",\"dateModified\":\"2020-10-29T13:02:52+00:00\",\"description\":\"Diplomatie und Schlagfertigkeit f\u00fcr Steuerberater und Wirtschaftspr\u00fcfer. Coaching f\u00fcr eine schlagfertige + souver\u00e4ne Reaktion\",\"breadcrumb\":{\"@id\":\"https:\/\/erfolgsfaktor.de\/coaching-steuerberater\/diplomatie-schlagfertigkeit-steuerberater\/#breadcrumb\"},\"inLanguage\":\"de\",\"potentialAction\":[{\"@type\":\"ReadAction\",\"target\":[\"https:\/\/erfolgsfaktor.de\/coaching-steuerberater\/diplomatie-schlagfertigkeit-steuerberater\/\"]}]},{\"@type\":\"ImageObject\",\"inLanguage\":\"de\",\"@id\":\"https:\/\/erfolgsfaktor.de\/coaching-steuerberater\/diplomatie-schlagfertigkeit-steuerberater\/#primaryimage\",\"url\":\"https:\/\/erfolgsfaktor.de\/coaching-steuerberater\/wp-content\/uploads\/sites\/4\/2020\/09\/Diplomatie-Schlagfertigkeit.gif\",\"contentUrl\":\"https:\/\/erfolgsfaktor.de\/coaching-steuerberater\/wp-content\/uploads\/sites\/4\/2020\/09\/Diplomatie-Schlagfertigkeit.gif\",\"width\":200,\"height\":200,\"caption\":\"Diplomatie und Schlagfertigkeit\"},{\"@type\":\"BreadcrumbList\",\"@id\":\"https:\/\/erfolgsfaktor.de\/coaching-steuerberater\/diplomatie-schlagfertigkeit-steuerberater\/#breadcrumb\",\"itemListElement\":[{\"@type\":\"ListItem\",\"position\":1,\"name\":\"Startseite\",\"item\":\"https:\/\/erfolgsfaktor.de\/coaching-steuerberater\/\"},{\"@type\":\"ListItem\",\"position\":2,\"name\":\"Diplomatie Schlagfertigkeit Steuerberater\"}]},{\"@type\":\"WebSite\",\"@id\":\"https:\/\/erfolgsfaktor.de\/coaching-steuerberater\/#website\",\"url\":\"https:\/\/erfolgsfaktor.de\/coaching-steuerberater\/\",\"name\":\"Coaching Steuerberater\",\"description\":\"Erfolgsfaktor Coaching\",\"potentialAction\":[{\"@type\":\"SearchAction\",\"target\":{\"@type\":\"EntryPoint\",\"urlTemplate\":\"https:\/\/erfolgsfaktor.de\/coaching-steuerberater\/?s={search_term_string}\"},\"query-input\":{\"@type\":\"PropertyValueSpecification\",\"valueRequired\":true,\"valueName\":\"search_term_string\"}}],\"inLanguage\":\"de\"}]}<\/script>\n<!-- \/ Yoast SEO plugin. -->","yoast_head_json":{"title":"Diplomatie Schlagfertigkeit Steuerberater - Coaching Steuerberater","description":"Diplomatie und Schlagfertigkeit f\u00fcr Steuerberater und Wirtschaftspr\u00fcfer. Coaching f\u00fcr eine schlagfertige + souver\u00e4ne Reaktion","robots":{"index":"index","follow":"follow","max-snippet":"max-snippet:-1","max-image-preview":"max-image-preview:large","max-video-preview":"max-video-preview:-1"},"canonical":"https:\/\/erfolgsfaktor.de\/coaching-steuerberater\/diplomatie-schlagfertigkeit-steuerberater\/","og_locale":"de_DE","og_type":"article","og_title":"Diplomatie Schlagfertigkeit Steuerberater - Coaching Steuerberater","og_description":"Diplomatie und Schlagfertigkeit f\u00fcr Steuerberater und Wirtschaftspr\u00fcfer. Coaching f\u00fcr eine schlagfertige + souver\u00e4ne Reaktion","og_url":"https:\/\/erfolgsfaktor.de\/coaching-steuerberater\/diplomatie-schlagfertigkeit-steuerberater\/","og_site_name":"Coaching Steuerberater","article_modified_time":"2020-10-29T13:02:52+00:00","og_image":[{"width":200,"height":200,"url":"https:\/\/erfolgsfaktor.de\/coaching-steuerberater\/wp-content\/uploads\/sites\/4\/2020\/09\/Diplomatie-Schlagfertigkeit.gif","type":"image\/gif"}],"twitter_card":"summary_large_image","twitter_misc":{"Gesch\u00e4tzte Lesezeit":"2\u00a0Minuten"},"schema":{"@context":"https:\/\/schema.org","@graph":[{"@type":"WebPage","@id":"https:\/\/erfolgsfaktor.de\/coaching-steuerberater\/diplomatie-schlagfertigkeit-steuerberater\/","url":"https:\/\/erfolgsfaktor.de\/coaching-steuerberater\/diplomatie-schlagfertigkeit-steuerberater\/","name":"Diplomatie Schlagfertigkeit Steuerberater - Coaching Steuerberater","isPartOf":{"@id":"https:\/\/erfolgsfaktor.de\/coaching-steuerberater\/#website"},"primaryImageOfPage":{"@id":"https:\/\/erfolgsfaktor.de\/coaching-steuerberater\/diplomatie-schlagfertigkeit-steuerberater\/#primaryimage"},"image":{"@id":"https:\/\/erfolgsfaktor.de\/coaching-steuerberater\/diplomatie-schlagfertigkeit-steuerberater\/#primaryimage"},"thumbnailUrl":"https:\/\/erfolgsfaktor.de\/coaching-steuerberater\/wp-content\/uploads\/sites\/4\/2020\/09\/Diplomatie-Schlagfertigkeit.gif","datePublished":"2020-09-18T08:28:33+00:00","dateModified":"2020-10-29T13:02:52+00:00","description":"Diplomatie und Schlagfertigkeit f\u00fcr Steuerberater und Wirtschaftspr\u00fcfer. Coaching f\u00fcr eine schlagfertige + souver\u00e4ne Reaktion","breadcrumb":{"@id":"https:\/\/erfolgsfaktor.de\/coaching-steuerberater\/diplomatie-schlagfertigkeit-steuerberater\/#breadcrumb"},"inLanguage":"de","potentialAction":[{"@type":"ReadAction","target":["https:\/\/erfolgsfaktor.de\/coaching-steuerberater\/diplomatie-schlagfertigkeit-steuerberater\/"]}]},{"@type":"ImageObject","inLanguage":"de","@id":"https:\/\/erfolgsfaktor.de\/coaching-steuerberater\/diplomatie-schlagfertigkeit-steuerberater\/#primaryimage","url":"https:\/\/erfolgsfaktor.de\/coaching-steuerberater\/wp-content\/uploads\/sites\/4\/2020\/09\/Diplomatie-Schlagfertigkeit.gif","contentUrl":"https:\/\/erfolgsfaktor.de\/coaching-steuerberater\/wp-content\/uploads\/sites\/4\/2020\/09\/Diplomatie-Schlagfertigkeit.gif","width":200,"height":200,"caption":"Diplomatie und Schlagfertigkeit"},{"@type":"BreadcrumbList","@id":"https:\/\/erfolgsfaktor.de\/coaching-steuerberater\/diplomatie-schlagfertigkeit-steuerberater\/#breadcrumb","itemListElement":[{"@type":"ListItem","position":1,"name":"Startseite","item":"https:\/\/erfolgsfaktor.de\/coaching-steuerberater\/"},{"@type":"ListItem","position":2,"name":"Diplomatie Schlagfertigkeit Steuerberater"}]},{"@type":"WebSite","@id":"https:\/\/erfolgsfaktor.de\/coaching-steuerberater\/#website","url":"https:\/\/erfolgsfaktor.de\/coaching-steuerberater\/","name":"Coaching Steuerberater","description":"Erfolgsfaktor Coaching","potentialAction":[{"@type":"SearchAction","target":{"@type":"EntryPoint","urlTemplate":"https:\/\/erfolgsfaktor.de\/coaching-steuerberater\/?s={search_term_string}"},"query-input":{"@type":"PropertyValueSpecification","valueRequired":true,"valueName":"search_term_string"}}],"inLanguage":"de"}]}},"_links":{"self":[{"href":"https:\/\/erfolgsfaktor.de\/coaching-steuerberater\/wp-json\/wp\/v2\/pages\/143","targetHints":{"allow":["GET"]}}],"collection":[{"href":"https:\/\/erfolgsfaktor.de\/coaching-steuerberater\/wp-json\/wp\/v2\/pages"}],"about":[{"href":"https:\/\/erfolgsfaktor.de\/coaching-steuerberater\/wp-json\/wp\/v2\/types\/page"}],"author":[{"embeddable":true,"href":"https:\/\/erfolgsfaktor.de\/coaching-steuerberater\/wp-json\/wp\/v2\/users\/1"}],"replies":[{"embeddable":true,"href":"https:\/\/erfolgsfaktor.de\/coaching-steuerberater\/wp-json\/wp\/v2\/comments?post=143"}],"version-history":[{"count":9,"href":"https:\/\/erfolgsfaktor.de\/coaching-steuerberater\/wp-json\/wp\/v2\/pages\/143\/revisions"}],"predecessor-version":[{"id":467,"href":"https:\/\/erfolgsfaktor.de\/coaching-steuerberater\/wp-json\/wp\/v2\/pages\/143\/revisions\/467"}],"wp:featuredmedia":[{"embeddable":true,"href":"https:\/\/erfolgsfaktor.de\/coaching-steuerberater\/wp-json\/wp\/v2\/media\/27"}],"wp:attachment":[{"href":"https:\/\/erfolgsfaktor.de\/coaching-steuerberater\/wp-json\/wp\/v2\/media?parent=143"}],"curies":[{"name":"wp","href":"https:\/\/api.w.org\/{rel}","templated":true}]}}