{"id":136,"date":"2020-09-18T10:03:45","date_gmt":"2020-09-18T08:03:45","guid":{"rendered":"https:\/\/erfolgsfaktor.de\/steuerberater\/?page_id=136"},"modified":"2020-10-29T14:51:21","modified_gmt":"2020-10-29T13:51:21","slug":"autoritaet-und-souveranitaet-fuer-steuerberater","status":"publish","type":"page","link":"https:\/\/erfolgsfaktor.de\/coaching-steuerberater\/autoritaet-und-souveranitaet-fuer-steuerberater\/","title":{"rendered":"Autorit\u00e4t Souver\u00e4nit\u00e4t Steuerberater"},"content":{"rendered":"\n<p><strong>Fachliche und pers\u00f6nliche Autorit\u00e4t und Souver\u00e4nit\u00e4t&nbsp;sind f\u00fcr Steuerberater und Wirtschaftspr\u00fcfer immens wichtig. <\/strong>Ein zu massives oder zu schwaches Auftreten verunsichert oder provoziert negative Reaktionen der Mandantschaft, Kollegen, Vorgesetzten und Mitarbeiter.<\/p>\n\n\n\n<p>Menschen reagieren sehr schnell und sensibel auf fehlende Souver\u00e4nit\u00e4t und Autorit\u00e4t. Dementsprechend sind ein <strong>souver\u00e4nes Auftreten und Verhalten<\/strong>\u00a0zentral f\u00fcr die Arbeit als Steuerberater und Wirtschaftspr\u00fcfer und bildet die\u00a0<strong>psychologische Grundlage f\u00fcr das Vertrauen in Ihre fachliche Kompetenz<\/strong>.<\/p>\n\n\n\n<ul class=\"wp-block-list\"><li><a href=\"#details\">Details<\/a><\/li><li><a href=\"#nutzen\">Nutzen<\/a><\/li><li><a href=\"#anfrage-buchung\">Anfrage + Buchung<\/a><\/li><\/ul>\n\n\n\n<div class=\"wp-block-buttons is-layout-flex wp-block-buttons-is-layout-flex\">\n<div class=\"wp-block-button\"><a class=\"wp-block-button__link\" href=\"#anfrage-buchung\">direkt zur<br>Anfrage + Buchung<\/a><\/div>\n<\/div>\n\n\n\n<div class=\"wp-block-cover alignfull has-neve-link-color-background-color has-background-dim\"><div class=\"wp-block-cover__inner-container is-layout-flow wp-block-cover-is-layout-flow\">\n<h2 class=\"has-text-align-center wp-block-heading\">Autorit\u00e4t + Souver\u00e4nit\u00e4t f\u00fcr Steuerberater<\/h2>\n<\/div><\/div>\n\n\n\n<h3 class=\"wp-block-heading\">Autorit\u00e4t und Souver\u00e4nit\u00e4t als zentrale Erfolgsfaktoren f\u00fcr Steuerberater<\/h3>\n\n\n\n<figure class=\"wp-block-image size-large\"><img loading=\"lazy\" decoding=\"async\" width=\"200\" height=\"200\" src=\"https:\/\/erfolgsfaktor.de\/coaching-steuerberater\/wp-content\/uploads\/sites\/4\/2020\/09\/Autoritaet-Souveraenitaet-Steuerberater-Wirtschaftspruefer.gif\" alt=\"Autorit\u00e4t und Souver\u00e4nit\u00e4t f\u00fcr Steuerberater\" class=\"wp-image-137\"\/><figcaption>Coaching Autorit\u00e4t und Souver\u00e4nit\u00e4t f\u00fcr Steuerberater<\/figcaption><\/figure>\n\n\n\n<p><strong>Wir trainieren Sie im souver\u00e4nen Umgang mit schwieriger oder anspruchsvoller Mandantschaft<\/strong>, Mitarbeitenden, Partner\/innen und Vorgesetzten. Wir coachen Sie eine&nbsp;<strong>hohe fachliche und pers\u00f6nliche  Autorit\u00e4t zu signalisieren<\/strong>.<\/p>\n\n\n\n<figure class=\"wp-block-image size-large\"><img loading=\"lazy\" decoding=\"async\" width=\"200\" height=\"200\" src=\"https:\/\/erfolgsfaktor.de\/coaching-steuerberater\/wp-content\/uploads\/sites\/4\/2020\/09\/Teilnehmer-Feedback.gif\" alt=\"Teilnehmer Feedback\" class=\"wp-image-51\"\/><\/figure>\n\n\n\n<blockquote class=\"wp-block-quote is-layout-flow wp-block-quote-is-layout-flow\"><p><strong>Feedback: <\/strong>&#8222;Hallo J\u00fcrgen, einer der Partner hat mir letzte Woche nach einem Mandantengespr\u00e4ch folgendes Feedback gegeben: &#8222;<strong>Ihre absolut sichere Haltung<\/strong>, verbunden mit den offenen und kommunikativen Gesten hat&nbsp;<strong>sehr professionell und \u00fcberzeugend<\/strong>&nbsp;gewirkt. Gleichzeitig zu der offenen K\u00f6rperhaltung haben Sie&nbsp;<strong>klar und deutlich kommuniziert und Ihren Standpunkt klar r\u00fcbergebracht<\/strong>. Alles in allem ein super Bild!&#8220; damit h\u00e4tte ich nicht gerechnet, er ist ziemlich kritisch. Dir vielen Dank und alles Gute&#8220;<\/p><cite>Teilnehmerfeedback<\/cite><\/blockquote>\n\n\n\n<h2 class=\"wp-block-heading\" id=\"details\">Coaching f\u00fcr Steuerberater<\/h2>\n\n\n\n<figure class=\"wp-block-image size-large\"><img loading=\"lazy\" decoding=\"async\" width=\"200\" height=\"200\" src=\"https:\/\/erfolgsfaktor.de\/coaching-steuerberater\/wp-content\/uploads\/sites\/4\/2020\/09\/Coaching-Details.gif\" alt=\"Coaching Details\" class=\"wp-image-53\"\/><\/figure>\n\n\n\n<ul class=\"wp-block-list\"><li><strong>psychologische Grundlagen souver\u00e4nen Verhaltens<\/strong><\/li><li><strong>Aufbau pers\u00f6nlicher Autorit\u00e4t: Sicherheit und Kompetenzsignale<\/strong><\/li><li>Steuerberatung + Wirtschaftspr\u00fcfung:&nbsp;<strong>So beeinflussen Sie mit klaren Autorit\u00e4tssignalen und souver\u00e4nem Verhalten Ihre Gegen\u00fcber<\/strong><\/li><\/ul>\n\n\n\n<h2 class=\"wp-block-heading\">Autorit\u00e4t + Souver\u00e4nit\u00e4t<\/h2>\n\n\n\n<figure class=\"wp-block-image size-large\"><img loading=\"lazy\" decoding=\"async\" width=\"200\" height=\"200\" src=\"https:\/\/erfolgsfaktor.de\/coaching-steuerberater\/wp-content\/uploads\/sites\/4\/2020\/09\/Autoritaet-Souveraenitaet.gif\" alt=\"Autorit\u00e4t - Souver\u00e4nit\u00e4t\" class=\"wp-image-26\"\/><figcaption>Coaching f\u00fcr Steuerberater Autorit\u00e4t + Souver\u00e4nit\u00e4t<\/figcaption><\/figure>\n\n\n\n<ul class=\"wp-block-list\"><li><strong>die eigene Pers\u00f6nlichkeit, psychologische Mechanismen + Verhaltensweisen<\/strong>&nbsp;erkennen, verstehen und \u00e4ndern<\/li><li><strong>Sicherheit, Gelassenheit und Souver\u00e4nit\u00e4t <\/strong>entwickeln und sichtbar werden lassen<\/li><li>pers\u00f6nliche, sachliche und fachliche&nbsp;<strong>Kompetenz und Autorit\u00e4t<\/strong>&nbsp;aufbauen und signalisieren.<\/li><li><strong>Sicher und souver\u00e4n auftreten und umgehen <\/strong>mit<strong> <\/strong> Mandanten, Kollegen\/innen, Vorgesetzten und Mitarbeitenden.<\/li><\/ul>\n\n\n\n<ul class=\"wp-block-list\"><li><a href=\"#details\">Details<\/a><\/li><li><a href=\"#nutzen\">Nutzen<\/a><\/li><li><a href=\"#anfrage-buchung\">Anfrage + Buchung<\/a><\/li><\/ul>\n\n\n\n<figure class=\"wp-block-image size-large\"><img loading=\"lazy\" decoding=\"async\" width=\"200\" height=\"200\" src=\"https:\/\/erfolgsfaktor.de\/coaching-steuerberater\/wp-content\/uploads\/sites\/4\/2020\/09\/Teilnehmer-Feedback.gif\" alt=\"Teilnehmer Feedback\" class=\"wp-image-51\"\/><\/figure>\n\n\n\n<blockquote class=\"wp-block-quote is-layout-flow wp-block-quote-is-layout-flow\"><p>Das Training war&nbsp;<strong>extrem motivierend und aufbauend<\/strong>, und sehr auf meine Schwachstellen abgestimmt<\/p><p>Man hat das Gef\u00fchl, dass J\u00fcrgen seine ganze Erfahrung in seine Empfehlungen reinpackt. Top ***** Gr\u00fc\u00dfe und alles Gute<\/p><cite>Teilnehmerfeedback<\/cite><\/blockquote>\n\n\n\n<h2 class=\"wp-block-heading\" id=\"nutzen\">Ihr Nutzen als Steuerberater<\/h2>\n\n\n\n<figure class=\"wp-block-image size-large\"><img loading=\"lazy\" decoding=\"async\" width=\"200\" height=\"200\" src=\"https:\/\/erfolgsfaktor.de\/coaching-steuerberater\/wp-content\/uploads\/sites\/4\/2020\/09\/Coaching-fuer-Steuerberater.gif\" alt=\"Coaching f\u00fcr Steuerberater\" class=\"wp-image-12\"\/><figcaption>Coaching Autorit\u00e4t und Souver\u00e4nit\u00e4t f\u00fcr Steuerberater<\/figcaption><\/figure>\n\n\n\n<p><strong>Sichtbare Kompetenz und deutliche Signale fachlicher Autorit\u00e4t<\/strong> plus ein&nbsp;<strong>sicheres und souver\u00e4nes Auftreten<\/strong>&nbsp;st\u00e4rken das Vertrauen der Mandanten. Dies verst\u00e4rkt den positiven Eindruck Ihrer fachlichen Kompetenz und steigert den Wert Ihrer Arbeit.<\/p>\n\n\n\n<p>Erreichen Sie mehr bei Ihrer Mandantschaft durch einen&nbsp;<strong>souver\u00e4nen und psychologisch \u00fcberzeugenden Umgang und<\/strong>&nbsp;<strong>pers\u00f6nliche Autorit\u00e4t<\/strong>.<\/p>\n\n\n\n<p><\/p>\n\n\n\n<div class=\"wp-block-cover alignfull has-neve-link-color-background-color has-background-dim\"><div class=\"wp-block-cover__inner-container is-layout-flow wp-block-cover-is-layout-flow\">\n<p class=\"has-text-align-center has-background-color has-accent-background-color has-text-color has-background\" style=\"font-size:40px\">Anfrage Buchung<\/p>\n<\/div><\/div>\n\n\n\n<h3 class=\"wp-block-heading\" id=\"anfrage-buchung\">Coaching f\u00fcr Steuerberater<br>anfragen + buchen<\/h3>\n\n\n\n<figure class=\"wp-block-image size-large\"><img loading=\"lazy\" decoding=\"async\" width=\"200\" height=\"200\" src=\"https:\/\/erfolgsfaktor.de\/coaching-steuerberater\/wp-content\/uploads\/sites\/4\/2020\/09\/Autoritaet-Souveraenitaet.gif\" alt=\"Autorit\u00e4t - Souver\u00e4nit\u00e4t\" class=\"wp-image-26\"\/><figcaption>Anmeldung + Buchung<\/figcaption><\/figure>\n\n\n\n<p>Formate, Optionen, Preise und Konditionen finden Sie hier unter <strong>Anfrage + Buchung<\/strong> oder in unserer <a href=\"https:\/\/erfolgsfaktor.de\/coaching-steuerberater\/coachings-steuerberater\/\">Preis\u00fcbersicht<\/a>. <\/p>\n\n\n\n<div class=\"wp-block-buttons is-layout-flex wp-block-buttons-is-layout-flex\">\n<div class=\"wp-block-button\"><a class=\"wp-block-button__link\" href=\"https:\/\/www.mto-consulting.de\/anmeldungerfolgsfaktor.php?https:\/\/erfolgsfaktor.de\/coaching-steuerberater\/autoritaet-und-souveranitaet-fuer-steuerberater\">Anfrage + Buchung<\/a><\/div>\n<\/div>\n\n\n\n<p>Alternativ dieses Coaching auf <strong>www.mto-consulting.de<\/strong> ansehen?<\/p>\n\n\n\n<div class=\"wp-block-buttons is-layout-flex wp-block-buttons-is-layout-flex\">\n<div class=\"wp-block-button\"><a class=\"wp-block-button__link\" href=\"https:\/\/www.mto-consulting.de\/Steuerberater-Wirtschaftspruefer\/autoritaet-souveraenitaet-steuerberater-wirtschaftspruefer.htm\">Coaching F\u00fcr Steuerberater<\/a><\/div>\n<\/div>\n\n\n\n<div class=\"wp-block-cover alignfull has-secondary-background-color has-background-dim\"><div class=\"wp-block-cover__inner-container is-layout-flow wp-block-cover-is-layout-flow\">\n<h2 class=\"has-text-align-center wp-block-heading\">\u00dcbersicht: Coaching f\u00fcr Steuerberater<\/h2>\n<\/div><\/div>\n\n\n\n<h3 class=\"wp-block-heading\"><strong>Coachings f\u00fcr Steuerberater:<\/strong><\/h3>\n\n\n\n<ul class=\"wp-block-list\"><li><a href=\"https:\/\/erfolgsfaktor.de\/coaching-steuerberater\/psychologie-fuer-steuerberater\/\">Coaching Psychologie f\u00fcr Steuerberater<\/a><\/li><li><a href=\"https:\/\/erfolgsfaktor.de\/coaching-steuerberater\/#kritische-situationen-krisen\">Coaching f\u00fcr kritische Situationen + Krisen<\/a><\/li><li><a href=\"https:\/\/erfolgsfaktor.de\/coaching-steuerberater\/schwierige-gespraeche-fuer-steuerberater\/\">Coaching f\u00fcr schwierige Gespr\u00e4che<\/a><\/li><li><a href=\"https:\/\/erfolgsfaktor.de\/coaching-steuerberater\/schwierige-mandanten-fuer-steuerberater\/\">Coaching bei schwierigen Mandanten<\/a><\/li><li><a href=\"https:\/\/erfolgsfaktor.de\/coaching-steuerberater\/konflikte-steuerberater-wirtschaftspruefer\/\">Coaching Konflikte + Konfliktl\u00f6sung<\/a><\/li><li><a href=\"https:\/\/erfolgsfaktor.de\/coaching-steuerberater\/schwierige-mitarbeiter-steuerberater\/\">Coaching f\u00fcr Steuerberater: schwierige Mitarbeiter<\/a><\/li><li><a href=\"https:\/\/erfolgsfaktor.de\/coaching-steuerberater\/fuehrung-steuerberater\/\">Coaching F\u00fchrung \/ Mitarbeiterf\u00fchrung<\/a><\/li><li><a href=\"https:\/\/erfolgsfaktor.de\/coaching-steuerberater\/autoritaet-und-souveranitaet-fuer-steuerberater\/\">Coaching f\u00fcr Autorit\u00e4t + Souver\u00e4nit\u00e4t<\/a><\/li><li><a href=\"https:\/\/erfolgsfaktor.de\/coaching-steuerberater\/diplomatie-schlagfertigkeit-steuerberater\/\">Coaching f\u00fcr Diplomatie + Schlagfertigkeit<\/a><\/li><li><a href=\"https:\/\/erfolgsfaktor.de\/coaching-steuerberater\/lampenfieber-nervositaet-steuerberater\/\">Coaching gegen Lampenfieber + Nervosit\u00e4t<\/a><\/li><li><a href=\"https:\/\/erfolgsfaktor.de\/coaching-steuerberater\/sicher-praesentieren-steuerberater\/\">Coaching Pr\u00e4sentation &#8211; Pr\u00e4sentationstraining<\/a><\/li><li><a href=\"https:\/\/erfolgsfaktor.de\/coaching-steuerberater\/steuerberater-ansprachen-und-vortraege\/\">Coaching f\u00fcr Ansprache, Rede, Vortrag<\/a><\/li><li><a href=\"https:\/\/erfolgsfaktor.de\/coaching-steuerberater\/#coachingtag\">Coaching f\u00fcr Steuerberater: 1 individueller Coachingtag<\/a><\/li><\/ul>\n\n\n\n<div class=\"wp-block-cover alignfull has-secondary-background-color has-background-dim\"><div class=\"wp-block-cover__inner-container is-layout-flow wp-block-cover-is-layout-flow\">\n<p class=\"has-text-align-center has-primary-color has-background-background-color has-text-color has-background has-larger-font-size\"><a href=\"https:\/\/erfolgsfaktor.de\/steuerberater\">zur\u00fcck zur \u00dcbersicht?<\/a><\/p>\n<\/div><\/div>\n\n\n\n<p><\/p>\n","protected":false},"excerpt":{"rendered":"<p>Fachliche und pers\u00f6nliche Autorit\u00e4t und Souver\u00e4nit\u00e4t&nbsp;sind f\u00fcr Steuerberater und Wirtschaftspr\u00fcfer immens wichtig. Ein zu massives oder zu schwaches Auftreten verunsichert oder provoziert negative Reaktionen der Mandantschaft, Kollegen, Vorgesetzten und Mitarbeiter. Menschen reagieren sehr schnell und sensibel auf fehlende Souver\u00e4nit\u00e4t und Autorit\u00e4t. Dementsprechend sind ein souver\u00e4nes Auftreten und Verhalten\u00a0zentral f\u00fcr die Arbeit als Steuerberater und Wirtschaftspr\u00fcfer&hellip;&nbsp;<a href=\"https:\/\/erfolgsfaktor.de\/coaching-steuerberater\/autoritaet-und-souveranitaet-fuer-steuerberater\/\" rel=\"bookmark\">Weiterlesen &raquo;<span class=\"screen-reader-text\">Autorit\u00e4t Souver\u00e4nit\u00e4t Steuerberater<\/span><\/a><\/p>\n","protected":false},"author":1,"featured_media":26,"parent":0,"menu_order":0,"comment_status":"closed","ping_status":"closed","template":"","meta":{"neve_meta_sidebar":"","neve_meta_container":"","neve_meta_enable_content_width":"","neve_meta_content_width":0,"neve_meta_title_alignment":"","neve_meta_author_avatar":"","neve_post_elements_order":"","neve_meta_disable_header":"","neve_meta_disable_footer":"","neve_meta_disable_title":"","footnotes":""},"class_list":["post-136","page","type-page","status-publish","has-post-thumbnail","hentry"],"yoast_head":"<!-- This site is optimized with the Yoast SEO plugin v26.8 - https:\/\/yoast.com\/product\/yoast-seo-wordpress\/ -->\n<title>Autorit\u00e4t Souver\u00e4nit\u00e4t Steuerberater - Coaching Steuerberater<\/title>\n<meta name=\"description\" content=\"Autorit\u00e4t und Souver\u00e4nit\u00e4t f\u00fcr Steuerberater und Wirtschaftspr\u00fcfer. Feedback und Coaching f\u00fcr Autorit\u00e4t, Souver\u00e4nit\u00e4t, Auftreten, Wirkung\" \/>\n<meta name=\"robots\" content=\"index, follow, max-snippet:-1, max-image-preview:large, max-video-preview:-1\" \/>\n<link rel=\"canonical\" href=\"https:\/\/erfolgsfaktor.de\/coaching-steuerberater\/autoritaet-und-souveranitaet-fuer-steuerberater\/\" \/>\n<meta property=\"og:locale\" content=\"de_DE\" \/>\n<meta property=\"og:type\" content=\"article\" \/>\n<meta property=\"og:title\" content=\"Autorit\u00e4t Souver\u00e4nit\u00e4t Steuerberater - Coaching Steuerberater\" \/>\n<meta property=\"og:description\" content=\"Autorit\u00e4t und Souver\u00e4nit\u00e4t f\u00fcr Steuerberater und Wirtschaftspr\u00fcfer. Feedback und Coaching f\u00fcr Autorit\u00e4t, Souver\u00e4nit\u00e4t, Auftreten, Wirkung\" \/>\n<meta property=\"og:url\" content=\"https:\/\/erfolgsfaktor.de\/coaching-steuerberater\/autoritaet-und-souveranitaet-fuer-steuerberater\/\" \/>\n<meta property=\"og:site_name\" content=\"Coaching Steuerberater\" \/>\n<meta property=\"article:modified_time\" content=\"2020-10-29T13:51:21+00:00\" \/>\n<meta property=\"og:image\" content=\"https:\/\/erfolgsfaktor.de\/coaching-steuerberater\/wp-content\/uploads\/sites\/4\/2020\/09\/Autoritaet-Souveraenitaet.gif\" \/>\n\t<meta property=\"og:image:width\" content=\"200\" \/>\n\t<meta property=\"og:image:height\" content=\"200\" \/>\n\t<meta property=\"og:image:type\" content=\"image\/gif\" \/>\n<meta name=\"twitter:card\" content=\"summary_large_image\" \/>\n<meta name=\"twitter:label1\" content=\"Gesch\u00e4tzte Lesezeit\" \/>\n\t<meta name=\"twitter:data1\" content=\"2\u00a0Minuten\" \/>\n<script type=\"application\/ld+json\" class=\"yoast-schema-graph\">{\"@context\":\"https:\/\/schema.org\",\"@graph\":[{\"@type\":\"WebPage\",\"@id\":\"https:\/\/erfolgsfaktor.de\/coaching-steuerberater\/autoritaet-und-souveranitaet-fuer-steuerberater\/\",\"url\":\"https:\/\/erfolgsfaktor.de\/coaching-steuerberater\/autoritaet-und-souveranitaet-fuer-steuerberater\/\",\"name\":\"Autorit\u00e4t Souver\u00e4nit\u00e4t Steuerberater - Coaching Steuerberater\",\"isPartOf\":{\"@id\":\"https:\/\/erfolgsfaktor.de\/coaching-steuerberater\/#website\"},\"primaryImageOfPage\":{\"@id\":\"https:\/\/erfolgsfaktor.de\/coaching-steuerberater\/autoritaet-und-souveranitaet-fuer-steuerberater\/#primaryimage\"},\"image\":{\"@id\":\"https:\/\/erfolgsfaktor.de\/coaching-steuerberater\/autoritaet-und-souveranitaet-fuer-steuerberater\/#primaryimage\"},\"thumbnailUrl\":\"https:\/\/erfolgsfaktor.de\/coaching-steuerberater\/wp-content\/uploads\/sites\/4\/2020\/09\/Autoritaet-Souveraenitaet.gif\",\"datePublished\":\"2020-09-18T08:03:45+00:00\",\"dateModified\":\"2020-10-29T13:51:21+00:00\",\"description\":\"Autorit\u00e4t und Souver\u00e4nit\u00e4t f\u00fcr Steuerberater und Wirtschaftspr\u00fcfer. Feedback und Coaching f\u00fcr Autorit\u00e4t, Souver\u00e4nit\u00e4t, Auftreten, Wirkung\",\"breadcrumb\":{\"@id\":\"https:\/\/erfolgsfaktor.de\/coaching-steuerberater\/autoritaet-und-souveranitaet-fuer-steuerberater\/#breadcrumb\"},\"inLanguage\":\"de\",\"potentialAction\":[{\"@type\":\"ReadAction\",\"target\":[\"https:\/\/erfolgsfaktor.de\/coaching-steuerberater\/autoritaet-und-souveranitaet-fuer-steuerberater\/\"]}]},{\"@type\":\"ImageObject\",\"inLanguage\":\"de\",\"@id\":\"https:\/\/erfolgsfaktor.de\/coaching-steuerberater\/autoritaet-und-souveranitaet-fuer-steuerberater\/#primaryimage\",\"url\":\"https:\/\/erfolgsfaktor.de\/coaching-steuerberater\/wp-content\/uploads\/sites\/4\/2020\/09\/Autoritaet-Souveraenitaet.gif\",\"contentUrl\":\"https:\/\/erfolgsfaktor.de\/coaching-steuerberater\/wp-content\/uploads\/sites\/4\/2020\/09\/Autoritaet-Souveraenitaet.gif\",\"width\":200,\"height\":200,\"caption\":\"Autorit\u00e4t - Souver\u00e4nit\u00e4t\"},{\"@type\":\"BreadcrumbList\",\"@id\":\"https:\/\/erfolgsfaktor.de\/coaching-steuerberater\/autoritaet-und-souveranitaet-fuer-steuerberater\/#breadcrumb\",\"itemListElement\":[{\"@type\":\"ListItem\",\"position\":1,\"name\":\"Startseite\",\"item\":\"https:\/\/erfolgsfaktor.de\/coaching-steuerberater\/\"},{\"@type\":\"ListItem\",\"position\":2,\"name\":\"Autorit\u00e4t Souver\u00e4nit\u00e4t Steuerberater\"}]},{\"@type\":\"WebSite\",\"@id\":\"https:\/\/erfolgsfaktor.de\/coaching-steuerberater\/#website\",\"url\":\"https:\/\/erfolgsfaktor.de\/coaching-steuerberater\/\",\"name\":\"Coaching Steuerberater\",\"description\":\"Erfolgsfaktor Coaching\",\"potentialAction\":[{\"@type\":\"SearchAction\",\"target\":{\"@type\":\"EntryPoint\",\"urlTemplate\":\"https:\/\/erfolgsfaktor.de\/coaching-steuerberater\/?s={search_term_string}\"},\"query-input\":{\"@type\":\"PropertyValueSpecification\",\"valueRequired\":true,\"valueName\":\"search_term_string\"}}],\"inLanguage\":\"de\"}]}<\/script>\n<!-- \/ Yoast SEO plugin. -->","yoast_head_json":{"title":"Autorit\u00e4t Souver\u00e4nit\u00e4t Steuerberater - Coaching Steuerberater","description":"Autorit\u00e4t und Souver\u00e4nit\u00e4t f\u00fcr Steuerberater und Wirtschaftspr\u00fcfer. Feedback und Coaching f\u00fcr Autorit\u00e4t, Souver\u00e4nit\u00e4t, Auftreten, Wirkung","robots":{"index":"index","follow":"follow","max-snippet":"max-snippet:-1","max-image-preview":"max-image-preview:large","max-video-preview":"max-video-preview:-1"},"canonical":"https:\/\/erfolgsfaktor.de\/coaching-steuerberater\/autoritaet-und-souveranitaet-fuer-steuerberater\/","og_locale":"de_DE","og_type":"article","og_title":"Autorit\u00e4t Souver\u00e4nit\u00e4t Steuerberater - Coaching Steuerberater","og_description":"Autorit\u00e4t und Souver\u00e4nit\u00e4t f\u00fcr Steuerberater und Wirtschaftspr\u00fcfer. Feedback und Coaching f\u00fcr Autorit\u00e4t, Souver\u00e4nit\u00e4t, Auftreten, Wirkung","og_url":"https:\/\/erfolgsfaktor.de\/coaching-steuerberater\/autoritaet-und-souveranitaet-fuer-steuerberater\/","og_site_name":"Coaching Steuerberater","article_modified_time":"2020-10-29T13:51:21+00:00","og_image":[{"width":200,"height":200,"url":"https:\/\/erfolgsfaktor.de\/coaching-steuerberater\/wp-content\/uploads\/sites\/4\/2020\/09\/Autoritaet-Souveraenitaet.gif","type":"image\/gif"}],"twitter_card":"summary_large_image","twitter_misc":{"Gesch\u00e4tzte Lesezeit":"2\u00a0Minuten"},"schema":{"@context":"https:\/\/schema.org","@graph":[{"@type":"WebPage","@id":"https:\/\/erfolgsfaktor.de\/coaching-steuerberater\/autoritaet-und-souveranitaet-fuer-steuerberater\/","url":"https:\/\/erfolgsfaktor.de\/coaching-steuerberater\/autoritaet-und-souveranitaet-fuer-steuerberater\/","name":"Autorit\u00e4t Souver\u00e4nit\u00e4t Steuerberater - Coaching Steuerberater","isPartOf":{"@id":"https:\/\/erfolgsfaktor.de\/coaching-steuerberater\/#website"},"primaryImageOfPage":{"@id":"https:\/\/erfolgsfaktor.de\/coaching-steuerberater\/autoritaet-und-souveranitaet-fuer-steuerberater\/#primaryimage"},"image":{"@id":"https:\/\/erfolgsfaktor.de\/coaching-steuerberater\/autoritaet-und-souveranitaet-fuer-steuerberater\/#primaryimage"},"thumbnailUrl":"https:\/\/erfolgsfaktor.de\/coaching-steuerberater\/wp-content\/uploads\/sites\/4\/2020\/09\/Autoritaet-Souveraenitaet.gif","datePublished":"2020-09-18T08:03:45+00:00","dateModified":"2020-10-29T13:51:21+00:00","description":"Autorit\u00e4t und Souver\u00e4nit\u00e4t f\u00fcr Steuerberater und Wirtschaftspr\u00fcfer. Feedback und Coaching f\u00fcr Autorit\u00e4t, Souver\u00e4nit\u00e4t, Auftreten, Wirkung","breadcrumb":{"@id":"https:\/\/erfolgsfaktor.de\/coaching-steuerberater\/autoritaet-und-souveranitaet-fuer-steuerberater\/#breadcrumb"},"inLanguage":"de","potentialAction":[{"@type":"ReadAction","target":["https:\/\/erfolgsfaktor.de\/coaching-steuerberater\/autoritaet-und-souveranitaet-fuer-steuerberater\/"]}]},{"@type":"ImageObject","inLanguage":"de","@id":"https:\/\/erfolgsfaktor.de\/coaching-steuerberater\/autoritaet-und-souveranitaet-fuer-steuerberater\/#primaryimage","url":"https:\/\/erfolgsfaktor.de\/coaching-steuerberater\/wp-content\/uploads\/sites\/4\/2020\/09\/Autoritaet-Souveraenitaet.gif","contentUrl":"https:\/\/erfolgsfaktor.de\/coaching-steuerberater\/wp-content\/uploads\/sites\/4\/2020\/09\/Autoritaet-Souveraenitaet.gif","width":200,"height":200,"caption":"Autorit\u00e4t - Souver\u00e4nit\u00e4t"},{"@type":"BreadcrumbList","@id":"https:\/\/erfolgsfaktor.de\/coaching-steuerberater\/autoritaet-und-souveranitaet-fuer-steuerberater\/#breadcrumb","itemListElement":[{"@type":"ListItem","position":1,"name":"Startseite","item":"https:\/\/erfolgsfaktor.de\/coaching-steuerberater\/"},{"@type":"ListItem","position":2,"name":"Autorit\u00e4t Souver\u00e4nit\u00e4t Steuerberater"}]},{"@type":"WebSite","@id":"https:\/\/erfolgsfaktor.de\/coaching-steuerberater\/#website","url":"https:\/\/erfolgsfaktor.de\/coaching-steuerberater\/","name":"Coaching Steuerberater","description":"Erfolgsfaktor Coaching","potentialAction":[{"@type":"SearchAction","target":{"@type":"EntryPoint","urlTemplate":"https:\/\/erfolgsfaktor.de\/coaching-steuerberater\/?s={search_term_string}"},"query-input":{"@type":"PropertyValueSpecification","valueRequired":true,"valueName":"search_term_string"}}],"inLanguage":"de"}]}},"_links":{"self":[{"href":"https:\/\/erfolgsfaktor.de\/coaching-steuerberater\/wp-json\/wp\/v2\/pages\/136","targetHints":{"allow":["GET"]}}],"collection":[{"href":"https:\/\/erfolgsfaktor.de\/coaching-steuerberater\/wp-json\/wp\/v2\/pages"}],"about":[{"href":"https:\/\/erfolgsfaktor.de\/coaching-steuerberater\/wp-json\/wp\/v2\/types\/page"}],"author":[{"embeddable":true,"href":"https:\/\/erfolgsfaktor.de\/coaching-steuerberater\/wp-json\/wp\/v2\/users\/1"}],"replies":[{"embeddable":true,"href":"https:\/\/erfolgsfaktor.de\/coaching-steuerberater\/wp-json\/wp\/v2\/comments?post=136"}],"version-history":[{"count":9,"href":"https:\/\/erfolgsfaktor.de\/coaching-steuerberater\/wp-json\/wp\/v2\/pages\/136\/revisions"}],"predecessor-version":[{"id":438,"href":"https:\/\/erfolgsfaktor.de\/coaching-steuerberater\/wp-json\/wp\/v2\/pages\/136\/revisions\/438"}],"wp:featuredmedia":[{"embeddable":true,"href":"https:\/\/erfolgsfaktor.de\/coaching-steuerberater\/wp-json\/wp\/v2\/media\/26"}],"wp:attachment":[{"href":"https:\/\/erfolgsfaktor.de\/coaching-steuerberater\/wp-json\/wp\/v2\/media?parent=136"}],"curies":[{"name":"wp","href":"https:\/\/api.w.org\/{rel}","templated":true}]}}