{"id":123,"date":"2020-09-17T12:26:08","date_gmt":"2020-09-17T10:26:08","guid":{"rendered":"https:\/\/erfolgsfaktor.de\/steuerberater\/?page_id=123"},"modified":"2020-11-10T16:09:45","modified_gmt":"2020-11-10T15:09:45","slug":"fuehrung-steuerberater","status":"publish","type":"page","link":"https:\/\/erfolgsfaktor.de\/coaching-steuerberater\/fuehrung-steuerberater\/","title":{"rendered":"F\u00fchrung f\u00fcr Steuerberater"},"content":{"rendered":"\n<p><strong>F\u00fchrung f\u00fcr Steuerberater<\/strong> ist ein Coaching, das individuell auf Ihre <strong>F\u00fchrungspers\u00f6nlichkeit<\/strong>, Ihre <strong>Mitarbeiter<\/strong> m\/w\/d, Ihre Mandantschaft und Schnittstellen, sowie Ihre Situation im Unternehmen ausgerichtet ist. <\/p>\n\n\n\n<p>Gerade f\u00fcr Steuerberater ist es extrem wichtig Mitarbeiter&nbsp;professionell zu f\u00fchren und einzubinden. <strong>Durch fehlende F\u00fchrung entstehen oft Kosten, Mehraufw\u00e4nde, schlechte Stimmung im Team und im schlimmsten Fall ein negatives Image bei der Mandantschaft<\/strong>.<\/p>\n\n\n\n<ul class=\"wp-block-list\"><li><a href=\"#details\">Details<\/a><\/li><li><a href=\"#nutzen\">Nutzen<\/a><\/li><li><a href=\"#anfrage-buchung\">Anfrage + Buchung<\/a><\/li><\/ul>\n\n\n\n<div class=\"wp-block-buttons is-layout-flex wp-block-buttons-is-layout-flex\">\n<div class=\"wp-block-button\"><a class=\"wp-block-button__link\" href=\"#anfrage-buchung\">direkt zur<br>Anfrage + Buchung<\/a><\/div>\n<\/div>\n\n\n\n<div class=\"wp-block-cover alignfull has-neve-link-color-background-color has-background-dim\"><div class=\"wp-block-cover__inner-container is-layout-flow wp-block-cover-is-layout-flow\">\n<h2 class=\"has-text-align-center wp-block-heading\">F\u00fchrung: Mitarbeiterf\u00fchrung f\u00fcr Steuerberater<\/h2>\n<\/div><\/div>\n\n\n\n<h2 class=\"wp-block-heading\">F\u00fchrung f\u00fcr Steuerberater<\/h2>\n\n\n\n<figure class=\"wp-block-image size-large\"><img loading=\"lazy\" decoding=\"async\" width=\"200\" height=\"200\" src=\"https:\/\/erfolgsfaktor.de\/coaching-steuerberater\/wp-content\/uploads\/sites\/4\/2020\/09\/Coaching-Mitarbeiterfuehrung.gif\" alt=\"Coaching F\u00fchrung f\u00fcr Steuerberater\" class=\"wp-image-114\"\/><figcaption>Coaching F\u00fchrung f\u00fcr Steuerberater<\/figcaption><\/figure>\n\n\n\n<p>Unser <strong>F\u00fchrungscoaching und F\u00fchrungstraining<\/strong> unterst\u00fctzt Sie als Steuerberater und Wirtschaftspr\u00fcfer <strong>konsequent, klar und mit der n\u00f6tigen Autorit\u00e4t und Souver\u00e4nit\u00e4t zu f\u00fchren<\/strong>. Sie trainieren direkt die <strong>F\u00fchrungskompetenzen und F\u00fchrungswerkzeuge<\/strong>, die Sie f\u00fcr Ihre Belegschaft brauchen. <\/p>\n\n\n\n<p>Die Werkzeuge lassen sich nat\u00fcrlich auch anwenden auf&nbsp;<strong>\u201eschwierige Mitarbeiter bzw. ganz normale Mitarbeitende in schwierigen Situationen\u201c<\/strong>.<\/p>\n\n\n\n<figure class=\"wp-block-image size-large\"><img loading=\"lazy\" decoding=\"async\" width=\"200\" height=\"200\" src=\"https:\/\/erfolgsfaktor.de\/coaching-steuerberater\/wp-content\/uploads\/sites\/4\/2020\/09\/Teilnehmer-Feedback.gif\" alt=\"Teilnehmer Feedback\" class=\"wp-image-51\"\/><\/figure>\n\n\n\n<blockquote class=\"wp-block-quote is-layout-flow wp-block-quote-is-layout-flow\"><p>Hallo J\u00fcrgen, das F\u00fchrungs-AC habe ich erfolgreich bestanden! Das Coaching war wirklich eine gute Vorbereitung, die Struktur und die Phrasen konnte ich gut anwenden. Ich bekam auch ein sehr gutes Feedback f\u00fcr die Gestik und Haltung in den Rollenspielen zum Mitarbeitergespr\u00e4ch und zur Leitung einer Teamrunde. <\/p><cite>Teilnehmerfeedback<\/cite><\/blockquote>\n\n\n\n<h2 class=\"wp-block-heading\" id=\"details\">F\u00fchrungscoaching f\u00fcr Steuerberater<\/h2>\n\n\n\n<figure class=\"wp-block-image size-large\"><img loading=\"lazy\" decoding=\"async\" width=\"200\" height=\"200\" src=\"https:\/\/erfolgsfaktor.de\/coaching-steuerberater\/wp-content\/uploads\/sites\/4\/2020\/09\/Fuehrung-fuer-Steuerberater-1.gif\" alt=\"F\u00fchrung f\u00fcr Steuerberater und Wirtschaftspr\u00fcfer\" class=\"wp-image-125\"\/><figcaption><strong>Ansatzpunkte und Inhalte f\u00fcr das Coaching<\/strong><\/figcaption><\/figure>\n\n\n\n<ul class=\"wp-block-list\"><li><strong>F\u00fchrung mit Klartext: Themen, Kritikpunkte, Fehler und Problemverhalten <\/strong>klar und deutlich ansprechen, Ver\u00e4nderung einfordern und nachhaltig verfolgen<\/li><li><strong>F\u00fchrung im Gespr\u00e4ch<\/strong>: Sich&nbsp;<strong>in Gespr\u00e4chen mit Mitarbeitern durchsetzen<\/strong>, mit Einw\u00e4nden, Gegenreden, Ausfl\u00fcchten souver\u00e4n umgehen und Gespr\u00e4chsziele erreichen<\/li><li><strong>Kritische F\u00fchrungssituationen<\/strong>&nbsp;und schwierige Mitarbeiter psychologische Werkzeuge und Strategien<\/li><\/ul>\n\n\n\n<ul class=\"wp-block-list\"><li><a href=\"#details\">Details<\/a><\/li><li><a href=\"#nutzen\">Nutzen<\/a><\/li><li><a href=\"#anfrage-buchung\">Anfrage + Buchung<\/a><\/li><\/ul>\n\n\n\n<h2 class=\"wp-block-heading\">F\u00fchrung f\u00fcr Steuerberater<\/h2>\n\n\n\n<blockquote class=\"wp-block-quote is-layout-flow wp-block-quote-is-layout-flow\"><p>Hallo J\u00fcrgen, mir hat das F\u00fchrungscoaching viel gebracht, vor allem, dass wir viel ge\u00fcbt haben und L\u00f6sungen gefunden haben, die mir direkt mit den Mitarbeitern weiterhelfen. Auch deine Feedbacks und die Trainingsmaterialien waren sehr hilfreich.<\/p><cite>Teilnehmerfeedback<\/cite><\/blockquote>\n\n\n\n<h2 class=\"wp-block-heading\" id=\"nutzen\">F\u00fchrung f\u00fcr Steuerberater Ihr Nutzen<\/h2>\n\n\n\n<figure class=\"wp-block-image size-large\"><img loading=\"lazy\" decoding=\"async\" width=\"200\" height=\"200\" src=\"https:\/\/erfolgsfaktor.de\/coaching-steuerberater\/wp-content\/uploads\/sites\/4\/2020\/09\/Coaching-fuer-Steuerberater.gif\" alt=\"Coaching f\u00fcr Steuerberater\" class=\"wp-image-12\"\/><\/figure>\n\n\n\n<p><strong>Pers\u00f6nliche<\/strong> <strong>F\u00fchrungsst\u00e4rke, eine pr\u00e4sente und klare F\u00fchrung, mit der n\u00f6tigen Konsequenz und Bestimmtheit&nbsp;<\/strong>helfen Ihnen als Steuerberater Ihre Belegschaft psychologisch geschickt zu f\u00fchren.<\/p>\n\n\n\n<p><strong>Investieren Sie in das wichtigste Gut in Ihrer Steuerberatung, in sich selbst und in die F\u00fchrung Ihrer Mitarbeiter. <\/strong><\/p>\n\n\n\n<div class=\"wp-block-cover alignfull has-neve-link-color-background-color has-background-dim\"><div class=\"wp-block-cover__inner-container is-layout-flow wp-block-cover-is-layout-flow\">\n<h2 class=\"has-text-align-center wp-block-heading\">Anfrage Buchung<\/h2>\n<\/div><\/div>\n\n\n\n<h3 class=\"wp-block-heading\" id=\"anfrage-buchung\">Coaching f\u00fcr Steuerberater<br>anfragen + buchen<\/h3>\n\n\n\n<figure class=\"wp-block-image size-large\"><img loading=\"lazy\" decoding=\"async\" width=\"200\" height=\"200\" src=\"https:\/\/erfolgsfaktor.de\/coaching-steuerberater\/wp-content\/uploads\/sites\/4\/2020\/09\/Coaching-Fuehrung.gif\" alt=\"Coaching F\u00fchrung\" class=\"wp-image-25\"\/><figcaption>Anmeldung + Buchung<\/figcaption><\/figure>\n\n\n\n<p>Formate, Optionen, Preise und Konditionen finden Sie hier unter <strong>Anfrage + Buchung<\/strong> oder in unserer <a href=\"https:\/\/erfolgsfaktor.de\/coaching-steuerberater\/coachings-steuerberater\/\">Preis\u00fcbersicht<\/a>. <\/p>\n\n\n\n<div class=\"wp-block-buttons is-layout-flex wp-block-buttons-is-layout-flex\">\n<div class=\"wp-block-button\"><a class=\"wp-block-button__link\" href=\"https:\/\/www.mto-consulting.de\/anmeldungerfolgsfaktor.php?https:\/\/erfolgsfaktor.de\/coaching-steuerberater\/fuehrung-steuerberater\">Anfrage + Buchung<\/a><\/div>\n<\/div>\n\n\n\n<p>Alternativ dieses Coaching auf <strong>www.mto-consulting.de<\/strong> ansehen?<\/p>\n\n\n\n<div class=\"wp-block-buttons is-layout-flex wp-block-buttons-is-layout-flex\">\n<div class=\"wp-block-button\"><a class=\"wp-block-button__link\" href=\"https:\/\/www.mto-consulting.de\/Steuerberater-Wirtschaftspruefer\/fuehrung-steuerberater-wirtschaftspruefer.htm\" target=\"_blank\" rel=\"noreferrer noopener\">Coaching F\u00fcr Steuerberater<\/a><\/div>\n<\/div>\n\n\n\n<div class=\"wp-block-cover alignfull has-secondary-background-color has-background-dim\"><div class=\"wp-block-cover__inner-container is-layout-flow wp-block-cover-is-layout-flow\">\n<h2 class=\"has-text-align-center wp-block-heading\">\u00dcbersicht: Coaching f\u00fcr Steuerberater<\/h2>\n<\/div><\/div>\n\n\n\n<h3 class=\"wp-block-heading\"><strong>Coachings f\u00fcr Steuerberater:<\/strong><\/h3>\n\n\n\n<ul class=\"wp-block-list\"><li><a href=\"https:\/\/erfolgsfaktor.de\/coaching-steuerberater\/psychologie-fuer-steuerberater\/\">Coaching Psychologie f\u00fcr Steuerberater<\/a><\/li><li><a href=\"https:\/\/erfolgsfaktor.de\/coaching-steuerberater\/#kritische-situationen-krisen\">Coaching f\u00fcr kritische Situationen + Krisen<\/a><\/li><li><a href=\"https:\/\/erfolgsfaktor.de\/coaching-steuerberater\/schwierige-gespraeche-fuer-steuerberater\/\">Coaching f\u00fcr schwierige Gespr\u00e4che<\/a><\/li><li><a href=\"https:\/\/erfolgsfaktor.de\/coaching-steuerberater\/schwierige-mandanten-fuer-steuerberater\/\">Coaching bei schwierigen Mandanten<\/a><\/li><li><a href=\"https:\/\/erfolgsfaktor.de\/coaching-steuerberater\/konflikte-steuerberater-wirtschaftspruefer\/\">Coaching Konflikte + Konfliktl\u00f6sung<\/a><\/li><li><a href=\"https:\/\/erfolgsfaktor.de\/coaching-steuerberater\/schwierige-mitarbeiter-steuerberater\/\">Coaching f\u00fcr Steuerberater: schwierige Mitarbeiter<\/a><\/li><li><a href=\"https:\/\/erfolgsfaktor.de\/coaching-steuerberater\/fuehrung-steuerberater\/\">Coaching F\u00fchrung \/ Mitarbeiterf\u00fchrung<\/a><\/li><li><a href=\"https:\/\/erfolgsfaktor.de\/coaching-steuerberater\/autoritaet-und-souveranitaet-fuer-steuerberater\/\">Coaching f\u00fcr Autorit\u00e4t + Souver\u00e4nit\u00e4t<\/a><\/li><li><a href=\"https:\/\/erfolgsfaktor.de\/coaching-steuerberater\/diplomatie-schlagfertigkeit-steuerberater\/\">Coaching f\u00fcr Diplomatie + Schlagfertigkeit<\/a><\/li><li><a href=\"https:\/\/erfolgsfaktor.de\/coaching-steuerberater\/lampenfieber-nervositaet-steuerberater\/\">Coaching gegen Lampenfieber + Nervosit\u00e4t<\/a><\/li><li><a href=\"https:\/\/erfolgsfaktor.de\/coaching-steuerberater\/sicher-praesentieren-steuerberater\/\">Coaching Pr\u00e4sentation &#8211; Pr\u00e4sentationstraining<\/a><\/li><li><a href=\"https:\/\/erfolgsfaktor.de\/coaching-steuerberater\/steuerberater-ansprachen-und-vortraege\/\">Coaching f\u00fcr Ansprache, Rede, Vortrag<\/a><\/li><li><a href=\"https:\/\/erfolgsfaktor.de\/coaching-steuerberater\/#coachingtag\">Coaching f\u00fcr Steuerberater: 1 individueller Coachingtag<\/a><\/li><\/ul>\n\n\n\n<div class=\"wp-block-cover alignfull has-secondary-background-color has-background-dim\"><div class=\"wp-block-cover__inner-container is-layout-flow wp-block-cover-is-layout-flow\">\n<p class=\"has-text-align-center has-primary-color has-background-background-color has-text-color has-background has-larger-font-size\"><a href=\"https:\/\/erfolgsfaktor.de\/steuerberater\">zur\u00fcck zur \u00dcbersicht?<\/a><\/p>\n<\/div><\/div>\n","protected":false},"excerpt":{"rendered":"<p>F\u00fchrung f\u00fcr Steuerberater ist ein Coaching, das individuell auf Ihre F\u00fchrungspers\u00f6nlichkeit, Ihre Mitarbeiter m\/w\/d, Ihre Mandantschaft und Schnittstellen, sowie Ihre Situation im Unternehmen ausgerichtet ist. Gerade f\u00fcr Steuerberater ist es extrem wichtig Mitarbeiter&nbsp;professionell zu f\u00fchren und einzubinden. Durch fehlende F\u00fchrung entstehen oft Kosten, Mehraufw\u00e4nde, schlechte Stimmung im Team und im schlimmsten Fall ein negatives Image&hellip;&nbsp;<a href=\"https:\/\/erfolgsfaktor.de\/coaching-steuerberater\/fuehrung-steuerberater\/\" rel=\"bookmark\">Weiterlesen &raquo;<span class=\"screen-reader-text\">F\u00fchrung f\u00fcr Steuerberater<\/span><\/a><\/p>\n","protected":false},"author":1,"featured_media":125,"parent":0,"menu_order":0,"comment_status":"closed","ping_status":"closed","template":"","meta":{"neve_meta_sidebar":"","neve_meta_container":"","neve_meta_enable_content_width":"","neve_meta_content_width":0,"neve_meta_title_alignment":"","neve_meta_author_avatar":"","neve_post_elements_order":"","neve_meta_disable_header":"","neve_meta_disable_footer":"","neve_meta_disable_title":"","footnotes":""},"class_list":["post-123","page","type-page","status-publish","has-post-thumbnail","hentry"],"yoast_head":"<!-- This site is optimized with the Yoast SEO plugin v26.8 - https:\/\/yoast.com\/product\/yoast-seo-wordpress\/ -->\n<title>F\u00fchrung f\u00fcr Steuerberater - Coaching Steuerberater<\/title>\n<meta name=\"description\" content=\"F\u00fchrung f\u00fcr Steuerberater und Wirtschaftspr\u00fcfer Coaching Mitarbeiterf\u00fchrung Personalf\u00fchrung in der Steuerberatung Dipl.-Psych. J\u00fcrgen Junker\" \/>\n<meta name=\"robots\" content=\"index, follow, max-snippet:-1, max-image-preview:large, max-video-preview:-1\" \/>\n<link rel=\"canonical\" href=\"https:\/\/erfolgsfaktor.de\/coaching-steuerberater\/fuehrung-steuerberater\/\" \/>\n<meta property=\"og:locale\" content=\"de_DE\" \/>\n<meta property=\"og:type\" content=\"article\" \/>\n<meta property=\"og:title\" content=\"F\u00fchrung f\u00fcr Steuerberater - Coaching Steuerberater\" \/>\n<meta property=\"og:description\" content=\"F\u00fchrung f\u00fcr Steuerberater und Wirtschaftspr\u00fcfer Coaching Mitarbeiterf\u00fchrung Personalf\u00fchrung in der Steuerberatung Dipl.-Psych. J\u00fcrgen Junker\" \/>\n<meta property=\"og:url\" content=\"https:\/\/erfolgsfaktor.de\/coaching-steuerberater\/fuehrung-steuerberater\/\" \/>\n<meta property=\"og:site_name\" content=\"Coaching Steuerberater\" \/>\n<meta property=\"article:modified_time\" content=\"2020-11-10T15:09:45+00:00\" \/>\n<meta property=\"og:image\" content=\"https:\/\/erfolgsfaktor.de\/coaching-steuerberater\/wp-content\/uploads\/sites\/4\/2020\/09\/Fuehrung-fuer-Steuerberater-1.gif\" \/>\n\t<meta property=\"og:image:width\" content=\"200\" \/>\n\t<meta property=\"og:image:height\" content=\"200\" \/>\n\t<meta property=\"og:image:type\" content=\"image\/gif\" \/>\n<meta name=\"twitter:card\" content=\"summary_large_image\" \/>\n<meta name=\"twitter:label1\" content=\"Gesch\u00e4tzte Lesezeit\" \/>\n\t<meta name=\"twitter:data1\" content=\"2\u00a0Minuten\" \/>\n<script type=\"application\/ld+json\" class=\"yoast-schema-graph\">{\"@context\":\"https:\/\/schema.org\",\"@graph\":[{\"@type\":\"WebPage\",\"@id\":\"https:\/\/erfolgsfaktor.de\/coaching-steuerberater\/fuehrung-steuerberater\/\",\"url\":\"https:\/\/erfolgsfaktor.de\/coaching-steuerberater\/fuehrung-steuerberater\/\",\"name\":\"F\u00fchrung f\u00fcr Steuerberater - Coaching Steuerberater\",\"isPartOf\":{\"@id\":\"https:\/\/erfolgsfaktor.de\/coaching-steuerberater\/#website\"},\"primaryImageOfPage\":{\"@id\":\"https:\/\/erfolgsfaktor.de\/coaching-steuerberater\/fuehrung-steuerberater\/#primaryimage\"},\"image\":{\"@id\":\"https:\/\/erfolgsfaktor.de\/coaching-steuerberater\/fuehrung-steuerberater\/#primaryimage\"},\"thumbnailUrl\":\"https:\/\/erfolgsfaktor.de\/coaching-steuerberater\/wp-content\/uploads\/sites\/4\/2020\/09\/Fuehrung-fuer-Steuerberater-1.gif\",\"datePublished\":\"2020-09-17T10:26:08+00:00\",\"dateModified\":\"2020-11-10T15:09:45+00:00\",\"description\":\"F\u00fchrung f\u00fcr Steuerberater und Wirtschaftspr\u00fcfer Coaching Mitarbeiterf\u00fchrung Personalf\u00fchrung in der Steuerberatung Dipl.-Psych. J\u00fcrgen Junker\",\"breadcrumb\":{\"@id\":\"https:\/\/erfolgsfaktor.de\/coaching-steuerberater\/fuehrung-steuerberater\/#breadcrumb\"},\"inLanguage\":\"de\",\"potentialAction\":[{\"@type\":\"ReadAction\",\"target\":[\"https:\/\/erfolgsfaktor.de\/coaching-steuerberater\/fuehrung-steuerberater\/\"]}]},{\"@type\":\"ImageObject\",\"inLanguage\":\"de\",\"@id\":\"https:\/\/erfolgsfaktor.de\/coaching-steuerberater\/fuehrung-steuerberater\/#primaryimage\",\"url\":\"https:\/\/erfolgsfaktor.de\/coaching-steuerberater\/wp-content\/uploads\/sites\/4\/2020\/09\/Fuehrung-fuer-Steuerberater-1.gif\",\"contentUrl\":\"https:\/\/erfolgsfaktor.de\/coaching-steuerberater\/wp-content\/uploads\/sites\/4\/2020\/09\/Fuehrung-fuer-Steuerberater-1.gif\",\"width\":200,\"height\":200,\"caption\":\"F\u00fchrung f\u00fcr Steuerberater und Wirtschaftspr\u00fcfer\"},{\"@type\":\"BreadcrumbList\",\"@id\":\"https:\/\/erfolgsfaktor.de\/coaching-steuerberater\/fuehrung-steuerberater\/#breadcrumb\",\"itemListElement\":[{\"@type\":\"ListItem\",\"position\":1,\"name\":\"Startseite\",\"item\":\"https:\/\/erfolgsfaktor.de\/coaching-steuerberater\/\"},{\"@type\":\"ListItem\",\"position\":2,\"name\":\"F\u00fchrung f\u00fcr Steuerberater\"}]},{\"@type\":\"WebSite\",\"@id\":\"https:\/\/erfolgsfaktor.de\/coaching-steuerberater\/#website\",\"url\":\"https:\/\/erfolgsfaktor.de\/coaching-steuerberater\/\",\"name\":\"Coaching Steuerberater\",\"description\":\"Erfolgsfaktor Coaching\",\"potentialAction\":[{\"@type\":\"SearchAction\",\"target\":{\"@type\":\"EntryPoint\",\"urlTemplate\":\"https:\/\/erfolgsfaktor.de\/coaching-steuerberater\/?s={search_term_string}\"},\"query-input\":{\"@type\":\"PropertyValueSpecification\",\"valueRequired\":true,\"valueName\":\"search_term_string\"}}],\"inLanguage\":\"de\"}]}<\/script>\n<!-- \/ Yoast SEO plugin. -->","yoast_head_json":{"title":"F\u00fchrung f\u00fcr Steuerberater - Coaching Steuerberater","description":"F\u00fchrung f\u00fcr Steuerberater und Wirtschaftspr\u00fcfer Coaching Mitarbeiterf\u00fchrung Personalf\u00fchrung in der Steuerberatung Dipl.-Psych. J\u00fcrgen Junker","robots":{"index":"index","follow":"follow","max-snippet":"max-snippet:-1","max-image-preview":"max-image-preview:large","max-video-preview":"max-video-preview:-1"},"canonical":"https:\/\/erfolgsfaktor.de\/coaching-steuerberater\/fuehrung-steuerberater\/","og_locale":"de_DE","og_type":"article","og_title":"F\u00fchrung f\u00fcr Steuerberater - Coaching Steuerberater","og_description":"F\u00fchrung f\u00fcr Steuerberater und Wirtschaftspr\u00fcfer Coaching Mitarbeiterf\u00fchrung Personalf\u00fchrung in der Steuerberatung Dipl.-Psych. J\u00fcrgen Junker","og_url":"https:\/\/erfolgsfaktor.de\/coaching-steuerberater\/fuehrung-steuerberater\/","og_site_name":"Coaching Steuerberater","article_modified_time":"2020-11-10T15:09:45+00:00","og_image":[{"width":200,"height":200,"url":"https:\/\/erfolgsfaktor.de\/coaching-steuerberater\/wp-content\/uploads\/sites\/4\/2020\/09\/Fuehrung-fuer-Steuerberater-1.gif","type":"image\/gif"}],"twitter_card":"summary_large_image","twitter_misc":{"Gesch\u00e4tzte Lesezeit":"2\u00a0Minuten"},"schema":{"@context":"https:\/\/schema.org","@graph":[{"@type":"WebPage","@id":"https:\/\/erfolgsfaktor.de\/coaching-steuerberater\/fuehrung-steuerberater\/","url":"https:\/\/erfolgsfaktor.de\/coaching-steuerberater\/fuehrung-steuerberater\/","name":"F\u00fchrung f\u00fcr Steuerberater - Coaching Steuerberater","isPartOf":{"@id":"https:\/\/erfolgsfaktor.de\/coaching-steuerberater\/#website"},"primaryImageOfPage":{"@id":"https:\/\/erfolgsfaktor.de\/coaching-steuerberater\/fuehrung-steuerberater\/#primaryimage"},"image":{"@id":"https:\/\/erfolgsfaktor.de\/coaching-steuerberater\/fuehrung-steuerberater\/#primaryimage"},"thumbnailUrl":"https:\/\/erfolgsfaktor.de\/coaching-steuerberater\/wp-content\/uploads\/sites\/4\/2020\/09\/Fuehrung-fuer-Steuerberater-1.gif","datePublished":"2020-09-17T10:26:08+00:00","dateModified":"2020-11-10T15:09:45+00:00","description":"F\u00fchrung f\u00fcr Steuerberater und Wirtschaftspr\u00fcfer Coaching Mitarbeiterf\u00fchrung Personalf\u00fchrung in der Steuerberatung Dipl.-Psych. J\u00fcrgen Junker","breadcrumb":{"@id":"https:\/\/erfolgsfaktor.de\/coaching-steuerberater\/fuehrung-steuerberater\/#breadcrumb"},"inLanguage":"de","potentialAction":[{"@type":"ReadAction","target":["https:\/\/erfolgsfaktor.de\/coaching-steuerberater\/fuehrung-steuerberater\/"]}]},{"@type":"ImageObject","inLanguage":"de","@id":"https:\/\/erfolgsfaktor.de\/coaching-steuerberater\/fuehrung-steuerberater\/#primaryimage","url":"https:\/\/erfolgsfaktor.de\/coaching-steuerberater\/wp-content\/uploads\/sites\/4\/2020\/09\/Fuehrung-fuer-Steuerberater-1.gif","contentUrl":"https:\/\/erfolgsfaktor.de\/coaching-steuerberater\/wp-content\/uploads\/sites\/4\/2020\/09\/Fuehrung-fuer-Steuerberater-1.gif","width":200,"height":200,"caption":"F\u00fchrung f\u00fcr Steuerberater und Wirtschaftspr\u00fcfer"},{"@type":"BreadcrumbList","@id":"https:\/\/erfolgsfaktor.de\/coaching-steuerberater\/fuehrung-steuerberater\/#breadcrumb","itemListElement":[{"@type":"ListItem","position":1,"name":"Startseite","item":"https:\/\/erfolgsfaktor.de\/coaching-steuerberater\/"},{"@type":"ListItem","position":2,"name":"F\u00fchrung f\u00fcr Steuerberater"}]},{"@type":"WebSite","@id":"https:\/\/erfolgsfaktor.de\/coaching-steuerberater\/#website","url":"https:\/\/erfolgsfaktor.de\/coaching-steuerberater\/","name":"Coaching Steuerberater","description":"Erfolgsfaktor Coaching","potentialAction":[{"@type":"SearchAction","target":{"@type":"EntryPoint","urlTemplate":"https:\/\/erfolgsfaktor.de\/coaching-steuerberater\/?s={search_term_string}"},"query-input":{"@type":"PropertyValueSpecification","valueRequired":true,"valueName":"search_term_string"}}],"inLanguage":"de"}]}},"_links":{"self":[{"href":"https:\/\/erfolgsfaktor.de\/coaching-steuerberater\/wp-json\/wp\/v2\/pages\/123","targetHints":{"allow":["GET"]}}],"collection":[{"href":"https:\/\/erfolgsfaktor.de\/coaching-steuerberater\/wp-json\/wp\/v2\/pages"}],"about":[{"href":"https:\/\/erfolgsfaktor.de\/coaching-steuerberater\/wp-json\/wp\/v2\/types\/page"}],"author":[{"embeddable":true,"href":"https:\/\/erfolgsfaktor.de\/coaching-steuerberater\/wp-json\/wp\/v2\/users\/1"}],"replies":[{"embeddable":true,"href":"https:\/\/erfolgsfaktor.de\/coaching-steuerberater\/wp-json\/wp\/v2\/comments?post=123"}],"version-history":[{"count":16,"href":"https:\/\/erfolgsfaktor.de\/coaching-steuerberater\/wp-json\/wp\/v2\/pages\/123\/revisions"}],"predecessor-version":[{"id":472,"href":"https:\/\/erfolgsfaktor.de\/coaching-steuerberater\/wp-json\/wp\/v2\/pages\/123\/revisions\/472"}],"wp:featuredmedia":[{"embeddable":true,"href":"https:\/\/erfolgsfaktor.de\/coaching-steuerberater\/wp-json\/wp\/v2\/media\/125"}],"wp:attachment":[{"href":"https:\/\/erfolgsfaktor.de\/coaching-steuerberater\/wp-json\/wp\/v2\/media?parent=123"}],"curies":[{"name":"wp","href":"https:\/\/api.w.org\/{rel}","templated":true}]}}