{"id":589,"date":"2020-11-18T11:03:30","date_gmt":"2020-11-18T10:03:30","guid":{"rendered":"https:\/\/erfolgsfaktor.de\/coaching-geschaeftsfuehrer\/?p=589"},"modified":"2023-07-06T12:46:06","modified_gmt":"2023-07-06T10:46:06","slug":"coachingthemen-persoenliche-situation","status":"publish","type":"page","link":"https:\/\/erfolgsfaktor.de\/coaching-geschaeftsfuehrer\/coachingthemen-persoenliche-situation\/","title":{"rendered":"Coachingthemen pers\u00f6nliche Situation"},"content":{"rendered":"\n<p>Unsere <strong>Coachingthemen pers\u00f6nliche Situation <\/strong>beziehen sich auf Ihren &#8222;<strong>wichtigsten Beitrag zur Gesch\u00e4ftsf\u00fchrung<\/strong>&#8222;, <strong>mit Ihnen selbst<\/strong> und ihrer pers\u00f6nlichen Situation im Unternehmen. <\/p>\n\n\n\n<p>Mein Schwerpunkt ist das fokussierte&nbsp;<a href=\"https:\/\/erfolgsfaktor.de\/coaching-geschaeftsfuehrer\/coaching-fuer-geschaeftsfuehrer-und-geschaeftsfuehrerin\/\">Coaching f\u00fcr Gesch\u00e4ftsf\u00fchrer und Gesch\u00e4ftsf\u00fchrerin<\/a>. Gerne stehe ich Ihnen gemeinsam mit&nbsp;<a href=\"https:\/\/www.mto-consulting.de\/Coaching-Aschaffenburg.htm\">Coaching Aschaffenburg<\/a>&nbsp;f\u00fcr Feedback, pers\u00f6nliches Training, Fragen und einen ersten Termin zur Verf\u00fcgung. Ihr Dipl.-Psych. J\u00fcrgen Junker. Mehr Infos unter:&nbsp;<a href=\"https:\/\/www.mto-consulting.de\/Coaching.htm\">https:\/\/www.mto-consulting.de\/Coaching.htm<\/a>.<\/p>\n\n\n\n<h2 class=\"wp-block-heading\">Beispiele f\u00fcr Coachingthemen pers\u00f6nliche Situation<\/h2>\n\n\n\n<ul class=\"wp-block-list\">\n<li><a href=\"#selbstfuehrung\">Das Richtige richtig tun! F\u00fchrung zur Selbstf\u00fchrung<\/a><\/li>\n\n\n\n<li><a href=\"#funktion-rolle\">Funktion und Rolle<\/a><\/li>\n\n\n\n<li><a href=\"#selbstmanagement-selbstcoaching\">Selbstmanagement + Selbstcoaching<\/a><\/li>\n\n\n\n<li><a href=\"#Work-Life-Balance\">Work-Life-Balance<\/a><\/li>\n\n\n\n<li><a href=\"#berufliche-Ziele\">berufliche Ziele<\/a><\/li>\n\n\n\n<li><a href=\"#persoenliche-Situation\">pers\u00f6nliche Situation<\/a><\/li>\n<\/ul>\n\n\n\n<p>Hier finden Sie meine <a href=\"https:\/\/erfolgsfaktor.de\/coaching-geschaeftsfuehrer\/\">Coachings f\u00fcr Gesch\u00e4ftsf\u00fchrer<\/a> und alle weiteren Themen finden Sie auf der mto-consulting <a href=\"https:\/\/www.mto-consulting.de\/Coaching.htm\">Coaching\u00fcbersicht<\/a>.<\/p>\n\n\n\n<div class=\"wp-block-cover alignfull has-neve-link-color-background-color has-background-dim\"><span aria-hidden=\"true\" class=\"wp-block-cover__background has-neve-link-color-background-color has-background-dim-100 has-background-dim\"><\/span><div class=\"wp-block-cover__inner-container is-layout-flow wp-block-cover-is-layout-flow\">\n<figure class=\"wp-block-pullquote has-neve-link-color-color has-nv-site-bg-background-color has-text-color has-background\"><blockquote><p>das Richtige richtig tun<\/p><\/blockquote><\/figure>\n<\/div><\/div>\n\n\n\n<figure class=\"wp-block-image size-large\"><img loading=\"lazy\" decoding=\"async\" width=\"200\" height=\"200\" src=\"https:\/\/erfolgsfaktor.de\/coaching-geschaeftsfuehrer\/wp-content\/uploads\/sites\/5\/2020\/09\/Coaching-fuer-Geschaeftsfuehrer.gif\" alt=\"Coaching f\u00fcr Gesch\u00e4ftsf\u00fchrer\" class=\"wp-image-22\"\/><\/figure>\n\n\n\n<h3 class=\"wp-block-heading\" id=\"selbstfuehrung\"><strong>Das Richtige richtig tun!<\/strong> F\u00fchrung zur Selbstf\u00fchrung<\/h3>\n\n\n\n<p>Heute ist es f\u00fcr jeden <strong>Leader zentral das Business so aufzusetzen, dass es letztendlich von selbst ohne weitere explizite F\u00fchrung l\u00e4uft. Was es immer wieder braucht, ist der Aufbau von Einsicht, Wissen um die Strategie und das Vorgehen plus Feedback f\u00fcr die Realisierung und M\u00f6glichkeiten der Nachjustierung.<\/strong><\/p>\n\n\n\n<p>Im Coaching unterst\u00fctze ich Sie in der Umsetzung Ihres F\u00fchrungsansatzes und im Vermitteln Ihrer Strategie und Vorgehensweisen. Wichtig ist zudem f\u00fcr viele meiner Klienten Raum f\u00fcr die Reflektion der eigenen pers\u00f6nlichen Situation, Zielvorstellungen und W\u00fcnsche. <\/p>\n\n\n\n<figure class=\"wp-block-embed is-type-wp-embed is-provider-coaching-geschaftsfuhrer wp-block-embed-coaching-geschaftsfuhrer\"><div class=\"wp-block-embed__wrapper\">\n<blockquote class=\"wp-embedded-content\" data-secret=\"afVKnOxmPM\"><a href=\"https:\/\/erfolgsfaktor.de\/coaching-geschaeftsfuehrer\/coaching-fuer-geschaeftsfuehrer-und-geschaeftsfuehrerin\/\">Coaching f\u00fcr Gesch\u00e4ftsf\u00fchrer und Gesch\u00e4ftsf\u00fchrerin<\/a><\/blockquote><iframe loading=\"lazy\" class=\"wp-embedded-content\" sandbox=\"allow-scripts\" security=\"restricted\" style=\"position: absolute; clip: rect(1px, 1px, 1px, 1px);\" title=\"&#8222;Coaching f\u00fcr Gesch\u00e4ftsf\u00fchrer und Gesch\u00e4ftsf\u00fchrerin&#8220; &#8212; Coaching Gesch\u00e4ftsf\u00fchrer\" src=\"https:\/\/erfolgsfaktor.de\/coaching-geschaeftsfuehrer\/coaching-fuer-geschaeftsfuehrer-und-geschaeftsfuehrerin\/embed\/#?secret=IJ9lMi6eXO#?secret=afVKnOxmPM\" data-secret=\"afVKnOxmPM\" width=\"600\" height=\"338\" frameborder=\"0\" marginwidth=\"0\" marginheight=\"0\" scrolling=\"no\"><\/iframe>\n<\/div><\/figure>\n\n\n\n<div class=\"wp-block-cover alignfull has-neve-link-color-background-color has-background-dim\"><span aria-hidden=\"true\" class=\"wp-block-cover__background has-neve-link-color-background-color has-background-dim-100 has-background-dim\"><\/span><div class=\"wp-block-cover__inner-container is-layout-flow wp-block-cover-is-layout-flow\">\n<figure class=\"wp-block-pullquote has-neve-link-color-color has-nv-site-bg-background-color has-text-color has-background\"><blockquote><p>Funktion und Rolle<\/p><\/blockquote><\/figure>\n<\/div><\/div>\n\n\n\n<h3 class=\"wp-block-heading\" id=\"funktion-rolle\">Coachingthemen pers\u00f6nliche Situation: Funktion und Rolle<\/h3>\n\n\n\n<p>Im Coaching unterst\u00fctze ich Sie im Umgang mit Ihrer Rolle und Funktion. Auf Grundlage einer psychologischen Rollenanalyse biete ich Ihnen Werkzeuge der Reflektion und Ausgestaltung Ihrer Rolle und Funktion als als Gesch\u00e4ftsf\u00fchrer, Inhaber, CEO, Vorstand, Bereichsleiter oder Mitglied des F\u00fchrungskreises.<\/p>\n\n\n\n<figure class=\"wp-block-embed is-type-wp-embed is-provider-coaching-geschaftsfuhrer wp-block-embed-coaching-geschaftsfuhrer\"><div class=\"wp-block-embed__wrapper\">\n<blockquote class=\"wp-embedded-content\" data-secret=\"crs5Pt1lAG\"><a href=\"https:\/\/erfolgsfaktor.de\/coaching-geschaeftsfuehrer\/coaching-fuer-geschaeftsfuehrer-2\/\">Coaching f\u00fcr Gesch\u00e4ftsf\u00fchrer<\/a><\/blockquote><iframe loading=\"lazy\" class=\"wp-embedded-content\" sandbox=\"allow-scripts\" security=\"restricted\" style=\"position: absolute; clip: rect(1px, 1px, 1px, 1px);\" title=\"&#8222;Coaching f\u00fcr Gesch\u00e4ftsf\u00fchrer&#8220; &#8212; Coaching Gesch\u00e4ftsf\u00fchrer\" src=\"https:\/\/erfolgsfaktor.de\/coaching-geschaeftsfuehrer\/coaching-fuer-geschaeftsfuehrer-2\/embed\/#?secret=ljJx4mgZjs#?secret=crs5Pt1lAG\" data-secret=\"crs5Pt1lAG\" width=\"600\" height=\"338\" frameborder=\"0\" marginwidth=\"0\" marginheight=\"0\" scrolling=\"no\"><\/iframe>\n<\/div><\/figure>\n\n\n\n<div class=\"wp-block-cover alignfull has-neve-link-color-background-color has-background-dim\"><span aria-hidden=\"true\" class=\"wp-block-cover__background has-neve-link-color-background-color has-background-dim-100 has-background-dim\"><\/span><div class=\"wp-block-cover__inner-container is-layout-flow wp-block-cover-is-layout-flow\">\n<figure class=\"wp-block-pullquote has-neve-link-color-color has-nv-site-bg-background-color has-text-color has-background\"><blockquote><p>Selbstcoaching<\/p><\/blockquote><\/figure>\n<\/div><\/div>\n\n\n\n<h3 class=\"wp-block-heading\" id=\"selbstmanagement-selbstcoaching\">Selbstmanagement + Selbstcoaching<\/h3>\n\n\n\n<p>Sich selbst und die eigene Arbeitsumgebung und Arbeitssituation so ausgestalten, dass es l\u00e4uft und Raum f\u00fcr mich pers\u00f6nlich wichtiges entsteht. Pers\u00f6nliche Entwicklungszeit, Freir\u00e4ume f\u00fcr Neues und Wichtiges. Im Coaching unterst\u00fctze ich Sie darin mehr f\u00fcr sich pers\u00f6nlich und mehr f\u00fcr das &#8222;Ganze&#8220; zu erreichen. Das erh\u00f6ht die pers\u00f6nliche Zufriedenheit und dient Ihnen und dem Unternehmen.<\/p>\n\n\n\n<figure class=\"wp-block-embed is-type-wp-embed is-provider-jurgen-junker-diplom-psychologe-aschaffenburg wp-block-embed-jurgen-junker-diplom-psychologe-aschaffenburg\"><div class=\"wp-block-embed__wrapper\">\n<blockquote class=\"wp-embedded-content\" data-secret=\"vRvoN3ArAH\"><a href=\"https:\/\/psychologiepraxis.de\/psychologisches-coaching\/\">Psychologisches Coaching<\/a><\/blockquote><iframe loading=\"lazy\" class=\"wp-embedded-content\" sandbox=\"allow-scripts\" security=\"restricted\" style=\"position: absolute; clip: rect(1px, 1px, 1px, 1px);\" title=\"&#8222;Psychologisches Coaching&#8220; &#8212; J\u00fcrgen Junker Diplom Psychologe Aschaffenburg\" src=\"https:\/\/psychologiepraxis.de\/psychologisches-coaching\/embed\/#?secret=R6Ca4jfxLx#?secret=vRvoN3ArAH\" data-secret=\"vRvoN3ArAH\" width=\"600\" height=\"338\" frameborder=\"0\" marginwidth=\"0\" marginheight=\"0\" scrolling=\"no\"><\/iframe>\n<\/div><\/figure>\n\n\n\n<div class=\"wp-block-cover alignfull has-neve-link-color-background-color has-background-dim\"><span aria-hidden=\"true\" class=\"wp-block-cover__background has-neve-link-color-background-color has-background-dim-100 has-background-dim\"><\/span><div class=\"wp-block-cover__inner-container is-layout-flow wp-block-cover-is-layout-flow\">\n<figure class=\"wp-block-pullquote has-neve-link-color-color has-nv-site-bg-background-color has-text-color has-background\"><blockquote><p>Work-Life-Balance<\/p><\/blockquote><\/figure>\n<\/div><\/div>\n\n\n\n<h3 class=\"wp-block-heading\" id=\"Work-Life-Balance\">Work-Life-Balance pers\u00f6nlich wichtige Ziele definieren und erreichen<\/h3>\n\n\n\n<p>Die Arbeit alleine macht nicht gl\u00fccklich! Jeder Mensch ist viel mehr als die &#8222;reine berufliche Position&#8220;. Jeder Invest in pers\u00f6nliche Themen, Anliegen und Ziele baut einen positiven Beitrag und Ausgleich zu den beruflichen Belastungen auf. Im Coaching unterst\u00fctze ich Sie mit Werkzeugen um pers\u00f6nliche Ziele zu definieren, zu reflektieren, zu \u00fcberdenken, auszugestalten und zu erreichen. <\/p>\n\n\n\n<figure class=\"wp-block-image size-large\"><a href=\"https:\/\/stressilienz.de\/\"><img decoding=\"async\" src=\"https:\/\/stressilienz.de\/Stressilienz-Stress-Coaching-Startseite.gif\" alt=\"\"\/><\/a><\/figure>\n\n\n\n<p><a href=\"https:\/\/stressilienz.de\/\">Stressilienz als optimale Kombination aus Stresscoaching und Resilienz<\/a>\u00a0<strong>ist ein starkes Fundament f\u00fcr Ihr Leben<\/strong>.<\/p>\n\n\n\n<p>Genau wie ein Fundament dazu dient, ein Geb\u00e4ude\u00a0<strong>stabil und sicher<\/strong>\u00a0zu halten, bietet\u00a0<strong><a href=\"https:\/\/stressilienz.de\/\">Stressilienz<\/a><\/strong>\u00a0Ihnen die notwendige Unterst\u00fctzung und Widerstandskraft, um belastenden Situationen standzuhalten und erfolgreich zu meistern.<\/p>\n\n\n\n<p>W\u00e4hrend\u00a0<strong><a href=\"https:\/\/stressilienz.de\/\">Stresscoaching<\/a><\/strong>\u00a0dazu beitr\u00e4gt, die\u00a0<strong>k\u00f6rperlichen Auswirkungen von Stress zu verringern<\/strong>, st\u00e4rken Resilienzmethoden Ihre <a href=\"https:\/\/stressilienz.de\/\">Resilienz<\/a> plus Ihre mentale Gesundheit und helfen Ihnen, mit stressigen Situationen besser umzugehen.<\/p>\n\n\n\n<div class=\"wp-block-cover alignfull has-neve-link-color-background-color has-background-dim\"><span aria-hidden=\"true\" class=\"wp-block-cover__background has-neve-link-color-background-color has-background-dim-100 has-background-dim\"><\/span><div class=\"wp-block-cover__inner-container is-layout-flow wp-block-cover-is-layout-flow\">\n<figure class=\"wp-block-pullquote has-neve-link-color-color has-nv-site-bg-background-color has-text-color has-background\"><blockquote><p>berufliche Situation<\/p><\/blockquote><\/figure>\n<\/div><\/div>\n\n\n\n<h3 class=\"wp-block-heading\" id=\"berufliche-Ziele\">Karriere, Fortschritte und berufliche Ziele definieren und erreichen<\/h3>\n\n\n\n<p>Das Erreichen beruflicher Positionen, wichtiger Karriereschritte und beruflicher Ziele unterst\u00fctze ich im Coaching mit Feedback, Werkzeugen und erarbeite mit Ihnen gemeinsam die n\u00e4chsten Steps f\u00fcr Ihre Karriere im Unternehmen oder Ihrer beruflichen Positionierung in neuen T\u00e4tigkeitsfeldern.<\/p>\n\n\n\n<figure class=\"wp-block-embed is-type-wp-embed is-provider-coaching-geschaftsfuhrer wp-block-embed-coaching-geschaftsfuhrer\"><div class=\"wp-block-embed__wrapper\">\n<blockquote class=\"wp-embedded-content\" data-secret=\"6akBrl34Fb\"><a href=\"https:\/\/erfolgsfaktor.de\/coaching-geschaeftsfuehrer\/fuehrung-fuer-geschaeftsfuehrer\/\">F\u00fchrung + Leadership Coaching f\u00fcr Gesch\u00e4ftsf\u00fchrer<\/a><\/blockquote><iframe loading=\"lazy\" class=\"wp-embedded-content\" sandbox=\"allow-scripts\" security=\"restricted\" style=\"position: absolute; clip: rect(1px, 1px, 1px, 1px);\" title=\"&#8222;F\u00fchrung + Leadership Coaching f\u00fcr Gesch\u00e4ftsf\u00fchrer&#8220; &#8212; Coaching Gesch\u00e4ftsf\u00fchrer\" src=\"https:\/\/erfolgsfaktor.de\/coaching-geschaeftsfuehrer\/fuehrung-fuer-geschaeftsfuehrer\/embed\/#?secret=iQwgyiNjH9#?secret=6akBrl34Fb\" data-secret=\"6akBrl34Fb\" width=\"600\" height=\"338\" frameborder=\"0\" marginwidth=\"0\" marginheight=\"0\" scrolling=\"no\"><\/iframe>\n<\/div><\/figure>\n\n\n\n<div class=\"wp-block-cover alignfull has-neve-link-color-background-color has-background-dim\"><span aria-hidden=\"true\" class=\"wp-block-cover__background has-neve-link-color-background-color has-background-dim-100 has-background-dim\"><\/span><div class=\"wp-block-cover__inner-container is-layout-flow wp-block-cover-is-layout-flow\">\n<figure class=\"wp-block-pullquote has-neve-link-color-color has-nv-site-bg-background-color has-text-color has-background\"><blockquote><p>pers\u00f6nliche Situation<\/p><\/blockquote><\/figure>\n<\/div><\/div>\n\n\n\n<h3 class=\"wp-block-heading\" id=\"persoenliche-Situation\">Coachingthemen pers\u00f6nliche Situation<\/h3>\n\n\n\n<p>Klare Feedbacks, R\u00fcckmeldung und Selbstreflexion plus eine psychologische Analyse eigener Mechanismen und Strukturen helfen Ihnen die eigenen Beitr\u00e4ge und Funktionsweisen zu erkennen und aktiv zu gestalten.<\/p>\n\n\n\n<p>Im Coaching finden wir gemeinsam Ans\u00e4tze, Vorgehensweisen, Strategien, Werkzeuge und Tools, die Ihnen helfen eine gute Work-Life-Balance zu finden und Ihre pers\u00f6nlichen und beruflichen Ziele umzusetzen.<\/p>\n\n\n\n<p><\/p>\n","protected":false},"excerpt":{"rendered":"<p>Unsere Coachingthemen pers\u00f6nliche Situation beziehen sich auf Ihren &#8222;wichtigsten Beitrag zur Gesch\u00e4ftsf\u00fchrung&#8222;, mit Ihnen selbst und ihrer pers\u00f6nlichen Situation im Unternehmen. Mein Schwerpunkt ist das fokussierte&nbsp;Coaching f\u00fcr Gesch\u00e4ftsf\u00fchrer und Gesch\u00e4ftsf\u00fchrerin. Gerne stehe ich Ihnen gemeinsam mit&nbsp;Coaching Aschaffenburg&nbsp;f\u00fcr Feedback, pers\u00f6nliches Training, Fragen und einen ersten Termin zur Verf\u00fcgung. Ihr Dipl.-Psych. J\u00fcrgen Junker. Mehr Infos unter:&nbsp;https:\/\/www.mto-consulting.de\/Coaching.htm. Beispiele&hellip;&nbsp;<a href=\"https:\/\/erfolgsfaktor.de\/coaching-geschaeftsfuehrer\/coachingthemen-persoenliche-situation\/\" rel=\"bookmark\">Weiterlesen &raquo;<span class=\"screen-reader-text\">Coachingthemen pers\u00f6nliche Situation<\/span><\/a><\/p>\n","protected":false},"author":1,"featured_media":594,"parent":0,"menu_order":0,"comment_status":"closed","ping_status":"open","template":"","meta":{"neve_meta_sidebar":"","neve_meta_container":"","neve_meta_enable_content_width":"","neve_meta_content_width":0,"neve_meta_title_alignment":"","neve_meta_author_avatar":"","neve_post_elements_order":"","neve_meta_disable_header":"","neve_meta_disable_footer":"","neve_meta_disable_title":"","footnotes":""},"class_list":["post-589","page","type-page","status-publish","has-post-thumbnail","hentry"],"yoast_head":"<!-- This site is optimized with the Yoast SEO plugin v26.8 - https:\/\/yoast.com\/product\/yoast-seo-wordpress\/ -->\n<title>Coachingthemen pers\u00f6nliche Situation - Coaching Gesch\u00e4ftsf\u00fchrer<\/title>\n<meta name=\"description\" content=\"Coachingthemen pers\u00f6nliche Situation - Coaching f\u00fcr Gesch\u00e4ftsf\u00fchrer, Inhaber, CEO, Vorstand + F\u00fchrungskr\u00e4fte berufl. + pers\u00f6nliche Situation\" \/>\n<meta name=\"robots\" content=\"index, follow, max-snippet:-1, max-image-preview:large, max-video-preview:-1\" \/>\n<link rel=\"canonical\" href=\"https:\/\/erfolgsfaktor.de\/coaching-geschaeftsfuehrer\/coachingthemen-persoenliche-situation\/\" \/>\n<meta property=\"og:locale\" content=\"de_DE\" \/>\n<meta property=\"og:type\" content=\"article\" \/>\n<meta property=\"og:title\" content=\"Coachingthemen pers\u00f6nliche Situation - Coaching Gesch\u00e4ftsf\u00fchrer\" \/>\n<meta property=\"og:description\" content=\"Coachingthemen pers\u00f6nliche Situation - Coaching f\u00fcr Gesch\u00e4ftsf\u00fchrer, Inhaber, CEO, Vorstand + F\u00fchrungskr\u00e4fte berufl. + pers\u00f6nliche Situation\" \/>\n<meta property=\"og:url\" content=\"https:\/\/erfolgsfaktor.de\/coaching-geschaeftsfuehrer\/coachingthemen-persoenliche-situation\/\" \/>\n<meta property=\"og:site_name\" content=\"Coaching Gesch\u00e4ftsf\u00fchrer\" \/>\n<meta property=\"article:modified_time\" content=\"2023-07-06T10:46:06+00:00\" \/>\n<meta property=\"og:image\" content=\"https:\/\/erfolgsfaktor.de\/coaching-geschaeftsfuehrer\/wp-content\/uploads\/sites\/5\/2020\/11\/Coaching-persoenliche-Situation.gif\" \/>\n\t<meta property=\"og:image:width\" content=\"200\" \/>\n\t<meta property=\"og:image:height\" content=\"200\" \/>\n\t<meta property=\"og:image:type\" content=\"image\/gif\" \/>\n<meta name=\"twitter:card\" content=\"summary_large_image\" \/>\n<meta name=\"twitter:label1\" content=\"Gesch\u00e4tzte Lesezeit\" \/>\n\t<meta name=\"twitter:data1\" content=\"4\u00a0Minuten\" \/>\n<script type=\"application\/ld+json\" class=\"yoast-schema-graph\">{\"@context\":\"https:\/\/schema.org\",\"@graph\":[{\"@type\":\"WebPage\",\"@id\":\"https:\/\/erfolgsfaktor.de\/coaching-geschaeftsfuehrer\/coachingthemen-persoenliche-situation\/\",\"url\":\"https:\/\/erfolgsfaktor.de\/coaching-geschaeftsfuehrer\/coachingthemen-persoenliche-situation\/\",\"name\":\"Coachingthemen pers\u00f6nliche Situation - Coaching Gesch\u00e4ftsf\u00fchrer\",\"isPartOf\":{\"@id\":\"https:\/\/erfolgsfaktor.de\/coaching-geschaeftsfuehrer\/#website\"},\"primaryImageOfPage\":{\"@id\":\"https:\/\/erfolgsfaktor.de\/coaching-geschaeftsfuehrer\/coachingthemen-persoenliche-situation\/#primaryimage\"},\"image\":{\"@id\":\"https:\/\/erfolgsfaktor.de\/coaching-geschaeftsfuehrer\/coachingthemen-persoenliche-situation\/#primaryimage\"},\"thumbnailUrl\":\"https:\/\/erfolgsfaktor.de\/coaching-geschaeftsfuehrer\/wp-content\/uploads\/sites\/5\/2020\/11\/Coaching-persoenliche-Situation.gif\",\"datePublished\":\"2020-11-18T10:03:30+00:00\",\"dateModified\":\"2023-07-06T10:46:06+00:00\",\"description\":\"Coachingthemen pers\u00f6nliche Situation - Coaching f\u00fcr Gesch\u00e4ftsf\u00fchrer, Inhaber, CEO, Vorstand + F\u00fchrungskr\u00e4fte berufl. + pers\u00f6nliche Situation\",\"breadcrumb\":{\"@id\":\"https:\/\/erfolgsfaktor.de\/coaching-geschaeftsfuehrer\/coachingthemen-persoenliche-situation\/#breadcrumb\"},\"inLanguage\":\"de\",\"potentialAction\":[{\"@type\":\"ReadAction\",\"target\":[\"https:\/\/erfolgsfaktor.de\/coaching-geschaeftsfuehrer\/coachingthemen-persoenliche-situation\/\"]}]},{\"@type\":\"ImageObject\",\"inLanguage\":\"de\",\"@id\":\"https:\/\/erfolgsfaktor.de\/coaching-geschaeftsfuehrer\/coachingthemen-persoenliche-situation\/#primaryimage\",\"url\":\"https:\/\/erfolgsfaktor.de\/coaching-geschaeftsfuehrer\/wp-content\/uploads\/sites\/5\/2020\/11\/Coaching-persoenliche-Situation.gif\",\"contentUrl\":\"https:\/\/erfolgsfaktor.de\/coaching-geschaeftsfuehrer\/wp-content\/uploads\/sites\/5\/2020\/11\/Coaching-persoenliche-Situation.gif\",\"width\":200,\"height\":200,\"caption\":\"Coachingthemen Coaching pers\u00f6nliche Situation\"},{\"@type\":\"BreadcrumbList\",\"@id\":\"https:\/\/erfolgsfaktor.de\/coaching-geschaeftsfuehrer\/coachingthemen-persoenliche-situation\/#breadcrumb\",\"itemListElement\":[{\"@type\":\"ListItem\",\"position\":1,\"name\":\"Startseite\",\"item\":\"https:\/\/erfolgsfaktor.de\/coaching-geschaeftsfuehrer\/\"},{\"@type\":\"ListItem\",\"position\":2,\"name\":\"Coachingthemen pers\u00f6nliche Situation\"}]},{\"@type\":\"WebSite\",\"@id\":\"https:\/\/erfolgsfaktor.de\/coaching-geschaeftsfuehrer\/#website\",\"url\":\"https:\/\/erfolgsfaktor.de\/coaching-geschaeftsfuehrer\/\",\"name\":\"Coaching Gesch\u00e4ftsf\u00fchrer\",\"description\":\"Erfolgsfaktor Coaching\",\"potentialAction\":[{\"@type\":\"SearchAction\",\"target\":{\"@type\":\"EntryPoint\",\"urlTemplate\":\"https:\/\/erfolgsfaktor.de\/coaching-geschaeftsfuehrer\/?s={search_term_string}\"},\"query-input\":{\"@type\":\"PropertyValueSpecification\",\"valueRequired\":true,\"valueName\":\"search_term_string\"}}],\"inLanguage\":\"de\"}]}<\/script>\n<!-- \/ Yoast SEO plugin. -->","yoast_head_json":{"title":"Coachingthemen pers\u00f6nliche Situation - Coaching Gesch\u00e4ftsf\u00fchrer","description":"Coachingthemen pers\u00f6nliche Situation - Coaching f\u00fcr Gesch\u00e4ftsf\u00fchrer, Inhaber, CEO, Vorstand + F\u00fchrungskr\u00e4fte berufl. + pers\u00f6nliche Situation","robots":{"index":"index","follow":"follow","max-snippet":"max-snippet:-1","max-image-preview":"max-image-preview:large","max-video-preview":"max-video-preview:-1"},"canonical":"https:\/\/erfolgsfaktor.de\/coaching-geschaeftsfuehrer\/coachingthemen-persoenliche-situation\/","og_locale":"de_DE","og_type":"article","og_title":"Coachingthemen pers\u00f6nliche Situation - Coaching Gesch\u00e4ftsf\u00fchrer","og_description":"Coachingthemen pers\u00f6nliche Situation - Coaching f\u00fcr Gesch\u00e4ftsf\u00fchrer, Inhaber, CEO, Vorstand + F\u00fchrungskr\u00e4fte berufl. + pers\u00f6nliche Situation","og_url":"https:\/\/erfolgsfaktor.de\/coaching-geschaeftsfuehrer\/coachingthemen-persoenliche-situation\/","og_site_name":"Coaching Gesch\u00e4ftsf\u00fchrer","article_modified_time":"2023-07-06T10:46:06+00:00","og_image":[{"width":200,"height":200,"url":"https:\/\/erfolgsfaktor.de\/coaching-geschaeftsfuehrer\/wp-content\/uploads\/sites\/5\/2020\/11\/Coaching-persoenliche-Situation.gif","type":"image\/gif"}],"twitter_card":"summary_large_image","twitter_misc":{"Gesch\u00e4tzte Lesezeit":"4\u00a0Minuten"},"schema":{"@context":"https:\/\/schema.org","@graph":[{"@type":"WebPage","@id":"https:\/\/erfolgsfaktor.de\/coaching-geschaeftsfuehrer\/coachingthemen-persoenliche-situation\/","url":"https:\/\/erfolgsfaktor.de\/coaching-geschaeftsfuehrer\/coachingthemen-persoenliche-situation\/","name":"Coachingthemen pers\u00f6nliche Situation - Coaching Gesch\u00e4ftsf\u00fchrer","isPartOf":{"@id":"https:\/\/erfolgsfaktor.de\/coaching-geschaeftsfuehrer\/#website"},"primaryImageOfPage":{"@id":"https:\/\/erfolgsfaktor.de\/coaching-geschaeftsfuehrer\/coachingthemen-persoenliche-situation\/#primaryimage"},"image":{"@id":"https:\/\/erfolgsfaktor.de\/coaching-geschaeftsfuehrer\/coachingthemen-persoenliche-situation\/#primaryimage"},"thumbnailUrl":"https:\/\/erfolgsfaktor.de\/coaching-geschaeftsfuehrer\/wp-content\/uploads\/sites\/5\/2020\/11\/Coaching-persoenliche-Situation.gif","datePublished":"2020-11-18T10:03:30+00:00","dateModified":"2023-07-06T10:46:06+00:00","description":"Coachingthemen pers\u00f6nliche Situation - Coaching f\u00fcr Gesch\u00e4ftsf\u00fchrer, Inhaber, CEO, Vorstand + F\u00fchrungskr\u00e4fte berufl. + pers\u00f6nliche Situation","breadcrumb":{"@id":"https:\/\/erfolgsfaktor.de\/coaching-geschaeftsfuehrer\/coachingthemen-persoenliche-situation\/#breadcrumb"},"inLanguage":"de","potentialAction":[{"@type":"ReadAction","target":["https:\/\/erfolgsfaktor.de\/coaching-geschaeftsfuehrer\/coachingthemen-persoenliche-situation\/"]}]},{"@type":"ImageObject","inLanguage":"de","@id":"https:\/\/erfolgsfaktor.de\/coaching-geschaeftsfuehrer\/coachingthemen-persoenliche-situation\/#primaryimage","url":"https:\/\/erfolgsfaktor.de\/coaching-geschaeftsfuehrer\/wp-content\/uploads\/sites\/5\/2020\/11\/Coaching-persoenliche-Situation.gif","contentUrl":"https:\/\/erfolgsfaktor.de\/coaching-geschaeftsfuehrer\/wp-content\/uploads\/sites\/5\/2020\/11\/Coaching-persoenliche-Situation.gif","width":200,"height":200,"caption":"Coachingthemen Coaching pers\u00f6nliche Situation"},{"@type":"BreadcrumbList","@id":"https:\/\/erfolgsfaktor.de\/coaching-geschaeftsfuehrer\/coachingthemen-persoenliche-situation\/#breadcrumb","itemListElement":[{"@type":"ListItem","position":1,"name":"Startseite","item":"https:\/\/erfolgsfaktor.de\/coaching-geschaeftsfuehrer\/"},{"@type":"ListItem","position":2,"name":"Coachingthemen pers\u00f6nliche Situation"}]},{"@type":"WebSite","@id":"https:\/\/erfolgsfaktor.de\/coaching-geschaeftsfuehrer\/#website","url":"https:\/\/erfolgsfaktor.de\/coaching-geschaeftsfuehrer\/","name":"Coaching Gesch\u00e4ftsf\u00fchrer","description":"Erfolgsfaktor Coaching","potentialAction":[{"@type":"SearchAction","target":{"@type":"EntryPoint","urlTemplate":"https:\/\/erfolgsfaktor.de\/coaching-geschaeftsfuehrer\/?s={search_term_string}"},"query-input":{"@type":"PropertyValueSpecification","valueRequired":true,"valueName":"search_term_string"}}],"inLanguage":"de"}]}},"_links":{"self":[{"href":"https:\/\/erfolgsfaktor.de\/coaching-geschaeftsfuehrer\/wp-json\/wp\/v2\/pages\/589","targetHints":{"allow":["GET"]}}],"collection":[{"href":"https:\/\/erfolgsfaktor.de\/coaching-geschaeftsfuehrer\/wp-json\/wp\/v2\/pages"}],"about":[{"href":"https:\/\/erfolgsfaktor.de\/coaching-geschaeftsfuehrer\/wp-json\/wp\/v2\/types\/page"}],"author":[{"embeddable":true,"href":"https:\/\/erfolgsfaktor.de\/coaching-geschaeftsfuehrer\/wp-json\/wp\/v2\/users\/1"}],"replies":[{"embeddable":true,"href":"https:\/\/erfolgsfaktor.de\/coaching-geschaeftsfuehrer\/wp-json\/wp\/v2\/comments?post=589"}],"version-history":[{"count":7,"href":"https:\/\/erfolgsfaktor.de\/coaching-geschaeftsfuehrer\/wp-json\/wp\/v2\/pages\/589\/revisions"}],"predecessor-version":[{"id":938,"href":"https:\/\/erfolgsfaktor.de\/coaching-geschaeftsfuehrer\/wp-json\/wp\/v2\/pages\/589\/revisions\/938"}],"wp:featuredmedia":[{"embeddable":true,"href":"https:\/\/erfolgsfaktor.de\/coaching-geschaeftsfuehrer\/wp-json\/wp\/v2\/media\/594"}],"wp:attachment":[{"href":"https:\/\/erfolgsfaktor.de\/coaching-geschaeftsfuehrer\/wp-json\/wp\/v2\/media?parent=589"}],"curies":[{"name":"wp","href":"https:\/\/api.w.org\/{rel}","templated":true}]}}