{"id":387,"date":"2020-11-09T12:08:06","date_gmt":"2020-11-09T11:08:06","guid":{"rendered":"https:\/\/erfolgsfaktor.de\/geschaeftsfuehrer\/?page_id=387"},"modified":"2020-11-11T11:35:37","modified_gmt":"2020-11-11T10:35:37","slug":"online-coaching-geschaeftsfuehrer","status":"publish","type":"page","link":"https:\/\/erfolgsfaktor.de\/coaching-geschaeftsfuehrer\/online-coaching-geschaeftsfuehrer\/","title":{"rendered":"Online Coaching Gesch\u00e4ftsf\u00fchrer"},"content":{"rendered":"\n<p><strong>Online Coaching f\u00fcr Gesch\u00e4ftsf\u00fchrer und Gesch\u00e4ftsf\u00fchrerinnen<\/strong>, Inhaber\/innen und CEOs bietet <strong>Onlinecoachings und L\u00f6sungen<\/strong> f\u00fcr den Umgang mit anspruchsvollen Gesch\u00e4ftspartnern, Kunden und anderen Mitgliedern der Gesch\u00e4ftsleitung. Dar\u00fcber hinaus coachen wir Sie im Umgang mit Ihren<strong> F\u00fchrungskr\u00e4ften und Mitarbeitern<\/strong>&nbsp;(m\/w\/d).<\/p>\n\n\n\n<p>Wir unterst\u00fctzen Sie auch diskret bei&nbsp;<strong>schwierigen Situationen<\/strong>&nbsp;und&nbsp;<strong>Personen<\/strong>&nbsp;sowie&nbsp;<strong>pers\u00f6nlichen Themen<\/strong>&nbsp;und&nbsp;<strong>Anliegen<\/strong>.<\/p>\n\n\n\n<div class=\"wp-block-cover alignfull has-neve-link-color-background-color has-background-dim\"><div class=\"wp-block-cover__inner-container is-layout-flow wp-block-cover-is-layout-flow\">\n<h2 class=\"has-text-align-center wp-block-heading\">Coachings f\u00fcr Gesch\u00e4ftsf\u00fchrer<\/h2>\n<\/div><\/div>\n\n\n\n<figure class=\"wp-block-image size-large\"><img loading=\"lazy\" decoding=\"async\" width=\"200\" height=\"200\" src=\"https:\/\/erfolgsfaktor.de\/coaching-geschaeftsfuehrer\/wp-content\/uploads\/sites\/5\/2020\/11\/Online-Coaching.gif\" alt=\"Coaching - Onlinecoaching\" class=\"wp-image-389\"\/><\/figure>\n\n\n\n<h3 class=\"wp-block-heading\" id=\"Coach\">Online Coachings f\u00fcr Gesch\u00e4ftsf\u00fchrer mit Dipl.-Psych. J\u00fcrgen Junker<\/h3>\n\n\n\n<p>Schnell unkompliziert und diskret, das kennzeichnet nicht nur meine Coachings vor Ort, sondern auch meine Onlinecoachings f\u00fcr die Gesch\u00e4ftsleitung.<\/p>\n\n\n\n<p><strong>Pers\u00f6nliche Themen, Anliegen, die eine hohe Diskretion erfordern<\/strong> coache ich mit dem n\u00f6tigen Fingerspitzengef\u00fchl und einer langj\u00e4hrigen Berufspraxis. <\/p>\n\n\n\n<p>Meine <strong>psychotherapeutische Arbeit und Praxis<\/strong> erm\u00f6glicht mir auch, Sie bei <strong>psychologisch schwierigen Situationen<\/strong> zu begleiten und zu unterst\u00fctzen.<\/p>\n\n\n\n<div class=\"wp-block-cover alignfull has-neve-link-color-background-color has-background-dim\"><div class=\"wp-block-cover__inner-container is-layout-flow wp-block-cover-is-layout-flow\">\n<h2 class=\"has-text-align-center wp-block-heading\">Online Coaching f\u00fcr Gesch\u00e4ftsf\u00fchrer<\/h2>\n<\/div><\/div>\n\n\n\n<h2 class=\"wp-block-heading\" id=\"Diskretion\">Coaching f\u00fcr Gesch\u00e4ftsf\u00fchrer mit hoher Diskretion<\/h2>\n\n\n\n<figure class=\"wp-block-image size-large\"><img loading=\"lazy\" decoding=\"async\" width=\"200\" height=\"200\" src=\"https:\/\/erfolgsfaktor.de\/coaching-geschaeftsfuehrer\/wp-content\/uploads\/sites\/5\/2020\/09\/Coaching-Geschaeftsfuehrer-diskrete-themen.gif\" alt=\"Coaching Gesch\u00e4ftsf\u00fchrer diskrete Themen\" class=\"wp-image-40\"\/><\/figure>\n\n\n\n<p><strong>Coachings zu Anliegen und pers\u00f6nlichen Themen<\/strong>, die eine h\u00f6here Diskretion erfordern, begleite ich mit viel Fingerspitzengef\u00fchl und \u00e4u\u00dferst diskret.<\/p>\n\n\n\n<p>Alle <strong>Unterlagen, Angebote und Rechnungen<\/strong> werden von meiner Seite mit einem &#8222;<strong>diskreten Titel oder Label<\/strong>&#8220; versehen und bei der Kommunikation via Email bzw. involvierten Schnittstellen in Ihrem Unternehmen achte ich auf die Nutzung <strong>neutraler Bezeichnungen<\/strong>.<\/p>\n\n\n\n<h3 class=\"wp-block-heading\">Online Coaching mit hoher Diskretion sichere Peer-to-Peer Videokonferenz<\/h3>\n\n\n\n<figure class=\"wp-block-image size-large\"><img loading=\"lazy\" decoding=\"async\" width=\"200\" height=\"200\" src=\"https:\/\/erfolgsfaktor.de\/coaching-geschaeftsfuehrer\/wp-content\/uploads\/sites\/5\/2020\/09\/Coaching-Geschaeftsfuehrer-sichere-Videokonferenz.gif\" alt=\"Coaching Gesch\u00e4ftsf\u00fchrer sichere Peer to Peer Videokonferenz\" class=\"wp-image-41\"\/><figcaption>Abgesicherte + diskrete Peer-to-Peer Videokonferenz<\/figcaption><\/figure>\n\n\n\n<p>Als <strong>Coachingmedium<\/strong> empfehle ich hier oft bei hohen Diskretions- und Datenschutzerfordernissen eine <strong>abgesicherte Peer-to-Peer Videokonferenz<\/strong>.<\/p>\n\n\n\n<div class=\"wp-block-cover alignfull has-neve-link-color-background-color has-background-dim\"><div class=\"wp-block-cover__inner-container is-layout-flow wp-block-cover-is-layout-flow\">\n<h2 class=\"has-text-align-center wp-block-heading\">Online Coaching f\u00fcr Gesch\u00e4ftsf\u00fchrer<\/h2>\n<\/div><\/div>\n\n\n\n<figure class=\"wp-block-image size-large\"><img loading=\"lazy\" decoding=\"async\" width=\"200\" height=\"200\" src=\"https:\/\/erfolgsfaktor.de\/coaching-geschaeftsfuehrer\/wp-content\/uploads\/sites\/5\/2020\/11\/Online-Coaching-Geschaeftsfuehrer.gif\" alt=\"Online Coaching Gesch\u00e4ftsf\u00fchrer\" class=\"wp-image-388\"\/><\/figure>\n\n\n\n<h2 class=\"wp-block-heading\">Erfolgsfaktor Psychologie<\/h2>\n\n\n\n<p>Erreichen Sie als&nbsp;<strong>Gesch\u00e4ftsf\u00fchrer<\/strong>&nbsp;mehr mit dem n\u00f6tigen Quantum Psychologie und wirksamen Ans\u00e4tzen f\u00fcr einen psychologisch geschickten Umgang mit Kunden, Kollegen\/innen, Vorgesetzten, Mitarbeitern (m\/w\/d) und Gesch\u00e4ftspartnern.<\/p>\n\n\n\n<p><strong>Direkt anwendbare und nutzbare Werkzeuge, Tools und Strategien der Psychologie unmittelbar f\u00fcr Ihre individuelle Situation + Mitspieler.<\/strong><\/p>\n\n\n\n<p><strong>Psychologische L\u00f6sungen f\u00fcr schwierige Situationen, Know-how f\u00fcr spezielle F\u00e4lle und anspruchsvolle Kunden und Stakeholder<\/strong>.<\/p>\n\n\n\n<div class=\"wp-block-cover alignfull has-neve-link-color-background-color has-background-dim\"><div class=\"wp-block-cover__inner-container is-layout-flow wp-block-cover-is-layout-flow\">\n<h2 class=\"has-text-align-center wp-block-heading\">Online Coaching f\u00fcr Gesch\u00e4ftsf\u00fchrer<\/h2>\n<\/div><\/div>\n\n\n\n<figure class=\"wp-block-image size-large\"><img loading=\"lazy\" decoding=\"async\" width=\"200\" height=\"200\" src=\"https:\/\/erfolgsfaktor.de\/coaching-geschaeftsfuehrer\/wp-content\/uploads\/sites\/5\/2020\/09\/Coaching-kritische-situationen.gif\" alt=\"Coaching f\u00fcr kritische Situationen\" class=\"wp-image-107\"\/><\/figure>\n\n\n\n<p>Meine&nbsp;<strong>Coachings f\u00fcr normale und auch kritische Situationen unterst\u00fctzen<\/strong>&nbsp;Sie darin Ihre Situationen im Unternehmen und auch au\u00dferhalb des Unternehmens souver\u00e4n zu meistern. Ich<strong>&nbsp;erarbeite mit Ihnen gemeinsam Wege<\/strong>&nbsp;und Richtungen,&nbsp;<strong>gebe Feedback<\/strong>&nbsp;und&nbsp;<strong>unterst\u00fctze Sie pers\u00f6nlich<\/strong>&nbsp;<strong>bei der Bew\u00e4ltigung vom Krisen + kritischen Situationen<\/strong>.<\/p>\n\n\n\n<p>Als Gesch\u00e4ftsf\u00fchrer, Prokurist oder Mitglied des erweiterten F\u00fchrungskreises unterst\u00fctzen meine Coachings Sie auch darin&nbsp;<strong>negative Situationen und Impulse zu reduzieren! Mein Coaching unterst\u00fczt Sie beim Aufbau positiver Impulse f\u00fcr sich selbst, die Mitarbeiter, die F\u00fchrungskr\u00e4fte und Gesch\u00e4ftspartner<\/strong>.<\/p>\n\n\n\n<div class=\"wp-block-cover alignfull has-neve-link-color-background-color has-background-dim\"><div class=\"wp-block-cover__inner-container is-layout-flow wp-block-cover-is-layout-flow\">\n<h2 class=\"has-text-align-center wp-block-heading\">Online Coachings f\u00fcr Gesch\u00e4ftsf\u00fchrer<\/h2>\n<\/div><\/div>\n\n\n\n<p><strong>Themen\u00fcbersicht:<\/strong><\/p>\n\n\n\n<ul class=\"wp-block-list\"><li><a href=\"#Coach\">Coaching mit Dipl.-Psych. J\u00fcrgen Junker<\/a><\/li><li><a href=\"#Kunden\">+900 Firmenkunden<\/a><\/li><li><a href=\"https:\/\/erfolgsfaktor.de\/coaching-geschaeftsfuehrer\/online-coaching-geschaeftsfuehrer\/\">Online Coachings f\u00fcr Gesch\u00e4ftsf\u00fchrer<\/a><\/li><li><a href=\"#Diskretion\">Coaching f\u00fcr Themen mit hoher Diskretion<\/a> <\/li><li><a href=\"#Psychologie\">Coaching Psychologie f\u00fcr die Gesch\u00e4ftsf\u00fchrung<\/a><\/li><li><a href=\"#kritische-situationen-krisen\">Coachings f\u00fcr kritische Situationen + Krisen<\/a><\/li><li><a href=\"#schwierige-gespraeche\">Coachings f\u00fcr schwierige Gespr\u00e4che<\/a><\/li><li><a href=\"#mitarbeitergespraeche\">Coachings Mitarbeitergespr\u00e4che<\/a><\/li><li><a href=\"#online-mitarbeitergespraeche\">Coachings Online Mitarbeitergespr\u00e4che<\/a><\/li><li><a href=\"#schwierige-mitarbeiter\">Coachings f\u00fcr Gesch\u00e4ftsf\u00fchrer: schwierige Mitarbeiter<\/a><\/li><li><a href=\"#fuehrung-mitarbeiterfuehrung\">Coachings F\u00fchrung \/ Mitarbeiterf\u00fchrung<\/a><\/li><li><a href=\"#autoritaet-souveraenitaet\">Coachings f\u00fcr Autorit\u00e4t + Souver\u00e4nit\u00e4t<\/a><\/li><li><a href=\"#diplomatie-schlagfertigkeit\">Coachings f\u00fcr Diplomatie + Schlagfertigkeit<\/a><\/li><li><a href=\"#lampenfieber-nervositaet\">Coachings gegen Lampenfieber + Nervosit\u00e4t<\/a><\/li><li><a href=\"#ansprache-rede-vortrag\">Coachings f\u00fcr Ansprache, Rede, Vortrag<\/a><\/li><li><a href=\"#coachingtag\">Coaching f\u00fcr Gesch\u00e4ftsf\u00fchrer: 1 individueller Coachingtag<\/a><\/li><li><a href=\"https:\/\/erfolgsfaktor.de\/coaching-geschaeftsfuehrer\/\">Startseite Coachings f\u00fcr Gesch\u00e4ftsf\u00fchrung, CEO + Inhaber<\/a><\/li><\/ul>\n\n\n\n<div class=\"wp-block-cover alignwide has-neve-link-color-background-color has-background-dim\"><span aria-hidden=\"true\" class=\"wp-block-cover__background has-neve-link-color-background-color has-background-dim-100 has-background-dim\"><\/span><div class=\"wp-block-cover__inner-container is-layout-flow wp-block-cover-is-layout-flow\">\n<h2 class=\"has-text-align-center wp-block-heading\">\u00dcbersicht<\/h2>\n<\/div><\/div>\n\n\n\n<h3 class=\"wp-block-heading\"><strong>\u00dcbersicht Coachings<\/strong><\/h3>\n\n\n\n<p>Sie gelangen hier direkt zum jeweiligen Detailpunkt unserer Gesamt\u00fcbersicht:<\/p>\n\n\n\n<ul class=\"wp-block-list\"><li><a href=\"https:\/\/erfolgsfaktor.de\/coaching-geschaeftsfuehrer\/#Diskretion\">Coachings f\u00fcr Themen mit hoher Diskretion<\/a> <\/li><li><a href=\"https:\/\/erfolgsfaktor.de\/coaching-geschaeftsfuehrer\/#Psychologie\">Coachings Psychologie f\u00fcr die Gesch\u00e4ftsf\u00fchrung<\/a><\/li><li><a href=\"#kritische-situationen-krisen\">Coachings f\u00fcr kritische Situationen + Krisen<\/a><\/li><li><a href=\"https:\/\/erfolgsfaktor.de\/coaching-geschaeftsfuehrer\/#schwierige-gespraeche\">Coachings f\u00fcr schwierige Gespr\u00e4che<\/a><\/li><li><a href=\"https:\/\/erfolgsfaktor.de\/coaching-geschaeftsfuehrer\/#mitarbeitergespraeche\">Coachings Mitarbeitergespr\u00e4che<\/a><\/li><li><a href=\"https:\/\/erfolgsfaktor.de\/coaching-geschaeftsfuehrer\/#online-mitarbeitergespraeche\">Coachings Online Mitarbeitergespr\u00e4che<\/a><\/li><li><a href=\"https:\/\/erfolgsfaktor.de\/coaching-geschaeftsfuehrer\/#schwierige-mitarbeiter\">Coachings f\u00fcr Gesch\u00e4ftsf\u00fchrer: schwierige Mitarbeiter<\/a><\/li><li><a href=\"https:\/\/erfolgsfaktor.de\/coaching-geschaeftsfuehrer\/#fuehrung-mitarbeiterfuehrung\">Coachings F\u00fchrung \/ Mitarbeiterf\u00fchrung<\/a><\/li><li><a href=\"https:\/\/erfolgsfaktor.de\/coaching-geschaeftsfuehrer\/#autoritaet-souveraenitaet\">Coachings f\u00fcr Autorit\u00e4t + Souver\u00e4nit\u00e4t<\/a><\/li><li><a href=\"https:\/\/erfolgsfaktor.de\/coaching-geschaeftsfuehrer\/#diplomatie-schlagfertigkeit\">Coachings f\u00fcr Diplomatie + Schlagfertigkeit<\/a><\/li><li><a href=\"https:\/\/erfolgsfaktor.de\/coaching-geschaeftsfuehrer\/#lampenfieber-nervositaet\">Coachings gegen Lampenfieber + Nervosit\u00e4t<\/a><\/li><li><a href=\"https:\/\/erfolgsfaktor.de\/coaching-geschaeftsfuehrer\/#ansprache-rede-vortrag\">Coachings f\u00fcr Ansprache, Rede, Vortrag<\/a><\/li><li><a href=\"https:\/\/erfolgsfaktor.de\/coaching-geschaeftsfuehrer\/#coachingtag\">individueller Coachingtag f\u00fcr Gesch\u00e4ftsf\u00fchrer<\/a><\/li><li><a href=\"https:\/\/erfolgsfaktor.de\/coaching-geschaeftsfuehrer\/online-coaching-geschaeftsfuehrer\/\">Online Coaching f\u00fcr Gesch\u00e4ftsf\u00fchrer<\/a><\/li><li><a href=\"https:\/\/erfolgsfaktor.de\/coaching-geschaeftsfuehrer\/coaching-fuer-geschaeftsfuehrer-2\">Coachings f\u00fcr CEO, Inhaber und Gesch\u00e4ftsf\u00fchrung<\/a><\/li><li><a href=\"https:\/\/erfolgsfaktor.de\/coaching-geschaeftsfuehrer\/coaching-geschaeftsfuehrer-nutzen\/\">Was ist der Nutzen unserer Coachings?<\/a><\/li><\/ul>\n\n\n\n<div class=\"wp-block-cover alignfull has-neve-link-color-background-color has-background-dim\"><span aria-hidden=\"true\" class=\"wp-block-cover__background has-neve-link-color-background-color has-background-dim-100 has-background-dim\"><\/span><div class=\"wp-block-cover__inner-container is-layout-flow wp-block-cover-is-layout-flow\">\n<h2 class=\"wp-block-heading has-text-align-center has-nv-site-bg-color has-nv-site-bg-background-color has-text-color has-background\"><a href=\"https:\/\/www.mto-consulting.de\/Coaching.htm\">Alle Coachings auf<br>www.mto-consulting.de<\/a><\/h2>\n<\/div><\/div>\n\n\n\n<figure class=\"wp-block-image size-large\"><img loading=\"lazy\" decoding=\"async\" width=\"200\" height=\"200\" src=\"https:\/\/erfolgsfaktor.de\/coaching-geschaeftsfuehrer\/wp-content\/uploads\/sites\/5\/2020\/09\/Erfolgsfaktor-Psychologie.gif\" alt=\"Erfolgsfaktor Psychologie\" class=\"wp-image-49\"\/><figcaption class=\"wp-element-caption\">Zur\u00fcck zur Startseite<\/figcaption><\/figure>\n\n\n\n<div class=\"wp-block-buttons is-layout-flex wp-block-buttons-is-layout-flex\">\n<div class=\"wp-block-button\"><a class=\"wp-block-button__link wp-element-button\" href=\"https:\/\/erfolgsfaktor.de\/\">Zur\u00fcck zur Startseite<\/a><\/div>\n<\/div>\n\n\n\n<p><\/p>\n","protected":false},"excerpt":{"rendered":"<p>Online Coaching f\u00fcr Gesch\u00e4ftsf\u00fchrer und Gesch\u00e4ftsf\u00fchrerinnen, Inhaber\/innen und CEOs bietet Onlinecoachings und L\u00f6sungen f\u00fcr den Umgang mit anspruchsvollen Gesch\u00e4ftspartnern, Kunden und anderen Mitgliedern der Gesch\u00e4ftsleitung. Dar\u00fcber hinaus coachen wir Sie im Umgang mit Ihren F\u00fchrungskr\u00e4ften und Mitarbeitern&nbsp;(m\/w\/d). Wir unterst\u00fctzen Sie auch diskret bei&nbsp;schwierigen Situationen&nbsp;und&nbsp;Personen&nbsp;sowie&nbsp;pers\u00f6nlichen Themen&nbsp;und&nbsp;Anliegen. Online Coachings f\u00fcr Gesch\u00e4ftsf\u00fchrer mit Dipl.-Psych. J\u00fcrgen Junker Schnell unkompliziert&hellip;&nbsp;<a href=\"https:\/\/erfolgsfaktor.de\/coaching-geschaeftsfuehrer\/online-coaching-geschaeftsfuehrer\/\" rel=\"bookmark\">Weiterlesen &raquo;<span class=\"screen-reader-text\">Online Coaching Gesch\u00e4ftsf\u00fchrer<\/span><\/a><\/p>\n","protected":false},"author":1,"featured_media":388,"parent":0,"menu_order":0,"comment_status":"closed","ping_status":"closed","template":"","meta":{"neve_meta_sidebar":"","neve_meta_container":"","neve_meta_enable_content_width":"","neve_meta_content_width":0,"neve_meta_title_alignment":"","neve_meta_author_avatar":"","neve_post_elements_order":"","neve_meta_disable_header":"","neve_meta_disable_footer":"","neve_meta_disable_title":"","footnotes":""},"class_list":["post-387","page","type-page","status-publish","has-post-thumbnail","hentry"],"yoast_head":"<!-- This site is optimized with the Yoast SEO plugin v26.8 - https:\/\/yoast.com\/product\/yoast-seo-wordpress\/ -->\n<title>Online Coaching Gesch\u00e4ftsf\u00fchrer - Coaching Gesch\u00e4ftsf\u00fchrer<\/title>\n<meta name=\"description\" content=\"Online Coaching f\u00fcr Gesch\u00e4ftsf\u00fchrer, Inhaber und CEO. Unser Online Coaching unterst\u00fctzt Sie schnell + diskret. Psychologisches Online Coaching\" \/>\n<meta name=\"robots\" content=\"index, follow, max-snippet:-1, max-image-preview:large, max-video-preview:-1\" \/>\n<link rel=\"canonical\" href=\"https:\/\/erfolgsfaktor.de\/coaching-geschaeftsfuehrer\/online-coaching-geschaeftsfuehrer\/\" \/>\n<meta property=\"og:locale\" content=\"de_DE\" \/>\n<meta property=\"og:type\" content=\"article\" \/>\n<meta property=\"og:title\" content=\"Online Coaching Gesch\u00e4ftsf\u00fchrer - Coaching Gesch\u00e4ftsf\u00fchrer\" \/>\n<meta property=\"og:description\" content=\"Online Coaching f\u00fcr Gesch\u00e4ftsf\u00fchrer, Inhaber und CEO. Unser Online Coaching unterst\u00fctzt Sie schnell + diskret. Psychologisches Online Coaching\" \/>\n<meta property=\"og:url\" content=\"https:\/\/erfolgsfaktor.de\/coaching-geschaeftsfuehrer\/online-coaching-geschaeftsfuehrer\/\" \/>\n<meta property=\"og:site_name\" content=\"Coaching Gesch\u00e4ftsf\u00fchrer\" \/>\n<meta property=\"article:modified_time\" content=\"2020-11-11T10:35:37+00:00\" \/>\n<meta property=\"og:image\" content=\"https:\/\/erfolgsfaktor.de\/coaching-geschaeftsfuehrer\/wp-content\/uploads\/sites\/5\/2020\/11\/Online-Coaching-Geschaeftsfuehrer.gif\" \/>\n\t<meta property=\"og:image:width\" content=\"200\" \/>\n\t<meta property=\"og:image:height\" content=\"200\" \/>\n\t<meta property=\"og:image:type\" content=\"image\/gif\" \/>\n<meta name=\"twitter:card\" content=\"summary_large_image\" \/>\n<meta name=\"twitter:label1\" content=\"Gesch\u00e4tzte Lesezeit\" \/>\n\t<meta name=\"twitter:data1\" content=\"2\u00a0Minuten\" \/>\n<script type=\"application\/ld+json\" class=\"yoast-schema-graph\">{\"@context\":\"https:\/\/schema.org\",\"@graph\":[{\"@type\":\"WebPage\",\"@id\":\"https:\/\/erfolgsfaktor.de\/coaching-geschaeftsfuehrer\/online-coaching-geschaeftsfuehrer\/\",\"url\":\"https:\/\/erfolgsfaktor.de\/coaching-geschaeftsfuehrer\/online-coaching-geschaeftsfuehrer\/\",\"name\":\"Online Coaching Gesch\u00e4ftsf\u00fchrer - Coaching Gesch\u00e4ftsf\u00fchrer\",\"isPartOf\":{\"@id\":\"https:\/\/erfolgsfaktor.de\/coaching-geschaeftsfuehrer\/#website\"},\"primaryImageOfPage\":{\"@id\":\"https:\/\/erfolgsfaktor.de\/coaching-geschaeftsfuehrer\/online-coaching-geschaeftsfuehrer\/#primaryimage\"},\"image\":{\"@id\":\"https:\/\/erfolgsfaktor.de\/coaching-geschaeftsfuehrer\/online-coaching-geschaeftsfuehrer\/#primaryimage\"},\"thumbnailUrl\":\"https:\/\/erfolgsfaktor.de\/coaching-geschaeftsfuehrer\/wp-content\/uploads\/sites\/5\/2020\/11\/Online-Coaching-Geschaeftsfuehrer.gif\",\"datePublished\":\"2020-11-09T11:08:06+00:00\",\"dateModified\":\"2020-11-11T10:35:37+00:00\",\"description\":\"Online Coaching f\u00fcr Gesch\u00e4ftsf\u00fchrer, Inhaber und CEO. Unser Online Coaching unterst\u00fctzt Sie schnell + diskret. Psychologisches Online Coaching\",\"breadcrumb\":{\"@id\":\"https:\/\/erfolgsfaktor.de\/coaching-geschaeftsfuehrer\/online-coaching-geschaeftsfuehrer\/#breadcrumb\"},\"inLanguage\":\"de\",\"potentialAction\":[{\"@type\":\"ReadAction\",\"target\":[\"https:\/\/erfolgsfaktor.de\/coaching-geschaeftsfuehrer\/online-coaching-geschaeftsfuehrer\/\"]}]},{\"@type\":\"ImageObject\",\"inLanguage\":\"de\",\"@id\":\"https:\/\/erfolgsfaktor.de\/coaching-geschaeftsfuehrer\/online-coaching-geschaeftsfuehrer\/#primaryimage\",\"url\":\"https:\/\/erfolgsfaktor.de\/coaching-geschaeftsfuehrer\/wp-content\/uploads\/sites\/5\/2020\/11\/Online-Coaching-Geschaeftsfuehrer.gif\",\"contentUrl\":\"https:\/\/erfolgsfaktor.de\/coaching-geschaeftsfuehrer\/wp-content\/uploads\/sites\/5\/2020\/11\/Online-Coaching-Geschaeftsfuehrer.gif\",\"width\":200,\"height\":200,\"caption\":\"Online Coaching Gesch\u00e4ftsf\u00fchrer\"},{\"@type\":\"BreadcrumbList\",\"@id\":\"https:\/\/erfolgsfaktor.de\/coaching-geschaeftsfuehrer\/online-coaching-geschaeftsfuehrer\/#breadcrumb\",\"itemListElement\":[{\"@type\":\"ListItem\",\"position\":1,\"name\":\"Startseite\",\"item\":\"https:\/\/erfolgsfaktor.de\/coaching-geschaeftsfuehrer\/\"},{\"@type\":\"ListItem\",\"position\":2,\"name\":\"Online Coaching Gesch\u00e4ftsf\u00fchrer\"}]},{\"@type\":\"WebSite\",\"@id\":\"https:\/\/erfolgsfaktor.de\/coaching-geschaeftsfuehrer\/#website\",\"url\":\"https:\/\/erfolgsfaktor.de\/coaching-geschaeftsfuehrer\/\",\"name\":\"Coaching Gesch\u00e4ftsf\u00fchrer\",\"description\":\"Erfolgsfaktor Coaching\",\"potentialAction\":[{\"@type\":\"SearchAction\",\"target\":{\"@type\":\"EntryPoint\",\"urlTemplate\":\"https:\/\/erfolgsfaktor.de\/coaching-geschaeftsfuehrer\/?s={search_term_string}\"},\"query-input\":{\"@type\":\"PropertyValueSpecification\",\"valueRequired\":true,\"valueName\":\"search_term_string\"}}],\"inLanguage\":\"de\"}]}<\/script>\n<!-- \/ Yoast SEO plugin. -->","yoast_head_json":{"title":"Online Coaching Gesch\u00e4ftsf\u00fchrer - Coaching Gesch\u00e4ftsf\u00fchrer","description":"Online Coaching f\u00fcr Gesch\u00e4ftsf\u00fchrer, Inhaber und CEO. Unser Online Coaching unterst\u00fctzt Sie schnell + diskret. Psychologisches Online Coaching","robots":{"index":"index","follow":"follow","max-snippet":"max-snippet:-1","max-image-preview":"max-image-preview:large","max-video-preview":"max-video-preview:-1"},"canonical":"https:\/\/erfolgsfaktor.de\/coaching-geschaeftsfuehrer\/online-coaching-geschaeftsfuehrer\/","og_locale":"de_DE","og_type":"article","og_title":"Online Coaching Gesch\u00e4ftsf\u00fchrer - Coaching Gesch\u00e4ftsf\u00fchrer","og_description":"Online Coaching f\u00fcr Gesch\u00e4ftsf\u00fchrer, Inhaber und CEO. Unser Online Coaching unterst\u00fctzt Sie schnell + diskret. Psychologisches Online Coaching","og_url":"https:\/\/erfolgsfaktor.de\/coaching-geschaeftsfuehrer\/online-coaching-geschaeftsfuehrer\/","og_site_name":"Coaching Gesch\u00e4ftsf\u00fchrer","article_modified_time":"2020-11-11T10:35:37+00:00","og_image":[{"width":200,"height":200,"url":"https:\/\/erfolgsfaktor.de\/coaching-geschaeftsfuehrer\/wp-content\/uploads\/sites\/5\/2020\/11\/Online-Coaching-Geschaeftsfuehrer.gif","type":"image\/gif"}],"twitter_card":"summary_large_image","twitter_misc":{"Gesch\u00e4tzte Lesezeit":"2\u00a0Minuten"},"schema":{"@context":"https:\/\/schema.org","@graph":[{"@type":"WebPage","@id":"https:\/\/erfolgsfaktor.de\/coaching-geschaeftsfuehrer\/online-coaching-geschaeftsfuehrer\/","url":"https:\/\/erfolgsfaktor.de\/coaching-geschaeftsfuehrer\/online-coaching-geschaeftsfuehrer\/","name":"Online Coaching Gesch\u00e4ftsf\u00fchrer - Coaching Gesch\u00e4ftsf\u00fchrer","isPartOf":{"@id":"https:\/\/erfolgsfaktor.de\/coaching-geschaeftsfuehrer\/#website"},"primaryImageOfPage":{"@id":"https:\/\/erfolgsfaktor.de\/coaching-geschaeftsfuehrer\/online-coaching-geschaeftsfuehrer\/#primaryimage"},"image":{"@id":"https:\/\/erfolgsfaktor.de\/coaching-geschaeftsfuehrer\/online-coaching-geschaeftsfuehrer\/#primaryimage"},"thumbnailUrl":"https:\/\/erfolgsfaktor.de\/coaching-geschaeftsfuehrer\/wp-content\/uploads\/sites\/5\/2020\/11\/Online-Coaching-Geschaeftsfuehrer.gif","datePublished":"2020-11-09T11:08:06+00:00","dateModified":"2020-11-11T10:35:37+00:00","description":"Online Coaching f\u00fcr Gesch\u00e4ftsf\u00fchrer, Inhaber und CEO. Unser Online Coaching unterst\u00fctzt Sie schnell + diskret. Psychologisches Online Coaching","breadcrumb":{"@id":"https:\/\/erfolgsfaktor.de\/coaching-geschaeftsfuehrer\/online-coaching-geschaeftsfuehrer\/#breadcrumb"},"inLanguage":"de","potentialAction":[{"@type":"ReadAction","target":["https:\/\/erfolgsfaktor.de\/coaching-geschaeftsfuehrer\/online-coaching-geschaeftsfuehrer\/"]}]},{"@type":"ImageObject","inLanguage":"de","@id":"https:\/\/erfolgsfaktor.de\/coaching-geschaeftsfuehrer\/online-coaching-geschaeftsfuehrer\/#primaryimage","url":"https:\/\/erfolgsfaktor.de\/coaching-geschaeftsfuehrer\/wp-content\/uploads\/sites\/5\/2020\/11\/Online-Coaching-Geschaeftsfuehrer.gif","contentUrl":"https:\/\/erfolgsfaktor.de\/coaching-geschaeftsfuehrer\/wp-content\/uploads\/sites\/5\/2020\/11\/Online-Coaching-Geschaeftsfuehrer.gif","width":200,"height":200,"caption":"Online Coaching Gesch\u00e4ftsf\u00fchrer"},{"@type":"BreadcrumbList","@id":"https:\/\/erfolgsfaktor.de\/coaching-geschaeftsfuehrer\/online-coaching-geschaeftsfuehrer\/#breadcrumb","itemListElement":[{"@type":"ListItem","position":1,"name":"Startseite","item":"https:\/\/erfolgsfaktor.de\/coaching-geschaeftsfuehrer\/"},{"@type":"ListItem","position":2,"name":"Online Coaching Gesch\u00e4ftsf\u00fchrer"}]},{"@type":"WebSite","@id":"https:\/\/erfolgsfaktor.de\/coaching-geschaeftsfuehrer\/#website","url":"https:\/\/erfolgsfaktor.de\/coaching-geschaeftsfuehrer\/","name":"Coaching Gesch\u00e4ftsf\u00fchrer","description":"Erfolgsfaktor Coaching","potentialAction":[{"@type":"SearchAction","target":{"@type":"EntryPoint","urlTemplate":"https:\/\/erfolgsfaktor.de\/coaching-geschaeftsfuehrer\/?s={search_term_string}"},"query-input":{"@type":"PropertyValueSpecification","valueRequired":true,"valueName":"search_term_string"}}],"inLanguage":"de"}]}},"_links":{"self":[{"href":"https:\/\/erfolgsfaktor.de\/coaching-geschaeftsfuehrer\/wp-json\/wp\/v2\/pages\/387","targetHints":{"allow":["GET"]}}],"collection":[{"href":"https:\/\/erfolgsfaktor.de\/coaching-geschaeftsfuehrer\/wp-json\/wp\/v2\/pages"}],"about":[{"href":"https:\/\/erfolgsfaktor.de\/coaching-geschaeftsfuehrer\/wp-json\/wp\/v2\/types\/page"}],"author":[{"embeddable":true,"href":"https:\/\/erfolgsfaktor.de\/coaching-geschaeftsfuehrer\/wp-json\/wp\/v2\/users\/1"}],"replies":[{"embeddable":true,"href":"https:\/\/erfolgsfaktor.de\/coaching-geschaeftsfuehrer\/wp-json\/wp\/v2\/comments?post=387"}],"version-history":[{"count":4,"href":"https:\/\/erfolgsfaktor.de\/coaching-geschaeftsfuehrer\/wp-json\/wp\/v2\/pages\/387\/revisions"}],"predecessor-version":[{"id":434,"href":"https:\/\/erfolgsfaktor.de\/coaching-geschaeftsfuehrer\/wp-json\/wp\/v2\/pages\/387\/revisions\/434"}],"wp:featuredmedia":[{"embeddable":true,"href":"https:\/\/erfolgsfaktor.de\/coaching-geschaeftsfuehrer\/wp-json\/wp\/v2\/media\/388"}],"wp:attachment":[{"href":"https:\/\/erfolgsfaktor.de\/coaching-geschaeftsfuehrer\/wp-json\/wp\/v2\/media?parent=387"}],"curies":[{"name":"wp","href":"https:\/\/api.w.org\/{rel}","templated":true}]}}