{"id":12,"date":"2020-09-28T16:22:14","date_gmt":"2020-09-28T14:22:14","guid":{"rendered":"https:\/\/erfolgsfaktor.de\/geschaeftsfuehrer\/?page_id=12"},"modified":"2022-08-30T11:43:07","modified_gmt":"2022-08-30T09:43:07","slug":"kontakt","status":"publish","type":"page","link":"https:\/\/erfolgsfaktor.de\/coaching-geschaeftsfuehrer\/kontakt\/","title":{"rendered":"Kontakt"},"content":{"rendered":"\n<p><strong>Coaching f\u00fcr Gesch\u00e4ftsf\u00fchrer<br>Erfolgsfaktor Psychologie<\/strong><br>Dipl.-Psych. J\u00fcrgen Junker<br>Goethestr.27<br>D-63739 Aschaffenburg<br>Deutschland<br>Tel: <a href=\"tel:+496021-20667\">06021\/206-67<\/a><br>Fax: 06021\/206-76<br>Mail: <a href=\"mailto:j.junker@erfolgsfaktor.de\">j.junker@erfolgsfaktor.de<\/a><\/p>\n\n\n\n<div class=\"wp-block-cover alignfull has-neve-link-color-background-color has-background-dim\"><span aria-hidden=\"true\" class=\"wp-block-cover__background has-neve-link-color-background-color has-background-dim-100 has-background-dim\"><\/span><div class=\"wp-block-cover__inner-container is-layout-flow wp-block-cover-is-layout-flow\">\n<h2 class=\"has-text-align-center wp-block-heading\">Coaching f\u00fcr Gesch\u00e4ftsf\u00fchrer<\/h2>\n<\/div><\/div>\n\n\n\n<h3 class=\"wp-block-heading\">Coaching f\u00fcr Gesch\u00e4ftsf\u00fchrer<\/h3>\n\n\n\n<ul class=\"wp-block-list\"><li><strong><a href=\"https:\/\/erfolgsfaktor.de\/coaching-geschaeftsfuehrer\/coaching-psychologie-geschaftsfuehrer\/\">Coaching Psychologie f\u00fcr Gesch\u00e4ftsf\u00fchrer<\/a><\/strong><\/li><li><strong><a href=\"https:\/\/erfolgsfaktor.de\/coaching-geschaeftsfuehrer\/coaching-fuer-kritische-situationen\/\">Coaching f\u00fcr Gesch\u00e4ftsf\u00fchrer: kritische Situationen + Krisen<\/a><\/strong><\/li><li><strong><a href=\"https:\/\/erfolgsfaktor.de\/coaching-geschaeftsfuehrer\/schwierige-gespraeche-geschaeftsfuehrer\/\">Coaching schwierige Gespr\u00e4che f\u00fcr Gesch\u00e4ftsf\u00fchrer<\/a><\/strong><\/li><li><a href=\"https:\/\/erfolgsfaktor.de\/coaching-geschaeftsfuehrer\/mitarbeitergespraeche-geschaeftsfuehrer\/\"><strong>Mitarbeitergespr\u00e4che f\u00fcr Gesch\u00e4ftsf\u00fchrung, Inhaber + CEO<\/strong><\/a><\/li><li><a href=\"https:\/\/erfolgsfaktor.de\/coaching-geschaeftsfuehrer\/mitarbeitergespraech-geschaeftsfuehrer\/\"><strong>Mitarbeitergespr\u00e4ch Gesch\u00e4ftsf\u00fchrer<\/strong><\/a><\/li><li><strong><a href=\"https:\/\/erfolgsfaktor.de\/coaching-geschaeftsfuehrer\/online-mitarbeitergespraeche\/\">Online Mitarbeitergespr\u00e4che<\/a><\/strong><\/li><li><strong><a href=\"https:\/\/erfolgsfaktor.de\/coaching-geschaeftsfuehrer\/fuehrung-fuer-geschaeftsfuehrer\/\">Coaching F\u00fchrung f\u00fcr Gesch\u00e4ftsf\u00fchrer<\/a><\/strong><\/li><li><strong><a href=\"https:\/\/erfolgsfaktor.de\/coaching-geschaeftsfuehrer\/autoritaet-souveranitaet-geschaeftsfuehrer\/\">Coaching f\u00fcr Gesch\u00e4ftsf\u00fchrer: Autorit\u00e4t + Souver\u00e4nit\u00e4t<\/a><\/strong><\/li><li><strong><a href=\"https:\/\/erfolgsfaktor.de\/coaching-geschaeftsfuehrer\/diplomatie-schlagfertigkeit-geschaeftsfuehrer\/\">Coaching f\u00fcr Gesch\u00e4ftsf\u00fchrer: Diplomatie + Schlagfertigkeit<\/a><\/strong><\/li><li><strong><a href=\"https:\/\/erfolgsfaktor.de\/coaching-geschaeftsfuehrer\/lampenfieber-nervositaet-geschaeftsfuehrer\/\">Coaching f\u00fcr Gesch\u00e4ftsf\u00fchrer: Lampenfieber + Nervosit\u00e4t<\/a><\/strong><\/li><li><strong><a href=\"https:\/\/erfolgsfaktor.de\/coaching-geschaeftsfuehrer\/ansprache-vortrag-rede-geschaftsfuehrer\/\">Coaching f\u00fcr Gesch\u00e4ftsf\u00fchrer: Ansprache, Vortrag, Rede<\/a><\/strong><\/li><li><a href=\"https:\/\/erfolgsfaktor.de\/coaching-geschaeftsfuehrer\/online-coaching-geschaeftsfuehrer\/\"><strong>Online Coachings f\u00fcr Gesch\u00e4ftsf\u00fchrer<\/strong><\/a><\/li><li><strong><a href=\"https:\/\/erfolgsfaktor.de\/coaching-geschaeftsfuehrer\/psychologisches-coaching\/\">Dipl.-Psych. J\u00fcrgen Junker<\/a><\/strong><\/li><li><strong><a href=\"https:\/\/erfolgsfaktor.de\/coaching-geschaeftsfuehrer\/coaching-geschaeftsfuehrer-2\/\">Preise: Coaching f\u00fcr Gesch\u00e4ftsf\u00fchrer<\/a><\/strong><\/li><li><strong><a href=\"https:\/\/erfolgsfaktor.de\/coaching-geschaeftsfuehrer\/\">Themen\u00fcbersicht: Coachings f\u00fcr Gesch\u00e4ftsf\u00fchrer<\/a><\/strong><\/li><li><a href=\"#\"><strong>back to top<\/strong><\/a><\/li><\/ul>\n\n\n\n<div class=\"wp-block-buttons is-layout-flex wp-block-buttons-is-layout-flex\">\n<div class=\"wp-block-button\"><a class=\"wp-block-button__link\" href=\"https:\/\/erfolgsfaktor.de\/coaching-geschaeftsfuehrer\/\">Zur\u00fcck zur <br>Coaching \u00dcbersicht<\/a><\/div>\n<\/div>\n\n\n\n<div class=\"wp-block-cover alignwide has-neve-link-color-background-color has-background-dim\"><span aria-hidden=\"true\" class=\"wp-block-cover__background has-neve-link-color-background-color has-background-dim-100 has-background-dim\"><\/span><div class=\"wp-block-cover__inner-container is-layout-flow wp-block-cover-is-layout-flow\">\n<h2 class=\"has-text-align-center wp-block-heading\">\u00dcbersicht<\/h2>\n<\/div><\/div>\n\n\n\n<h3 class=\"wp-block-heading\"><strong>\u00dcbersicht Coachings<\/strong><\/h3>\n\n\n\n<p>Sie gelangen hier direkt zum jeweiligen Detailpunkt unserer Gesamt\u00fcbersicht:<\/p>\n\n\n\n<ul class=\"wp-block-list\"><li><a href=\"https:\/\/erfolgsfaktor.de\/coaching-geschaeftsfuehrer\/#Diskretion\">Coachings f\u00fcr Themen mit hoher Diskretion<\/a> <\/li><li><a href=\"https:\/\/erfolgsfaktor.de\/coaching-geschaeftsfuehrer\/#Psychologie\">Coachings Psychologie f\u00fcr die Gesch\u00e4ftsf\u00fchrung<\/a><\/li><li><a href=\"#kritische-situationen-krisen\">Coachings f\u00fcr kritische Situationen + Krisen<\/a><\/li><li><a href=\"https:\/\/erfolgsfaktor.de\/coaching-geschaeftsfuehrer\/#schwierige-gespraeche\">Coachings f\u00fcr schwierige Gespr\u00e4che<\/a><\/li><li><a href=\"https:\/\/erfolgsfaktor.de\/coaching-geschaeftsfuehrer\/#mitarbeitergespraeche\">Coachings Mitarbeitergespr\u00e4che<\/a><\/li><li><a href=\"https:\/\/erfolgsfaktor.de\/coaching-geschaeftsfuehrer\/#online-mitarbeitergespraeche\">Coachings Online Mitarbeitergespr\u00e4che<\/a><\/li><li><a href=\"https:\/\/erfolgsfaktor.de\/coaching-geschaeftsfuehrer\/#schwierige-mitarbeiter\">Coachings f\u00fcr Gesch\u00e4ftsf\u00fchrer: schwierige Mitarbeiter<\/a><\/li><li><a href=\"https:\/\/erfolgsfaktor.de\/coaching-geschaeftsfuehrer\/#fuehrung-mitarbeiterfuehrung\">Coachings F\u00fchrung \/ Mitarbeiterf\u00fchrung<\/a><\/li><li><a href=\"https:\/\/erfolgsfaktor.de\/coaching-geschaeftsfuehrer\/#autoritaet-souveraenitaet\">Coachings f\u00fcr Autorit\u00e4t + Souver\u00e4nit\u00e4t<\/a><\/li><li><a href=\"https:\/\/erfolgsfaktor.de\/coaching-geschaeftsfuehrer\/#diplomatie-schlagfertigkeit\">Coachings f\u00fcr Diplomatie + Schlagfertigkeit<\/a><\/li><li><a href=\"https:\/\/erfolgsfaktor.de\/coaching-geschaeftsfuehrer\/#lampenfieber-nervositaet\">Coachings gegen Lampenfieber + Nervosit\u00e4t<\/a><\/li><li><a href=\"https:\/\/erfolgsfaktor.de\/coaching-geschaeftsfuehrer\/#ansprache-rede-vortrag\">Coachings f\u00fcr Ansprache, Rede, Vortrag<\/a><\/li><li><a href=\"https:\/\/erfolgsfaktor.de\/coaching-geschaeftsfuehrer\/#coachingtag\">individueller Coachingtag f\u00fcr Gesch\u00e4ftsf\u00fchrer<\/a><\/li><li><a href=\"https:\/\/erfolgsfaktor.de\/coaching-geschaeftsfuehrer\/online-coaching-geschaeftsfuehrer\/\">Online Coaching f\u00fcr Gesch\u00e4ftsf\u00fchrer<\/a><\/li><li><a href=\"https:\/\/erfolgsfaktor.de\/coaching-geschaeftsfuehrer\/coaching-fuer-geschaeftsfuehrer-2\">Coachings f\u00fcr CEO, Inhaber und Gesch\u00e4ftsf\u00fchrung<\/a><\/li><li><a href=\"https:\/\/erfolgsfaktor.de\/coaching-geschaeftsfuehrer\/coaching-geschaeftsfuehrer-nutzen\/\">Was ist der Nutzen unserer Coachings?<\/a><\/li><\/ul>\n\n\n\n<div class=\"wp-block-cover alignfull has-neve-link-color-background-color has-background-dim\"><span aria-hidden=\"true\" class=\"wp-block-cover__background has-neve-link-color-background-color has-background-dim-100 has-background-dim\"><\/span><div class=\"wp-block-cover__inner-container is-layout-flow wp-block-cover-is-layout-flow\">\n<h2 class=\"wp-block-heading has-text-align-center has-nv-site-bg-color has-nv-site-bg-background-color has-text-color has-background\"><a href=\"https:\/\/www.mto-consulting.de\/Coaching.htm\">Alle Coachings auf<br>www.mto-consulting.de<\/a><\/h2>\n<\/div><\/div>\n\n\n\n<figure class=\"wp-block-image size-large\"><img loading=\"lazy\" decoding=\"async\" width=\"200\" height=\"200\" src=\"https:\/\/erfolgsfaktor.de\/coaching-geschaeftsfuehrer\/wp-content\/uploads\/sites\/5\/2020\/09\/Erfolgsfaktor-Psychologie.gif\" alt=\"Erfolgsfaktor Psychologie\" class=\"wp-image-49\"\/><figcaption class=\"wp-element-caption\">Zur\u00fcck zur Startseite<\/figcaption><\/figure>\n\n\n\n<div class=\"wp-block-buttons is-layout-flex wp-block-buttons-is-layout-flex\">\n<div class=\"wp-block-button\"><a class=\"wp-block-button__link wp-element-button\" href=\"https:\/\/erfolgsfaktor.de\/\">Zur\u00fcck zur Startseite<\/a><\/div>\n<\/div>\n","protected":false},"excerpt":{"rendered":"<p>Coaching f\u00fcr Gesch\u00e4ftsf\u00fchrerErfolgsfaktor PsychologieDipl.-Psych. J\u00fcrgen JunkerGoethestr.27D-63739 AschaffenburgDeutschlandTel: 06021\/206-67Fax: 06021\/206-76Mail: j.junker@erfolgsfaktor.de<\/p>\n","protected":false},"author":1,"featured_media":0,"parent":0,"menu_order":0,"comment_status":"closed","ping_status":"closed","template":"","meta":{"neve_meta_sidebar":"","neve_meta_container":"","neve_meta_enable_content_width":"","neve_meta_content_width":0,"neve_meta_title_alignment":"","neve_meta_author_avatar":"","neve_post_elements_order":"","neve_meta_disable_header":"","neve_meta_disable_footer":"","neve_meta_disable_title":"","footnotes":""},"class_list":["post-12","page","type-page","status-publish","hentry"],"yoast_head":"<!-- This site is optimized with the Yoast SEO plugin v26.8 - https:\/\/yoast.com\/product\/yoast-seo-wordpress\/ -->\n<title>Kontakt - Coaching Gesch\u00e4ftsf\u00fchrer<\/title>\n<meta name=\"description\" content=\"Erfolgsfaktor Coaching + Seminare unterst\u00fctzt Sie als Gesch\u00e4ftsf\u00fchrer: Kontakt: Goethestr.27, 63739 Aschaffenburg\" \/>\n<meta name=\"robots\" content=\"index, follow, max-snippet:-1, max-image-preview:large, max-video-preview:-1\" \/>\n<link rel=\"canonical\" href=\"https:\/\/erfolgsfaktor.de\/coaching-geschaeftsfuehrer\/kontakt\/\" \/>\n<meta property=\"og:locale\" content=\"de_DE\" \/>\n<meta property=\"og:type\" content=\"article\" \/>\n<meta property=\"og:title\" content=\"Kontakt - Coaching Gesch\u00e4ftsf\u00fchrer\" \/>\n<meta property=\"og:description\" content=\"Erfolgsfaktor Coaching + Seminare unterst\u00fctzt Sie als Gesch\u00e4ftsf\u00fchrer: Kontakt: Goethestr.27, 63739 Aschaffenburg\" \/>\n<meta property=\"og:url\" content=\"https:\/\/erfolgsfaktor.de\/coaching-geschaeftsfuehrer\/kontakt\/\" \/>\n<meta property=\"og:site_name\" content=\"Coaching Gesch\u00e4ftsf\u00fchrer\" \/>\n<meta property=\"article:modified_time\" content=\"2022-08-30T09:43:07+00:00\" \/>\n<meta name=\"twitter:card\" content=\"summary_large_image\" \/>\n<meta name=\"twitter:label1\" content=\"Gesch\u00e4tzte Lesezeit\" \/>\n\t<meta name=\"twitter:data1\" content=\"1\u00a0Minute\" \/>\n<script type=\"application\/ld+json\" class=\"yoast-schema-graph\">{\"@context\":\"https:\/\/schema.org\",\"@graph\":[{\"@type\":\"WebPage\",\"@id\":\"https:\/\/erfolgsfaktor.de\/coaching-geschaeftsfuehrer\/kontakt\/\",\"url\":\"https:\/\/erfolgsfaktor.de\/coaching-geschaeftsfuehrer\/kontakt\/\",\"name\":\"Kontakt - Coaching Gesch\u00e4ftsf\u00fchrer\",\"isPartOf\":{\"@id\":\"https:\/\/erfolgsfaktor.de\/coaching-geschaeftsfuehrer\/#website\"},\"datePublished\":\"2020-09-28T14:22:14+00:00\",\"dateModified\":\"2022-08-30T09:43:07+00:00\",\"description\":\"Erfolgsfaktor Coaching + Seminare unterst\u00fctzt Sie als Gesch\u00e4ftsf\u00fchrer: Kontakt: Goethestr.27, 63739 Aschaffenburg\",\"breadcrumb\":{\"@id\":\"https:\/\/erfolgsfaktor.de\/coaching-geschaeftsfuehrer\/kontakt\/#breadcrumb\"},\"inLanguage\":\"de\",\"potentialAction\":[{\"@type\":\"ReadAction\",\"target\":[\"https:\/\/erfolgsfaktor.de\/coaching-geschaeftsfuehrer\/kontakt\/\"]}]},{\"@type\":\"BreadcrumbList\",\"@id\":\"https:\/\/erfolgsfaktor.de\/coaching-geschaeftsfuehrer\/kontakt\/#breadcrumb\",\"itemListElement\":[{\"@type\":\"ListItem\",\"position\":1,\"name\":\"Startseite\",\"item\":\"https:\/\/erfolgsfaktor.de\/coaching-geschaeftsfuehrer\/\"},{\"@type\":\"ListItem\",\"position\":2,\"name\":\"Kontakt\"}]},{\"@type\":\"WebSite\",\"@id\":\"https:\/\/erfolgsfaktor.de\/coaching-geschaeftsfuehrer\/#website\",\"url\":\"https:\/\/erfolgsfaktor.de\/coaching-geschaeftsfuehrer\/\",\"name\":\"Coaching Gesch\u00e4ftsf\u00fchrer\",\"description\":\"Erfolgsfaktor Coaching\",\"potentialAction\":[{\"@type\":\"SearchAction\",\"target\":{\"@type\":\"EntryPoint\",\"urlTemplate\":\"https:\/\/erfolgsfaktor.de\/coaching-geschaeftsfuehrer\/?s={search_term_string}\"},\"query-input\":{\"@type\":\"PropertyValueSpecification\",\"valueRequired\":true,\"valueName\":\"search_term_string\"}}],\"inLanguage\":\"de\"}]}<\/script>\n<!-- \/ Yoast SEO plugin. -->","yoast_head_json":{"title":"Kontakt - Coaching Gesch\u00e4ftsf\u00fchrer","description":"Erfolgsfaktor Coaching + Seminare unterst\u00fctzt Sie als Gesch\u00e4ftsf\u00fchrer: Kontakt: Goethestr.27, 63739 Aschaffenburg","robots":{"index":"index","follow":"follow","max-snippet":"max-snippet:-1","max-image-preview":"max-image-preview:large","max-video-preview":"max-video-preview:-1"},"canonical":"https:\/\/erfolgsfaktor.de\/coaching-geschaeftsfuehrer\/kontakt\/","og_locale":"de_DE","og_type":"article","og_title":"Kontakt - Coaching Gesch\u00e4ftsf\u00fchrer","og_description":"Erfolgsfaktor Coaching + Seminare unterst\u00fctzt Sie als Gesch\u00e4ftsf\u00fchrer: Kontakt: Goethestr.27, 63739 Aschaffenburg","og_url":"https:\/\/erfolgsfaktor.de\/coaching-geschaeftsfuehrer\/kontakt\/","og_site_name":"Coaching Gesch\u00e4ftsf\u00fchrer","article_modified_time":"2022-08-30T09:43:07+00:00","twitter_card":"summary_large_image","twitter_misc":{"Gesch\u00e4tzte Lesezeit":"1\u00a0Minute"},"schema":{"@context":"https:\/\/schema.org","@graph":[{"@type":"WebPage","@id":"https:\/\/erfolgsfaktor.de\/coaching-geschaeftsfuehrer\/kontakt\/","url":"https:\/\/erfolgsfaktor.de\/coaching-geschaeftsfuehrer\/kontakt\/","name":"Kontakt - Coaching Gesch\u00e4ftsf\u00fchrer","isPartOf":{"@id":"https:\/\/erfolgsfaktor.de\/coaching-geschaeftsfuehrer\/#website"},"datePublished":"2020-09-28T14:22:14+00:00","dateModified":"2022-08-30T09:43:07+00:00","description":"Erfolgsfaktor Coaching + Seminare unterst\u00fctzt Sie als Gesch\u00e4ftsf\u00fchrer: Kontakt: Goethestr.27, 63739 Aschaffenburg","breadcrumb":{"@id":"https:\/\/erfolgsfaktor.de\/coaching-geschaeftsfuehrer\/kontakt\/#breadcrumb"},"inLanguage":"de","potentialAction":[{"@type":"ReadAction","target":["https:\/\/erfolgsfaktor.de\/coaching-geschaeftsfuehrer\/kontakt\/"]}]},{"@type":"BreadcrumbList","@id":"https:\/\/erfolgsfaktor.de\/coaching-geschaeftsfuehrer\/kontakt\/#breadcrumb","itemListElement":[{"@type":"ListItem","position":1,"name":"Startseite","item":"https:\/\/erfolgsfaktor.de\/coaching-geschaeftsfuehrer\/"},{"@type":"ListItem","position":2,"name":"Kontakt"}]},{"@type":"WebSite","@id":"https:\/\/erfolgsfaktor.de\/coaching-geschaeftsfuehrer\/#website","url":"https:\/\/erfolgsfaktor.de\/coaching-geschaeftsfuehrer\/","name":"Coaching Gesch\u00e4ftsf\u00fchrer","description":"Erfolgsfaktor Coaching","potentialAction":[{"@type":"SearchAction","target":{"@type":"EntryPoint","urlTemplate":"https:\/\/erfolgsfaktor.de\/coaching-geschaeftsfuehrer\/?s={search_term_string}"},"query-input":{"@type":"PropertyValueSpecification","valueRequired":true,"valueName":"search_term_string"}}],"inLanguage":"de"}]}},"_links":{"self":[{"href":"https:\/\/erfolgsfaktor.de\/coaching-geschaeftsfuehrer\/wp-json\/wp\/v2\/pages\/12","targetHints":{"allow":["GET"]}}],"collection":[{"href":"https:\/\/erfolgsfaktor.de\/coaching-geschaeftsfuehrer\/wp-json\/wp\/v2\/pages"}],"about":[{"href":"https:\/\/erfolgsfaktor.de\/coaching-geschaeftsfuehrer\/wp-json\/wp\/v2\/types\/page"}],"author":[{"embeddable":true,"href":"https:\/\/erfolgsfaktor.de\/coaching-geschaeftsfuehrer\/wp-json\/wp\/v2\/users\/1"}],"replies":[{"embeddable":true,"href":"https:\/\/erfolgsfaktor.de\/coaching-geschaeftsfuehrer\/wp-json\/wp\/v2\/comments?post=12"}],"version-history":[{"count":5,"href":"https:\/\/erfolgsfaktor.de\/coaching-geschaeftsfuehrer\/wp-json\/wp\/v2\/pages\/12\/revisions"}],"predecessor-version":[{"id":788,"href":"https:\/\/erfolgsfaktor.de\/coaching-geschaeftsfuehrer\/wp-json\/wp\/v2\/pages\/12\/revisions\/788"}],"wp:attachment":[{"href":"https:\/\/erfolgsfaktor.de\/coaching-geschaeftsfuehrer\/wp-json\/wp\/v2\/media?parent=12"}],"curies":[{"name":"wp","href":"https:\/\/api.w.org\/{rel}","templated":true}]}}